{"id":24096,"date":"2026-04-21T12:44:15","date_gmt":"2026-04-21T10:44:15","guid":{"rendered":"https:\/\/szereczauto.hu\/webshop\/?post_type=product&#038;p=24096"},"modified":"2026-04-21T13:03:01","modified_gmt":"2026-04-21T11:03:01","slug":"stevens-applebee-blue","status":"publish","type":"product","link":"https:\/\/szereczauto.hu\/webshop\/termek\/stevens-applebee-blue\/","title":{"rendered":"Stevens Applebee Blue"},"content":{"rendered":"<p>Stevens Applebee MTB hardtail ker\u00e9kp\u00e1r.<\/p>\n<p>Term\u00e9k ismertet\u0151<\/p>\n<p>Alum\u00ednium v\u00e1z.<br \/>\nSR Suntour Raidon XC RL-R Air els\u0151 villa, 100 rug\u00f3 \u00fat.<br \/>\nEls\u0151 f\u00e9k Shimano BR-MT410.<br \/>\nH\u00e1ts\u00f3 f\u00e9k Shimano BR-MT410.<br \/>\nShimano BL-MT401 f\u00e9kkar.<br \/>\n180 mm Shimano SM-RT54 els\u0151 f\u00e9kt\u00e1rcsa.<br \/>\n160 mm Shimano SM-RT54, h\u00e1ts\u00f3 f\u00e9kt\u00e1rcsa.<br \/>\nShimano Deore FD-M4100-D els\u0151 v\u00e1lt\u00f3.<br \/>\nH\u00e1ts\u00f3 v\u00e1lt\u00f3 Shimano Deore Shadow+ RD-M5120-SGS.<br \/>\nBal oldali v\u00e1lt\u00f3kar Shimano Deore SL-M5100.<br \/>\nJobb oldali v\u00e1lt\u00f3kar Shimano Deore SL-M4100.<br \/>\nOxygen Scorpo, 36-22 fogas l\u00e1nct\u00e1ny\u00e9r.<br \/>\nMicroshift CS-H103, 10 sebess\u00e9ges fogasker\u00e9k.<br \/>\nBSA 73 mm k\u00f6z\u00e9pcsap\u00e1gy.<br \/>\nOxygen RM-M19, 19 x 584 els\u0151 &#8211; h\u00e1ts\u00f3 felni.<br \/>\nFormula CL-25 els\u0151 ker\u00e9kagy.<br \/>\nShimano FH-M3050 h\u00e1ts\u00f3 ker\u00e9kagy.<br \/>\nSchwalbe Rocket Ron Performance, 57-622 k\u00fcls\u0151 gumi.<br \/>\nOxygen Driver 740 mm korm\u00e1ny.<br \/>\nOxygen Driver korm\u00e1nysz\u00e1r.<br \/>\nSTEVENS MTB Taper 1 1\/8&#8243;-1 1\/2&#8243; korm\u00e1nycsap\u00e1gy.<br \/>\nOxygen Havoc nyereg.<br \/>\nOxygen Driver nyeregcs\u0151.<br \/>\nMTB Alu Flat pedal.<br \/>\nSebess\u00e9gek sz\u00e1ma: 20.<br \/>\nS\u00faly: 13,4 kg.<br \/>\nMax. terhelhet\u0151s\u00e9g: 115 kg.<\/p>\n<p><a href=\"https:\/\/www.stevensbikes.hu\/Kerekpar\/MTB\" target=\"_blank\" rel=\"noopener\"><span style=\"color: #0000ff;\">\u00d6sszes Stevenss MTB ker\u00e9kp\u00e1r megtekint\u00e9se.<\/span><\/a><\/p>\n<p style=\"text-align: left;\"><span style=\"color: #000000;\"><strong>K\u00e9rd\u00e9se van, seg\u00edts\u00e9gre van sz\u00fcks\u00e9ge! &#8211;<\/strong><span style=\"color: #3366ff;\"><a style=\"color: #3366ff;\" href=\"http:\/\/szereczauto.hu\/kerdezzen\/\" target=\"_blank\" rel=\"noopener noreferrer\"><strong> Itt l\u00e9phet kapcsolatba vel\u00fcnk!<\/strong><\/a><\/span><\/span><\/p>\n","protected":false},"excerpt":{"rendered":"<p><strong>Ker\u00e9kp\u00e1rt \u00fczembe helyezve, szem\u00e9lyes \u00e1tv\u00e9tellel \u00e1rus\u00edtunk! Ne fizesse ki a term\u00e9ket, amig nem igazoljuk vissza a sz\u00e1ll\u00edt\u00e1st!<\/strong><\/p>\n<p><strong><a href=\"https:\/\/szereczauto.hu\/webshop\/wp-content\/uploads\/2026\/04\/Mi-a-jo-kerekparmeret-nekem.pdf\" target=\"_blank\" rel=\"noopener\"><span style=\"color: #ff0000;\">Mekkora v\u00e1zm\u00e9ret kell nekem?<\/span><\/a><\/strong><\/p>\n","protected":false},"featured_media":24099,"comment_status":"open","ping_status":"closed","template":"","meta":{"_et_pb_use_builder":"","_et_pb_old_content":"","_et_gb_content_width":"","wp_popup_display_lightbox":0,"wp_popup_suppress":"","wp_popup_trigger":"","wp_popup_trigger_amount":0,"wp_popup_disable_on_mobile":false},"product_brand":[],"product_cat":[255,257],"product_tag":[],"class_list":{"0":"post-24096","1":"product","2":"type-product","3":"status-publish","4":"has-post-thumbnail","6":"product_cat-kerekparok","7":"product_cat-mtb-kerekpar","8":"product_shipping_class-tetobox","10":"first","11":"instock","12":"featured","13":"shipping-taxable","14":"purchasable","15":"product-type-variable"},"yoast_head":"<!-- This site is optimized with the Yoast SEO plugin v27.4 - https:\/\/yoast.com\/product\/yoast-seo-wordpress\/ -->\n<title>Stevens Applebee Blue &#187; Szerecz Aut\u00f3alkatr\u00e9sz Web\u00e1ruh\u00e1z<\/title>\n<meta name=\"robots\" content=\"index, follow, max-snippet:-1, max-image-preview:large, max-video-preview:-1\" \/>\n<link rel=\"canonical\" href=\"https:\/\/szereczauto.hu\/webshop\/termek\/stevens-applebee-blue\/\" \/>\n<meta property=\"og:locale\" content=\"hu_HU\" \/>\n<meta property=\"og:type\" content=\"article\" \/>\n<meta property=\"og:title\" content=\"Stevens Applebee Blue &#187; Szerecz Aut\u00f3alkatr\u00e9sz Web\u00e1ruh\u00e1z\" \/>\n<meta property=\"og:description\" content=\"Ker\u00e9kp\u00e1rt \u00fczembe helyezve, szem\u00e9lyes \u00e1tv\u00e9tellel \u00e1rus\u00edtunk! Ne fizesse ki a term\u00e9ket, amig nem igazoljuk vissza a sz\u00e1ll\u00edt\u00e1st!  Mekkora v\u00e1zm\u00e9ret kell nekem?\" \/>\n<meta property=\"og:url\" content=\"https:\/\/szereczauto.hu\/webshop\/termek\/stevens-applebee-blue\/\" \/>\n<meta property=\"og:site_name\" content=\"Szerecz Aut\u00f3alkatr\u00e9sz Web\u00e1ruh\u00e1z\" \/>\n<meta property=\"article:publisher\" content=\"https:\/\/www.facebook.com\/szereczauto\/\" \/>\n<meta property=\"article:modified_time\" content=\"2026-04-21T11:03:01+00:00\" \/>\n<meta property=\"og:image\" content=\"https:\/\/szereczauto.hu\/webshop\/wp-content\/uploads\/2026\/04\/Stevens-MTB-hardtail-kerekpar-Applebee-29-22-blue-turquoise-29773.jpg\" \/>\n\t<meta property=\"og:image:width\" content=\"800\" \/>\n\t<meta property=\"og:image:height\" content=\"800\" \/>\n\t<meta property=\"og:image:type\" content=\"image\/jpeg\" \/>\n<script type=\"application\/ld+json\" class=\"yoast-schema-graph\">{\"@context\":\"https:\\\/\\\/schema.org\",\"@graph\":[{\"@type\":\"WebPage\",\"@id\":\"https:\\\/\\\/szereczauto.hu\\\/webshop\\\/termek\\\/stevens-applebee-blue\\\/\",\"url\":\"https:\\\/\\\/szereczauto.hu\\\/webshop\\\/termek\\\/stevens-applebee-blue\\\/\",\"name\":\"Stevens Applebee Blue &#187; Szerecz Aut\u00f3alkatr\u00e9sz Web\u00e1ruh\u00e1z\",\"isPartOf\":{\"@id\":\"https:\\\/\\\/szereczauto.hu\\\/webshop\\\/#website\"},\"primaryImageOfPage\":{\"@id\":\"https:\\\/\\\/szereczauto.hu\\\/webshop\\\/termek\\\/stevens-applebee-blue\\\/#primaryimage\"},\"image\":{\"@id\":\"https:\\\/\\\/szereczauto.hu\\\/webshop\\\/termek\\\/stevens-applebee-blue\\\/#primaryimage\"},\"thumbnailUrl\":\"https:\\\/\\\/szereczauto.hu\\\/webshop\\\/wp-content\\\/uploads\\\/2026\\\/04\\\/Stevens-MTB-hardtail-kerekpar-Applebee-29-22-blue-turquoise-29773.jpg\",\"datePublished\":\"2026-04-21T10:44:15+00:00\",\"dateModified\":\"2026-04-21T11:03:01+00:00\",\"breadcrumb\":{\"@id\":\"https:\\\/\\\/szereczauto.hu\\\/webshop\\\/termek\\\/stevens-applebee-blue\\\/#breadcrumb\"},\"inLanguage\":\"hu\",\"potentialAction\":[{\"@type\":\"ReadAction\",\"target\":[\"https:\\\/\\\/szereczauto.hu\\\/webshop\\\/termek\\\/stevens-applebee-blue\\\/\"]}]},{\"@type\":\"ImageObject\",\"inLanguage\":\"hu\",\"@id\":\"https:\\\/\\\/szereczauto.hu\\\/webshop\\\/termek\\\/stevens-applebee-blue\\\/#primaryimage\",\"url\":\"https:\\\/\\\/szereczauto.hu\\\/webshop\\\/wp-content\\\/uploads\\\/2026\\\/04\\\/Stevens-MTB-hardtail-kerekpar-Applebee-29-22-blue-turquoise-29773.jpg\",\"contentUrl\":\"https:\\\/\\\/szereczauto.hu\\\/webshop\\\/wp-content\\\/uploads\\\/2026\\\/04\\\/Stevens-MTB-hardtail-kerekpar-Applebee-29-22-blue-turquoise-29773.jpg\",\"width\":800,\"height\":800},{\"@type\":\"BreadcrumbList\",\"@id\":\"https:\\\/\\\/szereczauto.hu\\\/webshop\\\/termek\\\/stevens-applebee-blue\\\/#breadcrumb\",\"itemListElement\":[{\"@type\":\"ListItem\",\"position\":1,\"name\":\"Home\",\"item\":\"https:\\\/\\\/szereczauto.hu\\\/webshop\\\/\"},{\"@type\":\"ListItem\",\"position\":2,\"name\":\"Term\u00e9keink\",\"item\":\"https:\\\/\\\/szereczauto.hu\\\/webshop\\\/shop\\\/\"},{\"@type\":\"ListItem\",\"position\":3,\"name\":\"Stevens Applebee Blue\"}]},{\"@type\":\"WebSite\",\"@id\":\"https:\\\/\\\/szereczauto.hu\\\/webshop\\\/#website\",\"url\":\"https:\\\/\\\/szereczauto.hu\\\/webshop\\\/\",\"name\":\"Szerecz Aut\u00f3alkatr\u00e9sz Web\u00e1ruh\u00e1z\",\"description\":\"Szerecz Aut\u00f3 Kft. - Thule term\u00e9kek, aut\u00f3alkatr\u00e9szek web\u00e1ruh\u00e1za\",\"publisher\":{\"@id\":\"https:\\\/\\\/szereczauto.hu\\\/webshop\\\/#organization\"},\"potentialAction\":[{\"@type\":\"SearchAction\",\"target\":{\"@type\":\"EntryPoint\",\"urlTemplate\":\"https:\\\/\\\/szereczauto.hu\\\/webshop\\\/?s={search_term_string}\"},\"query-input\":{\"@type\":\"PropertyValueSpecification\",\"valueRequired\":true,\"valueName\":\"search_term_string\"}}],\"inLanguage\":\"hu\"},{\"@type\":\"Organization\",\"@id\":\"https:\\\/\\\/szereczauto.hu\\\/webshop\\\/#organization\",\"name\":\"Szerecz Aut\u00f3alkatr\u00e9sz Web\u00e1ruh\u00e1z\",\"url\":\"https:\\\/\\\/szereczauto.hu\\\/webshop\\\/\",\"logo\":{\"@type\":\"ImageObject\",\"inLanguage\":\"hu\",\"@id\":\"https:\\\/\\\/szereczauto.hu\\\/webshop\\\/#\\\/schema\\\/logo\\\/image\\\/\",\"url\":\"https:\\\/\\\/szereczauto.hu\\\/webshop\\\/wp-content\\\/uploads\\\/2018\\\/12\\\/Szerecz_fav_2018.png\",\"contentUrl\":\"https:\\\/\\\/szereczauto.hu\\\/webshop\\\/wp-content\\\/uploads\\\/2018\\\/12\\\/Szerecz_fav_2018.png\",\"width\":512,\"height\":512,\"caption\":\"Szerecz Aut\u00f3alkatr\u00e9sz Web\u00e1ruh\u00e1z\"},\"image\":{\"@id\":\"https:\\\/\\\/szereczauto.hu\\\/webshop\\\/#\\\/schema\\\/logo\\\/image\\\/\"},\"sameAs\":[\"https:\\\/\\\/www.facebook.com\\\/szereczauto\\\/\",\"https:\\\/\\\/www.youtube.com\\\/channel\\\/UCGA5LXUmL_i2xDxT2GNNEBQ\"]}]}<\/script>\n<!-- \/ Yoast SEO plugin. -->","yoast_head_json":{"title":"Stevens Applebee Blue &#187; Szerecz Aut\u00f3alkatr\u00e9sz Web\u00e1ruh\u00e1z","robots":{"index":"index","follow":"follow","max-snippet":"max-snippet:-1","max-image-preview":"max-image-preview:large","max-video-preview":"max-video-preview:-1"},"canonical":"https:\/\/szereczauto.hu\/webshop\/termek\/stevens-applebee-blue\/","og_locale":"hu_HU","og_type":"article","og_title":"Stevens Applebee Blue &#187; Szerecz Aut\u00f3alkatr\u00e9sz Web\u00e1ruh\u00e1z","og_description":"Ker\u00e9kp\u00e1rt \u00fczembe helyezve, szem\u00e9lyes \u00e1tv\u00e9tellel \u00e1rus\u00edtunk! Ne fizesse ki a term\u00e9ket, amig nem igazoljuk vissza a sz\u00e1ll\u00edt\u00e1st!  Mekkora v\u00e1zm\u00e9ret kell nekem?","og_url":"https:\/\/szereczauto.hu\/webshop\/termek\/stevens-applebee-blue\/","og_site_name":"Szerecz Aut\u00f3alkatr\u00e9sz Web\u00e1ruh\u00e1z","article_publisher":"https:\/\/www.facebook.com\/szereczauto\/","article_modified_time":"2026-04-21T11:03:01+00:00","og_image":[{"width":800,"height":800,"url":"https:\/\/szereczauto.hu\/webshop\/wp-content\/uploads\/2026\/04\/Stevens-MTB-hardtail-kerekpar-Applebee-29-22-blue-turquoise-29773.jpg","type":"image\/jpeg"}],"schema":{"@context":"https:\/\/schema.org","@graph":[{"@type":"WebPage","@id":"https:\/\/szereczauto.hu\/webshop\/termek\/stevens-applebee-blue\/","url":"https:\/\/szereczauto.hu\/webshop\/termek\/stevens-applebee-blue\/","name":"Stevens Applebee Blue &#187; Szerecz Aut\u00f3alkatr\u00e9sz Web\u00e1ruh\u00e1z","isPartOf":{"@id":"https:\/\/szereczauto.hu\/webshop\/#website"},"primaryImageOfPage":{"@id":"https:\/\/szereczauto.hu\/webshop\/termek\/stevens-applebee-blue\/#primaryimage"},"image":{"@id":"https:\/\/szereczauto.hu\/webshop\/termek\/stevens-applebee-blue\/#primaryimage"},"thumbnailUrl":"https:\/\/szereczauto.hu\/webshop\/wp-content\/uploads\/2026\/04\/Stevens-MTB-hardtail-kerekpar-Applebee-29-22-blue-turquoise-29773.jpg","datePublished":"2026-04-21T10:44:15+00:00","dateModified":"2026-04-21T11:03:01+00:00","breadcrumb":{"@id":"https:\/\/szereczauto.hu\/webshop\/termek\/stevens-applebee-blue\/#breadcrumb"},"inLanguage":"hu","potentialAction":[{"@type":"ReadAction","target":["https:\/\/szereczauto.hu\/webshop\/termek\/stevens-applebee-blue\/"]}]},{"@type":"ImageObject","inLanguage":"hu","@id":"https:\/\/szereczauto.hu\/webshop\/termek\/stevens-applebee-blue\/#primaryimage","url":"https:\/\/szereczauto.hu\/webshop\/wp-content\/uploads\/2026\/04\/Stevens-MTB-hardtail-kerekpar-Applebee-29-22-blue-turquoise-29773.jpg","contentUrl":"https:\/\/szereczauto.hu\/webshop\/wp-content\/uploads\/2026\/04\/Stevens-MTB-hardtail-kerekpar-Applebee-29-22-blue-turquoise-29773.jpg","width":800,"height":800},{"@type":"BreadcrumbList","@id":"https:\/\/szereczauto.hu\/webshop\/termek\/stevens-applebee-blue\/#breadcrumb","itemListElement":[{"@type":"ListItem","position":1,"name":"Home","item":"https:\/\/szereczauto.hu\/webshop\/"},{"@type":"ListItem","position":2,"name":"Term\u00e9keink","item":"https:\/\/szereczauto.hu\/webshop\/shop\/"},{"@type":"ListItem","position":3,"name":"Stevens Applebee Blue"}]},{"@type":"WebSite","@id":"https:\/\/szereczauto.hu\/webshop\/#website","url":"https:\/\/szereczauto.hu\/webshop\/","name":"Szerecz Aut\u00f3alkatr\u00e9sz Web\u00e1ruh\u00e1z","description":"Szerecz Aut\u00f3 Kft. - Thule term\u00e9kek, aut\u00f3alkatr\u00e9szek web\u00e1ruh\u00e1za","publisher":{"@id":"https:\/\/szereczauto.hu\/webshop\/#organization"},"potentialAction":[{"@type":"SearchAction","target":{"@type":"EntryPoint","urlTemplate":"https:\/\/szereczauto.hu\/webshop\/?s={search_term_string}"},"query-input":{"@type":"PropertyValueSpecification","valueRequired":true,"valueName":"search_term_string"}}],"inLanguage":"hu"},{"@type":"Organization","@id":"https:\/\/szereczauto.hu\/webshop\/#organization","name":"Szerecz Aut\u00f3alkatr\u00e9sz Web\u00e1ruh\u00e1z","url":"https:\/\/szereczauto.hu\/webshop\/","logo":{"@type":"ImageObject","inLanguage":"hu","@id":"https:\/\/szereczauto.hu\/webshop\/#\/schema\/logo\/image\/","url":"https:\/\/szereczauto.hu\/webshop\/wp-content\/uploads\/2018\/12\/Szerecz_fav_2018.png","contentUrl":"https:\/\/szereczauto.hu\/webshop\/wp-content\/uploads\/2018\/12\/Szerecz_fav_2018.png","width":512,"height":512,"caption":"Szerecz Aut\u00f3alkatr\u00e9sz Web\u00e1ruh\u00e1z"},"image":{"@id":"https:\/\/szereczauto.hu\/webshop\/#\/schema\/logo\/image\/"},"sameAs":["https:\/\/www.facebook.com\/szereczauto\/","https:\/\/www.youtube.com\/channel\/UCGA5LXUmL_i2xDxT2GNNEBQ"]}]}},"_links":{"self":[{"href":"https:\/\/szereczauto.hu\/webshop\/wp-json\/wp\/v2\/product\/24096","targetHints":{"allow":["GET"]}}],"collection":[{"href":"https:\/\/szereczauto.hu\/webshop\/wp-json\/wp\/v2\/product"}],"about":[{"href":"https:\/\/szereczauto.hu\/webshop\/wp-json\/wp\/v2\/types\/product"}],"replies":[{"embeddable":true,"href":"https:\/\/szereczauto.hu\/webshop\/wp-json\/wp\/v2\/comments?post=24096"}],"wp:featuredmedia":[{"embeddable":true,"href":"https:\/\/szereczauto.hu\/webshop\/wp-json\/wp\/v2\/media\/24099"}],"wp:attachment":[{"href":"https:\/\/szereczauto.hu\/webshop\/wp-json\/wp\/v2\/media?parent=24096"}],"wp:term":[{"taxonomy":"product_brand","embeddable":true,"href":"https:\/\/szereczauto.hu\/webshop\/wp-json\/wp\/v2\/product_brand?post=24096"},{"taxonomy":"product_cat","embeddable":true,"href":"https:\/\/szereczauto.hu\/webshop\/wp-json\/wp\/v2\/product_cat?post=24096"},{"taxonomy":"product_tag","embeddable":true,"href":"https:\/\/szereczauto.hu\/webshop\/wp-json\/wp\/v2\/product_tag?post=24096"}],"curies":[{"name":"wp","href":"https:\/\/api.w.org\/{rel}","templated":true}]}}