{"id":23783,"date":"2026-02-08T16:38:50","date_gmt":"2026-02-08T14:38:50","guid":{"rendered":"https:\/\/szereczauto.hu\/webshop\/?post_type=product&#038;p=23783"},"modified":"2026-02-14T18:07:00","modified_gmt":"2026-02-14T16:07:00","slug":"neuzer-bobby-city-24","status":"publish","type":"product","link":"https:\/\/szereczauto.hu\/webshop\/termek\/neuzer-bobby-city-24\/","title":{"rendered":"Neuzer Bobby City 24&#8243; (T\u00f6bb sz\u00ednben)"},"content":{"rendered":"<p><span style=\"color: #000000;\">Fi\u00fa gyermekek sz\u00e1m\u00e1ra ide\u00e1lis ker\u00e9kp\u00e1r, 7-10 \u00e9ves korig. 130-145 cm testmagass\u00e1ghoz.<\/span><\/p>\n<p style=\"padding-left: 40px;\"><span style=\"color: #000000;\">Tulajdons\u00e1gok:<\/span><\/p>\n<ul>\n<li style=\"list-style-type: none;\">\n<ul>\n<li style=\"list-style-type: none;\">\n<ul>\n<li><span style=\"color: #000000;\">Ac\u00e9l v\u00e1zas ker\u00e9kp\u00e1r, merev els\u0151 vill\u00e1val.<\/span><\/li>\n<li><span style=\"color: #000000;\">El\u00f6l \u00e9s h\u00e1tul V-f\u00e9kkel van felszerelve.<\/span><\/li>\n<li><span style=\"color: #000000;\">H\u00e9t sebess\u00e9ges Shimano v\u00e1lt\u00f3.<\/span><\/li>\n<li><span style=\"color: #000000;\">Revoshift v\u00e1lt\u00f3kar.<\/span><\/li>\n<li><span style=\"color: #000000;\">Els\u0151-h\u00e1ts\u00f3 elemes vil\u00e1g\u00edt\u00e1s.<\/span><\/li>\n<li><span style=\"color: #000000;\">Cseng\u0151.<\/span><\/li>\n<li><span style=\"color: #000000;\">Van rajta els\u0151-h\u00e1ts\u00f3 s\u00e1rv\u00e9d\u0151.<\/span><\/li>\n<li><span style=\"color: #000000;\">A csomagtart\u00f3 is a ker\u00e9kp\u00e1r r\u00e9sze.<\/span><\/li>\n<li><span style=\"color: #000000;\">A v\u00e1zm\u00e9rete 12,5&#8243;.<\/span><\/li>\n<li><span style=\"color: #000000;\">Alum\u00ednium kerekek 24 x 1,95 gumi k\u00f6penyekkel.<\/span><\/li>\n<\/ul>\n<\/li>\n<\/ul>\n<\/li>\n<\/ul>\n<p style=\"text-align: left;\"><span style=\"color: #000000;\"><strong>K\u00e9rd\u00e9se van, seg\u00edts\u00e9gre van sz\u00fcks\u00e9ge! &#8211;<\/strong><span style=\"color: #3366ff;\"><a style=\"color: #3366ff;\" href=\"http:\/\/szereczauto.hu\/kerdezzen\/\" target=\"_blank\" rel=\"noopener noreferrer\"><strong> Itt l\u00e9phet kapcsolatba vel\u00fcnk!<\/strong><\/a><\/span><\/span><\/p>\n","protected":false},"excerpt":{"rendered":"<p>Fi\u00fa gyermekek sz\u00e1m\u00e1ra ide\u00e1lis ker\u00e9kp\u00e1r, 7-10 \u00e9ves korig. 130-145 cm testmagass\u00e1ghoz. Tulajdons\u00e1gok: Ac\u00e9l v\u00e1zas ker\u00e9kp\u00e1r, merev els\u0151 vill\u00e1val. El\u00f6l \u00e9s h\u00e1tul V-f\u00e9kkel van felszerelve. H\u00e9t sebess\u00e9ges Shimano v\u00e1lt\u00f3. Revoshift v\u00e1lt\u00f3kar. Els\u0151-h\u00e1ts\u00f3 elemes vil\u00e1g\u00edt\u00e1s. Cseng\u0151. Van rajta els\u0151-h\u00e1ts\u00f3 s\u00e1rv\u00e9d\u0151. A csomagtart\u00f3 is a ker\u00e9kp\u00e1r r\u00e9sze. A v\u00e1zm\u00e9rete 12,5&#8243;. Alum\u00ednium kerekek 24 x 1,95 gumi k\u00f6penyekkel. K\u00e9rd\u00e9se [&hellip;]<\/p>\n","protected":false},"featured_media":23787,"comment_status":"open","ping_status":"closed","template":"","meta":{"_et_pb_use_builder":"","_et_pb_old_content":"","_et_gb_content_width":"","wp_popup_display_lightbox":0,"wp_popup_suppress":"","wp_popup_trigger":"","wp_popup_trigger_amount":0,"wp_popup_disable_on_mobile":false},"product_brand":[],"product_cat":[370,367,255],"product_tag":[],"class_list":{"0":"post-23783","1":"product","2":"type-product","3":"status-publish","4":"has-post-thumbnail","6":"product_cat-24-gyermek-kerekpar","7":"product_cat-gyermek-kerekpar","8":"product_cat-kerekparok","9":"product_shipping_class-tetobox","11":"first","12":"instock","13":"featured","14":"shipping-taxable","15":"purchasable","16":"product-type-variable"},"yoast_head":"<!-- This site is optimized with the Yoast SEO plugin v27.3 - https:\/\/yoast.com\/product\/yoast-seo-wordpress\/ -->\n<title>Neuzer Bobby City 24&quot; (T\u00f6bb sz\u00ednben) &#187; Szerecz Aut\u00f3alkatr\u00e9sz Web\u00e1ruh\u00e1z<\/title>\n<meta name=\"robots\" content=\"index, follow, max-snippet:-1, max-image-preview:large, max-video-preview:-1\" \/>\n<link rel=\"canonical\" href=\"https:\/\/szereczauto.hu\/webshop\/termek\/neuzer-bobby-city-24\/\" \/>\n<meta property=\"og:locale\" content=\"hu_HU\" \/>\n<meta property=\"og:type\" content=\"article\" \/>\n<meta property=\"og:title\" content=\"Neuzer Bobby City 24&quot; (T\u00f6bb sz\u00ednben) &#187; Szerecz Aut\u00f3alkatr\u00e9sz Web\u00e1ruh\u00e1z\" \/>\n<meta property=\"og:description\" content=\"Fi\u00fa gyermekek sz\u00e1m\u00e1ra ide\u00e1lis ker\u00e9kp\u00e1r, 7-10 \u00e9ves korig. 130-145 cm testmagass\u00e1ghoz. Tulajdons\u00e1gok: Ac\u00e9l v\u00e1zas ker\u00e9kp\u00e1r, merev els\u0151 vill\u00e1val. El\u00f6l \u00e9s h\u00e1tul V-f\u00e9kkel van felszerelve. H\u00e9t sebess\u00e9ges Shimano v\u00e1lt\u00f3. Revoshift v\u00e1lt\u00f3kar. Els\u0151-h\u00e1ts\u00f3 elemes vil\u00e1g\u00edt\u00e1s. Cseng\u0151. Van rajta els\u0151-h\u00e1ts\u00f3 s\u00e1rv\u00e9d\u0151. A csomagtart\u00f3 is a ker\u00e9kp\u00e1r r\u00e9sze. A v\u00e1zm\u00e9rete 12,5&#8243;. Alum\u00ednium kerekek 24 x 1,95 gumi k\u00f6penyekkel. K\u00e9rd\u00e9se [&hellip;]\" \/>\n<meta property=\"og:url\" content=\"https:\/\/szereczauto.hu\/webshop\/termek\/neuzer-bobby-city-24\/\" \/>\n<meta property=\"og:site_name\" content=\"Szerecz Aut\u00f3alkatr\u00e9sz Web\u00e1ruh\u00e1z\" \/>\n<meta property=\"article:publisher\" content=\"https:\/\/www.facebook.com\/szereczauto\/\" \/>\n<meta property=\"article:modified_time\" content=\"2026-02-14T16:07:00+00:00\" \/>\n<meta property=\"og:image\" content=\"https:\/\/szereczauto.hu\/webshop\/wp-content\/uploads\/2026\/02\/Bobby-City-24-kek-ne239211101.jpg\" \/>\n\t<meta property=\"og:image:width\" content=\"800\" \/>\n\t<meta property=\"og:image:height\" content=\"800\" \/>\n\t<meta property=\"og:image:type\" content=\"image\/jpeg\" \/>\n<script type=\"application\/ld+json\" class=\"yoast-schema-graph\">{\"@context\":\"https:\\\/\\\/schema.org\",\"@graph\":[{\"@type\":\"WebPage\",\"@id\":\"https:\\\/\\\/szereczauto.hu\\\/webshop\\\/termek\\\/neuzer-bobby-city-24\\\/\",\"url\":\"https:\\\/\\\/szereczauto.hu\\\/webshop\\\/termek\\\/neuzer-bobby-city-24\\\/\",\"name\":\"Neuzer Bobby City 24\\\" (T\u00f6bb sz\u00ednben) &#187; Szerecz Aut\u00f3alkatr\u00e9sz Web\u00e1ruh\u00e1z\",\"isPartOf\":{\"@id\":\"https:\\\/\\\/szereczauto.hu\\\/webshop\\\/#website\"},\"primaryImageOfPage\":{\"@id\":\"https:\\\/\\\/szereczauto.hu\\\/webshop\\\/termek\\\/neuzer-bobby-city-24\\\/#primaryimage\"},\"image\":{\"@id\":\"https:\\\/\\\/szereczauto.hu\\\/webshop\\\/termek\\\/neuzer-bobby-city-24\\\/#primaryimage\"},\"thumbnailUrl\":\"https:\\\/\\\/szereczauto.hu\\\/webshop\\\/wp-content\\\/uploads\\\/2026\\\/02\\\/Bobby-City-24-kek-ne239211101.jpg\",\"datePublished\":\"2026-02-08T14:38:50+00:00\",\"dateModified\":\"2026-02-14T16:07:00+00:00\",\"breadcrumb\":{\"@id\":\"https:\\\/\\\/szereczauto.hu\\\/webshop\\\/termek\\\/neuzer-bobby-city-24\\\/#breadcrumb\"},\"inLanguage\":\"hu\",\"potentialAction\":[{\"@type\":\"ReadAction\",\"target\":[\"https:\\\/\\\/szereczauto.hu\\\/webshop\\\/termek\\\/neuzer-bobby-city-24\\\/\"]}]},{\"@type\":\"ImageObject\",\"inLanguage\":\"hu\",\"@id\":\"https:\\\/\\\/szereczauto.hu\\\/webshop\\\/termek\\\/neuzer-bobby-city-24\\\/#primaryimage\",\"url\":\"https:\\\/\\\/szereczauto.hu\\\/webshop\\\/wp-content\\\/uploads\\\/2026\\\/02\\\/Bobby-City-24-kek-ne239211101.jpg\",\"contentUrl\":\"https:\\\/\\\/szereczauto.hu\\\/webshop\\\/wp-content\\\/uploads\\\/2026\\\/02\\\/Bobby-City-24-kek-ne239211101.jpg\",\"width\":800,\"height\":800},{\"@type\":\"BreadcrumbList\",\"@id\":\"https:\\\/\\\/szereczauto.hu\\\/webshop\\\/termek\\\/neuzer-bobby-city-24\\\/#breadcrumb\",\"itemListElement\":[{\"@type\":\"ListItem\",\"position\":1,\"name\":\"Home\",\"item\":\"https:\\\/\\\/szereczauto.hu\\\/webshop\\\/\"},{\"@type\":\"ListItem\",\"position\":2,\"name\":\"Term\u00e9keink\",\"item\":\"https:\\\/\\\/szereczauto.hu\\\/webshop\\\/shop\\\/\"},{\"@type\":\"ListItem\",\"position\":3,\"name\":\"Neuzer Bobby City 24&#8243; (T\u00f6bb sz\u00ednben)\"}]},{\"@type\":\"WebSite\",\"@id\":\"https:\\\/\\\/szereczauto.hu\\\/webshop\\\/#website\",\"url\":\"https:\\\/\\\/szereczauto.hu\\\/webshop\\\/\",\"name\":\"Szerecz Aut\u00f3alkatr\u00e9sz Web\u00e1ruh\u00e1z\",\"description\":\"Szerecz Aut\u00f3 Kft. - Thule term\u00e9kek, aut\u00f3alkatr\u00e9szek web\u00e1ruh\u00e1za\",\"publisher\":{\"@id\":\"https:\\\/\\\/szereczauto.hu\\\/webshop\\\/#organization\"},\"potentialAction\":[{\"@type\":\"SearchAction\",\"target\":{\"@type\":\"EntryPoint\",\"urlTemplate\":\"https:\\\/\\\/szereczauto.hu\\\/webshop\\\/?s={search_term_string}\"},\"query-input\":{\"@type\":\"PropertyValueSpecification\",\"valueRequired\":true,\"valueName\":\"search_term_string\"}}],\"inLanguage\":\"hu\"},{\"@type\":\"Organization\",\"@id\":\"https:\\\/\\\/szereczauto.hu\\\/webshop\\\/#organization\",\"name\":\"Szerecz Aut\u00f3alkatr\u00e9sz Web\u00e1ruh\u00e1z\",\"url\":\"https:\\\/\\\/szereczauto.hu\\\/webshop\\\/\",\"logo\":{\"@type\":\"ImageObject\",\"inLanguage\":\"hu\",\"@id\":\"https:\\\/\\\/szereczauto.hu\\\/webshop\\\/#\\\/schema\\\/logo\\\/image\\\/\",\"url\":\"https:\\\/\\\/szereczauto.hu\\\/webshop\\\/wp-content\\\/uploads\\\/2018\\\/12\\\/Szerecz_fav_2018.png\",\"contentUrl\":\"https:\\\/\\\/szereczauto.hu\\\/webshop\\\/wp-content\\\/uploads\\\/2018\\\/12\\\/Szerecz_fav_2018.png\",\"width\":512,\"height\":512,\"caption\":\"Szerecz Aut\u00f3alkatr\u00e9sz Web\u00e1ruh\u00e1z\"},\"image\":{\"@id\":\"https:\\\/\\\/szereczauto.hu\\\/webshop\\\/#\\\/schema\\\/logo\\\/image\\\/\"},\"sameAs\":[\"https:\\\/\\\/www.facebook.com\\\/szereczauto\\\/\",\"https:\\\/\\\/www.youtube.com\\\/channel\\\/UCGA5LXUmL_i2xDxT2GNNEBQ\"]}]}<\/script>\n<!-- \/ Yoast SEO plugin. -->","yoast_head_json":{"title":"Neuzer Bobby City 24\" (T\u00f6bb sz\u00ednben) &#187; Szerecz Aut\u00f3alkatr\u00e9sz Web\u00e1ruh\u00e1z","robots":{"index":"index","follow":"follow","max-snippet":"max-snippet:-1","max-image-preview":"max-image-preview:large","max-video-preview":"max-video-preview:-1"},"canonical":"https:\/\/szereczauto.hu\/webshop\/termek\/neuzer-bobby-city-24\/","og_locale":"hu_HU","og_type":"article","og_title":"Neuzer Bobby City 24\" (T\u00f6bb sz\u00ednben) &#187; Szerecz Aut\u00f3alkatr\u00e9sz Web\u00e1ruh\u00e1z","og_description":"Fi\u00fa gyermekek sz\u00e1m\u00e1ra ide\u00e1lis ker\u00e9kp\u00e1r, 7-10 \u00e9ves korig. 130-145 cm testmagass\u00e1ghoz. Tulajdons\u00e1gok: Ac\u00e9l v\u00e1zas ker\u00e9kp\u00e1r, merev els\u0151 vill\u00e1val. El\u00f6l \u00e9s h\u00e1tul V-f\u00e9kkel van felszerelve. H\u00e9t sebess\u00e9ges Shimano v\u00e1lt\u00f3. Revoshift v\u00e1lt\u00f3kar. Els\u0151-h\u00e1ts\u00f3 elemes vil\u00e1g\u00edt\u00e1s. Cseng\u0151. Van rajta els\u0151-h\u00e1ts\u00f3 s\u00e1rv\u00e9d\u0151. A csomagtart\u00f3 is a ker\u00e9kp\u00e1r r\u00e9sze. A v\u00e1zm\u00e9rete 12,5&#8243;. Alum\u00ednium kerekek 24 x 1,95 gumi k\u00f6penyekkel. K\u00e9rd\u00e9se [&hellip;]","og_url":"https:\/\/szereczauto.hu\/webshop\/termek\/neuzer-bobby-city-24\/","og_site_name":"Szerecz Aut\u00f3alkatr\u00e9sz Web\u00e1ruh\u00e1z","article_publisher":"https:\/\/www.facebook.com\/szereczauto\/","article_modified_time":"2026-02-14T16:07:00+00:00","og_image":[{"width":800,"height":800,"url":"https:\/\/szereczauto.hu\/webshop\/wp-content\/uploads\/2026\/02\/Bobby-City-24-kek-ne239211101.jpg","type":"image\/jpeg"}],"schema":{"@context":"https:\/\/schema.org","@graph":[{"@type":"WebPage","@id":"https:\/\/szereczauto.hu\/webshop\/termek\/neuzer-bobby-city-24\/","url":"https:\/\/szereczauto.hu\/webshop\/termek\/neuzer-bobby-city-24\/","name":"Neuzer Bobby City 24\" (T\u00f6bb sz\u00ednben) &#187; Szerecz Aut\u00f3alkatr\u00e9sz Web\u00e1ruh\u00e1z","isPartOf":{"@id":"https:\/\/szereczauto.hu\/webshop\/#website"},"primaryImageOfPage":{"@id":"https:\/\/szereczauto.hu\/webshop\/termek\/neuzer-bobby-city-24\/#primaryimage"},"image":{"@id":"https:\/\/szereczauto.hu\/webshop\/termek\/neuzer-bobby-city-24\/#primaryimage"},"thumbnailUrl":"https:\/\/szereczauto.hu\/webshop\/wp-content\/uploads\/2026\/02\/Bobby-City-24-kek-ne239211101.jpg","datePublished":"2026-02-08T14:38:50+00:00","dateModified":"2026-02-14T16:07:00+00:00","breadcrumb":{"@id":"https:\/\/szereczauto.hu\/webshop\/termek\/neuzer-bobby-city-24\/#breadcrumb"},"inLanguage":"hu","potentialAction":[{"@type":"ReadAction","target":["https:\/\/szereczauto.hu\/webshop\/termek\/neuzer-bobby-city-24\/"]}]},{"@type":"ImageObject","inLanguage":"hu","@id":"https:\/\/szereczauto.hu\/webshop\/termek\/neuzer-bobby-city-24\/#primaryimage","url":"https:\/\/szereczauto.hu\/webshop\/wp-content\/uploads\/2026\/02\/Bobby-City-24-kek-ne239211101.jpg","contentUrl":"https:\/\/szereczauto.hu\/webshop\/wp-content\/uploads\/2026\/02\/Bobby-City-24-kek-ne239211101.jpg","width":800,"height":800},{"@type":"BreadcrumbList","@id":"https:\/\/szereczauto.hu\/webshop\/termek\/neuzer-bobby-city-24\/#breadcrumb","itemListElement":[{"@type":"ListItem","position":1,"name":"Home","item":"https:\/\/szereczauto.hu\/webshop\/"},{"@type":"ListItem","position":2,"name":"Term\u00e9keink","item":"https:\/\/szereczauto.hu\/webshop\/shop\/"},{"@type":"ListItem","position":3,"name":"Neuzer Bobby City 24&#8243; (T\u00f6bb sz\u00ednben)"}]},{"@type":"WebSite","@id":"https:\/\/szereczauto.hu\/webshop\/#website","url":"https:\/\/szereczauto.hu\/webshop\/","name":"Szerecz Aut\u00f3alkatr\u00e9sz Web\u00e1ruh\u00e1z","description":"Szerecz Aut\u00f3 Kft. - Thule term\u00e9kek, aut\u00f3alkatr\u00e9szek web\u00e1ruh\u00e1za","publisher":{"@id":"https:\/\/szereczauto.hu\/webshop\/#organization"},"potentialAction":[{"@type":"SearchAction","target":{"@type":"EntryPoint","urlTemplate":"https:\/\/szereczauto.hu\/webshop\/?s={search_term_string}"},"query-input":{"@type":"PropertyValueSpecification","valueRequired":true,"valueName":"search_term_string"}}],"inLanguage":"hu"},{"@type":"Organization","@id":"https:\/\/szereczauto.hu\/webshop\/#organization","name":"Szerecz Aut\u00f3alkatr\u00e9sz Web\u00e1ruh\u00e1z","url":"https:\/\/szereczauto.hu\/webshop\/","logo":{"@type":"ImageObject","inLanguage":"hu","@id":"https:\/\/szereczauto.hu\/webshop\/#\/schema\/logo\/image\/","url":"https:\/\/szereczauto.hu\/webshop\/wp-content\/uploads\/2018\/12\/Szerecz_fav_2018.png","contentUrl":"https:\/\/szereczauto.hu\/webshop\/wp-content\/uploads\/2018\/12\/Szerecz_fav_2018.png","width":512,"height":512,"caption":"Szerecz Aut\u00f3alkatr\u00e9sz Web\u00e1ruh\u00e1z"},"image":{"@id":"https:\/\/szereczauto.hu\/webshop\/#\/schema\/logo\/image\/"},"sameAs":["https:\/\/www.facebook.com\/szereczauto\/","https:\/\/www.youtube.com\/channel\/UCGA5LXUmL_i2xDxT2GNNEBQ"]}]}},"_links":{"self":[{"href":"https:\/\/szereczauto.hu\/webshop\/wp-json\/wp\/v2\/product\/23783","targetHints":{"allow":["GET"]}}],"collection":[{"href":"https:\/\/szereczauto.hu\/webshop\/wp-json\/wp\/v2\/product"}],"about":[{"href":"https:\/\/szereczauto.hu\/webshop\/wp-json\/wp\/v2\/types\/product"}],"replies":[{"embeddable":true,"href":"https:\/\/szereczauto.hu\/webshop\/wp-json\/wp\/v2\/comments?post=23783"}],"wp:featuredmedia":[{"embeddable":true,"href":"https:\/\/szereczauto.hu\/webshop\/wp-json\/wp\/v2\/media\/23787"}],"wp:attachment":[{"href":"https:\/\/szereczauto.hu\/webshop\/wp-json\/wp\/v2\/media?parent=23783"}],"wp:term":[{"taxonomy":"product_brand","embeddable":true,"href":"https:\/\/szereczauto.hu\/webshop\/wp-json\/wp\/v2\/product_brand?post=23783"},{"taxonomy":"product_cat","embeddable":true,"href":"https:\/\/szereczauto.hu\/webshop\/wp-json\/wp\/v2\/product_cat?post=23783"},{"taxonomy":"product_tag","embeddable":true,"href":"https:\/\/szereczauto.hu\/webshop\/wp-json\/wp\/v2\/product_tag?post=23783"}],"curies":[{"name":"wp","href":"https:\/\/api.w.org\/{rel}","templated":true}]}}