{"id":23179,"date":"2024-05-22T10:37:22","date_gmt":"2024-05-22T08:37:22","guid":{"rendered":"https:\/\/szereczauto.hu\/webshop\/?post_type=product&#038;p=23179"},"modified":"2026-02-07T14:49:03","modified_gmt":"2026-02-07T12:49:03","slug":"thule-epos-979","status":"publish","type":"product","link":"https:\/\/szereczauto.hu\/webshop\/termek\/thule-epos-979\/","title":{"rendered":"Thule Epos"},"content":{"rendered":"<p><strong>Thule Epos <\/strong>ker\u00e9kp\u00e1rtart\u00f3t \u00fagy tervezt\u00e9k, hogy t\u00f6bb id\u0151t biztos\u00edtson a ker\u00e9kp\u00e1roz\u00e1sra. Teljesen \u00f6sszecsukhat\u00f3, von\u00f3horogra szerelhet\u0151 ker\u00e9kp\u00e1rtart\u00f3. K\u00f6nny\u0171 felszerelni \u00e9s t\u00e1rolni. Minden t\u00edpus\u00fa ker\u00e9kp\u00e1rral \u00e9s elektromos ker\u00e9kp\u00e1rral kompatibilis. Az innovat\u00edv teleszk\u00f3pos ker\u00e9kp\u00e1rr\u00f6gz\u00edt\u0151 rendszer minim\u00e1lis er\u0151fesz\u00edt\u00e9st ig\u00e9nyel. Lehet\u0151v\u00e9 teszi, hogy ker\u00e9kp\u00e1rokat b\u00e1rhol r\u00f6gz\u00edtse, ak\u00e1r a v\u00e1zn\u00e1l, ak\u00e1r a ker\u00e9kn\u00e9l. A h\u00e1rom ker\u00e9kp\u00e1rt be- \u00e9s kipakolhatja b\u00e1rmilyen sorrendben. Az extra hossz\u00fa ker\u00e9ks\u00edneken, ak\u00e1r 1350 mm tengelyt\u00e1v\u00fa ker\u00e9kp\u00e1rok is sz\u00e1ll\u00edthat\u00f3k<\/p>\n<p>Jellemz\u0151i:<\/p>\n<ul>\n<li>3 db ker\u00e9kp\u00e1r sz\u00e1ll\u00edt\u00e1s\u00e1ra alkalmas.<\/li>\n<li>T\u00f6mege:22,5 kg<\/li>\n<li>Teherb\u00edr\u00e1sa 60 kg.<\/li>\n<li>M\u00e9rete 126 x 91 x 22 cm.<\/li>\n<li>M\u00e9rete \u00f6sszehajtva 91 x 75 x 27 cm.<\/li>\n<li>Ker\u00e9kp\u00e1rok k\u00f6z\u00f6tti t\u00e1vols\u00e1g 25 cm.<\/li>\n<li>1 db ker\u00e9kp\u00e1r maxim\u00e1lis t\u00f6mege 30 kg.<\/li>\n<li>Legnagyobb ker\u00e9k\u00e1tm\u00e9r\u0151 29&#8243;.<\/li>\n<li>Legsz\u00e9lesebb ker\u00e9k 3&#8243;, kieg\u00e9sz\u00edt\u0151 v\u00e1s\u00e1rl\u00e1s\u00e1val 5&#8243;.<\/li>\n<li>Kerekeket r\u00f6gz\u00edteni racsnis csatokkal lehet.<\/li>\n<li>A ker\u00e9kp\u00e1rokat a tart\u00f3hoz, a tart\u00f3t pedig az aut\u00f3hoz lehet z\u00e1rni.<\/li>\n<li>A tart\u00f3 ker\u00e9kp\u00e1rokkal egy\u00fctt, egy l\u00e1bped\u00e1llal lebillenthet\u0151, \u00e9s \u00edgy a csomagtart\u00f3 hozz\u00e1f\u00e9rhet\u0151.<\/li>\n<li>Karbonv\u00e1zas ker\u00e9kp\u00e1rok sz\u00e1ll\u00edt\u00e1s\u00e1ra is alkalmas.<\/li>\n<li>K\u00fcls\u0151 p\u00f3tker\u00e9kkel rendelkez\u0151 aut\u00f3kra is felszerelhet\u0151.<\/li>\n<li>Thule egy kulcsos (One Key System) rendszer kompatibilis.<\/li>\n<\/ul>\n<p>Kattintson az al\u00e1bbi k\u00fcl\u00f6n megv\u00e1s\u00e1rolhat\u00f3 tartoz\u00e9kokra:<\/p>\n<ul>\n<li><a href=\"https:\/\/szereczauto.hu\/webshop\/termek\/thule-epos-kerekpar-lakat\/\" target=\"_blank\" rel=\"noopener\"><span style=\"color: #0000ff;\">Thule Epos lakat.<\/span><\/a><\/li>\n<li><span style=\"color: #0000ff;\"><a style=\"color: #0000ff;\" href=\"https:\/\/szereczauto.hu\/webshop\/termek\/thule-epos-osszecsukhato-rampa\/\" target=\"_blank\" rel=\"noopener\">Thule Epos r\u00e1mpa.<\/a><\/span><\/li>\n<li><span style=\"color: #0000ff;\"><a style=\"color: #0000ff;\" href=\"https:\/\/szereczauto.hu\/webshop\/termek\/thule-epos-kerekpar-szerelo-allvany\/\" target=\"_blank\" rel=\"noopener\">Thule Epos jav\u00edt\u00f3 \u00e1llv\u00e1ny.<\/a><\/span><\/li>\n<li><span style=\"color: #0000ff;\"><a style=\"color: #0000ff;\" href=\"https:\/\/szereczauto.hu\/webshop\/termek\/thule-epos-taska-3-db\/\" target=\"_blank\" rel=\"noopener\">Thule Epos t\u00e1rol\u00f3 zs\u00e1k (3 db).<\/a><\/span><\/li>\n<li><span style=\"color: #0000ff;\"><a style=\"color: #0000ff;\" href=\"https:\/\/szereczauto.hu\/webshop\/termek\/thule-xxl-fatbike-kerekszij-985000\/\" target=\"_blank\" rel=\"noopener\">Fatbike kerekek r\u00f6gz\u00edt\u00e9s\u00e9hez XXL m\u00e9ret\u0171 sz\u00edj.<\/a><\/span><\/li>\n<li>A ker\u00e9kp\u00e1rtart\u00f3 csatlakoz\u00f3 aljzata 13 p\u00f3lus\u00fa de a <a href=\"http:\/\/szereczauto.hu\/webshop\/termek\/thule990600\/\" target=\"_blank\" rel=\"noopener noreferrer\"><span style=\"color: #3366ff;\">990600 adapterrel 7 p\u00f3lus\u00fa<\/span><\/a>.<\/li>\n<\/ul>\n<p><span style=\"color: #000000;\"><strong>K\u00e9rd\u00e9se van, seg\u00edts\u00e9gre van sz\u00fcks\u00e9ge! &#8211;<\/strong><span style=\"color: #3366ff;\"><a style=\"color: #3366ff;\" href=\"http:\/\/szereczauto.hu\/kerdezzen\/\" target=\"_blank\" rel=\"noopener noreferrer\"><strong> Itt l\u00e9phet kapcsolatba vel\u00fcnk!<\/strong><\/a><\/span><\/span><\/p>\n","protected":false},"excerpt":{"rendered":"<p>Minden t\u00edpus\u00fa ker\u00e9kp\u00e1rral \u00e9s elektromos ker\u00e9kp\u00e1rral kompatibilis.<br \/>\n<iframe loading=\"lazy\" title=\"YouTube video player\" src=\"https:\/\/www.youtube.com\/embed\/2A56saZYSKk?si=RSf2G19dqGStzWdI\" width=\"560\" height=\"315\" frameborder=\"0\" allowfullscreen=\"allowfullscreen\"><\/iframe><\/p>\n","protected":false},"featured_media":23180,"comment_status":"open","ping_status":"closed","template":"","meta":{"_et_pb_use_builder":"","_et_pb_old_content":"","_et_gb_content_width":"","wp_popup_display_lightbox":0,"wp_popup_suppress":"","wp_popup_trigger":"","wp_popup_trigger_amount":0,"wp_popup_disable_on_mobile":false},"product_brand":[],"product_cat":[57,49,68],"product_tag":[],"class_list":{"0":"post-23179","1":"product","2":"type-product","3":"status-publish","4":"has-post-thumbnail","6":"product_cat-thule-kerekpartartok","7":"product_cat-thule_termekek","8":"product_cat-vonohorogra","10":"first","11":"instock","12":"shipping-taxable","13":"purchasable","14":"product-type-simple"},"yoast_head":"<!-- This site is optimized with the Yoast SEO plugin v27.4 - https:\/\/yoast.com\/product\/yoast-seo-wordpress\/ -->\n<title>Thule Epos &#187; Szerecz Aut\u00f3alkatr\u00e9sz Web\u00e1ruh\u00e1z<\/title>\n<meta name=\"robots\" content=\"index, follow, max-snippet:-1, max-image-preview:large, max-video-preview:-1\" \/>\n<link rel=\"canonical\" href=\"https:\/\/szereczauto.hu\/webshop\/termek\/thule-epos-979\/\" \/>\n<meta property=\"og:locale\" content=\"hu_HU\" \/>\n<meta property=\"og:type\" content=\"article\" \/>\n<meta property=\"og:title\" content=\"Thule Epos &#187; Szerecz Aut\u00f3alkatr\u00e9sz Web\u00e1ruh\u00e1z\" \/>\n<meta property=\"og:description\" content=\"Minden t\u00edpus\u00fa ker\u00e9kp\u00e1rral \u00e9s elektromos ker\u00e9kp\u00e1rral kompatibilis.\" \/>\n<meta property=\"og:url\" content=\"https:\/\/szereczauto.hu\/webshop\/termek\/thule-epos-979\/\" \/>\n<meta property=\"og:site_name\" content=\"Szerecz Aut\u00f3alkatr\u00e9sz Web\u00e1ruh\u00e1z\" \/>\n<meta property=\"article:publisher\" content=\"https:\/\/www.facebook.com\/szereczauto\/\" \/>\n<meta property=\"article:modified_time\" content=\"2026-02-07T12:49:03+00:00\" \/>\n<meta property=\"og:image\" content=\"https:\/\/szereczauto.hu\/webshop\/wp-content\/uploads\/2024\/05\/Thule-Epos-979100.jpg\" \/>\n\t<meta property=\"og:image:width\" content=\"800\" \/>\n\t<meta property=\"og:image:height\" content=\"800\" \/>\n\t<meta property=\"og:image:type\" content=\"image\/jpeg\" \/>\n<script type=\"application\/ld+json\" class=\"yoast-schema-graph\">{\"@context\":\"https:\\\/\\\/schema.org\",\"@graph\":[{\"@type\":\"WebPage\",\"@id\":\"https:\\\/\\\/szereczauto.hu\\\/webshop\\\/termek\\\/thule-epos-979\\\/\",\"url\":\"https:\\\/\\\/szereczauto.hu\\\/webshop\\\/termek\\\/thule-epos-979\\\/\",\"name\":\"Thule Epos &#187; Szerecz Aut\u00f3alkatr\u00e9sz Web\u00e1ruh\u00e1z\",\"isPartOf\":{\"@id\":\"https:\\\/\\\/szereczauto.hu\\\/webshop\\\/#website\"},\"primaryImageOfPage\":{\"@id\":\"https:\\\/\\\/szereczauto.hu\\\/webshop\\\/termek\\\/thule-epos-979\\\/#primaryimage\"},\"image\":{\"@id\":\"https:\\\/\\\/szereczauto.hu\\\/webshop\\\/termek\\\/thule-epos-979\\\/#primaryimage\"},\"thumbnailUrl\":\"https:\\\/\\\/szereczauto.hu\\\/webshop\\\/wp-content\\\/uploads\\\/2024\\\/05\\\/Thule-Epos-979100.jpg\",\"datePublished\":\"2024-05-22T08:37:22+00:00\",\"dateModified\":\"2026-02-07T12:49:03+00:00\",\"breadcrumb\":{\"@id\":\"https:\\\/\\\/szereczauto.hu\\\/webshop\\\/termek\\\/thule-epos-979\\\/#breadcrumb\"},\"inLanguage\":\"hu\",\"potentialAction\":[{\"@type\":\"ReadAction\",\"target\":[\"https:\\\/\\\/szereczauto.hu\\\/webshop\\\/termek\\\/thule-epos-979\\\/\"]}]},{\"@type\":\"ImageObject\",\"inLanguage\":\"hu\",\"@id\":\"https:\\\/\\\/szereczauto.hu\\\/webshop\\\/termek\\\/thule-epos-979\\\/#primaryimage\",\"url\":\"https:\\\/\\\/szereczauto.hu\\\/webshop\\\/wp-content\\\/uploads\\\/2024\\\/05\\\/Thule-Epos-979100.jpg\",\"contentUrl\":\"https:\\\/\\\/szereczauto.hu\\\/webshop\\\/wp-content\\\/uploads\\\/2024\\\/05\\\/Thule-Epos-979100.jpg\",\"width\":800,\"height\":800},{\"@type\":\"BreadcrumbList\",\"@id\":\"https:\\\/\\\/szereczauto.hu\\\/webshop\\\/termek\\\/thule-epos-979\\\/#breadcrumb\",\"itemListElement\":[{\"@type\":\"ListItem\",\"position\":1,\"name\":\"Home\",\"item\":\"https:\\\/\\\/szereczauto.hu\\\/webshop\\\/\"},{\"@type\":\"ListItem\",\"position\":2,\"name\":\"Term\u00e9keink\",\"item\":\"https:\\\/\\\/szereczauto.hu\\\/webshop\\\/shop\\\/\"},{\"@type\":\"ListItem\",\"position\":3,\"name\":\"Thule Epos\"}]},{\"@type\":\"WebSite\",\"@id\":\"https:\\\/\\\/szereczauto.hu\\\/webshop\\\/#website\",\"url\":\"https:\\\/\\\/szereczauto.hu\\\/webshop\\\/\",\"name\":\"Szerecz Aut\u00f3alkatr\u00e9sz Web\u00e1ruh\u00e1z\",\"description\":\"Szerecz Aut\u00f3 Kft. - Thule term\u00e9kek, aut\u00f3alkatr\u00e9szek web\u00e1ruh\u00e1za\",\"publisher\":{\"@id\":\"https:\\\/\\\/szereczauto.hu\\\/webshop\\\/#organization\"},\"potentialAction\":[{\"@type\":\"SearchAction\",\"target\":{\"@type\":\"EntryPoint\",\"urlTemplate\":\"https:\\\/\\\/szereczauto.hu\\\/webshop\\\/?s={search_term_string}\"},\"query-input\":{\"@type\":\"PropertyValueSpecification\",\"valueRequired\":true,\"valueName\":\"search_term_string\"}}],\"inLanguage\":\"hu\"},{\"@type\":\"Organization\",\"@id\":\"https:\\\/\\\/szereczauto.hu\\\/webshop\\\/#organization\",\"name\":\"Szerecz Aut\u00f3alkatr\u00e9sz Web\u00e1ruh\u00e1z\",\"url\":\"https:\\\/\\\/szereczauto.hu\\\/webshop\\\/\",\"logo\":{\"@type\":\"ImageObject\",\"inLanguage\":\"hu\",\"@id\":\"https:\\\/\\\/szereczauto.hu\\\/webshop\\\/#\\\/schema\\\/logo\\\/image\\\/\",\"url\":\"https:\\\/\\\/szereczauto.hu\\\/webshop\\\/wp-content\\\/uploads\\\/2018\\\/12\\\/Szerecz_fav_2018.png\",\"contentUrl\":\"https:\\\/\\\/szereczauto.hu\\\/webshop\\\/wp-content\\\/uploads\\\/2018\\\/12\\\/Szerecz_fav_2018.png\",\"width\":512,\"height\":512,\"caption\":\"Szerecz Aut\u00f3alkatr\u00e9sz Web\u00e1ruh\u00e1z\"},\"image\":{\"@id\":\"https:\\\/\\\/szereczauto.hu\\\/webshop\\\/#\\\/schema\\\/logo\\\/image\\\/\"},\"sameAs\":[\"https:\\\/\\\/www.facebook.com\\\/szereczauto\\\/\",\"https:\\\/\\\/www.youtube.com\\\/channel\\\/UCGA5LXUmL_i2xDxT2GNNEBQ\"]}]}<\/script>\n<!-- \/ Yoast SEO plugin. -->","yoast_head_json":{"title":"Thule Epos &#187; Szerecz Aut\u00f3alkatr\u00e9sz Web\u00e1ruh\u00e1z","robots":{"index":"index","follow":"follow","max-snippet":"max-snippet:-1","max-image-preview":"max-image-preview:large","max-video-preview":"max-video-preview:-1"},"canonical":"https:\/\/szereczauto.hu\/webshop\/termek\/thule-epos-979\/","og_locale":"hu_HU","og_type":"article","og_title":"Thule Epos &#187; Szerecz Aut\u00f3alkatr\u00e9sz Web\u00e1ruh\u00e1z","og_description":"Minden t\u00edpus\u00fa ker\u00e9kp\u00e1rral \u00e9s elektromos ker\u00e9kp\u00e1rral kompatibilis.","og_url":"https:\/\/szereczauto.hu\/webshop\/termek\/thule-epos-979\/","og_site_name":"Szerecz Aut\u00f3alkatr\u00e9sz Web\u00e1ruh\u00e1z","article_publisher":"https:\/\/www.facebook.com\/szereczauto\/","article_modified_time":"2026-02-07T12:49:03+00:00","og_image":[{"width":800,"height":800,"url":"https:\/\/szereczauto.hu\/webshop\/wp-content\/uploads\/2024\/05\/Thule-Epos-979100.jpg","type":"image\/jpeg"}],"schema":{"@context":"https:\/\/schema.org","@graph":[{"@type":"WebPage","@id":"https:\/\/szereczauto.hu\/webshop\/termek\/thule-epos-979\/","url":"https:\/\/szereczauto.hu\/webshop\/termek\/thule-epos-979\/","name":"Thule Epos &#187; Szerecz Aut\u00f3alkatr\u00e9sz Web\u00e1ruh\u00e1z","isPartOf":{"@id":"https:\/\/szereczauto.hu\/webshop\/#website"},"primaryImageOfPage":{"@id":"https:\/\/szereczauto.hu\/webshop\/termek\/thule-epos-979\/#primaryimage"},"image":{"@id":"https:\/\/szereczauto.hu\/webshop\/termek\/thule-epos-979\/#primaryimage"},"thumbnailUrl":"https:\/\/szereczauto.hu\/webshop\/wp-content\/uploads\/2024\/05\/Thule-Epos-979100.jpg","datePublished":"2024-05-22T08:37:22+00:00","dateModified":"2026-02-07T12:49:03+00:00","breadcrumb":{"@id":"https:\/\/szereczauto.hu\/webshop\/termek\/thule-epos-979\/#breadcrumb"},"inLanguage":"hu","potentialAction":[{"@type":"ReadAction","target":["https:\/\/szereczauto.hu\/webshop\/termek\/thule-epos-979\/"]}]},{"@type":"ImageObject","inLanguage":"hu","@id":"https:\/\/szereczauto.hu\/webshop\/termek\/thule-epos-979\/#primaryimage","url":"https:\/\/szereczauto.hu\/webshop\/wp-content\/uploads\/2024\/05\/Thule-Epos-979100.jpg","contentUrl":"https:\/\/szereczauto.hu\/webshop\/wp-content\/uploads\/2024\/05\/Thule-Epos-979100.jpg","width":800,"height":800},{"@type":"BreadcrumbList","@id":"https:\/\/szereczauto.hu\/webshop\/termek\/thule-epos-979\/#breadcrumb","itemListElement":[{"@type":"ListItem","position":1,"name":"Home","item":"https:\/\/szereczauto.hu\/webshop\/"},{"@type":"ListItem","position":2,"name":"Term\u00e9keink","item":"https:\/\/szereczauto.hu\/webshop\/shop\/"},{"@type":"ListItem","position":3,"name":"Thule Epos"}]},{"@type":"WebSite","@id":"https:\/\/szereczauto.hu\/webshop\/#website","url":"https:\/\/szereczauto.hu\/webshop\/","name":"Szerecz Aut\u00f3alkatr\u00e9sz Web\u00e1ruh\u00e1z","description":"Szerecz Aut\u00f3 Kft. - Thule term\u00e9kek, aut\u00f3alkatr\u00e9szek web\u00e1ruh\u00e1za","publisher":{"@id":"https:\/\/szereczauto.hu\/webshop\/#organization"},"potentialAction":[{"@type":"SearchAction","target":{"@type":"EntryPoint","urlTemplate":"https:\/\/szereczauto.hu\/webshop\/?s={search_term_string}"},"query-input":{"@type":"PropertyValueSpecification","valueRequired":true,"valueName":"search_term_string"}}],"inLanguage":"hu"},{"@type":"Organization","@id":"https:\/\/szereczauto.hu\/webshop\/#organization","name":"Szerecz Aut\u00f3alkatr\u00e9sz Web\u00e1ruh\u00e1z","url":"https:\/\/szereczauto.hu\/webshop\/","logo":{"@type":"ImageObject","inLanguage":"hu","@id":"https:\/\/szereczauto.hu\/webshop\/#\/schema\/logo\/image\/","url":"https:\/\/szereczauto.hu\/webshop\/wp-content\/uploads\/2018\/12\/Szerecz_fav_2018.png","contentUrl":"https:\/\/szereczauto.hu\/webshop\/wp-content\/uploads\/2018\/12\/Szerecz_fav_2018.png","width":512,"height":512,"caption":"Szerecz Aut\u00f3alkatr\u00e9sz Web\u00e1ruh\u00e1z"},"image":{"@id":"https:\/\/szereczauto.hu\/webshop\/#\/schema\/logo\/image\/"},"sameAs":["https:\/\/www.facebook.com\/szereczauto\/","https:\/\/www.youtube.com\/channel\/UCGA5LXUmL_i2xDxT2GNNEBQ"]}]}},"_links":{"self":[{"href":"https:\/\/szereczauto.hu\/webshop\/wp-json\/wp\/v2\/product\/23179","targetHints":{"allow":["GET"]}}],"collection":[{"href":"https:\/\/szereczauto.hu\/webshop\/wp-json\/wp\/v2\/product"}],"about":[{"href":"https:\/\/szereczauto.hu\/webshop\/wp-json\/wp\/v2\/types\/product"}],"replies":[{"embeddable":true,"href":"https:\/\/szereczauto.hu\/webshop\/wp-json\/wp\/v2\/comments?post=23179"}],"wp:featuredmedia":[{"embeddable":true,"href":"https:\/\/szereczauto.hu\/webshop\/wp-json\/wp\/v2\/media\/23180"}],"wp:attachment":[{"href":"https:\/\/szereczauto.hu\/webshop\/wp-json\/wp\/v2\/media?parent=23179"}],"wp:term":[{"taxonomy":"product_brand","embeddable":true,"href":"https:\/\/szereczauto.hu\/webshop\/wp-json\/wp\/v2\/product_brand?post=23179"},{"taxonomy":"product_cat","embeddable":true,"href":"https:\/\/szereczauto.hu\/webshop\/wp-json\/wp\/v2\/product_cat?post=23179"},{"taxonomy":"product_tag","embeddable":true,"href":"https:\/\/szereczauto.hu\/webshop\/wp-json\/wp\/v2\/product_tag?post=23179"}],"curies":[{"name":"wp","href":"https:\/\/api.w.org\/{rel}","templated":true}]}}