{"id":22413,"date":"2023-10-30T08:44:14","date_gmt":"2023-10-30T06:44:14","guid":{"rendered":"https:\/\/szereczauto.hu\/webshop\/?post_type=product&#038;p=22413"},"modified":"2023-10-30T08:59:37","modified_gmt":"2023-10-30T06:59:37","slug":"telefon-tarto-szellozo-racsra-54995","status":"publish","type":"product","link":"https:\/\/szereczauto.hu\/webshop\/termek\/telefon-tarto-szellozo-racsra-54995\/","title":{"rendered":"Telefon Tart\u00f3 szell\u0151z\u0151 r\u00e1csra"},"content":{"rendered":"<p><span style=\"color: #000000;\">Vezet\u00e9s k\u00f6zben gyakran sz\u00fcks\u00e9g\u00fcnk van az okostelefonunkra p\u00e9ld\u00e1ul navig\u00e1l\u00e1s miatt. Ez a praktikus tart\u00f3 az aut\u00f3 szell\u0151z\u0151r\u00e1cs\u00e1ra r\u00f6gz\u00edthet\u0151, \u00edgy ny\u00e1ron a nagy melegben sem fog melegedni a telefonja, a kl\u00edma \u00e1ltal bef\u00fajt hideg leveg\u0151 h\u0171ti azt..<\/span><\/p>\n<ul>\n<li><span style=\"color: #000000;\">Teker\u0151vel ell\u00e1tott, szor\u00edt\u00f3csipeszes r\u00f6gz\u00edt\u00e9s.<\/span><\/li>\n<li><span style=\"color: #000000;\">Stabil r\u00f6gz\u00edt\u00e9s a legt\u00f6bb mobilk\u00e9sz\u00fcl\u00e9k sz\u00e1m\u00e1ra.<\/span><\/li>\n<li><span style=\"color: #000000;\">Automatikus sz\u00e9less\u00e9g be\u00e1ll\u00edt\u00e1s (A telefon sz\u00e9less\u00e9g\u00e9t automatikusan felveszi).<\/span><\/li>\n<li><span style=\"color: #000000;\">A mobiltelefon perem\u00e9re is r\u00e1hajlik, \u00edgy nem tud kiesni el\u0151refel\u00e9 sem.<\/span><\/li>\n<li><span style=\"color: #000000;\">Egykezes haszn\u00e1lat.<\/span><\/li>\n<li><span style=\"color: #000000;\">Vezet\u0151 fel\u00e9 forgathat\u00f3 f\u00fcgg\u0151leges tengely ment\u00e9n (fektetve nem haszn\u00e1lhat\u00f3 a telefon).<\/span><\/li>\n<li><strong>65-80 mm sz\u00e9les telefonok r\u00f6gz\u00edt\u00e9s\u00e9re alkalmas.<\/strong><\/li>\n<\/ul>\n<p>&nbsp;<\/p>\n","protected":false},"excerpt":{"rendered":"<p>Vezet\u00e9s k\u00f6zben gyakran sz\u00fcks\u00e9g\u00fcnk van az okostelefonunkra p\u00e9ld\u00e1ul navig\u00e1l\u00e1s miatt. Ez a praktikus tart\u00f3 az aut\u00f3 szell\u0151z\u0151r\u00e1cs\u00e1ra r\u00f6gz\u00edthet\u0151, \u00edgy ny\u00e1ron a nagy melegben sem fog melegedni a telefonja, a kl\u00edma \u00e1ltal bef\u00fajt hideg leveg\u0151 h\u0171ti azt.. Teker\u0151vel ell\u00e1tott, szor\u00edt\u00f3csipeszes r\u00f6gz\u00edt\u00e9s. Stabil r\u00f6gz\u00edt\u00e9s a legt\u00f6bb mobilk\u00e9sz\u00fcl\u00e9k sz\u00e1m\u00e1ra. Automatikus sz\u00e9less\u00e9g be\u00e1ll\u00edt\u00e1s (A telefon sz\u00e9less\u00e9g\u00e9t automatikusan felveszi). A [&hellip;]<\/p>\n","protected":false},"featured_media":22415,"comment_status":"open","ping_status":"closed","template":"","meta":{"_et_pb_use_builder":"","_et_pb_old_content":"","_et_gb_content_width":"","wp_popup_display_lightbox":0,"wp_popup_suppress":"","wp_popup_trigger":"","wp_popup_trigger_amount":0,"wp_popup_disable_on_mobile":false},"product_brand":[],"product_cat":[75,100],"product_tag":[],"class_list":{"0":"post-22413","1":"product","2":"type-product","3":"status-publish","4":"has-post-thumbnail","6":"product_cat-autofelszerelesek","7":"product_cat-gps-tartok-telefontartok","9":"first","10":"instock","11":"featured","12":"shipping-taxable","13":"purchasable","14":"product-type-simple"},"yoast_head":"<!-- This site is optimized with the Yoast SEO plugin v27.4 - https:\/\/yoast.com\/product\/yoast-seo-wordpress\/ -->\n<title>Telefon Tart\u00f3 szell\u0151z\u0151 r\u00e1csra &#187; Szerecz Aut\u00f3alkatr\u00e9sz Web\u00e1ruh\u00e1z<\/title>\n<meta name=\"robots\" content=\"index, follow, max-snippet:-1, max-image-preview:large, max-video-preview:-1\" \/>\n<link rel=\"canonical\" href=\"https:\/\/szereczauto.hu\/webshop\/termek\/telefon-tarto-szellozo-racsra-54995\/\" \/>\n<meta property=\"og:locale\" content=\"hu_HU\" \/>\n<meta property=\"og:type\" content=\"article\" \/>\n<meta property=\"og:title\" content=\"Telefon Tart\u00f3 szell\u0151z\u0151 r\u00e1csra &#187; Szerecz Aut\u00f3alkatr\u00e9sz Web\u00e1ruh\u00e1z\" \/>\n<meta property=\"og:description\" content=\"Vezet\u00e9s k\u00f6zben gyakran sz\u00fcks\u00e9g\u00fcnk van az okostelefonunkra p\u00e9ld\u00e1ul navig\u00e1l\u00e1s miatt. Ez a praktikus tart\u00f3 az aut\u00f3 szell\u0151z\u0151r\u00e1cs\u00e1ra r\u00f6gz\u00edthet\u0151, \u00edgy ny\u00e1ron a nagy melegben sem fog melegedni a telefonja, a kl\u00edma \u00e1ltal bef\u00fajt hideg leveg\u0151 h\u0171ti azt.. Teker\u0151vel ell\u00e1tott, szor\u00edt\u00f3csipeszes r\u00f6gz\u00edt\u00e9s. Stabil r\u00f6gz\u00edt\u00e9s a legt\u00f6bb mobilk\u00e9sz\u00fcl\u00e9k sz\u00e1m\u00e1ra. Automatikus sz\u00e9less\u00e9g be\u00e1ll\u00edt\u00e1s (A telefon sz\u00e9less\u00e9g\u00e9t automatikusan felveszi). A [&hellip;]\" \/>\n<meta property=\"og:url\" content=\"https:\/\/szereczauto.hu\/webshop\/termek\/telefon-tarto-szellozo-racsra-54995\/\" \/>\n<meta property=\"og:site_name\" content=\"Szerecz Aut\u00f3alkatr\u00e9sz Web\u00e1ruh\u00e1z\" \/>\n<meta property=\"article:publisher\" content=\"https:\/\/www.facebook.com\/szereczauto\/\" \/>\n<meta property=\"article:modified_time\" content=\"2023-10-30T06:59:37+00:00\" \/>\n<meta property=\"og:image\" content=\"https:\/\/szereczauto.hu\/webshop\/wp-content\/uploads\/2023\/10\/Telefontarto-MNC-54995.jpg\" \/>\n\t<meta property=\"og:image:width\" content=\"800\" \/>\n\t<meta property=\"og:image:height\" content=\"800\" \/>\n\t<meta property=\"og:image:type\" content=\"image\/jpeg\" \/>\n<script type=\"application\/ld+json\" class=\"yoast-schema-graph\">{\"@context\":\"https:\\\/\\\/schema.org\",\"@graph\":[{\"@type\":\"WebPage\",\"@id\":\"https:\\\/\\\/szereczauto.hu\\\/webshop\\\/termek\\\/telefon-tarto-szellozo-racsra-54995\\\/\",\"url\":\"https:\\\/\\\/szereczauto.hu\\\/webshop\\\/termek\\\/telefon-tarto-szellozo-racsra-54995\\\/\",\"name\":\"Telefon Tart\u00f3 szell\u0151z\u0151 r\u00e1csra &#187; Szerecz Aut\u00f3alkatr\u00e9sz Web\u00e1ruh\u00e1z\",\"isPartOf\":{\"@id\":\"https:\\\/\\\/szereczauto.hu\\\/webshop\\\/#website\"},\"primaryImageOfPage\":{\"@id\":\"https:\\\/\\\/szereczauto.hu\\\/webshop\\\/termek\\\/telefon-tarto-szellozo-racsra-54995\\\/#primaryimage\"},\"image\":{\"@id\":\"https:\\\/\\\/szereczauto.hu\\\/webshop\\\/termek\\\/telefon-tarto-szellozo-racsra-54995\\\/#primaryimage\"},\"thumbnailUrl\":\"https:\\\/\\\/szereczauto.hu\\\/webshop\\\/wp-content\\\/uploads\\\/2023\\\/10\\\/Telefontarto-MNC-54995.jpg\",\"datePublished\":\"2023-10-30T06:44:14+00:00\",\"dateModified\":\"2023-10-30T06:59:37+00:00\",\"breadcrumb\":{\"@id\":\"https:\\\/\\\/szereczauto.hu\\\/webshop\\\/termek\\\/telefon-tarto-szellozo-racsra-54995\\\/#breadcrumb\"},\"inLanguage\":\"hu\",\"potentialAction\":[{\"@type\":\"ReadAction\",\"target\":[\"https:\\\/\\\/szereczauto.hu\\\/webshop\\\/termek\\\/telefon-tarto-szellozo-racsra-54995\\\/\"]}]},{\"@type\":\"ImageObject\",\"inLanguage\":\"hu\",\"@id\":\"https:\\\/\\\/szereczauto.hu\\\/webshop\\\/termek\\\/telefon-tarto-szellozo-racsra-54995\\\/#primaryimage\",\"url\":\"https:\\\/\\\/szereczauto.hu\\\/webshop\\\/wp-content\\\/uploads\\\/2023\\\/10\\\/Telefontarto-MNC-54995.jpg\",\"contentUrl\":\"https:\\\/\\\/szereczauto.hu\\\/webshop\\\/wp-content\\\/uploads\\\/2023\\\/10\\\/Telefontarto-MNC-54995.jpg\",\"width\":800,\"height\":800},{\"@type\":\"BreadcrumbList\",\"@id\":\"https:\\\/\\\/szereczauto.hu\\\/webshop\\\/termek\\\/telefon-tarto-szellozo-racsra-54995\\\/#breadcrumb\",\"itemListElement\":[{\"@type\":\"ListItem\",\"position\":1,\"name\":\"Home\",\"item\":\"https:\\\/\\\/szereczauto.hu\\\/webshop\\\/\"},{\"@type\":\"ListItem\",\"position\":2,\"name\":\"Term\u00e9keink\",\"item\":\"https:\\\/\\\/szereczauto.hu\\\/webshop\\\/shop\\\/\"},{\"@type\":\"ListItem\",\"position\":3,\"name\":\"Telefon Tart\u00f3 szell\u0151z\u0151 r\u00e1csra\"}]},{\"@type\":\"WebSite\",\"@id\":\"https:\\\/\\\/szereczauto.hu\\\/webshop\\\/#website\",\"url\":\"https:\\\/\\\/szereczauto.hu\\\/webshop\\\/\",\"name\":\"Szerecz Aut\u00f3alkatr\u00e9sz Web\u00e1ruh\u00e1z\",\"description\":\"Szerecz Aut\u00f3 Kft. - Thule term\u00e9kek, aut\u00f3alkatr\u00e9szek web\u00e1ruh\u00e1za\",\"publisher\":{\"@id\":\"https:\\\/\\\/szereczauto.hu\\\/webshop\\\/#organization\"},\"potentialAction\":[{\"@type\":\"SearchAction\",\"target\":{\"@type\":\"EntryPoint\",\"urlTemplate\":\"https:\\\/\\\/szereczauto.hu\\\/webshop\\\/?s={search_term_string}\"},\"query-input\":{\"@type\":\"PropertyValueSpecification\",\"valueRequired\":true,\"valueName\":\"search_term_string\"}}],\"inLanguage\":\"hu\"},{\"@type\":\"Organization\",\"@id\":\"https:\\\/\\\/szereczauto.hu\\\/webshop\\\/#organization\",\"name\":\"Szerecz Aut\u00f3alkatr\u00e9sz Web\u00e1ruh\u00e1z\",\"url\":\"https:\\\/\\\/szereczauto.hu\\\/webshop\\\/\",\"logo\":{\"@type\":\"ImageObject\",\"inLanguage\":\"hu\",\"@id\":\"https:\\\/\\\/szereczauto.hu\\\/webshop\\\/#\\\/schema\\\/logo\\\/image\\\/\",\"url\":\"https:\\\/\\\/szereczauto.hu\\\/webshop\\\/wp-content\\\/uploads\\\/2018\\\/12\\\/Szerecz_fav_2018.png\",\"contentUrl\":\"https:\\\/\\\/szereczauto.hu\\\/webshop\\\/wp-content\\\/uploads\\\/2018\\\/12\\\/Szerecz_fav_2018.png\",\"width\":512,\"height\":512,\"caption\":\"Szerecz Aut\u00f3alkatr\u00e9sz Web\u00e1ruh\u00e1z\"},\"image\":{\"@id\":\"https:\\\/\\\/szereczauto.hu\\\/webshop\\\/#\\\/schema\\\/logo\\\/image\\\/\"},\"sameAs\":[\"https:\\\/\\\/www.facebook.com\\\/szereczauto\\\/\",\"https:\\\/\\\/www.youtube.com\\\/channel\\\/UCGA5LXUmL_i2xDxT2GNNEBQ\"]}]}<\/script>\n<!-- \/ Yoast SEO plugin. -->","yoast_head_json":{"title":"Telefon Tart\u00f3 szell\u0151z\u0151 r\u00e1csra &#187; Szerecz Aut\u00f3alkatr\u00e9sz Web\u00e1ruh\u00e1z","robots":{"index":"index","follow":"follow","max-snippet":"max-snippet:-1","max-image-preview":"max-image-preview:large","max-video-preview":"max-video-preview:-1"},"canonical":"https:\/\/szereczauto.hu\/webshop\/termek\/telefon-tarto-szellozo-racsra-54995\/","og_locale":"hu_HU","og_type":"article","og_title":"Telefon Tart\u00f3 szell\u0151z\u0151 r\u00e1csra &#187; Szerecz Aut\u00f3alkatr\u00e9sz Web\u00e1ruh\u00e1z","og_description":"Vezet\u00e9s k\u00f6zben gyakran sz\u00fcks\u00e9g\u00fcnk van az okostelefonunkra p\u00e9ld\u00e1ul navig\u00e1l\u00e1s miatt. Ez a praktikus tart\u00f3 az aut\u00f3 szell\u0151z\u0151r\u00e1cs\u00e1ra r\u00f6gz\u00edthet\u0151, \u00edgy ny\u00e1ron a nagy melegben sem fog melegedni a telefonja, a kl\u00edma \u00e1ltal bef\u00fajt hideg leveg\u0151 h\u0171ti azt.. Teker\u0151vel ell\u00e1tott, szor\u00edt\u00f3csipeszes r\u00f6gz\u00edt\u00e9s. Stabil r\u00f6gz\u00edt\u00e9s a legt\u00f6bb mobilk\u00e9sz\u00fcl\u00e9k sz\u00e1m\u00e1ra. Automatikus sz\u00e9less\u00e9g be\u00e1ll\u00edt\u00e1s (A telefon sz\u00e9less\u00e9g\u00e9t automatikusan felveszi). A [&hellip;]","og_url":"https:\/\/szereczauto.hu\/webshop\/termek\/telefon-tarto-szellozo-racsra-54995\/","og_site_name":"Szerecz Aut\u00f3alkatr\u00e9sz Web\u00e1ruh\u00e1z","article_publisher":"https:\/\/www.facebook.com\/szereczauto\/","article_modified_time":"2023-10-30T06:59:37+00:00","og_image":[{"width":800,"height":800,"url":"https:\/\/szereczauto.hu\/webshop\/wp-content\/uploads\/2023\/10\/Telefontarto-MNC-54995.jpg","type":"image\/jpeg"}],"schema":{"@context":"https:\/\/schema.org","@graph":[{"@type":"WebPage","@id":"https:\/\/szereczauto.hu\/webshop\/termek\/telefon-tarto-szellozo-racsra-54995\/","url":"https:\/\/szereczauto.hu\/webshop\/termek\/telefon-tarto-szellozo-racsra-54995\/","name":"Telefon Tart\u00f3 szell\u0151z\u0151 r\u00e1csra &#187; Szerecz Aut\u00f3alkatr\u00e9sz Web\u00e1ruh\u00e1z","isPartOf":{"@id":"https:\/\/szereczauto.hu\/webshop\/#website"},"primaryImageOfPage":{"@id":"https:\/\/szereczauto.hu\/webshop\/termek\/telefon-tarto-szellozo-racsra-54995\/#primaryimage"},"image":{"@id":"https:\/\/szereczauto.hu\/webshop\/termek\/telefon-tarto-szellozo-racsra-54995\/#primaryimage"},"thumbnailUrl":"https:\/\/szereczauto.hu\/webshop\/wp-content\/uploads\/2023\/10\/Telefontarto-MNC-54995.jpg","datePublished":"2023-10-30T06:44:14+00:00","dateModified":"2023-10-30T06:59:37+00:00","breadcrumb":{"@id":"https:\/\/szereczauto.hu\/webshop\/termek\/telefon-tarto-szellozo-racsra-54995\/#breadcrumb"},"inLanguage":"hu","potentialAction":[{"@type":"ReadAction","target":["https:\/\/szereczauto.hu\/webshop\/termek\/telefon-tarto-szellozo-racsra-54995\/"]}]},{"@type":"ImageObject","inLanguage":"hu","@id":"https:\/\/szereczauto.hu\/webshop\/termek\/telefon-tarto-szellozo-racsra-54995\/#primaryimage","url":"https:\/\/szereczauto.hu\/webshop\/wp-content\/uploads\/2023\/10\/Telefontarto-MNC-54995.jpg","contentUrl":"https:\/\/szereczauto.hu\/webshop\/wp-content\/uploads\/2023\/10\/Telefontarto-MNC-54995.jpg","width":800,"height":800},{"@type":"BreadcrumbList","@id":"https:\/\/szereczauto.hu\/webshop\/termek\/telefon-tarto-szellozo-racsra-54995\/#breadcrumb","itemListElement":[{"@type":"ListItem","position":1,"name":"Home","item":"https:\/\/szereczauto.hu\/webshop\/"},{"@type":"ListItem","position":2,"name":"Term\u00e9keink","item":"https:\/\/szereczauto.hu\/webshop\/shop\/"},{"@type":"ListItem","position":3,"name":"Telefon Tart\u00f3 szell\u0151z\u0151 r\u00e1csra"}]},{"@type":"WebSite","@id":"https:\/\/szereczauto.hu\/webshop\/#website","url":"https:\/\/szereczauto.hu\/webshop\/","name":"Szerecz Aut\u00f3alkatr\u00e9sz Web\u00e1ruh\u00e1z","description":"Szerecz Aut\u00f3 Kft. - Thule term\u00e9kek, aut\u00f3alkatr\u00e9szek web\u00e1ruh\u00e1za","publisher":{"@id":"https:\/\/szereczauto.hu\/webshop\/#organization"},"potentialAction":[{"@type":"SearchAction","target":{"@type":"EntryPoint","urlTemplate":"https:\/\/szereczauto.hu\/webshop\/?s={search_term_string}"},"query-input":{"@type":"PropertyValueSpecification","valueRequired":true,"valueName":"search_term_string"}}],"inLanguage":"hu"},{"@type":"Organization","@id":"https:\/\/szereczauto.hu\/webshop\/#organization","name":"Szerecz Aut\u00f3alkatr\u00e9sz Web\u00e1ruh\u00e1z","url":"https:\/\/szereczauto.hu\/webshop\/","logo":{"@type":"ImageObject","inLanguage":"hu","@id":"https:\/\/szereczauto.hu\/webshop\/#\/schema\/logo\/image\/","url":"https:\/\/szereczauto.hu\/webshop\/wp-content\/uploads\/2018\/12\/Szerecz_fav_2018.png","contentUrl":"https:\/\/szereczauto.hu\/webshop\/wp-content\/uploads\/2018\/12\/Szerecz_fav_2018.png","width":512,"height":512,"caption":"Szerecz Aut\u00f3alkatr\u00e9sz Web\u00e1ruh\u00e1z"},"image":{"@id":"https:\/\/szereczauto.hu\/webshop\/#\/schema\/logo\/image\/"},"sameAs":["https:\/\/www.facebook.com\/szereczauto\/","https:\/\/www.youtube.com\/channel\/UCGA5LXUmL_i2xDxT2GNNEBQ"]}]}},"_links":{"self":[{"href":"https:\/\/szereczauto.hu\/webshop\/wp-json\/wp\/v2\/product\/22413","targetHints":{"allow":["GET"]}}],"collection":[{"href":"https:\/\/szereczauto.hu\/webshop\/wp-json\/wp\/v2\/product"}],"about":[{"href":"https:\/\/szereczauto.hu\/webshop\/wp-json\/wp\/v2\/types\/product"}],"replies":[{"embeddable":true,"href":"https:\/\/szereczauto.hu\/webshop\/wp-json\/wp\/v2\/comments?post=22413"}],"wp:featuredmedia":[{"embeddable":true,"href":"https:\/\/szereczauto.hu\/webshop\/wp-json\/wp\/v2\/media\/22415"}],"wp:attachment":[{"href":"https:\/\/szereczauto.hu\/webshop\/wp-json\/wp\/v2\/media?parent=22413"}],"wp:term":[{"taxonomy":"product_brand","embeddable":true,"href":"https:\/\/szereczauto.hu\/webshop\/wp-json\/wp\/v2\/product_brand?post=22413"},{"taxonomy":"product_cat","embeddable":true,"href":"https:\/\/szereczauto.hu\/webshop\/wp-json\/wp\/v2\/product_cat?post=22413"},{"taxonomy":"product_tag","embeddable":true,"href":"https:\/\/szereczauto.hu\/webshop\/wp-json\/wp\/v2\/product_tag?post=22413"}],"curies":[{"name":"wp","href":"https:\/\/api.w.org\/{rel}","templated":true}]}}