{"id":21833,"date":"2023-02-27T18:23:55","date_gmt":"2023-02-27T16:23:55","guid":{"rendered":"https:\/\/szereczauto.hu\/webshop\/?post_type=product&#038;p=21833"},"modified":"2023-02-27T18:27:42","modified_gmt":"2023-02-27T16:27:42","slug":"mzone-bukosisak-green-orange","status":"publish","type":"product","link":"https:\/\/szereczauto.hu\/webshop\/termek\/mzone-bukosisak-green-orange\/","title":{"rendered":"Mzone buk\u00f3sisak"},"content":{"rendered":"<p>MZONE felnyithat\u00f3 motoros buk\u00f3sisak.<\/p>\n<ul>\n<li>Gyors z\u00e1ras \u00e1llsz\u00edj.<\/li>\n<li>Karc \u00e9s UV \u00e1ll\u00f3 plexi.<\/li>\n<li>Karc \u00e9s UV \u00e1ll\u00f3 ABS h\u00e9jszerkezet.<\/li>\n<li><strong>K\u00f6nnyen kivehet\u0151 moshat\u00f3 b\u00e9l\u00e9s.<\/strong><\/li>\n<li><strong>Be\u00e9p\u00edtett, bels\u0151 napszem\u00fcveg.<\/strong><\/li>\n<li>Szab\u00e1lyozhat\u00f3 szell\u0151z\u0151 ny\u00edl\u00e1sok. El\u00f6l als\u00f3 (rovarh\u00e1l\u00f3val v\u00e9dett), fels\u0151 bevezet\u0151 ny\u00edl\u00e1s. H\u00e1ts\u00f3 kivezet\u0151 ny\u00edl\u00e1s.<\/li>\n<li>A sisak t\u00e1rol\u00e1s\u00e1ra szolg\u00e1l\u00f3 zs\u00e1k, tartoz\u00e9k.<\/li>\n<li><strong>EU enged\u00e9llyel rendelkezik.<\/strong><\/li>\n<\/ul>\n<p><strong>Sz\u00edne:<\/strong> z\u00f6ld-narancs<\/p>\n","protected":false},"excerpt":{"rendered":"<p>MZONE felnyithat\u00f3 motoros buk\u00f3sisak. Gyors z\u00e1ras \u00e1llsz\u00edj. Karc \u00e9s UV \u00e1ll\u00f3 plexi. Karc \u00e9s UV \u00e1ll\u00f3 ABS h\u00e9jszerkezet. K\u00f6nnyen kivehet\u0151 moshat\u00f3 b\u00e9l\u00e9s. Be\u00e9p\u00edtett, bels\u0151 napszem\u00fcveg. Szab\u00e1lyozhat\u00f3 szell\u0151z\u0151 ny\u00edl\u00e1sok. El\u00f6l als\u00f3 (rovarh\u00e1l\u00f3val v\u00e9dett), fels\u0151 bevezet\u0151 ny\u00edl\u00e1s. H\u00e1ts\u00f3 kivezet\u0151 ny\u00edl\u00e1s. A sisak t\u00e1rol\u00e1s\u00e1ra szolg\u00e1l\u00f3 zs\u00e1k, tartoz\u00e9k. EU enged\u00e9llyel rendelkezik. Sz\u00edne: z\u00f6ld-narancs<\/p>\n","protected":false},"featured_media":21839,"comment_status":"open","ping_status":"closed","template":"","meta":{"_et_pb_use_builder":"","_et_pb_old_content":"","_et_gb_content_width":"","wp_popup_display_lightbox":0,"wp_popup_suppress":"","wp_popup_trigger":"","wp_popup_trigger_amount":0,"wp_popup_disable_on_mobile":false},"product_brand":[],"product_cat":[13,23],"product_tag":[],"class_list":{"0":"post-21833","1":"product","2":"type-product","3":"status-publish","4":"has-post-thumbnail","6":"product_cat-bukosisak","7":"product_cat-felnyithato-sisakok","8":"pa_bukosisak-merete-l","9":"pa_bukosisak-merete-m","10":"pa_bukosisak-merete-s","11":"pa_bukosisak-merete-xl","12":"pa_bukosisak-merete-xs","14":"first","15":"instock","16":"shipping-taxable","17":"purchasable","18":"product-type-variable"},"yoast_head":"<!-- This site is optimized with the Yoast SEO plugin v27.4 - https:\/\/yoast.com\/product\/yoast-seo-wordpress\/ -->\n<title>Mzone buk\u00f3sisak &#187; Szerecz Aut\u00f3alkatr\u00e9sz Web\u00e1ruh\u00e1z<\/title>\n<meta name=\"robots\" content=\"index, follow, max-snippet:-1, max-image-preview:large, max-video-preview:-1\" \/>\n<link rel=\"canonical\" href=\"https:\/\/szereczauto.hu\/webshop\/termek\/mzone-bukosisak-green-orange\/\" \/>\n<meta property=\"og:locale\" content=\"hu_HU\" \/>\n<meta property=\"og:type\" content=\"article\" \/>\n<meta property=\"og:title\" content=\"Mzone buk\u00f3sisak &#187; Szerecz Aut\u00f3alkatr\u00e9sz Web\u00e1ruh\u00e1z\" \/>\n<meta property=\"og:description\" content=\"MZONE felnyithat\u00f3 motoros buk\u00f3sisak. Gyors z\u00e1ras \u00e1llsz\u00edj. Karc \u00e9s UV \u00e1ll\u00f3 plexi. Karc \u00e9s UV \u00e1ll\u00f3 ABS h\u00e9jszerkezet. K\u00f6nnyen kivehet\u0151 moshat\u00f3 b\u00e9l\u00e9s. Be\u00e9p\u00edtett, bels\u0151 napszem\u00fcveg. Szab\u00e1lyozhat\u00f3 szell\u0151z\u0151 ny\u00edl\u00e1sok. El\u00f6l als\u00f3 (rovarh\u00e1l\u00f3val v\u00e9dett), fels\u0151 bevezet\u0151 ny\u00edl\u00e1s. H\u00e1ts\u00f3 kivezet\u0151 ny\u00edl\u00e1s. A sisak t\u00e1rol\u00e1s\u00e1ra szolg\u00e1l\u00f3 zs\u00e1k, tartoz\u00e9k. EU enged\u00e9llyel rendelkezik. Sz\u00edne: z\u00f6ld-narancs\" \/>\n<meta property=\"og:url\" content=\"https:\/\/szereczauto.hu\/webshop\/termek\/mzone-bukosisak-green-orange\/\" \/>\n<meta property=\"og:site_name\" content=\"Szerecz Aut\u00f3alkatr\u00e9sz Web\u00e1ruh\u00e1z\" \/>\n<meta property=\"article:publisher\" content=\"https:\/\/www.facebook.com\/szereczauto\/\" \/>\n<meta property=\"article:modified_time\" content=\"2023-02-27T16:27:42+00:00\" \/>\n<meta property=\"og:image\" content=\"https:\/\/szereczauto.hu\/webshop\/wp-content\/uploads\/2023\/02\/FlipUP-Green-Orange.jpg\" \/>\n\t<meta property=\"og:image:width\" content=\"800\" \/>\n\t<meta property=\"og:image:height\" content=\"800\" \/>\n\t<meta property=\"og:image:type\" content=\"image\/jpeg\" \/>\n<script type=\"application\/ld+json\" class=\"yoast-schema-graph\">{\"@context\":\"https:\\\/\\\/schema.org\",\"@graph\":[{\"@type\":\"WebPage\",\"@id\":\"https:\\\/\\\/szereczauto.hu\\\/webshop\\\/termek\\\/mzone-bukosisak-green-orange\\\/\",\"url\":\"https:\\\/\\\/szereczauto.hu\\\/webshop\\\/termek\\\/mzone-bukosisak-green-orange\\\/\",\"name\":\"Mzone buk\u00f3sisak &#187; Szerecz Aut\u00f3alkatr\u00e9sz Web\u00e1ruh\u00e1z\",\"isPartOf\":{\"@id\":\"https:\\\/\\\/szereczauto.hu\\\/webshop\\\/#website\"},\"primaryImageOfPage\":{\"@id\":\"https:\\\/\\\/szereczauto.hu\\\/webshop\\\/termek\\\/mzone-bukosisak-green-orange\\\/#primaryimage\"},\"image\":{\"@id\":\"https:\\\/\\\/szereczauto.hu\\\/webshop\\\/termek\\\/mzone-bukosisak-green-orange\\\/#primaryimage\"},\"thumbnailUrl\":\"https:\\\/\\\/szereczauto.hu\\\/webshop\\\/wp-content\\\/uploads\\\/2023\\\/02\\\/FlipUP-Green-Orange.jpg\",\"datePublished\":\"2023-02-27T16:23:55+00:00\",\"dateModified\":\"2023-02-27T16:27:42+00:00\",\"breadcrumb\":{\"@id\":\"https:\\\/\\\/szereczauto.hu\\\/webshop\\\/termek\\\/mzone-bukosisak-green-orange\\\/#breadcrumb\"},\"inLanguage\":\"hu\",\"potentialAction\":[{\"@type\":\"ReadAction\",\"target\":[\"https:\\\/\\\/szereczauto.hu\\\/webshop\\\/termek\\\/mzone-bukosisak-green-orange\\\/\"]}]},{\"@type\":\"ImageObject\",\"inLanguage\":\"hu\",\"@id\":\"https:\\\/\\\/szereczauto.hu\\\/webshop\\\/termek\\\/mzone-bukosisak-green-orange\\\/#primaryimage\",\"url\":\"https:\\\/\\\/szereczauto.hu\\\/webshop\\\/wp-content\\\/uploads\\\/2023\\\/02\\\/FlipUP-Green-Orange.jpg\",\"contentUrl\":\"https:\\\/\\\/szereczauto.hu\\\/webshop\\\/wp-content\\\/uploads\\\/2023\\\/02\\\/FlipUP-Green-Orange.jpg\",\"width\":800,\"height\":800},{\"@type\":\"BreadcrumbList\",\"@id\":\"https:\\\/\\\/szereczauto.hu\\\/webshop\\\/termek\\\/mzone-bukosisak-green-orange\\\/#breadcrumb\",\"itemListElement\":[{\"@type\":\"ListItem\",\"position\":1,\"name\":\"Home\",\"item\":\"https:\\\/\\\/szereczauto.hu\\\/webshop\\\/\"},{\"@type\":\"ListItem\",\"position\":2,\"name\":\"Term\u00e9keink\",\"item\":\"https:\\\/\\\/szereczauto.hu\\\/webshop\\\/shop\\\/\"},{\"@type\":\"ListItem\",\"position\":3,\"name\":\"Mzone buk\u00f3sisak\"}]},{\"@type\":\"WebSite\",\"@id\":\"https:\\\/\\\/szereczauto.hu\\\/webshop\\\/#website\",\"url\":\"https:\\\/\\\/szereczauto.hu\\\/webshop\\\/\",\"name\":\"Szerecz Aut\u00f3alkatr\u00e9sz Web\u00e1ruh\u00e1z\",\"description\":\"Szerecz Aut\u00f3 Kft. - Thule term\u00e9kek, aut\u00f3alkatr\u00e9szek web\u00e1ruh\u00e1za\",\"publisher\":{\"@id\":\"https:\\\/\\\/szereczauto.hu\\\/webshop\\\/#organization\"},\"potentialAction\":[{\"@type\":\"SearchAction\",\"target\":{\"@type\":\"EntryPoint\",\"urlTemplate\":\"https:\\\/\\\/szereczauto.hu\\\/webshop\\\/?s={search_term_string}\"},\"query-input\":{\"@type\":\"PropertyValueSpecification\",\"valueRequired\":true,\"valueName\":\"search_term_string\"}}],\"inLanguage\":\"hu\"},{\"@type\":\"Organization\",\"@id\":\"https:\\\/\\\/szereczauto.hu\\\/webshop\\\/#organization\",\"name\":\"Szerecz Aut\u00f3alkatr\u00e9sz Web\u00e1ruh\u00e1z\",\"url\":\"https:\\\/\\\/szereczauto.hu\\\/webshop\\\/\",\"logo\":{\"@type\":\"ImageObject\",\"inLanguage\":\"hu\",\"@id\":\"https:\\\/\\\/szereczauto.hu\\\/webshop\\\/#\\\/schema\\\/logo\\\/image\\\/\",\"url\":\"https:\\\/\\\/szereczauto.hu\\\/webshop\\\/wp-content\\\/uploads\\\/2018\\\/12\\\/Szerecz_fav_2018.png\",\"contentUrl\":\"https:\\\/\\\/szereczauto.hu\\\/webshop\\\/wp-content\\\/uploads\\\/2018\\\/12\\\/Szerecz_fav_2018.png\",\"width\":512,\"height\":512,\"caption\":\"Szerecz Aut\u00f3alkatr\u00e9sz Web\u00e1ruh\u00e1z\"},\"image\":{\"@id\":\"https:\\\/\\\/szereczauto.hu\\\/webshop\\\/#\\\/schema\\\/logo\\\/image\\\/\"},\"sameAs\":[\"https:\\\/\\\/www.facebook.com\\\/szereczauto\\\/\",\"https:\\\/\\\/www.youtube.com\\\/channel\\\/UCGA5LXUmL_i2xDxT2GNNEBQ\"]}]}<\/script>\n<!-- \/ Yoast SEO plugin. -->","yoast_head_json":{"title":"Mzone buk\u00f3sisak &#187; Szerecz Aut\u00f3alkatr\u00e9sz Web\u00e1ruh\u00e1z","robots":{"index":"index","follow":"follow","max-snippet":"max-snippet:-1","max-image-preview":"max-image-preview:large","max-video-preview":"max-video-preview:-1"},"canonical":"https:\/\/szereczauto.hu\/webshop\/termek\/mzone-bukosisak-green-orange\/","og_locale":"hu_HU","og_type":"article","og_title":"Mzone buk\u00f3sisak &#187; Szerecz Aut\u00f3alkatr\u00e9sz Web\u00e1ruh\u00e1z","og_description":"MZONE felnyithat\u00f3 motoros buk\u00f3sisak. Gyors z\u00e1ras \u00e1llsz\u00edj. Karc \u00e9s UV \u00e1ll\u00f3 plexi. Karc \u00e9s UV \u00e1ll\u00f3 ABS h\u00e9jszerkezet. K\u00f6nnyen kivehet\u0151 moshat\u00f3 b\u00e9l\u00e9s. Be\u00e9p\u00edtett, bels\u0151 napszem\u00fcveg. Szab\u00e1lyozhat\u00f3 szell\u0151z\u0151 ny\u00edl\u00e1sok. El\u00f6l als\u00f3 (rovarh\u00e1l\u00f3val v\u00e9dett), fels\u0151 bevezet\u0151 ny\u00edl\u00e1s. H\u00e1ts\u00f3 kivezet\u0151 ny\u00edl\u00e1s. A sisak t\u00e1rol\u00e1s\u00e1ra szolg\u00e1l\u00f3 zs\u00e1k, tartoz\u00e9k. EU enged\u00e9llyel rendelkezik. Sz\u00edne: z\u00f6ld-narancs","og_url":"https:\/\/szereczauto.hu\/webshop\/termek\/mzone-bukosisak-green-orange\/","og_site_name":"Szerecz Aut\u00f3alkatr\u00e9sz Web\u00e1ruh\u00e1z","article_publisher":"https:\/\/www.facebook.com\/szereczauto\/","article_modified_time":"2023-02-27T16:27:42+00:00","og_image":[{"width":800,"height":800,"url":"https:\/\/szereczauto.hu\/webshop\/wp-content\/uploads\/2023\/02\/FlipUP-Green-Orange.jpg","type":"image\/jpeg"}],"schema":{"@context":"https:\/\/schema.org","@graph":[{"@type":"WebPage","@id":"https:\/\/szereczauto.hu\/webshop\/termek\/mzone-bukosisak-green-orange\/","url":"https:\/\/szereczauto.hu\/webshop\/termek\/mzone-bukosisak-green-orange\/","name":"Mzone buk\u00f3sisak &#187; Szerecz Aut\u00f3alkatr\u00e9sz Web\u00e1ruh\u00e1z","isPartOf":{"@id":"https:\/\/szereczauto.hu\/webshop\/#website"},"primaryImageOfPage":{"@id":"https:\/\/szereczauto.hu\/webshop\/termek\/mzone-bukosisak-green-orange\/#primaryimage"},"image":{"@id":"https:\/\/szereczauto.hu\/webshop\/termek\/mzone-bukosisak-green-orange\/#primaryimage"},"thumbnailUrl":"https:\/\/szereczauto.hu\/webshop\/wp-content\/uploads\/2023\/02\/FlipUP-Green-Orange.jpg","datePublished":"2023-02-27T16:23:55+00:00","dateModified":"2023-02-27T16:27:42+00:00","breadcrumb":{"@id":"https:\/\/szereczauto.hu\/webshop\/termek\/mzone-bukosisak-green-orange\/#breadcrumb"},"inLanguage":"hu","potentialAction":[{"@type":"ReadAction","target":["https:\/\/szereczauto.hu\/webshop\/termek\/mzone-bukosisak-green-orange\/"]}]},{"@type":"ImageObject","inLanguage":"hu","@id":"https:\/\/szereczauto.hu\/webshop\/termek\/mzone-bukosisak-green-orange\/#primaryimage","url":"https:\/\/szereczauto.hu\/webshop\/wp-content\/uploads\/2023\/02\/FlipUP-Green-Orange.jpg","contentUrl":"https:\/\/szereczauto.hu\/webshop\/wp-content\/uploads\/2023\/02\/FlipUP-Green-Orange.jpg","width":800,"height":800},{"@type":"BreadcrumbList","@id":"https:\/\/szereczauto.hu\/webshop\/termek\/mzone-bukosisak-green-orange\/#breadcrumb","itemListElement":[{"@type":"ListItem","position":1,"name":"Home","item":"https:\/\/szereczauto.hu\/webshop\/"},{"@type":"ListItem","position":2,"name":"Term\u00e9keink","item":"https:\/\/szereczauto.hu\/webshop\/shop\/"},{"@type":"ListItem","position":3,"name":"Mzone buk\u00f3sisak"}]},{"@type":"WebSite","@id":"https:\/\/szereczauto.hu\/webshop\/#website","url":"https:\/\/szereczauto.hu\/webshop\/","name":"Szerecz Aut\u00f3alkatr\u00e9sz Web\u00e1ruh\u00e1z","description":"Szerecz Aut\u00f3 Kft. - Thule term\u00e9kek, aut\u00f3alkatr\u00e9szek web\u00e1ruh\u00e1za","publisher":{"@id":"https:\/\/szereczauto.hu\/webshop\/#organization"},"potentialAction":[{"@type":"SearchAction","target":{"@type":"EntryPoint","urlTemplate":"https:\/\/szereczauto.hu\/webshop\/?s={search_term_string}"},"query-input":{"@type":"PropertyValueSpecification","valueRequired":true,"valueName":"search_term_string"}}],"inLanguage":"hu"},{"@type":"Organization","@id":"https:\/\/szereczauto.hu\/webshop\/#organization","name":"Szerecz Aut\u00f3alkatr\u00e9sz Web\u00e1ruh\u00e1z","url":"https:\/\/szereczauto.hu\/webshop\/","logo":{"@type":"ImageObject","inLanguage":"hu","@id":"https:\/\/szereczauto.hu\/webshop\/#\/schema\/logo\/image\/","url":"https:\/\/szereczauto.hu\/webshop\/wp-content\/uploads\/2018\/12\/Szerecz_fav_2018.png","contentUrl":"https:\/\/szereczauto.hu\/webshop\/wp-content\/uploads\/2018\/12\/Szerecz_fav_2018.png","width":512,"height":512,"caption":"Szerecz Aut\u00f3alkatr\u00e9sz Web\u00e1ruh\u00e1z"},"image":{"@id":"https:\/\/szereczauto.hu\/webshop\/#\/schema\/logo\/image\/"},"sameAs":["https:\/\/www.facebook.com\/szereczauto\/","https:\/\/www.youtube.com\/channel\/UCGA5LXUmL_i2xDxT2GNNEBQ"]}]}},"_links":{"self":[{"href":"https:\/\/szereczauto.hu\/webshop\/wp-json\/wp\/v2\/product\/21833","targetHints":{"allow":["GET"]}}],"collection":[{"href":"https:\/\/szereczauto.hu\/webshop\/wp-json\/wp\/v2\/product"}],"about":[{"href":"https:\/\/szereczauto.hu\/webshop\/wp-json\/wp\/v2\/types\/product"}],"replies":[{"embeddable":true,"href":"https:\/\/szereczauto.hu\/webshop\/wp-json\/wp\/v2\/comments?post=21833"}],"wp:featuredmedia":[{"embeddable":true,"href":"https:\/\/szereczauto.hu\/webshop\/wp-json\/wp\/v2\/media\/21839"}],"wp:attachment":[{"href":"https:\/\/szereczauto.hu\/webshop\/wp-json\/wp\/v2\/media?parent=21833"}],"wp:term":[{"taxonomy":"product_brand","embeddable":true,"href":"https:\/\/szereczauto.hu\/webshop\/wp-json\/wp\/v2\/product_brand?post=21833"},{"taxonomy":"product_cat","embeddable":true,"href":"https:\/\/szereczauto.hu\/webshop\/wp-json\/wp\/v2\/product_cat?post=21833"},{"taxonomy":"product_tag","embeddable":true,"href":"https:\/\/szereczauto.hu\/webshop\/wp-json\/wp\/v2\/product_tag?post=21833"}],"curies":[{"name":"wp","href":"https:\/\/api.w.org\/{rel}","templated":true}]}}