{"id":21532,"date":"2022-04-12T20:04:59","date_gmt":"2022-04-12T18:04:59","guid":{"rendered":"https:\/\/szereczauto.hu\/webshop\/?post_type=product&#038;p=21532"},"modified":"2026-04-18T07:52:32","modified_gmt":"2026-04-18T05:52:32","slug":"polar-forester-noi-cross-49cm-pe282a25221l","status":"publish","type":"product","link":"https:\/\/szereczauto.hu\/webshop\/termek\/polar-forester-noi-cross-49cm-pe282a25221l\/","title":{"rendered":"Polar Forester n\u0151i Cross 49cm"},"content":{"rendered":"<p>Polar Forester Cross ker\u00e9kp\u00e1r. A trekking lecsupasz\u00edtott v\u00e1ltozata. Minden n\u00e9lk\u00fcl\u00f6zhet\u0151 alkatr\u00e9sz leker\u00fclt r\u00f3la, p\u00e9ld\u00e1ul s\u00e1rv\u00e9d\u0151, csomagtart\u00f3. \u00cdgy ink\u00e1bb hasonl\u00edt egy hegyiker\u00e9kp\u00e1rra, de meg\u0151rizte a 28-as kerekeit, ami miatt ez el\u0151bbin\u00e9l jobban haszn\u00e1lhat\u00f3 orsz\u00e1g\u00faton is.<\/p>\n<p>Tulajdons\u00e1gok:<\/p>\n<ul>\n<li>Alum\u00edniumb\u00f3l k\u00e9sz\u00fclt 490 mm (L) n\u0151i v\u00e1z.<\/li>\n<li>670 mm alum\u00ednium korm\u00e1ny.<\/li>\n<li>P. Lab Trekking \u00fcl\u00e9s.<\/li>\n<li>27.2x350mm ac\u00e9l nyeregcs\u0151.<\/li>\n<li>Zoom CH-141 700C, teleszk\u00f3pos els\u0151 villa.<\/li>\n<li>Alum\u00ednium hajt\u00f3m\u0171 42x32x24T.<\/li>\n<li>Shimano CS-HG200 12x32T fogaskoszur\u00fa.<\/li>\n<li>Thun Twist k\u00f6z\u00e9pr\u00e9sz.<\/li>\n<li>M\u0171anyag ped\u00e1l.<\/li>\n<li>V\u00e1lt\u00f3kar 3&#215;8 Shimano ST-TX800.<\/li>\n<li>Els\u0151 v\u00e1lt\u00f3 Shimano FD-TY700.<\/li>\n<li>H\u00e1ts\u00f3 v\u00e1lt\u00f3 Shimano RD-TX800.<\/li>\n<li>El\u00f6l-h\u00e1tul alum\u00ednium V-f\u00e9k.<\/li>\n<li>Ker\u00e9kagy Shimano TX500 36H.<\/li>\n<li>Dupla fal\u00fa Beretta felnik.<\/li>\n<li>Mitas 700x38C gumik\u00f6penyek.<\/li>\n<\/ul>\n<p>Sz\u00edne: sz\u00fcrke-vil\u00e1gosk\u00e9k<\/p>\n<p style=\"text-align: left;\"><span style=\"color: #000000;\"><strong>K\u00e9rd\u00e9se van, seg\u00edts\u00e9gre van sz\u00fcks\u00e9ge! &#8211;<\/strong><span style=\"color: #3366ff;\"><a style=\"color: #3366ff;\" href=\"http:\/\/szereczauto.hu\/kerdezzen\/\" target=\"_blank\" rel=\"noopener noreferrer\"><strong> Itt l\u00e9phet kapcsolatba vel\u00fcnk!<\/strong><\/a><\/span><\/span><\/p>\n","protected":false},"excerpt":{"rendered":"<p><strong>Ker\u00e9kp\u00e1rt \u00fczembe helyezve, szem\u00e9lyes \u00e1tv\u00e9tellel \u00e1rus\u00edtunk! Ne fizesse ki a term\u00e9ket, amig nem igazoljuk vissza a sz\u00e1ll\u00edt\u00e1st!<\/strong><\/p>\n<p>24 sebess\u00e9ges n\u0151i cross ker\u00e9kp\u00e1r, 49cm v\u00e1zm\u00e9rettel.<\/p>\n","protected":false},"featured_media":21529,"comment_status":"open","ping_status":"closed","template":"","meta":{"_et_pb_use_builder":"","_et_pb_old_content":"","_et_gb_content_width":"","wp_popup_display_lightbox":0,"wp_popup_suppress":"","wp_popup_trigger":"","wp_popup_trigger_amount":0,"wp_popup_disable_on_mobile":false},"product_brand":[],"product_cat":[165,392,255],"product_tag":[],"class_list":{"0":"post-21532","1":"product","2":"type-product","3":"status-publish","4":"has-post-thumbnail","6":"product_cat-akcios-termekek","7":"product_cat-cross-trekking-kerekpar","8":"product_cat-kerekparok","9":"product_shipping_class-tetobox","11":"first","12":"instock","13":"sale","14":"featured","15":"shipping-taxable","16":"purchasable","17":"product-type-simple"},"yoast_head":"<!-- This site is optimized with the Yoast SEO plugin v27.4 - https:\/\/yoast.com\/product\/yoast-seo-wordpress\/ -->\n<title>Polar Forester n\u0151i Cross 49cm &#187; Szerecz Aut\u00f3alkatr\u00e9sz Web\u00e1ruh\u00e1z<\/title>\n<meta name=\"robots\" content=\"index, follow, max-snippet:-1, max-image-preview:large, max-video-preview:-1\" \/>\n<link rel=\"canonical\" href=\"https:\/\/szereczauto.hu\/webshop\/termek\/polar-forester-noi-cross-49cm-pe282a25221l\/\" \/>\n<meta property=\"og:locale\" content=\"hu_HU\" \/>\n<meta property=\"og:type\" content=\"article\" \/>\n<meta property=\"og:title\" content=\"Polar Forester n\u0151i Cross 49cm &#187; Szerecz Aut\u00f3alkatr\u00e9sz Web\u00e1ruh\u00e1z\" \/>\n<meta property=\"og:description\" content=\"Ker\u00e9kp\u00e1rt \u00fczembe helyezve, szem\u00e9lyes \u00e1tv\u00e9tellel \u00e1rus\u00edtunk! Ne fizesse ki a term\u00e9ket, amig nem igazoljuk vissza a sz\u00e1ll\u00edt\u00e1st!  24 sebess\u00e9ges n\u0151i cross ker\u00e9kp\u00e1r, 49cm v\u00e1zm\u00e9rettel.\" \/>\n<meta property=\"og:url\" content=\"https:\/\/szereczauto.hu\/webshop\/termek\/polar-forester-noi-cross-49cm-pe282a25221l\/\" \/>\n<meta property=\"og:site_name\" content=\"Szerecz Aut\u00f3alkatr\u00e9sz Web\u00e1ruh\u00e1z\" \/>\n<meta property=\"article:publisher\" content=\"https:\/\/www.facebook.com\/szereczauto\/\" \/>\n<meta property=\"article:modified_time\" content=\"2026-04-18T05:52:32+00:00\" \/>\n<meta property=\"og:image\" content=\"https:\/\/szereczauto.hu\/webshop\/wp-content\/uploads\/2022\/04\/Forester-Comp-noi-szurke-vilagoskek.jpg\" \/>\n\t<meta property=\"og:image:width\" content=\"800\" \/>\n\t<meta property=\"og:image:height\" content=\"800\" \/>\n\t<meta property=\"og:image:type\" content=\"image\/jpeg\" \/>\n<script type=\"application\/ld+json\" class=\"yoast-schema-graph\">{\"@context\":\"https:\\\/\\\/schema.org\",\"@graph\":[{\"@type\":\"WebPage\",\"@id\":\"https:\\\/\\\/szereczauto.hu\\\/webshop\\\/termek\\\/polar-forester-noi-cross-49cm-pe282a25221l\\\/\",\"url\":\"https:\\\/\\\/szereczauto.hu\\\/webshop\\\/termek\\\/polar-forester-noi-cross-49cm-pe282a25221l\\\/\",\"name\":\"Polar Forester n\u0151i Cross 49cm &#187; Szerecz Aut\u00f3alkatr\u00e9sz Web\u00e1ruh\u00e1z\",\"isPartOf\":{\"@id\":\"https:\\\/\\\/szereczauto.hu\\\/webshop\\\/#website\"},\"primaryImageOfPage\":{\"@id\":\"https:\\\/\\\/szereczauto.hu\\\/webshop\\\/termek\\\/polar-forester-noi-cross-49cm-pe282a25221l\\\/#primaryimage\"},\"image\":{\"@id\":\"https:\\\/\\\/szereczauto.hu\\\/webshop\\\/termek\\\/polar-forester-noi-cross-49cm-pe282a25221l\\\/#primaryimage\"},\"thumbnailUrl\":\"https:\\\/\\\/szereczauto.hu\\\/webshop\\\/wp-content\\\/uploads\\\/2022\\\/04\\\/Forester-Comp-noi-szurke-vilagoskek.jpg\",\"datePublished\":\"2022-04-12T18:04:59+00:00\",\"dateModified\":\"2026-04-18T05:52:32+00:00\",\"breadcrumb\":{\"@id\":\"https:\\\/\\\/szereczauto.hu\\\/webshop\\\/termek\\\/polar-forester-noi-cross-49cm-pe282a25221l\\\/#breadcrumb\"},\"inLanguage\":\"hu\",\"potentialAction\":[{\"@type\":\"ReadAction\",\"target\":[\"https:\\\/\\\/szereczauto.hu\\\/webshop\\\/termek\\\/polar-forester-noi-cross-49cm-pe282a25221l\\\/\"]}]},{\"@type\":\"ImageObject\",\"inLanguage\":\"hu\",\"@id\":\"https:\\\/\\\/szereczauto.hu\\\/webshop\\\/termek\\\/polar-forester-noi-cross-49cm-pe282a25221l\\\/#primaryimage\",\"url\":\"https:\\\/\\\/szereczauto.hu\\\/webshop\\\/wp-content\\\/uploads\\\/2022\\\/04\\\/Forester-Comp-noi-szurke-vilagoskek.jpg\",\"contentUrl\":\"https:\\\/\\\/szereczauto.hu\\\/webshop\\\/wp-content\\\/uploads\\\/2022\\\/04\\\/Forester-Comp-noi-szurke-vilagoskek.jpg\",\"width\":800,\"height\":800},{\"@type\":\"BreadcrumbList\",\"@id\":\"https:\\\/\\\/szereczauto.hu\\\/webshop\\\/termek\\\/polar-forester-noi-cross-49cm-pe282a25221l\\\/#breadcrumb\",\"itemListElement\":[{\"@type\":\"ListItem\",\"position\":1,\"name\":\"Home\",\"item\":\"https:\\\/\\\/szereczauto.hu\\\/webshop\\\/\"},{\"@type\":\"ListItem\",\"position\":2,\"name\":\"Term\u00e9keink\",\"item\":\"https:\\\/\\\/szereczauto.hu\\\/webshop\\\/shop\\\/\"},{\"@type\":\"ListItem\",\"position\":3,\"name\":\"Polar Forester n\u0151i Cross 49cm\"}]},{\"@type\":\"WebSite\",\"@id\":\"https:\\\/\\\/szereczauto.hu\\\/webshop\\\/#website\",\"url\":\"https:\\\/\\\/szereczauto.hu\\\/webshop\\\/\",\"name\":\"Szerecz Aut\u00f3alkatr\u00e9sz Web\u00e1ruh\u00e1z\",\"description\":\"Szerecz Aut\u00f3 Kft. - Thule term\u00e9kek, aut\u00f3alkatr\u00e9szek web\u00e1ruh\u00e1za\",\"publisher\":{\"@id\":\"https:\\\/\\\/szereczauto.hu\\\/webshop\\\/#organization\"},\"potentialAction\":[{\"@type\":\"SearchAction\",\"target\":{\"@type\":\"EntryPoint\",\"urlTemplate\":\"https:\\\/\\\/szereczauto.hu\\\/webshop\\\/?s={search_term_string}\"},\"query-input\":{\"@type\":\"PropertyValueSpecification\",\"valueRequired\":true,\"valueName\":\"search_term_string\"}}],\"inLanguage\":\"hu\"},{\"@type\":\"Organization\",\"@id\":\"https:\\\/\\\/szereczauto.hu\\\/webshop\\\/#organization\",\"name\":\"Szerecz Aut\u00f3alkatr\u00e9sz Web\u00e1ruh\u00e1z\",\"url\":\"https:\\\/\\\/szereczauto.hu\\\/webshop\\\/\",\"logo\":{\"@type\":\"ImageObject\",\"inLanguage\":\"hu\",\"@id\":\"https:\\\/\\\/szereczauto.hu\\\/webshop\\\/#\\\/schema\\\/logo\\\/image\\\/\",\"url\":\"https:\\\/\\\/szereczauto.hu\\\/webshop\\\/wp-content\\\/uploads\\\/2018\\\/12\\\/Szerecz_fav_2018.png\",\"contentUrl\":\"https:\\\/\\\/szereczauto.hu\\\/webshop\\\/wp-content\\\/uploads\\\/2018\\\/12\\\/Szerecz_fav_2018.png\",\"width\":512,\"height\":512,\"caption\":\"Szerecz Aut\u00f3alkatr\u00e9sz Web\u00e1ruh\u00e1z\"},\"image\":{\"@id\":\"https:\\\/\\\/szereczauto.hu\\\/webshop\\\/#\\\/schema\\\/logo\\\/image\\\/\"},\"sameAs\":[\"https:\\\/\\\/www.facebook.com\\\/szereczauto\\\/\",\"https:\\\/\\\/www.youtube.com\\\/channel\\\/UCGA5LXUmL_i2xDxT2GNNEBQ\"]}]}<\/script>\n<!-- \/ Yoast SEO plugin. -->","yoast_head_json":{"title":"Polar Forester n\u0151i Cross 49cm &#187; Szerecz Aut\u00f3alkatr\u00e9sz Web\u00e1ruh\u00e1z","robots":{"index":"index","follow":"follow","max-snippet":"max-snippet:-1","max-image-preview":"max-image-preview:large","max-video-preview":"max-video-preview:-1"},"canonical":"https:\/\/szereczauto.hu\/webshop\/termek\/polar-forester-noi-cross-49cm-pe282a25221l\/","og_locale":"hu_HU","og_type":"article","og_title":"Polar Forester n\u0151i Cross 49cm &#187; Szerecz Aut\u00f3alkatr\u00e9sz Web\u00e1ruh\u00e1z","og_description":"Ker\u00e9kp\u00e1rt \u00fczembe helyezve, szem\u00e9lyes \u00e1tv\u00e9tellel \u00e1rus\u00edtunk! Ne fizesse ki a term\u00e9ket, amig nem igazoljuk vissza a sz\u00e1ll\u00edt\u00e1st!  24 sebess\u00e9ges n\u0151i cross ker\u00e9kp\u00e1r, 49cm v\u00e1zm\u00e9rettel.","og_url":"https:\/\/szereczauto.hu\/webshop\/termek\/polar-forester-noi-cross-49cm-pe282a25221l\/","og_site_name":"Szerecz Aut\u00f3alkatr\u00e9sz Web\u00e1ruh\u00e1z","article_publisher":"https:\/\/www.facebook.com\/szereczauto\/","article_modified_time":"2026-04-18T05:52:32+00:00","og_image":[{"width":800,"height":800,"url":"https:\/\/szereczauto.hu\/webshop\/wp-content\/uploads\/2022\/04\/Forester-Comp-noi-szurke-vilagoskek.jpg","type":"image\/jpeg"}],"schema":{"@context":"https:\/\/schema.org","@graph":[{"@type":"WebPage","@id":"https:\/\/szereczauto.hu\/webshop\/termek\/polar-forester-noi-cross-49cm-pe282a25221l\/","url":"https:\/\/szereczauto.hu\/webshop\/termek\/polar-forester-noi-cross-49cm-pe282a25221l\/","name":"Polar Forester n\u0151i Cross 49cm &#187; Szerecz Aut\u00f3alkatr\u00e9sz Web\u00e1ruh\u00e1z","isPartOf":{"@id":"https:\/\/szereczauto.hu\/webshop\/#website"},"primaryImageOfPage":{"@id":"https:\/\/szereczauto.hu\/webshop\/termek\/polar-forester-noi-cross-49cm-pe282a25221l\/#primaryimage"},"image":{"@id":"https:\/\/szereczauto.hu\/webshop\/termek\/polar-forester-noi-cross-49cm-pe282a25221l\/#primaryimage"},"thumbnailUrl":"https:\/\/szereczauto.hu\/webshop\/wp-content\/uploads\/2022\/04\/Forester-Comp-noi-szurke-vilagoskek.jpg","datePublished":"2022-04-12T18:04:59+00:00","dateModified":"2026-04-18T05:52:32+00:00","breadcrumb":{"@id":"https:\/\/szereczauto.hu\/webshop\/termek\/polar-forester-noi-cross-49cm-pe282a25221l\/#breadcrumb"},"inLanguage":"hu","potentialAction":[{"@type":"ReadAction","target":["https:\/\/szereczauto.hu\/webshop\/termek\/polar-forester-noi-cross-49cm-pe282a25221l\/"]}]},{"@type":"ImageObject","inLanguage":"hu","@id":"https:\/\/szereczauto.hu\/webshop\/termek\/polar-forester-noi-cross-49cm-pe282a25221l\/#primaryimage","url":"https:\/\/szereczauto.hu\/webshop\/wp-content\/uploads\/2022\/04\/Forester-Comp-noi-szurke-vilagoskek.jpg","contentUrl":"https:\/\/szereczauto.hu\/webshop\/wp-content\/uploads\/2022\/04\/Forester-Comp-noi-szurke-vilagoskek.jpg","width":800,"height":800},{"@type":"BreadcrumbList","@id":"https:\/\/szereczauto.hu\/webshop\/termek\/polar-forester-noi-cross-49cm-pe282a25221l\/#breadcrumb","itemListElement":[{"@type":"ListItem","position":1,"name":"Home","item":"https:\/\/szereczauto.hu\/webshop\/"},{"@type":"ListItem","position":2,"name":"Term\u00e9keink","item":"https:\/\/szereczauto.hu\/webshop\/shop\/"},{"@type":"ListItem","position":3,"name":"Polar Forester n\u0151i Cross 49cm"}]},{"@type":"WebSite","@id":"https:\/\/szereczauto.hu\/webshop\/#website","url":"https:\/\/szereczauto.hu\/webshop\/","name":"Szerecz Aut\u00f3alkatr\u00e9sz Web\u00e1ruh\u00e1z","description":"Szerecz Aut\u00f3 Kft. - Thule term\u00e9kek, aut\u00f3alkatr\u00e9szek web\u00e1ruh\u00e1za","publisher":{"@id":"https:\/\/szereczauto.hu\/webshop\/#organization"},"potentialAction":[{"@type":"SearchAction","target":{"@type":"EntryPoint","urlTemplate":"https:\/\/szereczauto.hu\/webshop\/?s={search_term_string}"},"query-input":{"@type":"PropertyValueSpecification","valueRequired":true,"valueName":"search_term_string"}}],"inLanguage":"hu"},{"@type":"Organization","@id":"https:\/\/szereczauto.hu\/webshop\/#organization","name":"Szerecz Aut\u00f3alkatr\u00e9sz Web\u00e1ruh\u00e1z","url":"https:\/\/szereczauto.hu\/webshop\/","logo":{"@type":"ImageObject","inLanguage":"hu","@id":"https:\/\/szereczauto.hu\/webshop\/#\/schema\/logo\/image\/","url":"https:\/\/szereczauto.hu\/webshop\/wp-content\/uploads\/2018\/12\/Szerecz_fav_2018.png","contentUrl":"https:\/\/szereczauto.hu\/webshop\/wp-content\/uploads\/2018\/12\/Szerecz_fav_2018.png","width":512,"height":512,"caption":"Szerecz Aut\u00f3alkatr\u00e9sz Web\u00e1ruh\u00e1z"},"image":{"@id":"https:\/\/szereczauto.hu\/webshop\/#\/schema\/logo\/image\/"},"sameAs":["https:\/\/www.facebook.com\/szereczauto\/","https:\/\/www.youtube.com\/channel\/UCGA5LXUmL_i2xDxT2GNNEBQ"]}]}},"_links":{"self":[{"href":"https:\/\/szereczauto.hu\/webshop\/wp-json\/wp\/v2\/product\/21532","targetHints":{"allow":["GET"]}}],"collection":[{"href":"https:\/\/szereczauto.hu\/webshop\/wp-json\/wp\/v2\/product"}],"about":[{"href":"https:\/\/szereczauto.hu\/webshop\/wp-json\/wp\/v2\/types\/product"}],"replies":[{"embeddable":true,"href":"https:\/\/szereczauto.hu\/webshop\/wp-json\/wp\/v2\/comments?post=21532"}],"wp:featuredmedia":[{"embeddable":true,"href":"https:\/\/szereczauto.hu\/webshop\/wp-json\/wp\/v2\/media\/21529"}],"wp:attachment":[{"href":"https:\/\/szereczauto.hu\/webshop\/wp-json\/wp\/v2\/media?parent=21532"}],"wp:term":[{"taxonomy":"product_brand","embeddable":true,"href":"https:\/\/szereczauto.hu\/webshop\/wp-json\/wp\/v2\/product_brand?post=21532"},{"taxonomy":"product_cat","embeddable":true,"href":"https:\/\/szereczauto.hu\/webshop\/wp-json\/wp\/v2\/product_cat?post=21532"},{"taxonomy":"product_tag","embeddable":true,"href":"https:\/\/szereczauto.hu\/webshop\/wp-json\/wp\/v2\/product_tag?post=21532"}],"curies":[{"name":"wp","href":"https:\/\/api.w.org\/{rel}","templated":true}]}}