{"id":21440,"date":"2022-04-09T16:37:10","date_gmt":"2022-04-09T14:37:10","guid":{"rendered":"https:\/\/szereczauto.hu\/webshop\/?post_type=product&#038;p=21440"},"modified":"2026-02-08T11:22:00","modified_gmt":"2026-02-08T09:22:00","slug":"neuzer-belluno-noi-e-trekking","status":"publish","type":"product","link":"https:\/\/szereczauto.hu\/webshop\/termek\/neuzer-belluno-noi-e-trekking\/","title":{"rendered":"Neuzer Belluno n\u0151i E-trekking"},"content":{"rendered":"<p>Neuzer Belluno. K\u00f6z\u00e9pmotoros, nyomat\u00e9kszenzoros E-trekking ker\u00e9kp\u00e1r. <span dir=\"ltr\" role=\"presentation\">B\u00e1r az elektromos r\u00e1seg\u00edt\u00e9s\u0171 ker\u00e9kp\u00e1rok\u00a0 t\u00e9rh\u00f3d\u00edt\u00e1sa a v\u00e1rosi bring\u00e1kt\u00f3l <\/span><span dir=\"ltr\" role=\"presentation\">indult, m\u00e1ra sokan szabadidej\u00fck elt\u00f6lt\u00e9s\u00e9re ke<\/span><span dir=\"ltr\" role=\"presentation\">resnek ilyen g\u00e9peket, ez\u00e9rt nem meglep\u0151, hogy a <\/span><span dir=\"ltr\" role=\"presentation\">trekking bring\u00e1kon is h\u00f3d\u00edt az elektromos r\u00e1seg\u00edt\u00e9s. A nyomat\u00e9kszenzoros, k\u00f6z\u00e9p motoros ker\u00e9kp\u00e1rokat sportol\u00e1sra, t\u00far\u00e1z\u00e1sra aj\u00e1nljuk. Indul\u00e1skor azonnal rendelkez\u00e9s\u00fcnkre \u00e1ll ak\u00e1r a maxim\u00e1lis nyomat\u00e9k. Kiv\u00e1l\u00f3an gyorsul, \u00e9s min\u00e9l er\u0151sebben teker\u00fcnk, ann\u00e1l nagyobb a r\u00e1seg\u00edt\u00e9s m\u00e9rt\u00e9ke.<\/span><\/p>\n<p>Tulajdons\u00e1gok:<\/p>\n<ul>\n<li>17 vagy 19\u201d alum\u00ednium v\u00e1z.<\/li>\n<li>Suntour NEX-DS-HLO teleszk\u00f3pos els\u0151 villa.<\/li>\n<li>El\u00f6l-h\u00e1tul Shimano hidraulikus t\u00e1rcsaf\u00e9k.<\/li>\n<li>Bafang alum\u00ednium hajt\u00f3m\u0171 (170mm).<\/li>\n<li>Kilenc sebess\u00e9ges Shimano Alivio v\u00e1lt\u00f3.<\/li>\n<li>Shimano Alivio kilenc sebess\u00e9ges v\u00e1lt\u00f3kar.<\/li>\n<li>Els\u0151-h\u00e1ts\u00f3 Shimano TX505 agy.<\/li>\n<li>28\u201d duplafal\u00fa Remerx Better felnik.<\/li>\n<li>Chaoyang H481 E-liner 700x38C gumik\u00f6penyek.<\/li>\n<li>250 W-os Bafang M400 k\u00f6z\u00e9pmotor.<\/li>\n<li>Bafang LCD. kijelz\u0151.<\/li>\n<li>Korm\u00e1nyr\u00f3l vez\u00e9relhet\u0151, 3-7 fokozat\u00fa, nyomat\u00e9kszenzoros r\u00e1seg\u00edt\u00e9s.<\/li>\n<li>V\u00e1zba integr\u00e1lt 36V 18,2 Ah akkumul\u00e1tor.<\/li>\n<li>Hat\u00f3 t\u00e1vols\u00e1g norm\u00e1l k\u00f6r\u00fclm\u00e9nyek k\u00f6z\u00f6tt 100-110km.<\/li>\n<li>T\u00f6mege 28,1 kg.<\/li>\n<\/ul>\n<p style=\"text-align: left;\"><span style=\"color: #000000;\"><strong>K\u00e9rd\u00e9se van, seg\u00edts\u00e9gre van sz\u00fcks\u00e9ge! &#8211;<\/strong><span style=\"color: #3366ff;\"><a style=\"color: #3366ff;\" href=\"http:\/\/szereczauto.hu\/kerdezzen\/\" target=\"_blank\" rel=\"noopener noreferrer\"><strong> Itt l\u00e9phet kapcsolatba vel\u00fcnk!<\/strong><\/a><\/span><\/span><\/p>\n","protected":false},"excerpt":{"rendered":"<p><strong>A term\u00e9k t\u00f6bb sz\u00ednben \u00e9s m\u00e9retben v\u00e1laszthat\u00f3. Rendel\u00e9s eset\u00e9n ne fizessen el\u0151re, a ker\u00e9kp\u00e1r \u00e1r\u00e1t csak egyeztet\u00e9s ut\u00e1n rendezze.<\/strong><\/p>\n","protected":false},"featured_media":21438,"comment_status":"open","ping_status":"closed","template":"","meta":{"_et_pb_use_builder":"","_et_pb_old_content":"","_et_gb_content_width":"","wp_popup_display_lightbox":0,"wp_popup_suppress":"","wp_popup_trigger":"","wp_popup_trigger_amount":0,"wp_popup_disable_on_mobile":false},"product_brand":[],"product_cat":[248,329],"product_tag":[],"class_list":{"0":"post-21440","1":"product","2":"type-product","3":"status-publish","4":"has-post-thumbnail","6":"product_cat-elektromos-kerekpar","7":"product_cat-neuzer-e-kerekparok","8":"product_shipping_class-tetobox","10":"first","11":"instock","12":"featured","13":"shipping-taxable","14":"purchasable","15":"product-type-variable"},"yoast_head":"<!-- This site is optimized with the Yoast SEO plugin v27.3 - https:\/\/yoast.com\/product\/yoast-seo-wordpress\/ -->\n<title>Neuzer Belluno n\u0151i E-trekking &#187; Szerecz Aut\u00f3alkatr\u00e9sz Web\u00e1ruh\u00e1z<\/title>\n<meta name=\"robots\" content=\"index, follow, max-snippet:-1, max-image-preview:large, max-video-preview:-1\" \/>\n<link rel=\"canonical\" href=\"https:\/\/szereczauto.hu\/webshop\/termek\/neuzer-belluno-noi-e-trekking\/\" \/>\n<meta property=\"og:locale\" content=\"hu_HU\" \/>\n<meta property=\"og:type\" content=\"article\" \/>\n<meta property=\"og:title\" content=\"Neuzer Belluno n\u0151i E-trekking &#187; Szerecz Aut\u00f3alkatr\u00e9sz Web\u00e1ruh\u00e1z\" \/>\n<meta property=\"og:description\" content=\"A term\u00e9k t\u00f6bb sz\u00ednben \u00e9s m\u00e9retben v\u00e1laszthat\u00f3. Rendel\u00e9s eset\u00e9n ne fizessen el\u0151re, a ker\u00e9kp\u00e1r \u00e1r\u00e1t csak egyeztet\u00e9s ut\u00e1n rendezze.\" \/>\n<meta property=\"og:url\" content=\"https:\/\/szereczauto.hu\/webshop\/termek\/neuzer-belluno-noi-e-trekking\/\" \/>\n<meta property=\"og:site_name\" content=\"Szerecz Aut\u00f3alkatr\u00e9sz Web\u00e1ruh\u00e1z\" \/>\n<meta property=\"article:publisher\" content=\"https:\/\/www.facebook.com\/szereczauto\/\" \/>\n<meta property=\"article:modified_time\" content=\"2026-02-08T09:22:00+00:00\" \/>\n<meta property=\"og:image\" content=\"https:\/\/szereczauto.hu\/webshop\/wp-content\/uploads\/2022\/04\/Neuzer-Belluno-noi.jpg\" \/>\n\t<meta property=\"og:image:width\" content=\"800\" \/>\n\t<meta property=\"og:image:height\" content=\"800\" \/>\n\t<meta property=\"og:image:type\" content=\"image\/jpeg\" \/>\n<script type=\"application\/ld+json\" class=\"yoast-schema-graph\">{\"@context\":\"https:\\\/\\\/schema.org\",\"@graph\":[{\"@type\":\"WebPage\",\"@id\":\"https:\\\/\\\/szereczauto.hu\\\/webshop\\\/termek\\\/neuzer-belluno-noi-e-trekking\\\/\",\"url\":\"https:\\\/\\\/szereczauto.hu\\\/webshop\\\/termek\\\/neuzer-belluno-noi-e-trekking\\\/\",\"name\":\"Neuzer Belluno n\u0151i E-trekking &#187; Szerecz Aut\u00f3alkatr\u00e9sz Web\u00e1ruh\u00e1z\",\"isPartOf\":{\"@id\":\"https:\\\/\\\/szereczauto.hu\\\/webshop\\\/#website\"},\"primaryImageOfPage\":{\"@id\":\"https:\\\/\\\/szereczauto.hu\\\/webshop\\\/termek\\\/neuzer-belluno-noi-e-trekking\\\/#primaryimage\"},\"image\":{\"@id\":\"https:\\\/\\\/szereczauto.hu\\\/webshop\\\/termek\\\/neuzer-belluno-noi-e-trekking\\\/#primaryimage\"},\"thumbnailUrl\":\"https:\\\/\\\/szereczauto.hu\\\/webshop\\\/wp-content\\\/uploads\\\/2022\\\/04\\\/Neuzer-Belluno-noi.jpg\",\"datePublished\":\"2022-04-09T14:37:10+00:00\",\"dateModified\":\"2026-02-08T09:22:00+00:00\",\"breadcrumb\":{\"@id\":\"https:\\\/\\\/szereczauto.hu\\\/webshop\\\/termek\\\/neuzer-belluno-noi-e-trekking\\\/#breadcrumb\"},\"inLanguage\":\"hu\",\"potentialAction\":[{\"@type\":\"ReadAction\",\"target\":[\"https:\\\/\\\/szereczauto.hu\\\/webshop\\\/termek\\\/neuzer-belluno-noi-e-trekking\\\/\"]}]},{\"@type\":\"ImageObject\",\"inLanguage\":\"hu\",\"@id\":\"https:\\\/\\\/szereczauto.hu\\\/webshop\\\/termek\\\/neuzer-belluno-noi-e-trekking\\\/#primaryimage\",\"url\":\"https:\\\/\\\/szereczauto.hu\\\/webshop\\\/wp-content\\\/uploads\\\/2022\\\/04\\\/Neuzer-Belluno-noi.jpg\",\"contentUrl\":\"https:\\\/\\\/szereczauto.hu\\\/webshop\\\/wp-content\\\/uploads\\\/2022\\\/04\\\/Neuzer-Belluno-noi.jpg\",\"width\":800,\"height\":800},{\"@type\":\"BreadcrumbList\",\"@id\":\"https:\\\/\\\/szereczauto.hu\\\/webshop\\\/termek\\\/neuzer-belluno-noi-e-trekking\\\/#breadcrumb\",\"itemListElement\":[{\"@type\":\"ListItem\",\"position\":1,\"name\":\"Home\",\"item\":\"https:\\\/\\\/szereczauto.hu\\\/webshop\\\/\"},{\"@type\":\"ListItem\",\"position\":2,\"name\":\"Term\u00e9keink\",\"item\":\"https:\\\/\\\/szereczauto.hu\\\/webshop\\\/shop\\\/\"},{\"@type\":\"ListItem\",\"position\":3,\"name\":\"Neuzer Belluno n\u0151i E-trekking\"}]},{\"@type\":\"WebSite\",\"@id\":\"https:\\\/\\\/szereczauto.hu\\\/webshop\\\/#website\",\"url\":\"https:\\\/\\\/szereczauto.hu\\\/webshop\\\/\",\"name\":\"Szerecz Aut\u00f3alkatr\u00e9sz Web\u00e1ruh\u00e1z\",\"description\":\"Szerecz Aut\u00f3 Kft. - Thule term\u00e9kek, aut\u00f3alkatr\u00e9szek web\u00e1ruh\u00e1za\",\"publisher\":{\"@id\":\"https:\\\/\\\/szereczauto.hu\\\/webshop\\\/#organization\"},\"potentialAction\":[{\"@type\":\"SearchAction\",\"target\":{\"@type\":\"EntryPoint\",\"urlTemplate\":\"https:\\\/\\\/szereczauto.hu\\\/webshop\\\/?s={search_term_string}\"},\"query-input\":{\"@type\":\"PropertyValueSpecification\",\"valueRequired\":true,\"valueName\":\"search_term_string\"}}],\"inLanguage\":\"hu\"},{\"@type\":\"Organization\",\"@id\":\"https:\\\/\\\/szereczauto.hu\\\/webshop\\\/#organization\",\"name\":\"Szerecz Aut\u00f3alkatr\u00e9sz Web\u00e1ruh\u00e1z\",\"url\":\"https:\\\/\\\/szereczauto.hu\\\/webshop\\\/\",\"logo\":{\"@type\":\"ImageObject\",\"inLanguage\":\"hu\",\"@id\":\"https:\\\/\\\/szereczauto.hu\\\/webshop\\\/#\\\/schema\\\/logo\\\/image\\\/\",\"url\":\"https:\\\/\\\/szereczauto.hu\\\/webshop\\\/wp-content\\\/uploads\\\/2018\\\/12\\\/Szerecz_fav_2018.png\",\"contentUrl\":\"https:\\\/\\\/szereczauto.hu\\\/webshop\\\/wp-content\\\/uploads\\\/2018\\\/12\\\/Szerecz_fav_2018.png\",\"width\":512,\"height\":512,\"caption\":\"Szerecz Aut\u00f3alkatr\u00e9sz Web\u00e1ruh\u00e1z\"},\"image\":{\"@id\":\"https:\\\/\\\/szereczauto.hu\\\/webshop\\\/#\\\/schema\\\/logo\\\/image\\\/\"},\"sameAs\":[\"https:\\\/\\\/www.facebook.com\\\/szereczauto\\\/\",\"https:\\\/\\\/www.youtube.com\\\/channel\\\/UCGA5LXUmL_i2xDxT2GNNEBQ\"]}]}<\/script>\n<!-- \/ Yoast SEO plugin. -->","yoast_head_json":{"title":"Neuzer Belluno n\u0151i E-trekking &#187; Szerecz Aut\u00f3alkatr\u00e9sz Web\u00e1ruh\u00e1z","robots":{"index":"index","follow":"follow","max-snippet":"max-snippet:-1","max-image-preview":"max-image-preview:large","max-video-preview":"max-video-preview:-1"},"canonical":"https:\/\/szereczauto.hu\/webshop\/termek\/neuzer-belluno-noi-e-trekking\/","og_locale":"hu_HU","og_type":"article","og_title":"Neuzer Belluno n\u0151i E-trekking &#187; Szerecz Aut\u00f3alkatr\u00e9sz Web\u00e1ruh\u00e1z","og_description":"A term\u00e9k t\u00f6bb sz\u00ednben \u00e9s m\u00e9retben v\u00e1laszthat\u00f3. Rendel\u00e9s eset\u00e9n ne fizessen el\u0151re, a ker\u00e9kp\u00e1r \u00e1r\u00e1t csak egyeztet\u00e9s ut\u00e1n rendezze.","og_url":"https:\/\/szereczauto.hu\/webshop\/termek\/neuzer-belluno-noi-e-trekking\/","og_site_name":"Szerecz Aut\u00f3alkatr\u00e9sz Web\u00e1ruh\u00e1z","article_publisher":"https:\/\/www.facebook.com\/szereczauto\/","article_modified_time":"2026-02-08T09:22:00+00:00","og_image":[{"width":800,"height":800,"url":"https:\/\/szereczauto.hu\/webshop\/wp-content\/uploads\/2022\/04\/Neuzer-Belluno-noi.jpg","type":"image\/jpeg"}],"schema":{"@context":"https:\/\/schema.org","@graph":[{"@type":"WebPage","@id":"https:\/\/szereczauto.hu\/webshop\/termek\/neuzer-belluno-noi-e-trekking\/","url":"https:\/\/szereczauto.hu\/webshop\/termek\/neuzer-belluno-noi-e-trekking\/","name":"Neuzer Belluno n\u0151i E-trekking &#187; Szerecz Aut\u00f3alkatr\u00e9sz Web\u00e1ruh\u00e1z","isPartOf":{"@id":"https:\/\/szereczauto.hu\/webshop\/#website"},"primaryImageOfPage":{"@id":"https:\/\/szereczauto.hu\/webshop\/termek\/neuzer-belluno-noi-e-trekking\/#primaryimage"},"image":{"@id":"https:\/\/szereczauto.hu\/webshop\/termek\/neuzer-belluno-noi-e-trekking\/#primaryimage"},"thumbnailUrl":"https:\/\/szereczauto.hu\/webshop\/wp-content\/uploads\/2022\/04\/Neuzer-Belluno-noi.jpg","datePublished":"2022-04-09T14:37:10+00:00","dateModified":"2026-02-08T09:22:00+00:00","breadcrumb":{"@id":"https:\/\/szereczauto.hu\/webshop\/termek\/neuzer-belluno-noi-e-trekking\/#breadcrumb"},"inLanguage":"hu","potentialAction":[{"@type":"ReadAction","target":["https:\/\/szereczauto.hu\/webshop\/termek\/neuzer-belluno-noi-e-trekking\/"]}]},{"@type":"ImageObject","inLanguage":"hu","@id":"https:\/\/szereczauto.hu\/webshop\/termek\/neuzer-belluno-noi-e-trekking\/#primaryimage","url":"https:\/\/szereczauto.hu\/webshop\/wp-content\/uploads\/2022\/04\/Neuzer-Belluno-noi.jpg","contentUrl":"https:\/\/szereczauto.hu\/webshop\/wp-content\/uploads\/2022\/04\/Neuzer-Belluno-noi.jpg","width":800,"height":800},{"@type":"BreadcrumbList","@id":"https:\/\/szereczauto.hu\/webshop\/termek\/neuzer-belluno-noi-e-trekking\/#breadcrumb","itemListElement":[{"@type":"ListItem","position":1,"name":"Home","item":"https:\/\/szereczauto.hu\/webshop\/"},{"@type":"ListItem","position":2,"name":"Term\u00e9keink","item":"https:\/\/szereczauto.hu\/webshop\/shop\/"},{"@type":"ListItem","position":3,"name":"Neuzer Belluno n\u0151i E-trekking"}]},{"@type":"WebSite","@id":"https:\/\/szereczauto.hu\/webshop\/#website","url":"https:\/\/szereczauto.hu\/webshop\/","name":"Szerecz Aut\u00f3alkatr\u00e9sz Web\u00e1ruh\u00e1z","description":"Szerecz Aut\u00f3 Kft. - Thule term\u00e9kek, aut\u00f3alkatr\u00e9szek web\u00e1ruh\u00e1za","publisher":{"@id":"https:\/\/szereczauto.hu\/webshop\/#organization"},"potentialAction":[{"@type":"SearchAction","target":{"@type":"EntryPoint","urlTemplate":"https:\/\/szereczauto.hu\/webshop\/?s={search_term_string}"},"query-input":{"@type":"PropertyValueSpecification","valueRequired":true,"valueName":"search_term_string"}}],"inLanguage":"hu"},{"@type":"Organization","@id":"https:\/\/szereczauto.hu\/webshop\/#organization","name":"Szerecz Aut\u00f3alkatr\u00e9sz Web\u00e1ruh\u00e1z","url":"https:\/\/szereczauto.hu\/webshop\/","logo":{"@type":"ImageObject","inLanguage":"hu","@id":"https:\/\/szereczauto.hu\/webshop\/#\/schema\/logo\/image\/","url":"https:\/\/szereczauto.hu\/webshop\/wp-content\/uploads\/2018\/12\/Szerecz_fav_2018.png","contentUrl":"https:\/\/szereczauto.hu\/webshop\/wp-content\/uploads\/2018\/12\/Szerecz_fav_2018.png","width":512,"height":512,"caption":"Szerecz Aut\u00f3alkatr\u00e9sz Web\u00e1ruh\u00e1z"},"image":{"@id":"https:\/\/szereczauto.hu\/webshop\/#\/schema\/logo\/image\/"},"sameAs":["https:\/\/www.facebook.com\/szereczauto\/","https:\/\/www.youtube.com\/channel\/UCGA5LXUmL_i2xDxT2GNNEBQ"]}]}},"_links":{"self":[{"href":"https:\/\/szereczauto.hu\/webshop\/wp-json\/wp\/v2\/product\/21440","targetHints":{"allow":["GET"]}}],"collection":[{"href":"https:\/\/szereczauto.hu\/webshop\/wp-json\/wp\/v2\/product"}],"about":[{"href":"https:\/\/szereczauto.hu\/webshop\/wp-json\/wp\/v2\/types\/product"}],"replies":[{"embeddable":true,"href":"https:\/\/szereczauto.hu\/webshop\/wp-json\/wp\/v2\/comments?post=21440"}],"wp:featuredmedia":[{"embeddable":true,"href":"https:\/\/szereczauto.hu\/webshop\/wp-json\/wp\/v2\/media\/21438"}],"wp:attachment":[{"href":"https:\/\/szereczauto.hu\/webshop\/wp-json\/wp\/v2\/media?parent=21440"}],"wp:term":[{"taxonomy":"product_brand","embeddable":true,"href":"https:\/\/szereczauto.hu\/webshop\/wp-json\/wp\/v2\/product_brand?post=21440"},{"taxonomy":"product_cat","embeddable":true,"href":"https:\/\/szereczauto.hu\/webshop\/wp-json\/wp\/v2\/product_cat?post=21440"},{"taxonomy":"product_tag","embeddable":true,"href":"https:\/\/szereczauto.hu\/webshop\/wp-json\/wp\/v2\/product_tag?post=21440"}],"curies":[{"name":"wp","href":"https:\/\/api.w.org\/{rel}","templated":true}]}}