{"id":20768,"date":"2021-04-16T18:44:46","date_gmt":"2021-04-16T16:44:46","guid":{"rendered":"https:\/\/szereczauto.hu\/webshop\/?post_type=product&#038;p=20768"},"modified":"2026-01-27T10:26:24","modified_gmt":"2026-01-27T08:26:24","slug":"lynx-caribbean-city-kerekpar-28-18-228546","status":"publish","type":"product","link":"https:\/\/szereczauto.hu\/webshop\/termek\/lynx-caribbean-city-kerekpar-28-18-228546\/","title":{"rendered":"Lynx Caribbean City 28&#8243; 3 sebess\u00e9g"},"content":{"rendered":"<p>Lynx Caribbean City h\u00e1rom sebess\u00e9ges agyv\u00e1lt\u00f3s ker\u00e9kp\u00e1r kontra f\u00e9kkel. A v\u00e1rosi ker\u00e9kp\u00e1rok jellemz\u0151je, hogy komfortos, rug\u00f3val ell\u00e1tott nyereggel szerelik fel \u0151ket, \u00e9ppen ez\u00e9rt t\u00f6k\u00e9letes v\u00e9delmet biztos\u00edtanak a bukkan\u00f3kkal \u00e9s a k\u00e1ty\u00fakkal szemben. El\u0151ny\u00fck, hogy t\u00falnyom\u00f3r\u00e9szt hajl\u00edtott, k\u00e9nyelmes korm\u00e1nnyal rendelkeznek, ez\u00e9rt megfelel\u0151en t\u00e1masztj\u00e1k meg a testet. Kontr\u00e1s f\u00e9krendszer\u00fcknek \u00e9s t\u00f6bbsebess\u00e9ges v\u00e1lt\u00f3juknak k\u00f6sz\u00f6nhet\u0151en pedig egyszer\u0171 kezel\u00e9st biztos\u00edtanak haszn\u00e1l\u00f3juknak. A st\u00edlusos megjelen\u00e9s az alapfelszerelts\u00e9g r\u00e9sze, de csomagtart\u00f3val, vagy ak\u00e1r kos\u00e1rral is megsp\u00e9kelheted a ker\u00e9kp\u00e1rod. A fejv\u00e9d\u0151 sisakot az\u00e9rt ne felejtsd el, f\u0151 a biztons\u00e1g!<\/p>\n<p>Tulajdons\u00e1gok:<\/p>\n<ul>\n<li>Alum\u00edniumb\u00f3l k\u00e9sz\u00fclt 18\u201d v\u00e1z.<\/li>\n<li>El\u00f6l merev ac\u00e9l vill\u00e1val van szerelve.<\/li>\n<li>Monoblokk, k\u00f6z\u00e9pcsap\u00e1gy, 122,5 mm hossz\u00fa tengellyel, r\u00f6gz\u00edt\u0151 csavar n\u00e9lk\u00fcl, 68mm. csap\u00e1gyh\u00e1zzal.<\/li>\n<li>Hajt\u00f3m\u0171, 42 T, m\u0171anyag l\u00e1ncv\u00e9d\u0151vel \u00e9s 170 mm hossz\u00fa hajt\u00f3karokkal.<\/li>\n<li>9\/16\u201d m\u0171anyag f\u00e9ny visszaver\u0151s ped\u00e1l.<\/li>\n<li>KMC 114 tag\u00fa 1\/2&#215;3\/32\u201d l\u00e1nc<\/li>\n<li>Menetes 1 1\/8 korm\u00e1nyfej k\u00e9szlet.<\/li>\n<li>600mm sz\u00e9les city korm\u00e1ny, 45 fokos sz\u00f6gben meghajl\u00edtva, 60 millim\u00e9teres emelked\u00e9ssel.<\/li>\n<li>Az alum\u00ednium korm\u00e1nysz\u00e1r 0.5 fokos sz\u00f6gben \u00e1ll\u00edthat\u00f3.<\/li>\n<li>A TPE korm\u00e1ny markolatok 90\/125 mm hossz\u00fas\u00e1g\u00faak.<\/li>\n<li>El\u00f6l alum\u00ednium V-f\u00e9k. W\/908=70 mm hossz\u00fa f\u00e9kpof\u00e1val.<\/li>\n<li>H\u00e1tul Shimano kontraf\u00e9k.<\/li>\n<li>Mitas gumik\u00f6peny reflex cs\u00edkkal, 28\u201d (700x40c 42-622).<\/li>\n<li>Shimano SL-3541 Nexus Revoshit jobb oldali 3 sebess\u00e9ges v\u00e1lt\u00f3kar.<\/li>\n<li>H\u00e1tul Shimano Nexus (SG-3C 41) agyv\u00e1lt\u00f3.<\/li>\n<li>Oma nyereg bilincsel.<\/li>\n<li>25.4&#215;250 mm hossz\u00fa ac\u00e9l nyeregcs\u0151.<\/li>\n<li>14G szabv\u00e1ny szerinti 28\u201d 293 mm hossz\u00fa ac\u00e9l k\u00fcll\u0151 \u00e9s k\u00fcll\u0151 anya.<\/li>\n<li>36 k\u00fcll\u0151s 3\/8x100x140 mm gyors kiold\u00f3s els\u0151 ker\u00e9kagy.<\/li>\n<li>36 k\u00fcll\u0151s 12&#215;168 mm csavaros agyv\u00e1lt\u00f3s, kontraf\u00e9kes h\u00e1ts\u00f3 ker\u00e9kagy.<\/li>\n<li>Kripton X 36 k\u00fcll\u0151s, dupla falu alum\u00ednium felni 28&#215;1.5&#8243;<\/li>\n<\/ul>\n<p style=\"text-align: left;\"><span style=\"color: #000000;\"><strong>K\u00e9rd\u00e9se van, seg\u00edts\u00e9gre van sz\u00fcks\u00e9ge! &#8211;<\/strong><span style=\"color: #3366ff;\"><a style=\"color: #3366ff;\" href=\"http:\/\/szereczauto.hu\/kerdezzen\/\" target=\"_blank\" rel=\"noopener noreferrer\"><strong> Itt l\u00e9phet kapcsolatba vel\u00fcnk!<\/strong><\/a><\/span><\/span><\/p>\n","protected":false},"excerpt":{"rendered":"<p>Agyv\u00e1lt\u00f3s n\u0151i ker\u00e9kp\u00e1r kontra f\u00e9kkel, 18&#8243; v\u00e1zm\u00e9rettel.<\/p>\n","protected":false},"featured_media":20769,"comment_status":"open","ping_status":"closed","template":"","meta":{"_et_pb_use_builder":"","_et_pb_old_content":"","_et_gb_content_width":"","wp_popup_display_lightbox":0,"wp_popup_suppress":"","wp_popup_trigger":"","wp_popup_trigger_amount":0,"wp_popup_disable_on_mobile":false},"product_brand":[],"product_cat":[256,255],"product_tag":[],"class_list":{"0":"post-20768","1":"product","2":"type-product","3":"status-publish","4":"has-post-thumbnail","6":"product_cat-city-kerekpar","7":"product_cat-kerekparok","8":"product_shipping_class-tetobox","10":"first","11":"instock","12":"sold-individually","13":"shipping-taxable","14":"purchasable","15":"product-type-simple"},"yoast_head":"<!-- This site is optimized with the Yoast SEO plugin v27.3 - https:\/\/yoast.com\/product\/yoast-seo-wordpress\/ -->\n<title>Lynx Caribbean City 28&quot; 3 sebess\u00e9g &#187; Szerecz Aut\u00f3alkatr\u00e9sz Web\u00e1ruh\u00e1z<\/title>\n<meta name=\"robots\" content=\"index, follow, max-snippet:-1, max-image-preview:large, max-video-preview:-1\" \/>\n<link rel=\"canonical\" href=\"https:\/\/szereczauto.hu\/webshop\/termek\/lynx-caribbean-city-kerekpar-28-18-228546\/\" \/>\n<meta property=\"og:locale\" content=\"hu_HU\" \/>\n<meta property=\"og:type\" content=\"article\" \/>\n<meta property=\"og:title\" content=\"Lynx Caribbean City 28&quot; 3 sebess\u00e9g &#187; Szerecz Aut\u00f3alkatr\u00e9sz Web\u00e1ruh\u00e1z\" \/>\n<meta property=\"og:description\" content=\"Agyv\u00e1lt\u00f3s n\u0151i ker\u00e9kp\u00e1r kontra f\u00e9kkel, 18&quot; v\u00e1zm\u00e9rettel.\" \/>\n<meta property=\"og:url\" content=\"https:\/\/szereczauto.hu\/webshop\/termek\/lynx-caribbean-city-kerekpar-28-18-228546\/\" \/>\n<meta property=\"og:site_name\" content=\"Szerecz Aut\u00f3alkatr\u00e9sz Web\u00e1ruh\u00e1z\" \/>\n<meta property=\"article:publisher\" content=\"https:\/\/www.facebook.com\/szereczauto\/\" \/>\n<meta property=\"article:modified_time\" content=\"2026-01-27T08:26:24+00:00\" \/>\n<meta property=\"og:image\" content=\"https:\/\/szereczauto.hu\/webshop\/wp-content\/uploads\/2021\/04\/LYNX-LADY-CARIBBEAN-CITY-kerekpar-228546.jpg\" \/>\n\t<meta property=\"og:image:width\" content=\"800\" \/>\n\t<meta property=\"og:image:height\" content=\"800\" \/>\n\t<meta property=\"og:image:type\" content=\"image\/jpeg\" \/>\n<script type=\"application\/ld+json\" class=\"yoast-schema-graph\">{\"@context\":\"https:\\\/\\\/schema.org\",\"@graph\":[{\"@type\":\"WebPage\",\"@id\":\"https:\\\/\\\/szereczauto.hu\\\/webshop\\\/termek\\\/lynx-caribbean-city-kerekpar-28-18-228546\\\/\",\"url\":\"https:\\\/\\\/szereczauto.hu\\\/webshop\\\/termek\\\/lynx-caribbean-city-kerekpar-28-18-228546\\\/\",\"name\":\"Lynx Caribbean City 28\\\" 3 sebess\u00e9g &#187; Szerecz Aut\u00f3alkatr\u00e9sz Web\u00e1ruh\u00e1z\",\"isPartOf\":{\"@id\":\"https:\\\/\\\/szereczauto.hu\\\/webshop\\\/#website\"},\"primaryImageOfPage\":{\"@id\":\"https:\\\/\\\/szereczauto.hu\\\/webshop\\\/termek\\\/lynx-caribbean-city-kerekpar-28-18-228546\\\/#primaryimage\"},\"image\":{\"@id\":\"https:\\\/\\\/szereczauto.hu\\\/webshop\\\/termek\\\/lynx-caribbean-city-kerekpar-28-18-228546\\\/#primaryimage\"},\"thumbnailUrl\":\"https:\\\/\\\/szereczauto.hu\\\/webshop\\\/wp-content\\\/uploads\\\/2021\\\/04\\\/LYNX-LADY-CARIBBEAN-CITY-kerekpar-228546.jpg\",\"datePublished\":\"2021-04-16T16:44:46+00:00\",\"dateModified\":\"2026-01-27T08:26:24+00:00\",\"breadcrumb\":{\"@id\":\"https:\\\/\\\/szereczauto.hu\\\/webshop\\\/termek\\\/lynx-caribbean-city-kerekpar-28-18-228546\\\/#breadcrumb\"},\"inLanguage\":\"hu\",\"potentialAction\":[{\"@type\":\"ReadAction\",\"target\":[\"https:\\\/\\\/szereczauto.hu\\\/webshop\\\/termek\\\/lynx-caribbean-city-kerekpar-28-18-228546\\\/\"]}]},{\"@type\":\"ImageObject\",\"inLanguage\":\"hu\",\"@id\":\"https:\\\/\\\/szereczauto.hu\\\/webshop\\\/termek\\\/lynx-caribbean-city-kerekpar-28-18-228546\\\/#primaryimage\",\"url\":\"https:\\\/\\\/szereczauto.hu\\\/webshop\\\/wp-content\\\/uploads\\\/2021\\\/04\\\/LYNX-LADY-CARIBBEAN-CITY-kerekpar-228546.jpg\",\"contentUrl\":\"https:\\\/\\\/szereczauto.hu\\\/webshop\\\/wp-content\\\/uploads\\\/2021\\\/04\\\/LYNX-LADY-CARIBBEAN-CITY-kerekpar-228546.jpg\",\"width\":800,\"height\":800},{\"@type\":\"BreadcrumbList\",\"@id\":\"https:\\\/\\\/szereczauto.hu\\\/webshop\\\/termek\\\/lynx-caribbean-city-kerekpar-28-18-228546\\\/#breadcrumb\",\"itemListElement\":[{\"@type\":\"ListItem\",\"position\":1,\"name\":\"Home\",\"item\":\"https:\\\/\\\/szereczauto.hu\\\/webshop\\\/\"},{\"@type\":\"ListItem\",\"position\":2,\"name\":\"Term\u00e9keink\",\"item\":\"https:\\\/\\\/szereczauto.hu\\\/webshop\\\/shop\\\/\"},{\"@type\":\"ListItem\",\"position\":3,\"name\":\"Lynx Caribbean City 28&#8243; 3 sebess\u00e9g\"}]},{\"@type\":\"WebSite\",\"@id\":\"https:\\\/\\\/szereczauto.hu\\\/webshop\\\/#website\",\"url\":\"https:\\\/\\\/szereczauto.hu\\\/webshop\\\/\",\"name\":\"Szerecz Aut\u00f3alkatr\u00e9sz Web\u00e1ruh\u00e1z\",\"description\":\"Szerecz Aut\u00f3 Kft. - Thule term\u00e9kek, aut\u00f3alkatr\u00e9szek web\u00e1ruh\u00e1za\",\"publisher\":{\"@id\":\"https:\\\/\\\/szereczauto.hu\\\/webshop\\\/#organization\"},\"potentialAction\":[{\"@type\":\"SearchAction\",\"target\":{\"@type\":\"EntryPoint\",\"urlTemplate\":\"https:\\\/\\\/szereczauto.hu\\\/webshop\\\/?s={search_term_string}\"},\"query-input\":{\"@type\":\"PropertyValueSpecification\",\"valueRequired\":true,\"valueName\":\"search_term_string\"}}],\"inLanguage\":\"hu\"},{\"@type\":\"Organization\",\"@id\":\"https:\\\/\\\/szereczauto.hu\\\/webshop\\\/#organization\",\"name\":\"Szerecz Aut\u00f3alkatr\u00e9sz Web\u00e1ruh\u00e1z\",\"url\":\"https:\\\/\\\/szereczauto.hu\\\/webshop\\\/\",\"logo\":{\"@type\":\"ImageObject\",\"inLanguage\":\"hu\",\"@id\":\"https:\\\/\\\/szereczauto.hu\\\/webshop\\\/#\\\/schema\\\/logo\\\/image\\\/\",\"url\":\"https:\\\/\\\/szereczauto.hu\\\/webshop\\\/wp-content\\\/uploads\\\/2018\\\/12\\\/Szerecz_fav_2018.png\",\"contentUrl\":\"https:\\\/\\\/szereczauto.hu\\\/webshop\\\/wp-content\\\/uploads\\\/2018\\\/12\\\/Szerecz_fav_2018.png\",\"width\":512,\"height\":512,\"caption\":\"Szerecz Aut\u00f3alkatr\u00e9sz Web\u00e1ruh\u00e1z\"},\"image\":{\"@id\":\"https:\\\/\\\/szereczauto.hu\\\/webshop\\\/#\\\/schema\\\/logo\\\/image\\\/\"},\"sameAs\":[\"https:\\\/\\\/www.facebook.com\\\/szereczauto\\\/\",\"https:\\\/\\\/www.youtube.com\\\/channel\\\/UCGA5LXUmL_i2xDxT2GNNEBQ\"]}]}<\/script>\n<!-- \/ Yoast SEO plugin. -->","yoast_head_json":{"title":"Lynx Caribbean City 28\" 3 sebess\u00e9g &#187; Szerecz Aut\u00f3alkatr\u00e9sz Web\u00e1ruh\u00e1z","robots":{"index":"index","follow":"follow","max-snippet":"max-snippet:-1","max-image-preview":"max-image-preview:large","max-video-preview":"max-video-preview:-1"},"canonical":"https:\/\/szereczauto.hu\/webshop\/termek\/lynx-caribbean-city-kerekpar-28-18-228546\/","og_locale":"hu_HU","og_type":"article","og_title":"Lynx Caribbean City 28\" 3 sebess\u00e9g &#187; Szerecz Aut\u00f3alkatr\u00e9sz Web\u00e1ruh\u00e1z","og_description":"Agyv\u00e1lt\u00f3s n\u0151i ker\u00e9kp\u00e1r kontra f\u00e9kkel, 18\" v\u00e1zm\u00e9rettel.","og_url":"https:\/\/szereczauto.hu\/webshop\/termek\/lynx-caribbean-city-kerekpar-28-18-228546\/","og_site_name":"Szerecz Aut\u00f3alkatr\u00e9sz Web\u00e1ruh\u00e1z","article_publisher":"https:\/\/www.facebook.com\/szereczauto\/","article_modified_time":"2026-01-27T08:26:24+00:00","og_image":[{"width":800,"height":800,"url":"https:\/\/szereczauto.hu\/webshop\/wp-content\/uploads\/2021\/04\/LYNX-LADY-CARIBBEAN-CITY-kerekpar-228546.jpg","type":"image\/jpeg"}],"schema":{"@context":"https:\/\/schema.org","@graph":[{"@type":"WebPage","@id":"https:\/\/szereczauto.hu\/webshop\/termek\/lynx-caribbean-city-kerekpar-28-18-228546\/","url":"https:\/\/szereczauto.hu\/webshop\/termek\/lynx-caribbean-city-kerekpar-28-18-228546\/","name":"Lynx Caribbean City 28\" 3 sebess\u00e9g &#187; Szerecz Aut\u00f3alkatr\u00e9sz Web\u00e1ruh\u00e1z","isPartOf":{"@id":"https:\/\/szereczauto.hu\/webshop\/#website"},"primaryImageOfPage":{"@id":"https:\/\/szereczauto.hu\/webshop\/termek\/lynx-caribbean-city-kerekpar-28-18-228546\/#primaryimage"},"image":{"@id":"https:\/\/szereczauto.hu\/webshop\/termek\/lynx-caribbean-city-kerekpar-28-18-228546\/#primaryimage"},"thumbnailUrl":"https:\/\/szereczauto.hu\/webshop\/wp-content\/uploads\/2021\/04\/LYNX-LADY-CARIBBEAN-CITY-kerekpar-228546.jpg","datePublished":"2021-04-16T16:44:46+00:00","dateModified":"2026-01-27T08:26:24+00:00","breadcrumb":{"@id":"https:\/\/szereczauto.hu\/webshop\/termek\/lynx-caribbean-city-kerekpar-28-18-228546\/#breadcrumb"},"inLanguage":"hu","potentialAction":[{"@type":"ReadAction","target":["https:\/\/szereczauto.hu\/webshop\/termek\/lynx-caribbean-city-kerekpar-28-18-228546\/"]}]},{"@type":"ImageObject","inLanguage":"hu","@id":"https:\/\/szereczauto.hu\/webshop\/termek\/lynx-caribbean-city-kerekpar-28-18-228546\/#primaryimage","url":"https:\/\/szereczauto.hu\/webshop\/wp-content\/uploads\/2021\/04\/LYNX-LADY-CARIBBEAN-CITY-kerekpar-228546.jpg","contentUrl":"https:\/\/szereczauto.hu\/webshop\/wp-content\/uploads\/2021\/04\/LYNX-LADY-CARIBBEAN-CITY-kerekpar-228546.jpg","width":800,"height":800},{"@type":"BreadcrumbList","@id":"https:\/\/szereczauto.hu\/webshop\/termek\/lynx-caribbean-city-kerekpar-28-18-228546\/#breadcrumb","itemListElement":[{"@type":"ListItem","position":1,"name":"Home","item":"https:\/\/szereczauto.hu\/webshop\/"},{"@type":"ListItem","position":2,"name":"Term\u00e9keink","item":"https:\/\/szereczauto.hu\/webshop\/shop\/"},{"@type":"ListItem","position":3,"name":"Lynx Caribbean City 28&#8243; 3 sebess\u00e9g"}]},{"@type":"WebSite","@id":"https:\/\/szereczauto.hu\/webshop\/#website","url":"https:\/\/szereczauto.hu\/webshop\/","name":"Szerecz Aut\u00f3alkatr\u00e9sz Web\u00e1ruh\u00e1z","description":"Szerecz Aut\u00f3 Kft. - Thule term\u00e9kek, aut\u00f3alkatr\u00e9szek web\u00e1ruh\u00e1za","publisher":{"@id":"https:\/\/szereczauto.hu\/webshop\/#organization"},"potentialAction":[{"@type":"SearchAction","target":{"@type":"EntryPoint","urlTemplate":"https:\/\/szereczauto.hu\/webshop\/?s={search_term_string}"},"query-input":{"@type":"PropertyValueSpecification","valueRequired":true,"valueName":"search_term_string"}}],"inLanguage":"hu"},{"@type":"Organization","@id":"https:\/\/szereczauto.hu\/webshop\/#organization","name":"Szerecz Aut\u00f3alkatr\u00e9sz Web\u00e1ruh\u00e1z","url":"https:\/\/szereczauto.hu\/webshop\/","logo":{"@type":"ImageObject","inLanguage":"hu","@id":"https:\/\/szereczauto.hu\/webshop\/#\/schema\/logo\/image\/","url":"https:\/\/szereczauto.hu\/webshop\/wp-content\/uploads\/2018\/12\/Szerecz_fav_2018.png","contentUrl":"https:\/\/szereczauto.hu\/webshop\/wp-content\/uploads\/2018\/12\/Szerecz_fav_2018.png","width":512,"height":512,"caption":"Szerecz Aut\u00f3alkatr\u00e9sz Web\u00e1ruh\u00e1z"},"image":{"@id":"https:\/\/szereczauto.hu\/webshop\/#\/schema\/logo\/image\/"},"sameAs":["https:\/\/www.facebook.com\/szereczauto\/","https:\/\/www.youtube.com\/channel\/UCGA5LXUmL_i2xDxT2GNNEBQ"]}]}},"_links":{"self":[{"href":"https:\/\/szereczauto.hu\/webshop\/wp-json\/wp\/v2\/product\/20768","targetHints":{"allow":["GET"]}}],"collection":[{"href":"https:\/\/szereczauto.hu\/webshop\/wp-json\/wp\/v2\/product"}],"about":[{"href":"https:\/\/szereczauto.hu\/webshop\/wp-json\/wp\/v2\/types\/product"}],"replies":[{"embeddable":true,"href":"https:\/\/szereczauto.hu\/webshop\/wp-json\/wp\/v2\/comments?post=20768"}],"wp:featuredmedia":[{"embeddable":true,"href":"https:\/\/szereczauto.hu\/webshop\/wp-json\/wp\/v2\/media\/20769"}],"wp:attachment":[{"href":"https:\/\/szereczauto.hu\/webshop\/wp-json\/wp\/v2\/media?parent=20768"}],"wp:term":[{"taxonomy":"product_brand","embeddable":true,"href":"https:\/\/szereczauto.hu\/webshop\/wp-json\/wp\/v2\/product_brand?post=20768"},{"taxonomy":"product_cat","embeddable":true,"href":"https:\/\/szereczauto.hu\/webshop\/wp-json\/wp\/v2\/product_cat?post=20768"},{"taxonomy":"product_tag","embeddable":true,"href":"https:\/\/szereczauto.hu\/webshop\/wp-json\/wp\/v2\/product_tag?post=20768"}],"curies":[{"name":"wp","href":"https:\/\/api.w.org\/{rel}","templated":true}]}}