{"id":19923,"date":"2021-03-02T16:16:11","date_gmt":"2021-03-02T14:16:11","guid":{"rendered":"https:\/\/szereczauto.hu\/webshop\/?post_type=product&#038;p=19923"},"modified":"2026-02-07T17:03:49","modified_gmt":"2026-02-07T15:03:49","slug":"thule-fastride-tetocsomagtartora-szerelheto-kerekpartarto-564001","status":"publish","type":"product","link":"https:\/\/szereczauto.hu\/webshop\/termek\/thule-fastride-tetocsomagtartora-szerelheto-kerekpartarto-564001\/","title":{"rendered":"Thule FastRide"},"content":{"rendered":"<p>Thule FastRide 564 tet\u0151csomagtart\u00f3ra szerelhet\u0151 ker\u00e9kp\u00e1rtart\u00f3. 1db ker\u00e9kp\u00e1r sz\u00e1ll\u00edt\u00e1s\u00e1ra alkalmas eszk\u00f6z. K\u00f6nnyen felszerelhet\u0151 a tet\u0151csomagtart\u00f3ra, nincs sz\u00fcks\u00e9g k\u00fcl\u00f6n szersz\u00e1mokra. Haszn\u00e1lhat\u00f3 minden standard gyors z\u00e1ras ker\u00e9kp\u00e1rhoz 9mm-ig. \u00c1tmen\u0151 tengellyel rendelkez\u0151 ker\u00e9kp\u00e1rokhoz a <a href=\"https:\/\/szereczauto.hu\/webshop\/termek\/thule-fastride-es-topride-kerektengely-rogzito-adapter-564100\/\" target=\"_blank\" rel=\"noopener\"><span style=\"color: #3366ff;\">9-15mm-es ker\u00e9ktengely adapterrel<\/span><\/a> vagy\u00a0 <a href=\"https:\/\/szereczauto.hu\/webshop\/termek\/thule-fastride-es-topride-kerektengely-rogzito-adapter-568100\/\" target=\"_blank\" rel=\"noopener\"><span style=\"color: #3366ff;\">20x110mm-es ker\u00e9ktengely adapterrel lehet haszn\u00e1lni.<\/span><\/a> Szerelje fel a ker\u00e9kp\u00e1rtart\u00f3t a tet\u0151csomagtart\u00f3ra. A ker\u00e9kp\u00e1rt az els\u0151 vill\u00e1n\u00e1l \u00e9s a h\u00e1ts\u00f3 ker\u00e9kn\u00e9l\u00a0 kell a tart\u00f3hoz r\u00f6gz\u00edteni. R\u00f6gz\u00edtse a ker\u00e9kp\u00e1rt az els\u0151 villa adapter\u00e9hez. A villa adaptert k\u00e9nyelmes \u00e9s k\u00f6nny\u0171 szerelni.\u00a0 A ker\u00e9kp\u00e1rvilla adaptere becs\u00faszik a tart\u00f3ba \u00e9s a hely\u00e9re kattan. Ezut\u00e1n r\u00f6gz\u00edtse a h\u00e1ts\u00f3 kereket a az \u00e1ll\u00edthat\u00f3 ker\u00e9kp\u00e1nttal amely biztons\u00e1gosan r\u00f6gz\u00edti a kereket a hely\u00e9n. Z\u00e1rhat\u00f3 a ker\u00e9kp\u00e1r a tart\u00f3hoz a tart\u00f3 pedig a tet\u0151csomagtart\u00f3hoz. Az aut\u00f3 jobb vagy bal oldal\u00e1ra, minden fajta Thule tet\u0151csomagtart\u00f3 r\u00fadra felszerelhet\u0151. Az els\u0151 ker\u00e9k sz\u00e1ll\u00edt\u00e1s\u00e1hoz a <a href=\"https:\/\/szereczauto.hu\/webshop\/termek\/thule563000\/\" target=\"_blank\" rel=\"noopener\"><span style=\"color: #3366ff;\">Thule ker\u00e9kt\u00e1sk\u00e1t aj\u00e1nljuk<\/span><\/a>.<\/p>\n<ul>\n<li>Sz\u00e1ll\u00edthat\u00f3 ker\u00e9kp\u00e1rok sz\u00e1ma 1 db<\/li>\n<li>Teherb\u00edr\u00e1sa maximum 18 kg.<\/li>\n<li><span class=\"VIiyi\" lang=\"hu\"><span class=\"JLqJ4b ChMk0b\" data-language-for-alternatives=\"hu\" data-language-to-translate-into=\"auto\" data-phrase-index=\"2\">M\u00e9rete 135x22x9,2 cm<br \/>\n<\/span><\/span><\/li>\n<li>T\u00f6mege 3,3 kg<\/li>\n<li>A tet\u0151 mindk\u00e9t oldal\u00e1ra felszerelhet\u0151.<\/li>\n<li>T\u00e1rcsaf\u00e9kes ker\u00e9kp\u00e1rok sz\u00e1ll\u00edt\u00e1s\u00e1ra is alkalmas.<\/li>\n<li>Sz\u00e1ll\u00edthat\u00f3 vele minden m\u00e9ret\u0171 ker\u00e9kp\u00e1rv\u00e1z.<\/li>\n<li>Karbonv\u00e1zas ker\u00e9kp\u00e1rok sz\u00e1ll\u00edt\u00e1s\u00e1ra is alkalmas.<\/li>\n<li>Az els\u0151 vill\u00e1n\u00e1l \u00e9s a h\u00e1ts\u00f3 ker\u00e9kn\u00e9l kell r\u00f6gz\u00edteni.<\/li>\n<li>A h\u00e1ts\u00f3 kereket racsnis csattal r\u00f6gz\u00edtj\u00fck.<\/li>\n<li>Minden ker\u00e9km\u00e9rethez haszn\u00e1lhat\u00f3.<\/li>\n<li>Maxim\u00e1lis ker\u00e9k \u00e1tm\u00e9r\u0151 29&#8243;\u00a0 a sz\u00e9less\u00e9g pedig 3&#8243;.<\/li>\n<li>A sz\u00e1ll\u00edthat\u00f3 ker\u00e9kp\u00e1r maxim\u00e1lis tengelyt\u00e1vja 1250mm.<\/li>\n<li>Gyors z\u00e1ras \u00e9s \u00e1tmen\u0151 tengelyes ker\u00e9kp\u00e1rokhoz is haszn\u00e1lhat\u00f3.<\/li>\n<li>Kompatibilis a <a href=\"http:\/\/szereczauto.hu\/webshop\/termekkategoria\/thule_termekek\/thule-kerekpartartok\/kerekpartarto-kiegeszitok\/\" target=\"_blank\" rel=\"noopener noreferrer\"><span style=\"color: #3366ff;\">Thule egykulcsos z\u00e1r-rendszerrel.<\/span><\/a><\/li>\n<li>Felszerelhet\u0151 a k\u00f6vetkez\u0151 rudakra: Thule WingBar, Thule WingBar Edge, Thule SlideBar, Thule AeroBar,<\/li>\n<li>Thule SquareBar r\u00fadra a <a href=\"https:\/\/szereczauto.hu\/webshop\/termek\/thule-fastride-es-topride-kerektengely-rogzito-adapter-889900\/\" target=\"_blank\" rel=\"noopener\"><span style=\"color: #3366ff;\">Thule 889900 adapter<\/span><\/a> megv\u00e1s\u00e1rl\u00e1sa sz\u00fcks\u00e9ges.<\/li>\n<li>Egy\u00e9b T-hornyos rudakhoz a <a href=\"https:\/\/szereczauto.hu\/webshop\/termek\/thule-t-horony-adapter-889301\/\" target=\"_blank\" rel=\"noopener\"><span style=\"color: #3366ff;\">Thule 889-3 adapter<\/span><\/a> megv\u00e1s\u00e1rl\u00e1sa sz\u00fcks\u00e9ges.<\/li>\n<li>Teljes\u00edti a City Crash szabv\u00e1ny el\u0151\u00edr\u00e1sait.<\/li>\n<\/ul>\n<p style=\"text-align: left;\"><span style=\"color: #000000;\"><strong>K\u00e9rd\u00e9se van, seg\u00edts\u00e9gre van sz\u00fcks\u00e9ge! &#8211;<\/strong><span style=\"color: #3366ff;\"><a style=\"color: #3366ff;\" href=\"http:\/\/szereczauto.hu\/kerdezzen\/\" target=\"_blank\" rel=\"noopener noreferrer\"><strong> Itt l\u00e9phet kapcsolatba vel\u00fcnk!<\/strong><\/a><\/span><\/span><\/p>\n","protected":false},"excerpt":{"rendered":"<p><strong>Kiv\u00e1l\u00f3 megold\u00e1s a gyors kiold\u00e1s\u00fa ker\u00e9kp\u00e1rokhoz.<\/strong><\/p>\n","protected":false},"featured_media":19924,"comment_status":"open","ping_status":"closed","template":"","meta":{"_et_pb_use_builder":"","_et_pb_old_content":"","_et_gb_content_width":"","wp_popup_display_lightbox":0,"wp_popup_suppress":"","wp_popup_trigger":"","wp_popup_trigger_amount":0,"wp_popup_disable_on_mobile":false},"product_brand":[],"product_cat":[66,57,49],"product_tag":[],"class_list":{"0":"post-19923","1":"product","2":"type-product","3":"status-publish","4":"has-post-thumbnail","6":"product_cat-tetocsomagtartora","7":"product_cat-thule-kerekpartartok","8":"product_cat-thule_termekek","10":"first","11":"instock","12":"shipping-taxable","13":"purchasable","14":"product-type-simple"},"yoast_head":"<!-- This site is optimized with the Yoast SEO plugin v27.4 - https:\/\/yoast.com\/product\/yoast-seo-wordpress\/ -->\n<title>Thule FastRide &#187; Szerecz Aut\u00f3alkatr\u00e9sz Web\u00e1ruh\u00e1z<\/title>\n<meta name=\"robots\" content=\"index, follow, max-snippet:-1, max-image-preview:large, max-video-preview:-1\" \/>\n<link rel=\"canonical\" href=\"https:\/\/szereczauto.hu\/webshop\/termek\/thule-fastride-tetocsomagtartora-szerelheto-kerekpartarto-564001\/\" \/>\n<meta property=\"og:locale\" content=\"hu_HU\" \/>\n<meta property=\"og:type\" content=\"article\" \/>\n<meta property=\"og:title\" content=\"Thule FastRide &#187; Szerecz Aut\u00f3alkatr\u00e9sz Web\u00e1ruh\u00e1z\" \/>\n<meta property=\"og:description\" content=\"Kiv\u00e1l\u00f3 megold\u00e1s a gyors kiold\u00e1s\u00fa ker\u00e9kp\u00e1rokhoz.\" \/>\n<meta property=\"og:url\" content=\"https:\/\/szereczauto.hu\/webshop\/termek\/thule-fastride-tetocsomagtartora-szerelheto-kerekpartarto-564001\/\" \/>\n<meta property=\"og:site_name\" content=\"Szerecz Aut\u00f3alkatr\u00e9sz Web\u00e1ruh\u00e1z\" \/>\n<meta property=\"article:publisher\" content=\"https:\/\/www.facebook.com\/szereczauto\/\" \/>\n<meta property=\"article:modified_time\" content=\"2026-02-07T15:03:49+00:00\" \/>\n<meta property=\"og:image\" content=\"https:\/\/szereczauto.hu\/webshop\/wp-content\/uploads\/2021\/03\/Thule-FastRide-1.jpg\" \/>\n\t<meta property=\"og:image:width\" content=\"800\" \/>\n\t<meta property=\"og:image:height\" content=\"800\" \/>\n\t<meta property=\"og:image:type\" content=\"image\/jpeg\" \/>\n<script type=\"application\/ld+json\" class=\"yoast-schema-graph\">{\"@context\":\"https:\\\/\\\/schema.org\",\"@graph\":[{\"@type\":\"WebPage\",\"@id\":\"https:\\\/\\\/szereczauto.hu\\\/webshop\\\/termek\\\/thule-fastride-tetocsomagtartora-szerelheto-kerekpartarto-564001\\\/\",\"url\":\"https:\\\/\\\/szereczauto.hu\\\/webshop\\\/termek\\\/thule-fastride-tetocsomagtartora-szerelheto-kerekpartarto-564001\\\/\",\"name\":\"Thule FastRide &#187; Szerecz Aut\u00f3alkatr\u00e9sz Web\u00e1ruh\u00e1z\",\"isPartOf\":{\"@id\":\"https:\\\/\\\/szereczauto.hu\\\/webshop\\\/#website\"},\"primaryImageOfPage\":{\"@id\":\"https:\\\/\\\/szereczauto.hu\\\/webshop\\\/termek\\\/thule-fastride-tetocsomagtartora-szerelheto-kerekpartarto-564001\\\/#primaryimage\"},\"image\":{\"@id\":\"https:\\\/\\\/szereczauto.hu\\\/webshop\\\/termek\\\/thule-fastride-tetocsomagtartora-szerelheto-kerekpartarto-564001\\\/#primaryimage\"},\"thumbnailUrl\":\"https:\\\/\\\/szereczauto.hu\\\/webshop\\\/wp-content\\\/uploads\\\/2021\\\/03\\\/Thule-FastRide-1.jpg\",\"datePublished\":\"2021-03-02T14:16:11+00:00\",\"dateModified\":\"2026-02-07T15:03:49+00:00\",\"breadcrumb\":{\"@id\":\"https:\\\/\\\/szereczauto.hu\\\/webshop\\\/termek\\\/thule-fastride-tetocsomagtartora-szerelheto-kerekpartarto-564001\\\/#breadcrumb\"},\"inLanguage\":\"hu\",\"potentialAction\":[{\"@type\":\"ReadAction\",\"target\":[\"https:\\\/\\\/szereczauto.hu\\\/webshop\\\/termek\\\/thule-fastride-tetocsomagtartora-szerelheto-kerekpartarto-564001\\\/\"]}]},{\"@type\":\"ImageObject\",\"inLanguage\":\"hu\",\"@id\":\"https:\\\/\\\/szereczauto.hu\\\/webshop\\\/termek\\\/thule-fastride-tetocsomagtartora-szerelheto-kerekpartarto-564001\\\/#primaryimage\",\"url\":\"https:\\\/\\\/szereczauto.hu\\\/webshop\\\/wp-content\\\/uploads\\\/2021\\\/03\\\/Thule-FastRide-1.jpg\",\"contentUrl\":\"https:\\\/\\\/szereczauto.hu\\\/webshop\\\/wp-content\\\/uploads\\\/2021\\\/03\\\/Thule-FastRide-1.jpg\",\"width\":800,\"height\":800},{\"@type\":\"BreadcrumbList\",\"@id\":\"https:\\\/\\\/szereczauto.hu\\\/webshop\\\/termek\\\/thule-fastride-tetocsomagtartora-szerelheto-kerekpartarto-564001\\\/#breadcrumb\",\"itemListElement\":[{\"@type\":\"ListItem\",\"position\":1,\"name\":\"Home\",\"item\":\"https:\\\/\\\/szereczauto.hu\\\/webshop\\\/\"},{\"@type\":\"ListItem\",\"position\":2,\"name\":\"Term\u00e9keink\",\"item\":\"https:\\\/\\\/szereczauto.hu\\\/webshop\\\/shop\\\/\"},{\"@type\":\"ListItem\",\"position\":3,\"name\":\"Thule FastRide\"}]},{\"@type\":\"WebSite\",\"@id\":\"https:\\\/\\\/szereczauto.hu\\\/webshop\\\/#website\",\"url\":\"https:\\\/\\\/szereczauto.hu\\\/webshop\\\/\",\"name\":\"Szerecz Aut\u00f3alkatr\u00e9sz Web\u00e1ruh\u00e1z\",\"description\":\"Szerecz Aut\u00f3 Kft. - Thule term\u00e9kek, aut\u00f3alkatr\u00e9szek web\u00e1ruh\u00e1za\",\"publisher\":{\"@id\":\"https:\\\/\\\/szereczauto.hu\\\/webshop\\\/#organization\"},\"potentialAction\":[{\"@type\":\"SearchAction\",\"target\":{\"@type\":\"EntryPoint\",\"urlTemplate\":\"https:\\\/\\\/szereczauto.hu\\\/webshop\\\/?s={search_term_string}\"},\"query-input\":{\"@type\":\"PropertyValueSpecification\",\"valueRequired\":true,\"valueName\":\"search_term_string\"}}],\"inLanguage\":\"hu\"},{\"@type\":\"Organization\",\"@id\":\"https:\\\/\\\/szereczauto.hu\\\/webshop\\\/#organization\",\"name\":\"Szerecz Aut\u00f3alkatr\u00e9sz Web\u00e1ruh\u00e1z\",\"url\":\"https:\\\/\\\/szereczauto.hu\\\/webshop\\\/\",\"logo\":{\"@type\":\"ImageObject\",\"inLanguage\":\"hu\",\"@id\":\"https:\\\/\\\/szereczauto.hu\\\/webshop\\\/#\\\/schema\\\/logo\\\/image\\\/\",\"url\":\"https:\\\/\\\/szereczauto.hu\\\/webshop\\\/wp-content\\\/uploads\\\/2018\\\/12\\\/Szerecz_fav_2018.png\",\"contentUrl\":\"https:\\\/\\\/szereczauto.hu\\\/webshop\\\/wp-content\\\/uploads\\\/2018\\\/12\\\/Szerecz_fav_2018.png\",\"width\":512,\"height\":512,\"caption\":\"Szerecz Aut\u00f3alkatr\u00e9sz Web\u00e1ruh\u00e1z\"},\"image\":{\"@id\":\"https:\\\/\\\/szereczauto.hu\\\/webshop\\\/#\\\/schema\\\/logo\\\/image\\\/\"},\"sameAs\":[\"https:\\\/\\\/www.facebook.com\\\/szereczauto\\\/\",\"https:\\\/\\\/www.youtube.com\\\/channel\\\/UCGA5LXUmL_i2xDxT2GNNEBQ\"]}]}<\/script>\n<!-- \/ Yoast SEO plugin. -->","yoast_head_json":{"title":"Thule FastRide &#187; Szerecz Aut\u00f3alkatr\u00e9sz Web\u00e1ruh\u00e1z","robots":{"index":"index","follow":"follow","max-snippet":"max-snippet:-1","max-image-preview":"max-image-preview:large","max-video-preview":"max-video-preview:-1"},"canonical":"https:\/\/szereczauto.hu\/webshop\/termek\/thule-fastride-tetocsomagtartora-szerelheto-kerekpartarto-564001\/","og_locale":"hu_HU","og_type":"article","og_title":"Thule FastRide &#187; Szerecz Aut\u00f3alkatr\u00e9sz Web\u00e1ruh\u00e1z","og_description":"Kiv\u00e1l\u00f3 megold\u00e1s a gyors kiold\u00e1s\u00fa ker\u00e9kp\u00e1rokhoz.","og_url":"https:\/\/szereczauto.hu\/webshop\/termek\/thule-fastride-tetocsomagtartora-szerelheto-kerekpartarto-564001\/","og_site_name":"Szerecz Aut\u00f3alkatr\u00e9sz Web\u00e1ruh\u00e1z","article_publisher":"https:\/\/www.facebook.com\/szereczauto\/","article_modified_time":"2026-02-07T15:03:49+00:00","og_image":[{"width":800,"height":800,"url":"https:\/\/szereczauto.hu\/webshop\/wp-content\/uploads\/2021\/03\/Thule-FastRide-1.jpg","type":"image\/jpeg"}],"schema":{"@context":"https:\/\/schema.org","@graph":[{"@type":"WebPage","@id":"https:\/\/szereczauto.hu\/webshop\/termek\/thule-fastride-tetocsomagtartora-szerelheto-kerekpartarto-564001\/","url":"https:\/\/szereczauto.hu\/webshop\/termek\/thule-fastride-tetocsomagtartora-szerelheto-kerekpartarto-564001\/","name":"Thule FastRide &#187; Szerecz Aut\u00f3alkatr\u00e9sz Web\u00e1ruh\u00e1z","isPartOf":{"@id":"https:\/\/szereczauto.hu\/webshop\/#website"},"primaryImageOfPage":{"@id":"https:\/\/szereczauto.hu\/webshop\/termek\/thule-fastride-tetocsomagtartora-szerelheto-kerekpartarto-564001\/#primaryimage"},"image":{"@id":"https:\/\/szereczauto.hu\/webshop\/termek\/thule-fastride-tetocsomagtartora-szerelheto-kerekpartarto-564001\/#primaryimage"},"thumbnailUrl":"https:\/\/szereczauto.hu\/webshop\/wp-content\/uploads\/2021\/03\/Thule-FastRide-1.jpg","datePublished":"2021-03-02T14:16:11+00:00","dateModified":"2026-02-07T15:03:49+00:00","breadcrumb":{"@id":"https:\/\/szereczauto.hu\/webshop\/termek\/thule-fastride-tetocsomagtartora-szerelheto-kerekpartarto-564001\/#breadcrumb"},"inLanguage":"hu","potentialAction":[{"@type":"ReadAction","target":["https:\/\/szereczauto.hu\/webshop\/termek\/thule-fastride-tetocsomagtartora-szerelheto-kerekpartarto-564001\/"]}]},{"@type":"ImageObject","inLanguage":"hu","@id":"https:\/\/szereczauto.hu\/webshop\/termek\/thule-fastride-tetocsomagtartora-szerelheto-kerekpartarto-564001\/#primaryimage","url":"https:\/\/szereczauto.hu\/webshop\/wp-content\/uploads\/2021\/03\/Thule-FastRide-1.jpg","contentUrl":"https:\/\/szereczauto.hu\/webshop\/wp-content\/uploads\/2021\/03\/Thule-FastRide-1.jpg","width":800,"height":800},{"@type":"BreadcrumbList","@id":"https:\/\/szereczauto.hu\/webshop\/termek\/thule-fastride-tetocsomagtartora-szerelheto-kerekpartarto-564001\/#breadcrumb","itemListElement":[{"@type":"ListItem","position":1,"name":"Home","item":"https:\/\/szereczauto.hu\/webshop\/"},{"@type":"ListItem","position":2,"name":"Term\u00e9keink","item":"https:\/\/szereczauto.hu\/webshop\/shop\/"},{"@type":"ListItem","position":3,"name":"Thule FastRide"}]},{"@type":"WebSite","@id":"https:\/\/szereczauto.hu\/webshop\/#website","url":"https:\/\/szereczauto.hu\/webshop\/","name":"Szerecz Aut\u00f3alkatr\u00e9sz Web\u00e1ruh\u00e1z","description":"Szerecz Aut\u00f3 Kft. - Thule term\u00e9kek, aut\u00f3alkatr\u00e9szek web\u00e1ruh\u00e1za","publisher":{"@id":"https:\/\/szereczauto.hu\/webshop\/#organization"},"potentialAction":[{"@type":"SearchAction","target":{"@type":"EntryPoint","urlTemplate":"https:\/\/szereczauto.hu\/webshop\/?s={search_term_string}"},"query-input":{"@type":"PropertyValueSpecification","valueRequired":true,"valueName":"search_term_string"}}],"inLanguage":"hu"},{"@type":"Organization","@id":"https:\/\/szereczauto.hu\/webshop\/#organization","name":"Szerecz Aut\u00f3alkatr\u00e9sz Web\u00e1ruh\u00e1z","url":"https:\/\/szereczauto.hu\/webshop\/","logo":{"@type":"ImageObject","inLanguage":"hu","@id":"https:\/\/szereczauto.hu\/webshop\/#\/schema\/logo\/image\/","url":"https:\/\/szereczauto.hu\/webshop\/wp-content\/uploads\/2018\/12\/Szerecz_fav_2018.png","contentUrl":"https:\/\/szereczauto.hu\/webshop\/wp-content\/uploads\/2018\/12\/Szerecz_fav_2018.png","width":512,"height":512,"caption":"Szerecz Aut\u00f3alkatr\u00e9sz Web\u00e1ruh\u00e1z"},"image":{"@id":"https:\/\/szereczauto.hu\/webshop\/#\/schema\/logo\/image\/"},"sameAs":["https:\/\/www.facebook.com\/szereczauto\/","https:\/\/www.youtube.com\/channel\/UCGA5LXUmL_i2xDxT2GNNEBQ"]}]}},"_links":{"self":[{"href":"https:\/\/szereczauto.hu\/webshop\/wp-json\/wp\/v2\/product\/19923","targetHints":{"allow":["GET"]}}],"collection":[{"href":"https:\/\/szereczauto.hu\/webshop\/wp-json\/wp\/v2\/product"}],"about":[{"href":"https:\/\/szereczauto.hu\/webshop\/wp-json\/wp\/v2\/types\/product"}],"replies":[{"embeddable":true,"href":"https:\/\/szereczauto.hu\/webshop\/wp-json\/wp\/v2\/comments?post=19923"}],"wp:featuredmedia":[{"embeddable":true,"href":"https:\/\/szereczauto.hu\/webshop\/wp-json\/wp\/v2\/media\/19924"}],"wp:attachment":[{"href":"https:\/\/szereczauto.hu\/webshop\/wp-json\/wp\/v2\/media?parent=19923"}],"wp:term":[{"taxonomy":"product_brand","embeddable":true,"href":"https:\/\/szereczauto.hu\/webshop\/wp-json\/wp\/v2\/product_brand?post=19923"},{"taxonomy":"product_cat","embeddable":true,"href":"https:\/\/szereczauto.hu\/webshop\/wp-json\/wp\/v2\/product_cat?post=19923"},{"taxonomy":"product_tag","embeddable":true,"href":"https:\/\/szereczauto.hu\/webshop\/wp-json\/wp\/v2\/product_tag?post=19923"}],"curies":[{"name":"wp","href":"https:\/\/api.w.org\/{rel}","templated":true}]}}