{"id":19793,"date":"2021-02-20T11:09:55","date_gmt":"2021-02-20T09:09:55","guid":{"rendered":"https:\/\/szereczauto.hu\/webshop\/?post_type=product&#038;p=19793"},"modified":"2026-02-03T14:25:32","modified_gmt":"2026-02-03T12:25:32","slug":"thule-easyfold-3-kerekpartarto-945100","status":"publish","type":"product","link":"https:\/\/szereczauto.hu\/webshop\/termek\/thule-easyfold-3-kerekpartarto-945100\/","title":{"rendered":"Thule EasyFold 3"},"content":{"rendered":"<div class=\"mb-6\">\n<p class=\"paragraph text-color--gray80\"><strong>A Thule EasyFold 3<\/strong> teljesen \u00f6sszecsukhat\u00f3, nagy teherb\u00edr\u00e1s\u00fa von\u00f3horogra szerelhet\u0151 ker\u00e9kp\u00e1rtart\u00f3. A teljesen \u00f6sszecsukhat\u00f3 kialak\u00edt\u00e1s biztos\u00edtja, hogy k\u00f6nnyen t\u00e1rolhat\u00f3 \u00e9s sz\u00e1ll\u00edthat\u00f3 legyen, \u00f6sszhangban az akt\u00edv csal\u00e1dok \u00e9s a lelkes ker\u00e9kp\u00e1rosok ig\u00e9nyeivel egyar\u00e1nt. <strong>Haszn\u00e1lhat\u00f3 minden t\u00edpus\u00fa ker\u00e9kp\u00e1rhoz. <\/strong>Bele\u00e9rtve az elektromos ker\u00e9kp\u00e1rokat \u00e9s a gyermek ker\u00e9kp\u00e1rokat is. A be- \u00e9s kikattinthat\u00f3 ker\u00e9kp\u00e1r-r\u00f6gz\u00edt\u0151karok lehet\u0151v\u00e9 teszik, hogy a ker\u00e9kp\u00e1rok k\u00f6nnyed\u00e9n egy k\u00e9zzel r\u00f6gz\u00edthet\u0151ek legyenek a tart\u00f3hoz. <strong>Alaphelyzetben h\u00e1rom darab ker\u00e9kp\u00e1r sz\u00e1ll\u00edt\u00e1s\u00e1ra alkalmas, amit egy adapterrel lehet n\u00e9gy ker\u00e9kp\u00e1rhoz b\u0151v\u00edteni.<\/strong> A Thule EasyFold 3 nemcsak a funkcion\u00e1lis ig\u00e9nyeinek felel meg, hanem eszt\u00e9tikailag is vonz\u00f3 modern diz\u00e1jnj\u00e1val, amely kieg\u00e9sz\u00edti a kort\u00e1rs aut\u00f3st\u00edlusokat. Az integr\u00e1lt l\u00e1mp\u00e1kkal \u00f6tv\u00f6zi a biztons\u00e1got a st\u00edlussal.<\/p>\n<\/div>\n<p>Jellemz\u0151i:<\/p>\n<ul>\n<li>Karbonv\u00e1zas ker\u00e9kp\u00e1rok sz\u00e1ll\u00edt\u00e1s\u00e1ra alkalmas.<\/li>\n<li>Maxim\u00e1lis ker\u00e9k\u00e1tm\u00e9r\u0151 29&#8243;.<\/li>\n<li>T\u00f6mege:22 kg<\/li>\n<li>Teherb\u00edr\u00e1sa 60 kg.<\/li>\n<li>M\u00e9rete 126 x 78 x 84 cm.<\/li>\n<li>M\u00e9rete \u00f6sszehajtva 31 x 78 x 84 cm.<\/li>\n<li>3 db ker\u00e9kp\u00e1r sz\u00e1ll\u00edt\u00e1s\u00e1ra alkalmas.<\/li>\n<li>1 db sz\u00e1ll\u00edthat\u00f3 ker\u00e9kp\u00e1r maxim\u00e1lis t\u00f6mege 30 kg.<\/li>\n<li>A sz\u00e1ll\u00edtott ker\u00e9kp\u00e1rok k\u00f6z\u00f6tti ker\u00e9kt\u00e1vols\u00e1g 19 cm.<\/li>\n<li>Sz\u00e1ll\u00edthat\u00f3 ker\u00e9kp\u00e1rok v\u00e1z\u00e1tm\u00e9r\u0151je 20-90 mm.<\/li>\n<li>Kerekeket r\u00f6gz\u00edteni az \u00e1ll\u00edthat\u00f3 tart\u00f3kra racsnis csatokkal lehet.<\/li>\n<li>A ker\u00e9kp\u00e1rokat a tart\u00f3hoz, a tart\u00f3t pedig az aut\u00f3hoz lehet z\u00e1rni.<\/li>\n<li>Egy k\u00e9zzel kattinthat\u00f3 v\u00e1ztart\u00f3k k\u00f6nnyen levehet\u0151k illetve felrakhat\u00f3k .<\/li>\n<li>A tart\u00f3 ker\u00e9kp\u00e1rokkal egy\u00fctt, egy l\u00e1bped\u00e1llal lebillenthet\u0151, \u00e9s \u00edgy a csomagtart\u00f3 hozz\u00e1f\u00e9rhet\u0151.<\/li>\n<li>A ker\u00e9kp\u00e1rtart\u00f3 csatlakoz\u00f3 aljzata 13 p\u00f3lus\u00fa.<\/li>\n<li>T\u00dcV\/Eurobe tan\u00fas\u00edtv\u00e1nnyal rendelkezik.<\/li>\n<li>Teljes\u00edti a City Crash szabv\u00e1ny el\u0151\u00edr\u00e1sait.<\/li>\n<\/ul>\n<p>Aj\u00e1nlott tartoz\u00e9kok a Thule EasyFold 3 ker\u00e9kp\u00e1rtart\u00f3hoz:<\/p>\n<ul>\n<li>Adapter 4. ker\u00e9kp\u00e1r sz\u00e1ll\u00edt\u00e1s\u00e1hoz.<\/li>\n<li>T\u00e1rol\u00f3 t\u00e1ska.<\/li>\n<li>R\u00e1mpa.<\/li>\n<li>Thule Santu h\u00e1ts\u00f3-boksz<\/li>\n<li>Ker\u00e9kp\u00e1rv\u00e9d\u0151<\/li>\n<li>Ker\u00e9ksz\u00edjz\u00e1r<\/li>\n<li>Extra hossz\u00fa ker\u00e9kr\u00f6gz\u00edt\u0151 sz\u00edj<\/li>\n<\/ul>\n<p style=\"text-align: left;\"><span style=\"color: #000000;\"><strong>K\u00e9rd\u00e9se van, seg\u00edts\u00e9gre van sz\u00fcks\u00e9ge! &#8211;<\/strong><span style=\"color: #3366ff;\"><a style=\"color: #3366ff;\" href=\"http:\/\/szereczauto.hu\/kerdezzen\/\" target=\"_blank\" rel=\"noopener noreferrer\"><strong> Itt l\u00e9phet kapcsolatba vel\u00fcnk!<\/strong><\/a><\/span><\/span><\/p>\n","protected":false},"excerpt":{"rendered":"<p><strong><span style=\"color: #808080;\">Teljesen \u00f6sszecsukhat\u00f3 von\u00f3horogra szerelhet\u0151 ker\u00e9kp\u00e1rtart\u00f3.<\/span><\/strong><\/p>\n<p><iframe loading=\"lazy\" title=\"YouTube video player\" src=\"https:\/\/www.youtube.com\/embed\/XNd_TVSz1WU?si=quR-fSe3yTd7dwwi\" width=\"560\" height=\"315\" frameborder=\"0\" allowfullscreen=\"allowfullscreen\"><\/iframe><\/p>\n","protected":false},"featured_media":23629,"comment_status":"open","ping_status":"closed","template":"","meta":{"_et_pb_use_builder":"","_et_pb_old_content":"","_et_gb_content_width":"","wp_popup_display_lightbox":0,"wp_popup_suppress":"","wp_popup_trigger":"","wp_popup_trigger_amount":0,"wp_popup_disable_on_mobile":false},"product_brand":[],"product_cat":[57,49,68],"product_tag":[],"class_list":{"0":"post-19793","1":"product","2":"type-product","3":"status-publish","4":"has-post-thumbnail","6":"product_cat-thule-kerekpartartok","7":"product_cat-thule_termekek","8":"product_cat-vonohorogra","10":"first","11":"instock","12":"shipping-taxable","13":"purchasable","14":"product-type-simple"},"yoast_head":"<!-- This site is optimized with the Yoast SEO plugin v27.4 - https:\/\/yoast.com\/product\/yoast-seo-wordpress\/ -->\n<title>Thule EasyFold 3 &#187; Szerecz Aut\u00f3alkatr\u00e9sz Web\u00e1ruh\u00e1z<\/title>\n<meta name=\"robots\" content=\"index, follow, max-snippet:-1, max-image-preview:large, max-video-preview:-1\" \/>\n<link rel=\"canonical\" href=\"https:\/\/szereczauto.hu\/webshop\/termek\/thule-easyfold-3-kerekpartarto-945100\/\" \/>\n<meta property=\"og:locale\" content=\"hu_HU\" \/>\n<meta property=\"og:type\" content=\"article\" \/>\n<meta property=\"og:title\" content=\"Thule EasyFold 3 &#187; Szerecz Aut\u00f3alkatr\u00e9sz Web\u00e1ruh\u00e1z\" \/>\n<meta property=\"og:description\" content=\"Teljesen \u00f6sszecsukhat\u00f3 von\u00f3horogra szerelhet\u0151 ker\u00e9kp\u00e1rtart\u00f3.\" \/>\n<meta property=\"og:url\" content=\"https:\/\/szereczauto.hu\/webshop\/termek\/thule-easyfold-3-kerekpartarto-945100\/\" \/>\n<meta property=\"og:site_name\" content=\"Szerecz Aut\u00f3alkatr\u00e9sz Web\u00e1ruh\u00e1z\" \/>\n<meta property=\"article:publisher\" content=\"https:\/\/www.facebook.com\/szereczauto\/\" \/>\n<meta property=\"article:modified_time\" content=\"2026-02-03T12:25:32+00:00\" \/>\n<meta property=\"og:image\" content=\"https:\/\/szereczauto.hu\/webshop\/wp-content\/uploads\/2021\/02\/ThuleEasyFold3_3B_Iso_P_945100.jpg\" \/>\n\t<meta property=\"og:image:width\" content=\"800\" \/>\n\t<meta property=\"og:image:height\" content=\"800\" \/>\n\t<meta property=\"og:image:type\" content=\"image\/jpeg\" \/>\n<script type=\"application\/ld+json\" class=\"yoast-schema-graph\">{\"@context\":\"https:\\\/\\\/schema.org\",\"@graph\":[{\"@type\":\"WebPage\",\"@id\":\"https:\\\/\\\/szereczauto.hu\\\/webshop\\\/termek\\\/thule-easyfold-3-kerekpartarto-945100\\\/\",\"url\":\"https:\\\/\\\/szereczauto.hu\\\/webshop\\\/termek\\\/thule-easyfold-3-kerekpartarto-945100\\\/\",\"name\":\"Thule EasyFold 3 &#187; Szerecz Aut\u00f3alkatr\u00e9sz Web\u00e1ruh\u00e1z\",\"isPartOf\":{\"@id\":\"https:\\\/\\\/szereczauto.hu\\\/webshop\\\/#website\"},\"primaryImageOfPage\":{\"@id\":\"https:\\\/\\\/szereczauto.hu\\\/webshop\\\/termek\\\/thule-easyfold-3-kerekpartarto-945100\\\/#primaryimage\"},\"image\":{\"@id\":\"https:\\\/\\\/szereczauto.hu\\\/webshop\\\/termek\\\/thule-easyfold-3-kerekpartarto-945100\\\/#primaryimage\"},\"thumbnailUrl\":\"https:\\\/\\\/szereczauto.hu\\\/webshop\\\/wp-content\\\/uploads\\\/2021\\\/02\\\/ThuleEasyFold3_3B_Iso_P_945100.jpg\",\"datePublished\":\"2021-02-20T09:09:55+00:00\",\"dateModified\":\"2026-02-03T12:25:32+00:00\",\"breadcrumb\":{\"@id\":\"https:\\\/\\\/szereczauto.hu\\\/webshop\\\/termek\\\/thule-easyfold-3-kerekpartarto-945100\\\/#breadcrumb\"},\"inLanguage\":\"hu\",\"potentialAction\":[{\"@type\":\"ReadAction\",\"target\":[\"https:\\\/\\\/szereczauto.hu\\\/webshop\\\/termek\\\/thule-easyfold-3-kerekpartarto-945100\\\/\"]}]},{\"@type\":\"ImageObject\",\"inLanguage\":\"hu\",\"@id\":\"https:\\\/\\\/szereczauto.hu\\\/webshop\\\/termek\\\/thule-easyfold-3-kerekpartarto-945100\\\/#primaryimage\",\"url\":\"https:\\\/\\\/szereczauto.hu\\\/webshop\\\/wp-content\\\/uploads\\\/2021\\\/02\\\/ThuleEasyFold3_3B_Iso_P_945100.jpg\",\"contentUrl\":\"https:\\\/\\\/szereczauto.hu\\\/webshop\\\/wp-content\\\/uploads\\\/2021\\\/02\\\/ThuleEasyFold3_3B_Iso_P_945100.jpg\",\"width\":800,\"height\":800},{\"@type\":\"BreadcrumbList\",\"@id\":\"https:\\\/\\\/szereczauto.hu\\\/webshop\\\/termek\\\/thule-easyfold-3-kerekpartarto-945100\\\/#breadcrumb\",\"itemListElement\":[{\"@type\":\"ListItem\",\"position\":1,\"name\":\"Home\",\"item\":\"https:\\\/\\\/szereczauto.hu\\\/webshop\\\/\"},{\"@type\":\"ListItem\",\"position\":2,\"name\":\"Term\u00e9keink\",\"item\":\"https:\\\/\\\/szereczauto.hu\\\/webshop\\\/shop\\\/\"},{\"@type\":\"ListItem\",\"position\":3,\"name\":\"Thule EasyFold 3\"}]},{\"@type\":\"WebSite\",\"@id\":\"https:\\\/\\\/szereczauto.hu\\\/webshop\\\/#website\",\"url\":\"https:\\\/\\\/szereczauto.hu\\\/webshop\\\/\",\"name\":\"Szerecz Aut\u00f3alkatr\u00e9sz Web\u00e1ruh\u00e1z\",\"description\":\"Szerecz Aut\u00f3 Kft. - Thule term\u00e9kek, aut\u00f3alkatr\u00e9szek web\u00e1ruh\u00e1za\",\"publisher\":{\"@id\":\"https:\\\/\\\/szereczauto.hu\\\/webshop\\\/#organization\"},\"potentialAction\":[{\"@type\":\"SearchAction\",\"target\":{\"@type\":\"EntryPoint\",\"urlTemplate\":\"https:\\\/\\\/szereczauto.hu\\\/webshop\\\/?s={search_term_string}\"},\"query-input\":{\"@type\":\"PropertyValueSpecification\",\"valueRequired\":true,\"valueName\":\"search_term_string\"}}],\"inLanguage\":\"hu\"},{\"@type\":\"Organization\",\"@id\":\"https:\\\/\\\/szereczauto.hu\\\/webshop\\\/#organization\",\"name\":\"Szerecz Aut\u00f3alkatr\u00e9sz Web\u00e1ruh\u00e1z\",\"url\":\"https:\\\/\\\/szereczauto.hu\\\/webshop\\\/\",\"logo\":{\"@type\":\"ImageObject\",\"inLanguage\":\"hu\",\"@id\":\"https:\\\/\\\/szereczauto.hu\\\/webshop\\\/#\\\/schema\\\/logo\\\/image\\\/\",\"url\":\"https:\\\/\\\/szereczauto.hu\\\/webshop\\\/wp-content\\\/uploads\\\/2018\\\/12\\\/Szerecz_fav_2018.png\",\"contentUrl\":\"https:\\\/\\\/szereczauto.hu\\\/webshop\\\/wp-content\\\/uploads\\\/2018\\\/12\\\/Szerecz_fav_2018.png\",\"width\":512,\"height\":512,\"caption\":\"Szerecz Aut\u00f3alkatr\u00e9sz Web\u00e1ruh\u00e1z\"},\"image\":{\"@id\":\"https:\\\/\\\/szereczauto.hu\\\/webshop\\\/#\\\/schema\\\/logo\\\/image\\\/\"},\"sameAs\":[\"https:\\\/\\\/www.facebook.com\\\/szereczauto\\\/\",\"https:\\\/\\\/www.youtube.com\\\/channel\\\/UCGA5LXUmL_i2xDxT2GNNEBQ\"]}]}<\/script>\n<!-- \/ Yoast SEO plugin. -->","yoast_head_json":{"title":"Thule EasyFold 3 &#187; Szerecz Aut\u00f3alkatr\u00e9sz Web\u00e1ruh\u00e1z","robots":{"index":"index","follow":"follow","max-snippet":"max-snippet:-1","max-image-preview":"max-image-preview:large","max-video-preview":"max-video-preview:-1"},"canonical":"https:\/\/szereczauto.hu\/webshop\/termek\/thule-easyfold-3-kerekpartarto-945100\/","og_locale":"hu_HU","og_type":"article","og_title":"Thule EasyFold 3 &#187; Szerecz Aut\u00f3alkatr\u00e9sz Web\u00e1ruh\u00e1z","og_description":"Teljesen \u00f6sszecsukhat\u00f3 von\u00f3horogra szerelhet\u0151 ker\u00e9kp\u00e1rtart\u00f3.","og_url":"https:\/\/szereczauto.hu\/webshop\/termek\/thule-easyfold-3-kerekpartarto-945100\/","og_site_name":"Szerecz Aut\u00f3alkatr\u00e9sz Web\u00e1ruh\u00e1z","article_publisher":"https:\/\/www.facebook.com\/szereczauto\/","article_modified_time":"2026-02-03T12:25:32+00:00","og_image":[{"width":800,"height":800,"url":"https:\/\/szereczauto.hu\/webshop\/wp-content\/uploads\/2021\/02\/ThuleEasyFold3_3B_Iso_P_945100.jpg","type":"image\/jpeg"}],"schema":{"@context":"https:\/\/schema.org","@graph":[{"@type":"WebPage","@id":"https:\/\/szereczauto.hu\/webshop\/termek\/thule-easyfold-3-kerekpartarto-945100\/","url":"https:\/\/szereczauto.hu\/webshop\/termek\/thule-easyfold-3-kerekpartarto-945100\/","name":"Thule EasyFold 3 &#187; Szerecz Aut\u00f3alkatr\u00e9sz Web\u00e1ruh\u00e1z","isPartOf":{"@id":"https:\/\/szereczauto.hu\/webshop\/#website"},"primaryImageOfPage":{"@id":"https:\/\/szereczauto.hu\/webshop\/termek\/thule-easyfold-3-kerekpartarto-945100\/#primaryimage"},"image":{"@id":"https:\/\/szereczauto.hu\/webshop\/termek\/thule-easyfold-3-kerekpartarto-945100\/#primaryimage"},"thumbnailUrl":"https:\/\/szereczauto.hu\/webshop\/wp-content\/uploads\/2021\/02\/ThuleEasyFold3_3B_Iso_P_945100.jpg","datePublished":"2021-02-20T09:09:55+00:00","dateModified":"2026-02-03T12:25:32+00:00","breadcrumb":{"@id":"https:\/\/szereczauto.hu\/webshop\/termek\/thule-easyfold-3-kerekpartarto-945100\/#breadcrumb"},"inLanguage":"hu","potentialAction":[{"@type":"ReadAction","target":["https:\/\/szereczauto.hu\/webshop\/termek\/thule-easyfold-3-kerekpartarto-945100\/"]}]},{"@type":"ImageObject","inLanguage":"hu","@id":"https:\/\/szereczauto.hu\/webshop\/termek\/thule-easyfold-3-kerekpartarto-945100\/#primaryimage","url":"https:\/\/szereczauto.hu\/webshop\/wp-content\/uploads\/2021\/02\/ThuleEasyFold3_3B_Iso_P_945100.jpg","contentUrl":"https:\/\/szereczauto.hu\/webshop\/wp-content\/uploads\/2021\/02\/ThuleEasyFold3_3B_Iso_P_945100.jpg","width":800,"height":800},{"@type":"BreadcrumbList","@id":"https:\/\/szereczauto.hu\/webshop\/termek\/thule-easyfold-3-kerekpartarto-945100\/#breadcrumb","itemListElement":[{"@type":"ListItem","position":1,"name":"Home","item":"https:\/\/szereczauto.hu\/webshop\/"},{"@type":"ListItem","position":2,"name":"Term\u00e9keink","item":"https:\/\/szereczauto.hu\/webshop\/shop\/"},{"@type":"ListItem","position":3,"name":"Thule EasyFold 3"}]},{"@type":"WebSite","@id":"https:\/\/szereczauto.hu\/webshop\/#website","url":"https:\/\/szereczauto.hu\/webshop\/","name":"Szerecz Aut\u00f3alkatr\u00e9sz Web\u00e1ruh\u00e1z","description":"Szerecz Aut\u00f3 Kft. - Thule term\u00e9kek, aut\u00f3alkatr\u00e9szek web\u00e1ruh\u00e1za","publisher":{"@id":"https:\/\/szereczauto.hu\/webshop\/#organization"},"potentialAction":[{"@type":"SearchAction","target":{"@type":"EntryPoint","urlTemplate":"https:\/\/szereczauto.hu\/webshop\/?s={search_term_string}"},"query-input":{"@type":"PropertyValueSpecification","valueRequired":true,"valueName":"search_term_string"}}],"inLanguage":"hu"},{"@type":"Organization","@id":"https:\/\/szereczauto.hu\/webshop\/#organization","name":"Szerecz Aut\u00f3alkatr\u00e9sz Web\u00e1ruh\u00e1z","url":"https:\/\/szereczauto.hu\/webshop\/","logo":{"@type":"ImageObject","inLanguage":"hu","@id":"https:\/\/szereczauto.hu\/webshop\/#\/schema\/logo\/image\/","url":"https:\/\/szereczauto.hu\/webshop\/wp-content\/uploads\/2018\/12\/Szerecz_fav_2018.png","contentUrl":"https:\/\/szereczauto.hu\/webshop\/wp-content\/uploads\/2018\/12\/Szerecz_fav_2018.png","width":512,"height":512,"caption":"Szerecz Aut\u00f3alkatr\u00e9sz Web\u00e1ruh\u00e1z"},"image":{"@id":"https:\/\/szereczauto.hu\/webshop\/#\/schema\/logo\/image\/"},"sameAs":["https:\/\/www.facebook.com\/szereczauto\/","https:\/\/www.youtube.com\/channel\/UCGA5LXUmL_i2xDxT2GNNEBQ"]}]}},"_links":{"self":[{"href":"https:\/\/szereczauto.hu\/webshop\/wp-json\/wp\/v2\/product\/19793","targetHints":{"allow":["GET"]}}],"collection":[{"href":"https:\/\/szereczauto.hu\/webshop\/wp-json\/wp\/v2\/product"}],"about":[{"href":"https:\/\/szereczauto.hu\/webshop\/wp-json\/wp\/v2\/types\/product"}],"replies":[{"embeddable":true,"href":"https:\/\/szereczauto.hu\/webshop\/wp-json\/wp\/v2\/comments?post=19793"}],"wp:featuredmedia":[{"embeddable":true,"href":"https:\/\/szereczauto.hu\/webshop\/wp-json\/wp\/v2\/media\/23629"}],"wp:attachment":[{"href":"https:\/\/szereczauto.hu\/webshop\/wp-json\/wp\/v2\/media?parent=19793"}],"wp:term":[{"taxonomy":"product_brand","embeddable":true,"href":"https:\/\/szereczauto.hu\/webshop\/wp-json\/wp\/v2\/product_brand?post=19793"},{"taxonomy":"product_cat","embeddable":true,"href":"https:\/\/szereczauto.hu\/webshop\/wp-json\/wp\/v2\/product_cat?post=19793"},{"taxonomy":"product_tag","embeddable":true,"href":"https:\/\/szereczauto.hu\/webshop\/wp-json\/wp\/v2\/product_tag?post=19793"}],"curies":[{"name":"wp","href":"https:\/\/api.w.org\/{rel}","templated":true}]}}