{"id":1950,"date":"2015-07-31T20:40:33","date_gmt":"2015-07-31T18:40:33","guid":{"rendered":"http:\/\/szereczauto.hu\/webshop\/termek\/autotakaro-ponyva-xl\/"},"modified":"2021-11-29T14:16:56","modified_gmt":"2021-11-29T12:16:56","slug":"autotakaro-ponyva-xl","status":"publish","type":"product","link":"https:\/\/szereczauto.hu\/webshop\/termek\/autotakaro-ponyva-xl\/","title":{"rendered":"Extra Er\u0151s Aut\u00f3takar\u00f3 Ponyva (XL)"},"content":{"rendered":"<p><strong>Extra er\u0151s univerz\u00e1lis aut\u00f3takar\u00f3 ponyva.<\/strong><\/p>\n<p>L\u00e9g\u00e1tereszt\u0151, v\u00e9d az id\u0151j\u00e1r\u00e1s viszontags\u00e1gai ellen (pl. sz\u00e9l, uv, csapad\u00e9k.) \u00d6nmag\u00e1ban nem v\u00e9d a j\u00e9ges\u0151 ellen.<br \/>\nCsomagol\u00e1sa v\u00edz\u00e1ll\u00f3 hordoz\u00f3 t\u00e1ska.<\/p>\n<p><strong>M\u00e9rete: XL (533x177x120 cm)<\/strong><\/p>\n<p><strong><a href=\"http:\/\/szereczauto.hu\/webshop\/wp-content\/uploads\/2015\/07\/ponyva-ajanlas-xl.pdf\" target=\"_blank\" rel=\"noopener\">Itt tekintheti meg, hogy mely aut\u00f3khoz aj\u00e1nlott ez a term\u00e9k!<\/a><\/strong><\/p>\n","protected":false},"excerpt":{"rendered":"<p>Extra er\u0151s univerz\u00e1lis aut\u00f3takar\u00f3 ponyva. L\u00e9g\u00e1tereszt\u0151, v\u00e9d az id\u0151j\u00e1r\u00e1s viszontags\u00e1gai ellen (pl. sz\u00e9l, uv, csapad\u00e9k.) \u00d6nmag\u00e1ban nem v\u00e9d a j\u00e9ges\u0151 ellen. Csomagol\u00e1sa v\u00edz\u00e1ll\u00f3 hordoz\u00f3 t\u00e1ska. M\u00e9rete: XL (533x177x120 cm) Itt tekintheti meg, hogy mely aut\u00f3khoz aj\u00e1nlott ez a term\u00e9k!<\/p>\n","protected":false},"featured_media":1946,"comment_status":"open","ping_status":"closed","template":"","meta":{"_et_pb_use_builder":"","_et_pb_old_content":"","_et_gb_content_width":"","wp_popup_display_lightbox":0,"wp_popup_suppress":"","wp_popup_trigger":"","wp_popup_trigger_amount":0,"wp_popup_disable_on_mobile":false},"product_brand":[],"product_cat":[75,117],"product_tag":[],"class_list":{"0":"post-1950","1":"product","2":"type-product","3":"status-publish","4":"has-post-thumbnail","6":"product_cat-autofelszerelesek","7":"product_cat-ponyvak","8":"pa_bukosisak-merete-l","9":"pa_bukosisak-merete-m","10":"pa_bukosisak-merete-s","11":"pa_bukosisak-merete-xl","12":"pa_bukosisak-merete-xxl","13":"pa_plexi-szine-atlatszo","14":"pa_plexi-szine-sotetitett","16":"first","17":"instock","18":"shipping-taxable","19":"purchasable","20":"product-type-simple"},"yoast_head":"<!-- This site is optimized with the Yoast SEO plugin v27.3 - https:\/\/yoast.com\/product\/yoast-seo-wordpress\/ -->\n<title>Extra Er\u0151s Aut\u00f3takar\u00f3 Ponyva (XL) &#187; Szerecz Aut\u00f3alkatr\u00e9sz Web\u00e1ruh\u00e1z<\/title>\n<meta name=\"robots\" content=\"index, follow, max-snippet:-1, max-image-preview:large, max-video-preview:-1\" \/>\n<link rel=\"canonical\" href=\"https:\/\/szereczauto.hu\/webshop\/termek\/autotakaro-ponyva-xl\/\" \/>\n<meta property=\"og:locale\" content=\"hu_HU\" \/>\n<meta property=\"og:type\" content=\"article\" \/>\n<meta property=\"og:title\" content=\"Extra Er\u0151s Aut\u00f3takar\u00f3 Ponyva (XL) &#187; Szerecz Aut\u00f3alkatr\u00e9sz Web\u00e1ruh\u00e1z\" \/>\n<meta property=\"og:description\" content=\"Extra er\u0151s univerz\u00e1lis aut\u00f3takar\u00f3 ponyva. L\u00e9g\u00e1tereszt\u0151, v\u00e9d az id\u0151j\u00e1r\u00e1s viszontags\u00e1gai ellen (pl. sz\u00e9l, uv, csapad\u00e9k.) \u00d6nmag\u00e1ban nem v\u00e9d a j\u00e9ges\u0151 ellen. Csomagol\u00e1sa v\u00edz\u00e1ll\u00f3 hordoz\u00f3 t\u00e1ska. M\u00e9rete: XL (533x177x120 cm) Itt tekintheti meg, hogy mely aut\u00f3khoz aj\u00e1nlott ez a term\u00e9k!\" \/>\n<meta property=\"og:url\" content=\"https:\/\/szereczauto.hu\/webshop\/termek\/autotakaro-ponyva-xl\/\" \/>\n<meta property=\"og:site_name\" content=\"Szerecz Aut\u00f3alkatr\u00e9sz Web\u00e1ruh\u00e1z\" \/>\n<meta property=\"article:publisher\" content=\"https:\/\/www.facebook.com\/szereczauto\/\" \/>\n<meta property=\"article:modified_time\" content=\"2021-11-29T12:16:56+00:00\" \/>\n<meta property=\"og:image\" content=\"https:\/\/szereczauto.hu\/webshop\/wp-content\/uploads\/2015\/07\/autopnyvasmlxl.jpg\" \/>\n\t<meta property=\"og:image:width\" content=\"800\" \/>\n\t<meta property=\"og:image:height\" content=\"800\" \/>\n\t<meta property=\"og:image:type\" content=\"image\/jpeg\" \/>\n<script type=\"application\/ld+json\" class=\"yoast-schema-graph\">{\"@context\":\"https:\\\/\\\/schema.org\",\"@graph\":[{\"@type\":\"WebPage\",\"@id\":\"https:\\\/\\\/szereczauto.hu\\\/webshop\\\/termek\\\/autotakaro-ponyva-xl\\\/\",\"url\":\"https:\\\/\\\/szereczauto.hu\\\/webshop\\\/termek\\\/autotakaro-ponyva-xl\\\/\",\"name\":\"Extra Er\u0151s Aut\u00f3takar\u00f3 Ponyva (XL) &#187; Szerecz Aut\u00f3alkatr\u00e9sz Web\u00e1ruh\u00e1z\",\"isPartOf\":{\"@id\":\"https:\\\/\\\/szereczauto.hu\\\/webshop\\\/#website\"},\"primaryImageOfPage\":{\"@id\":\"https:\\\/\\\/szereczauto.hu\\\/webshop\\\/termek\\\/autotakaro-ponyva-xl\\\/#primaryimage\"},\"image\":{\"@id\":\"https:\\\/\\\/szereczauto.hu\\\/webshop\\\/termek\\\/autotakaro-ponyva-xl\\\/#primaryimage\"},\"thumbnailUrl\":\"https:\\\/\\\/szereczauto.hu\\\/webshop\\\/wp-content\\\/uploads\\\/2015\\\/07\\\/autopnyvasmlxl.jpg\",\"datePublished\":\"2015-07-31T18:40:33+00:00\",\"dateModified\":\"2021-11-29T12:16:56+00:00\",\"breadcrumb\":{\"@id\":\"https:\\\/\\\/szereczauto.hu\\\/webshop\\\/termek\\\/autotakaro-ponyva-xl\\\/#breadcrumb\"},\"inLanguage\":\"hu\",\"potentialAction\":[{\"@type\":\"ReadAction\",\"target\":[\"https:\\\/\\\/szereczauto.hu\\\/webshop\\\/termek\\\/autotakaro-ponyva-xl\\\/\"]}]},{\"@type\":\"ImageObject\",\"inLanguage\":\"hu\",\"@id\":\"https:\\\/\\\/szereczauto.hu\\\/webshop\\\/termek\\\/autotakaro-ponyva-xl\\\/#primaryimage\",\"url\":\"https:\\\/\\\/szereczauto.hu\\\/webshop\\\/wp-content\\\/uploads\\\/2015\\\/07\\\/autopnyvasmlxl.jpg\",\"contentUrl\":\"https:\\\/\\\/szereczauto.hu\\\/webshop\\\/wp-content\\\/uploads\\\/2015\\\/07\\\/autopnyvasmlxl.jpg\",\"width\":800,\"height\":800},{\"@type\":\"BreadcrumbList\",\"@id\":\"https:\\\/\\\/szereczauto.hu\\\/webshop\\\/termek\\\/autotakaro-ponyva-xl\\\/#breadcrumb\",\"itemListElement\":[{\"@type\":\"ListItem\",\"position\":1,\"name\":\"Home\",\"item\":\"https:\\\/\\\/szereczauto.hu\\\/webshop\\\/\"},{\"@type\":\"ListItem\",\"position\":2,\"name\":\"Term\u00e9keink\",\"item\":\"https:\\\/\\\/szereczauto.hu\\\/webshop\\\/shop\\\/\"},{\"@type\":\"ListItem\",\"position\":3,\"name\":\"Extra Er\u0151s Aut\u00f3takar\u00f3 Ponyva (XL)\"}]},{\"@type\":\"WebSite\",\"@id\":\"https:\\\/\\\/szereczauto.hu\\\/webshop\\\/#website\",\"url\":\"https:\\\/\\\/szereczauto.hu\\\/webshop\\\/\",\"name\":\"Szerecz Aut\u00f3alkatr\u00e9sz Web\u00e1ruh\u00e1z\",\"description\":\"Szerecz Aut\u00f3 Kft. - Thule term\u00e9kek, aut\u00f3alkatr\u00e9szek web\u00e1ruh\u00e1za\",\"publisher\":{\"@id\":\"https:\\\/\\\/szereczauto.hu\\\/webshop\\\/#organization\"},\"potentialAction\":[{\"@type\":\"SearchAction\",\"target\":{\"@type\":\"EntryPoint\",\"urlTemplate\":\"https:\\\/\\\/szereczauto.hu\\\/webshop\\\/?s={search_term_string}\"},\"query-input\":{\"@type\":\"PropertyValueSpecification\",\"valueRequired\":true,\"valueName\":\"search_term_string\"}}],\"inLanguage\":\"hu\"},{\"@type\":\"Organization\",\"@id\":\"https:\\\/\\\/szereczauto.hu\\\/webshop\\\/#organization\",\"name\":\"Szerecz Aut\u00f3alkatr\u00e9sz Web\u00e1ruh\u00e1z\",\"url\":\"https:\\\/\\\/szereczauto.hu\\\/webshop\\\/\",\"logo\":{\"@type\":\"ImageObject\",\"inLanguage\":\"hu\",\"@id\":\"https:\\\/\\\/szereczauto.hu\\\/webshop\\\/#\\\/schema\\\/logo\\\/image\\\/\",\"url\":\"https:\\\/\\\/szereczauto.hu\\\/webshop\\\/wp-content\\\/uploads\\\/2018\\\/12\\\/Szerecz_fav_2018.png\",\"contentUrl\":\"https:\\\/\\\/szereczauto.hu\\\/webshop\\\/wp-content\\\/uploads\\\/2018\\\/12\\\/Szerecz_fav_2018.png\",\"width\":512,\"height\":512,\"caption\":\"Szerecz Aut\u00f3alkatr\u00e9sz Web\u00e1ruh\u00e1z\"},\"image\":{\"@id\":\"https:\\\/\\\/szereczauto.hu\\\/webshop\\\/#\\\/schema\\\/logo\\\/image\\\/\"},\"sameAs\":[\"https:\\\/\\\/www.facebook.com\\\/szereczauto\\\/\",\"https:\\\/\\\/www.youtube.com\\\/channel\\\/UCGA5LXUmL_i2xDxT2GNNEBQ\"]}]}<\/script>\n<!-- \/ Yoast SEO plugin. -->","yoast_head_json":{"title":"Extra Er\u0151s Aut\u00f3takar\u00f3 Ponyva (XL) &#187; Szerecz Aut\u00f3alkatr\u00e9sz Web\u00e1ruh\u00e1z","robots":{"index":"index","follow":"follow","max-snippet":"max-snippet:-1","max-image-preview":"max-image-preview:large","max-video-preview":"max-video-preview:-1"},"canonical":"https:\/\/szereczauto.hu\/webshop\/termek\/autotakaro-ponyva-xl\/","og_locale":"hu_HU","og_type":"article","og_title":"Extra Er\u0151s Aut\u00f3takar\u00f3 Ponyva (XL) &#187; Szerecz Aut\u00f3alkatr\u00e9sz Web\u00e1ruh\u00e1z","og_description":"Extra er\u0151s univerz\u00e1lis aut\u00f3takar\u00f3 ponyva. L\u00e9g\u00e1tereszt\u0151, v\u00e9d az id\u0151j\u00e1r\u00e1s viszontags\u00e1gai ellen (pl. sz\u00e9l, uv, csapad\u00e9k.) \u00d6nmag\u00e1ban nem v\u00e9d a j\u00e9ges\u0151 ellen. Csomagol\u00e1sa v\u00edz\u00e1ll\u00f3 hordoz\u00f3 t\u00e1ska. M\u00e9rete: XL (533x177x120 cm) Itt tekintheti meg, hogy mely aut\u00f3khoz aj\u00e1nlott ez a term\u00e9k!","og_url":"https:\/\/szereczauto.hu\/webshop\/termek\/autotakaro-ponyva-xl\/","og_site_name":"Szerecz Aut\u00f3alkatr\u00e9sz Web\u00e1ruh\u00e1z","article_publisher":"https:\/\/www.facebook.com\/szereczauto\/","article_modified_time":"2021-11-29T12:16:56+00:00","og_image":[{"width":800,"height":800,"url":"https:\/\/szereczauto.hu\/webshop\/wp-content\/uploads\/2015\/07\/autopnyvasmlxl.jpg","type":"image\/jpeg"}],"schema":{"@context":"https:\/\/schema.org","@graph":[{"@type":"WebPage","@id":"https:\/\/szereczauto.hu\/webshop\/termek\/autotakaro-ponyva-xl\/","url":"https:\/\/szereczauto.hu\/webshop\/termek\/autotakaro-ponyva-xl\/","name":"Extra Er\u0151s Aut\u00f3takar\u00f3 Ponyva (XL) &#187; Szerecz Aut\u00f3alkatr\u00e9sz Web\u00e1ruh\u00e1z","isPartOf":{"@id":"https:\/\/szereczauto.hu\/webshop\/#website"},"primaryImageOfPage":{"@id":"https:\/\/szereczauto.hu\/webshop\/termek\/autotakaro-ponyva-xl\/#primaryimage"},"image":{"@id":"https:\/\/szereczauto.hu\/webshop\/termek\/autotakaro-ponyva-xl\/#primaryimage"},"thumbnailUrl":"https:\/\/szereczauto.hu\/webshop\/wp-content\/uploads\/2015\/07\/autopnyvasmlxl.jpg","datePublished":"2015-07-31T18:40:33+00:00","dateModified":"2021-11-29T12:16:56+00:00","breadcrumb":{"@id":"https:\/\/szereczauto.hu\/webshop\/termek\/autotakaro-ponyva-xl\/#breadcrumb"},"inLanguage":"hu","potentialAction":[{"@type":"ReadAction","target":["https:\/\/szereczauto.hu\/webshop\/termek\/autotakaro-ponyva-xl\/"]}]},{"@type":"ImageObject","inLanguage":"hu","@id":"https:\/\/szereczauto.hu\/webshop\/termek\/autotakaro-ponyva-xl\/#primaryimage","url":"https:\/\/szereczauto.hu\/webshop\/wp-content\/uploads\/2015\/07\/autopnyvasmlxl.jpg","contentUrl":"https:\/\/szereczauto.hu\/webshop\/wp-content\/uploads\/2015\/07\/autopnyvasmlxl.jpg","width":800,"height":800},{"@type":"BreadcrumbList","@id":"https:\/\/szereczauto.hu\/webshop\/termek\/autotakaro-ponyva-xl\/#breadcrumb","itemListElement":[{"@type":"ListItem","position":1,"name":"Home","item":"https:\/\/szereczauto.hu\/webshop\/"},{"@type":"ListItem","position":2,"name":"Term\u00e9keink","item":"https:\/\/szereczauto.hu\/webshop\/shop\/"},{"@type":"ListItem","position":3,"name":"Extra Er\u0151s Aut\u00f3takar\u00f3 Ponyva (XL)"}]},{"@type":"WebSite","@id":"https:\/\/szereczauto.hu\/webshop\/#website","url":"https:\/\/szereczauto.hu\/webshop\/","name":"Szerecz Aut\u00f3alkatr\u00e9sz Web\u00e1ruh\u00e1z","description":"Szerecz Aut\u00f3 Kft. - Thule term\u00e9kek, aut\u00f3alkatr\u00e9szek web\u00e1ruh\u00e1za","publisher":{"@id":"https:\/\/szereczauto.hu\/webshop\/#organization"},"potentialAction":[{"@type":"SearchAction","target":{"@type":"EntryPoint","urlTemplate":"https:\/\/szereczauto.hu\/webshop\/?s={search_term_string}"},"query-input":{"@type":"PropertyValueSpecification","valueRequired":true,"valueName":"search_term_string"}}],"inLanguage":"hu"},{"@type":"Organization","@id":"https:\/\/szereczauto.hu\/webshop\/#organization","name":"Szerecz Aut\u00f3alkatr\u00e9sz Web\u00e1ruh\u00e1z","url":"https:\/\/szereczauto.hu\/webshop\/","logo":{"@type":"ImageObject","inLanguage":"hu","@id":"https:\/\/szereczauto.hu\/webshop\/#\/schema\/logo\/image\/","url":"https:\/\/szereczauto.hu\/webshop\/wp-content\/uploads\/2018\/12\/Szerecz_fav_2018.png","contentUrl":"https:\/\/szereczauto.hu\/webshop\/wp-content\/uploads\/2018\/12\/Szerecz_fav_2018.png","width":512,"height":512,"caption":"Szerecz Aut\u00f3alkatr\u00e9sz Web\u00e1ruh\u00e1z"},"image":{"@id":"https:\/\/szereczauto.hu\/webshop\/#\/schema\/logo\/image\/"},"sameAs":["https:\/\/www.facebook.com\/szereczauto\/","https:\/\/www.youtube.com\/channel\/UCGA5LXUmL_i2xDxT2GNNEBQ"]}]}},"_links":{"self":[{"href":"https:\/\/szereczauto.hu\/webshop\/wp-json\/wp\/v2\/product\/1950","targetHints":{"allow":["GET"]}}],"collection":[{"href":"https:\/\/szereczauto.hu\/webshop\/wp-json\/wp\/v2\/product"}],"about":[{"href":"https:\/\/szereczauto.hu\/webshop\/wp-json\/wp\/v2\/types\/product"}],"replies":[{"embeddable":true,"href":"https:\/\/szereczauto.hu\/webshop\/wp-json\/wp\/v2\/comments?post=1950"}],"wp:featuredmedia":[{"embeddable":true,"href":"https:\/\/szereczauto.hu\/webshop\/wp-json\/wp\/v2\/media\/1946"}],"wp:attachment":[{"href":"https:\/\/szereczauto.hu\/webshop\/wp-json\/wp\/v2\/media?parent=1950"}],"wp:term":[{"taxonomy":"product_brand","embeddable":true,"href":"https:\/\/szereczauto.hu\/webshop\/wp-json\/wp\/v2\/product_brand?post=1950"},{"taxonomy":"product_cat","embeddable":true,"href":"https:\/\/szereczauto.hu\/webshop\/wp-json\/wp\/v2\/product_cat?post=1950"},{"taxonomy":"product_tag","embeddable":true,"href":"https:\/\/szereczauto.hu\/webshop\/wp-json\/wp\/v2\/product_tag?post=1950"}],"curies":[{"name":"wp","href":"https:\/\/api.w.org\/{rel}","templated":true}]}}