{"id":19281,"date":"2021-02-10T11:40:36","date_gmt":"2021-02-10T09:40:36","guid":{"rendered":"https:\/\/szereczauto.hu\/webshop\/?post_type=product&#038;p=19281"},"modified":"2025-01-24T13:15:13","modified_gmt":"2025-01-24T11:15:13","slug":"thule-wingbar-evo-raised-rail-118cm-71047122","status":"publish","type":"product","link":"https:\/\/szereczauto.hu\/webshop\/termek\/thule-wingbar-evo-raised-rail-118cm-71047122\/","title":{"rendered":"Thule Squarebar Evo Raised Rail (118cm)"},"content":{"rendered":"<p><strong>Komplett Thule tet\u0151csomagtart\u00f3 rendszer, tet\u0151korl\u00e1ttal rendelkez\u0151 aut\u00f3khoz.<\/strong> Ez a csomagtart\u00f3rendszer tartalmaz :<\/p>\n<p><strong>1 garnit\u00fara\u00a0 Thule Evo Raised Rail k\u00f6nnyen felszerelhet\u0151 tet\u0151csomagtart\u00f3 talpk\u00e9szlet, melynek jellemz\u0151i:<\/strong><\/p>\n<ul>\n<li style=\"list-style-type: none;\">\n<ul>\n<li>A Thule Evo csomagtart\u00f3 rendszerekhez haszn\u00e1lhat\u00f3.<\/li>\n<li>A csomagtart\u00f3talp k\u00e9szlet teherb\u00edr\u00e1sa: 100 kg, vegye figyelembe az aut\u00f3 tet\u0151terhelhet\u0151s\u00e9g\u00e9t.<\/li>\n<li>A tet\u0151csomagtart\u00f3 talp k\u00e9szlet k\u00f6nnyen felszerelhet\u0151, tet\u0151korl\u00e1ttal rendelkez\u0151 aut\u00f3kra.<\/li>\n<li>Minden olyan aut\u00f3ra r\u00f6gz\u00edthet\u0151, ami rendelkezik\u00a0 22-55 mm m\u00e9ret\u0171 tet\u0151korl\u00e1ttal.<\/li>\n<li>Ergonomikus,nyomat\u00e9kszab\u00e1lyz\u00f3s szersz\u00e1m jelzi, hogy a csomagtart\u00f3 megfelel\u0151en van r\u00f6gz\u00edtve az aut\u00f3ra.<\/li>\n<li>A csomagtart\u00f3 talpk\u00e9szlet gumibet\u00e9tjei v\u00e9dik az aut\u00f3 tet\u0151korl\u00e1tj\u00e1nak fel\u00fclet\u00e9t \u00e9s biztos\u00edtj\u00e1k a t\u00f6k\u00e9letes illeszked\u00e9st.<\/li>\n<li>Csomagol\u00e1sa tartalmaz 4 db Thule Evo Raised Rail csomagtart\u00f3 talpat, 1 garnit\u00fara z\u00e1rk\u00e9szletet, 2 db kulcsot, a r\u00f6gz\u00edt\u00e9shez sz\u00fcks\u00e9ges nyomat\u00e9khat\u00e1rol\u00f3s szersz\u00e1mot, \u00e9s szerel\u00e9si le\u00edr\u00e1st.<\/li>\n<li>T\u00dcV tan\u00fas\u00edtv\u00e1nnyal rendelkezik.<\/li>\n<li>Teljes\u00edti a City Crash szabv\u00e1ny el\u0151\u00edr\u00e1sait.<\/li>\n<\/ul>\n<\/li>\n<\/ul>\n<p>A Thule WingBar Evo, a Thule WingBar, a Thule SlideBar, a Thule SquareBar, \u00e9s a Thule ProfessionalBar tet\u0151csomagtart\u00f3-rudakhoz egyar\u00e1nt felhaszn\u00e1lhat\u00f3.<\/p>\n<p><strong>1 p\u00e1r Thule SquraeBar Evo sz\u00f6gletes ac\u00e9l csomagtart\u00f3 rudat tart\u00f3s m\u0171anyag bevonattal.<br \/>\n<\/strong><\/p>\n<p>A Thule Squrebar Evo csomagtart\u00f3r\u00fad:108cm, 118cm, 127cm, 135cm, \u00e9s 150cm hossz\u00fa m\u00e9retben kaphat\u00f3.<\/p>\n<p><strong>Tov\u00e1bbi inform\u00e1ci\u00f3k:<\/strong><\/p>\n<ul>\n<li>\n<ul>\n<li><a href=\"https:\/\/szereczauto.hu\/webshop\/wp-content\/uploads\/2019\/02\/Thule-Evo-Raised-Rail-710400-talpk\u00e9szlet-haszn\u00e1lati-\u00fatmutat\u00f3.pdf\" target=\"_blank\" rel=\"noopener noreferrer\">Thule Evo Raised Rail csomagtart\u00f3talp k\u00e9szlet haszn\u00e1lati \u00fatmutat\u00f3.<\/a><\/li>\n<li><a href=\"https:\/\/szereczauto.hu\/webshop\/wp-content\/uploads\/2019\/02\/Thule-Evo-Raised-Rail-talpk\u00e9szlet-710400-alkatr\u00e9sz-lista.pdf\" target=\"_blank\" rel=\"noopener noreferrer\">csomagtart\u00f3talp k\u00e9szlethez kaphat\u00f3 alkatr\u00e9szek.<\/a><\/li>\n<li><a href=\"http:\/\/szereczauto.hu\/webshop\/wp-content\/uploads\/2015\/11\/\u00datmutat\u00f3-csomagtart\u00f3-helyes-haszn\u00e1lathoz.pdf\" target=\"_blank\" rel=\"noopener noreferrer\">\u00datmutat\u00f3 Thule csomagtart\u00f3k helyes haszn\u00e1lat\u00e1hoz.<\/a><\/li>\n<li><a href=\"http:\/\/szereczauto.hu\/webshop\/wp-content\/uploads\/2016\/06\/Thule-garancia-BringIt.pdf\" target=\"_blank\" rel=\"noopener noreferrer\">A Thule term\u00e9kekre vonatkoz\u00f3 BringIt garancia felt\u00e9telei.<\/a><\/li>\n<\/ul>\n<\/li>\n<\/ul>\n<p><strong>A n\u00e1lunk v\u00e1s\u00e1rolt csomagtart\u00f3t k\u00e9r\u00e9s\u00e9re, &#8211;\u00a0 INGYEN FELSZERELJ\u00dcK &#8211; az aut\u00f3j\u00e1ra, ha bef\u00e1rad az \u00fczlet\u00fcnkbe.<\/strong><\/p>\n<p><strong>K\u00e9rd\u00e9se van, seg\u00edts\u00e9gre van sz\u00fcks\u00e9ge! &#8211;<\/strong><a href=\"http:\/\/szereczauto.hu\/kerdezzen\/\" target=\"_blank\" rel=\"noopener noreferrer\"><strong> Itt l\u00e9phet kapcsolatba vel\u00fcnk!<\/strong><\/a><\/p>\n<p>&nbsp;<\/p>\n","protected":false},"excerpt":{"rendered":"<p><strong>Komplett tet\u0151csomagtart\u00f3 tet\u0151korl\u00e1tos aut\u00f3khoz.<\/strong><\/p>\n","protected":false},"featured_media":19269,"comment_status":"open","ping_status":"closed","template":"","meta":{"_et_pb_use_builder":"","_et_pb_old_content":"","_et_gb_content_width":"","wp_popup_display_lightbox":0,"wp_popup_suppress":"","wp_popup_trigger":"","wp_popup_trigger_amount":0,"wp_popup_disable_on_mobile":false},"product_brand":[],"product_cat":[163,55],"product_tag":[],"class_list":{"0":"post-19281","1":"product","2":"type-product","3":"status-publish","4":"has-post-thumbnail","6":"product_cat-komplett-tetocsomagtartok","7":"product_cat-thule-tetocsomagtartok","9":"first","10":"instock","11":"shipping-taxable","12":"purchasable","13":"product-type-simple"},"yoast_head":"<!-- This site is optimized with the Yoast SEO plugin v27.3 - https:\/\/yoast.com\/product\/yoast-seo-wordpress\/ -->\n<title>Thule Squarebar Evo Raised Rail (118cm) &#187; Szerecz Aut\u00f3alkatr\u00e9sz Web\u00e1ruh\u00e1z<\/title>\n<meta name=\"robots\" content=\"index, follow, max-snippet:-1, max-image-preview:large, max-video-preview:-1\" \/>\n<link rel=\"canonical\" href=\"https:\/\/szereczauto.hu\/webshop\/termek\/thule-wingbar-evo-raised-rail-118cm-71047122\/\" \/>\n<meta property=\"og:locale\" content=\"hu_HU\" \/>\n<meta property=\"og:type\" content=\"article\" \/>\n<meta property=\"og:title\" content=\"Thule Squarebar Evo Raised Rail (118cm) &#187; Szerecz Aut\u00f3alkatr\u00e9sz Web\u00e1ruh\u00e1z\" \/>\n<meta property=\"og:description\" content=\"Komplett tet\u0151csomagtart\u00f3 tet\u0151korl\u00e1tos aut\u00f3khoz.\" \/>\n<meta property=\"og:url\" content=\"https:\/\/szereczauto.hu\/webshop\/termek\/thule-wingbar-evo-raised-rail-118cm-71047122\/\" \/>\n<meta property=\"og:site_name\" content=\"Szerecz Aut\u00f3alkatr\u00e9sz Web\u00e1ruh\u00e1z\" \/>\n<meta property=\"article:publisher\" content=\"https:\/\/www.facebook.com\/szereczauto\/\" \/>\n<meta property=\"article:modified_time\" content=\"2025-01-24T11:15:13+00:00\" \/>\n<meta property=\"og:image\" content=\"https:\/\/szereczauto.hu\/webshop\/wp-content\/uploads\/2021\/02\/Thule-Raised-Rail-es-Squarebar-1.jpg\" \/>\n\t<meta property=\"og:image:width\" content=\"800\" \/>\n\t<meta property=\"og:image:height\" content=\"800\" \/>\n\t<meta property=\"og:image:type\" content=\"image\/jpeg\" \/>\n<script type=\"application\/ld+json\" class=\"yoast-schema-graph\">{\"@context\":\"https:\\\/\\\/schema.org\",\"@graph\":[{\"@type\":\"WebPage\",\"@id\":\"https:\\\/\\\/szereczauto.hu\\\/webshop\\\/termek\\\/thule-wingbar-evo-raised-rail-118cm-71047122\\\/\",\"url\":\"https:\\\/\\\/szereczauto.hu\\\/webshop\\\/termek\\\/thule-wingbar-evo-raised-rail-118cm-71047122\\\/\",\"name\":\"Thule Squarebar Evo Raised Rail (118cm) &#187; Szerecz Aut\u00f3alkatr\u00e9sz Web\u00e1ruh\u00e1z\",\"isPartOf\":{\"@id\":\"https:\\\/\\\/szereczauto.hu\\\/webshop\\\/#website\"},\"primaryImageOfPage\":{\"@id\":\"https:\\\/\\\/szereczauto.hu\\\/webshop\\\/termek\\\/thule-wingbar-evo-raised-rail-118cm-71047122\\\/#primaryimage\"},\"image\":{\"@id\":\"https:\\\/\\\/szereczauto.hu\\\/webshop\\\/termek\\\/thule-wingbar-evo-raised-rail-118cm-71047122\\\/#primaryimage\"},\"thumbnailUrl\":\"https:\\\/\\\/szereczauto.hu\\\/webshop\\\/wp-content\\\/uploads\\\/2021\\\/02\\\/Thule-Raised-Rail-es-Squarebar-1.jpg\",\"datePublished\":\"2021-02-10T09:40:36+00:00\",\"dateModified\":\"2025-01-24T11:15:13+00:00\",\"breadcrumb\":{\"@id\":\"https:\\\/\\\/szereczauto.hu\\\/webshop\\\/termek\\\/thule-wingbar-evo-raised-rail-118cm-71047122\\\/#breadcrumb\"},\"inLanguage\":\"hu\",\"potentialAction\":[{\"@type\":\"ReadAction\",\"target\":[\"https:\\\/\\\/szereczauto.hu\\\/webshop\\\/termek\\\/thule-wingbar-evo-raised-rail-118cm-71047122\\\/\"]}]},{\"@type\":\"ImageObject\",\"inLanguage\":\"hu\",\"@id\":\"https:\\\/\\\/szereczauto.hu\\\/webshop\\\/termek\\\/thule-wingbar-evo-raised-rail-118cm-71047122\\\/#primaryimage\",\"url\":\"https:\\\/\\\/szereczauto.hu\\\/webshop\\\/wp-content\\\/uploads\\\/2021\\\/02\\\/Thule-Raised-Rail-es-Squarebar-1.jpg\",\"contentUrl\":\"https:\\\/\\\/szereczauto.hu\\\/webshop\\\/wp-content\\\/uploads\\\/2021\\\/02\\\/Thule-Raised-Rail-es-Squarebar-1.jpg\",\"width\":800,\"height\":800},{\"@type\":\"BreadcrumbList\",\"@id\":\"https:\\\/\\\/szereczauto.hu\\\/webshop\\\/termek\\\/thule-wingbar-evo-raised-rail-118cm-71047122\\\/#breadcrumb\",\"itemListElement\":[{\"@type\":\"ListItem\",\"position\":1,\"name\":\"Home\",\"item\":\"https:\\\/\\\/szereczauto.hu\\\/webshop\\\/\"},{\"@type\":\"ListItem\",\"position\":2,\"name\":\"Term\u00e9keink\",\"item\":\"https:\\\/\\\/szereczauto.hu\\\/webshop\\\/shop\\\/\"},{\"@type\":\"ListItem\",\"position\":3,\"name\":\"Thule Squarebar Evo Raised Rail (118cm)\"}]},{\"@type\":\"WebSite\",\"@id\":\"https:\\\/\\\/szereczauto.hu\\\/webshop\\\/#website\",\"url\":\"https:\\\/\\\/szereczauto.hu\\\/webshop\\\/\",\"name\":\"Szerecz Aut\u00f3alkatr\u00e9sz Web\u00e1ruh\u00e1z\",\"description\":\"Szerecz Aut\u00f3 Kft. - Thule term\u00e9kek, aut\u00f3alkatr\u00e9szek web\u00e1ruh\u00e1za\",\"publisher\":{\"@id\":\"https:\\\/\\\/szereczauto.hu\\\/webshop\\\/#organization\"},\"potentialAction\":[{\"@type\":\"SearchAction\",\"target\":{\"@type\":\"EntryPoint\",\"urlTemplate\":\"https:\\\/\\\/szereczauto.hu\\\/webshop\\\/?s={search_term_string}\"},\"query-input\":{\"@type\":\"PropertyValueSpecification\",\"valueRequired\":true,\"valueName\":\"search_term_string\"}}],\"inLanguage\":\"hu\"},{\"@type\":\"Organization\",\"@id\":\"https:\\\/\\\/szereczauto.hu\\\/webshop\\\/#organization\",\"name\":\"Szerecz Aut\u00f3alkatr\u00e9sz Web\u00e1ruh\u00e1z\",\"url\":\"https:\\\/\\\/szereczauto.hu\\\/webshop\\\/\",\"logo\":{\"@type\":\"ImageObject\",\"inLanguage\":\"hu\",\"@id\":\"https:\\\/\\\/szereczauto.hu\\\/webshop\\\/#\\\/schema\\\/logo\\\/image\\\/\",\"url\":\"https:\\\/\\\/szereczauto.hu\\\/webshop\\\/wp-content\\\/uploads\\\/2018\\\/12\\\/Szerecz_fav_2018.png\",\"contentUrl\":\"https:\\\/\\\/szereczauto.hu\\\/webshop\\\/wp-content\\\/uploads\\\/2018\\\/12\\\/Szerecz_fav_2018.png\",\"width\":512,\"height\":512,\"caption\":\"Szerecz Aut\u00f3alkatr\u00e9sz Web\u00e1ruh\u00e1z\"},\"image\":{\"@id\":\"https:\\\/\\\/szereczauto.hu\\\/webshop\\\/#\\\/schema\\\/logo\\\/image\\\/\"},\"sameAs\":[\"https:\\\/\\\/www.facebook.com\\\/szereczauto\\\/\",\"https:\\\/\\\/www.youtube.com\\\/channel\\\/UCGA5LXUmL_i2xDxT2GNNEBQ\"]}]}<\/script>\n<!-- \/ Yoast SEO plugin. -->","yoast_head_json":{"title":"Thule Squarebar Evo Raised Rail (118cm) &#187; Szerecz Aut\u00f3alkatr\u00e9sz Web\u00e1ruh\u00e1z","robots":{"index":"index","follow":"follow","max-snippet":"max-snippet:-1","max-image-preview":"max-image-preview:large","max-video-preview":"max-video-preview:-1"},"canonical":"https:\/\/szereczauto.hu\/webshop\/termek\/thule-wingbar-evo-raised-rail-118cm-71047122\/","og_locale":"hu_HU","og_type":"article","og_title":"Thule Squarebar Evo Raised Rail (118cm) &#187; Szerecz Aut\u00f3alkatr\u00e9sz Web\u00e1ruh\u00e1z","og_description":"Komplett tet\u0151csomagtart\u00f3 tet\u0151korl\u00e1tos aut\u00f3khoz.","og_url":"https:\/\/szereczauto.hu\/webshop\/termek\/thule-wingbar-evo-raised-rail-118cm-71047122\/","og_site_name":"Szerecz Aut\u00f3alkatr\u00e9sz Web\u00e1ruh\u00e1z","article_publisher":"https:\/\/www.facebook.com\/szereczauto\/","article_modified_time":"2025-01-24T11:15:13+00:00","og_image":[{"width":800,"height":800,"url":"https:\/\/szereczauto.hu\/webshop\/wp-content\/uploads\/2021\/02\/Thule-Raised-Rail-es-Squarebar-1.jpg","type":"image\/jpeg"}],"schema":{"@context":"https:\/\/schema.org","@graph":[{"@type":"WebPage","@id":"https:\/\/szereczauto.hu\/webshop\/termek\/thule-wingbar-evo-raised-rail-118cm-71047122\/","url":"https:\/\/szereczauto.hu\/webshop\/termek\/thule-wingbar-evo-raised-rail-118cm-71047122\/","name":"Thule Squarebar Evo Raised Rail (118cm) &#187; Szerecz Aut\u00f3alkatr\u00e9sz Web\u00e1ruh\u00e1z","isPartOf":{"@id":"https:\/\/szereczauto.hu\/webshop\/#website"},"primaryImageOfPage":{"@id":"https:\/\/szereczauto.hu\/webshop\/termek\/thule-wingbar-evo-raised-rail-118cm-71047122\/#primaryimage"},"image":{"@id":"https:\/\/szereczauto.hu\/webshop\/termek\/thule-wingbar-evo-raised-rail-118cm-71047122\/#primaryimage"},"thumbnailUrl":"https:\/\/szereczauto.hu\/webshop\/wp-content\/uploads\/2021\/02\/Thule-Raised-Rail-es-Squarebar-1.jpg","datePublished":"2021-02-10T09:40:36+00:00","dateModified":"2025-01-24T11:15:13+00:00","breadcrumb":{"@id":"https:\/\/szereczauto.hu\/webshop\/termek\/thule-wingbar-evo-raised-rail-118cm-71047122\/#breadcrumb"},"inLanguage":"hu","potentialAction":[{"@type":"ReadAction","target":["https:\/\/szereczauto.hu\/webshop\/termek\/thule-wingbar-evo-raised-rail-118cm-71047122\/"]}]},{"@type":"ImageObject","inLanguage":"hu","@id":"https:\/\/szereczauto.hu\/webshop\/termek\/thule-wingbar-evo-raised-rail-118cm-71047122\/#primaryimage","url":"https:\/\/szereczauto.hu\/webshop\/wp-content\/uploads\/2021\/02\/Thule-Raised-Rail-es-Squarebar-1.jpg","contentUrl":"https:\/\/szereczauto.hu\/webshop\/wp-content\/uploads\/2021\/02\/Thule-Raised-Rail-es-Squarebar-1.jpg","width":800,"height":800},{"@type":"BreadcrumbList","@id":"https:\/\/szereczauto.hu\/webshop\/termek\/thule-wingbar-evo-raised-rail-118cm-71047122\/#breadcrumb","itemListElement":[{"@type":"ListItem","position":1,"name":"Home","item":"https:\/\/szereczauto.hu\/webshop\/"},{"@type":"ListItem","position":2,"name":"Term\u00e9keink","item":"https:\/\/szereczauto.hu\/webshop\/shop\/"},{"@type":"ListItem","position":3,"name":"Thule Squarebar Evo Raised Rail (118cm)"}]},{"@type":"WebSite","@id":"https:\/\/szereczauto.hu\/webshop\/#website","url":"https:\/\/szereczauto.hu\/webshop\/","name":"Szerecz Aut\u00f3alkatr\u00e9sz Web\u00e1ruh\u00e1z","description":"Szerecz Aut\u00f3 Kft. - Thule term\u00e9kek, aut\u00f3alkatr\u00e9szek web\u00e1ruh\u00e1za","publisher":{"@id":"https:\/\/szereczauto.hu\/webshop\/#organization"},"potentialAction":[{"@type":"SearchAction","target":{"@type":"EntryPoint","urlTemplate":"https:\/\/szereczauto.hu\/webshop\/?s={search_term_string}"},"query-input":{"@type":"PropertyValueSpecification","valueRequired":true,"valueName":"search_term_string"}}],"inLanguage":"hu"},{"@type":"Organization","@id":"https:\/\/szereczauto.hu\/webshop\/#organization","name":"Szerecz Aut\u00f3alkatr\u00e9sz Web\u00e1ruh\u00e1z","url":"https:\/\/szereczauto.hu\/webshop\/","logo":{"@type":"ImageObject","inLanguage":"hu","@id":"https:\/\/szereczauto.hu\/webshop\/#\/schema\/logo\/image\/","url":"https:\/\/szereczauto.hu\/webshop\/wp-content\/uploads\/2018\/12\/Szerecz_fav_2018.png","contentUrl":"https:\/\/szereczauto.hu\/webshop\/wp-content\/uploads\/2018\/12\/Szerecz_fav_2018.png","width":512,"height":512,"caption":"Szerecz Aut\u00f3alkatr\u00e9sz Web\u00e1ruh\u00e1z"},"image":{"@id":"https:\/\/szereczauto.hu\/webshop\/#\/schema\/logo\/image\/"},"sameAs":["https:\/\/www.facebook.com\/szereczauto\/","https:\/\/www.youtube.com\/channel\/UCGA5LXUmL_i2xDxT2GNNEBQ"]}]}},"_links":{"self":[{"href":"https:\/\/szereczauto.hu\/webshop\/wp-json\/wp\/v2\/product\/19281","targetHints":{"allow":["GET"]}}],"collection":[{"href":"https:\/\/szereczauto.hu\/webshop\/wp-json\/wp\/v2\/product"}],"about":[{"href":"https:\/\/szereczauto.hu\/webshop\/wp-json\/wp\/v2\/types\/product"}],"replies":[{"embeddable":true,"href":"https:\/\/szereczauto.hu\/webshop\/wp-json\/wp\/v2\/comments?post=19281"}],"wp:featuredmedia":[{"embeddable":true,"href":"https:\/\/szereczauto.hu\/webshop\/wp-json\/wp\/v2\/media\/19269"}],"wp:attachment":[{"href":"https:\/\/szereczauto.hu\/webshop\/wp-json\/wp\/v2\/media?parent=19281"}],"wp:term":[{"taxonomy":"product_brand","embeddable":true,"href":"https:\/\/szereczauto.hu\/webshop\/wp-json\/wp\/v2\/product_brand?post=19281"},{"taxonomy":"product_cat","embeddable":true,"href":"https:\/\/szereczauto.hu\/webshop\/wp-json\/wp\/v2\/product_cat?post=19281"},{"taxonomy":"product_tag","embeddable":true,"href":"https:\/\/szereczauto.hu\/webshop\/wp-json\/wp\/v2\/product_tag?post=19281"}],"curies":[{"name":"wp","href":"https:\/\/api.w.org\/{rel}","templated":true}]}}