{"id":19220,"date":"2020-11-29T09:02:51","date_gmt":"2020-11-29T07:02:51","guid":{"rendered":"https:\/\/szereczauto.hu\/webshop\/?post_type=product&#038;p=19220"},"modified":"2025-01-29T12:23:33","modified_gmt":"2025-01-29T10:23:33","slug":"sonax-teli-szelvedomoso-4-liter-20-332400","status":"publish","type":"product","link":"https:\/\/szereczauto.hu\/webshop\/termek\/sonax-teli-szelvedomoso-4-liter-20-332400\/","title":{"rendered":"Sonax T\u00e9li sz\u00e9lv\u00e9d\u0151mos\u00f3 4 liter (-20)"},"content":{"rendered":"<p><strong>Sonax sz\u00e9lv\u00e9d\u0151mos\u00f3-berendez\u00e9sbe val\u00f3 tiszt\u00edt\u00f3- \u00e9s fagy\u00e1sg\u00e1tl\u00f3 folyad\u00e9k.<\/strong><\/p>\n<ul>\n<li>Friss citrom illat\u00fa t\u00e9li sz\u00e9lv\u00e9d\u0151mos\u00f3 folyad\u00e9k.<\/li>\n<li>K\u00e9szre kevert,\u00a0-20C-ig fagy\u00e1ll\u00f3, nem kell h\u00edg\u00edtani.<\/li>\n<li>Nem okoz hajsz\u00e1l reped\u00e9seket a f\u00e9nysz\u00f3r\u00f3b\u00far\u00e1kon.<\/li>\n<li>A t\u00f6bb sug\u00e1rban porlaszt\u00f3 f\u00fav\u00f3k\u00e1khoz is haszn\u00e1lhat\u00f3.<\/li>\n<li>Nem k\u00e1ros\u00edtja a lakk, a kr\u00f3m, a gumi \u00e9s a m\u0171anyag fel\u00fcleteket.<\/li>\n<li>Rendk\u00edv\u00fcl hat\u00e9konyan elt\u00e1vol\u00edtja az olajat, a kormot, a s\u00f3t \u00e9s az egy\u00e9b tipikus t\u00e9li szennyez\u0151d\u00e9seket.<\/li>\n<\/ul>\n<p>A Sonax t\u00e9li sz\u00e9lv\u00e9d\u0151 tiszt\u00edt\u00f3szerek, rendk\u00edv\u00fcl hat\u00e9kony, hideg-\u00e9s fel\u00fcletakt\u00edv tiszt\u00edt\u00f3anyagokat tartalmaznak, m\u00e1sodperceken bel\u00fcl feloldj\u00e1k a tipikus t\u00e9li\u00a0 k\u00f6z\u00fati szennyez\u0151d\u00e9seket (s\u00f3, korom) \u00e9s cs\u00edkmentesen t\u00e1vol\u00edtj\u00e1k el azokat. A SONAX Xtreme t\u00e9li sz\u00e9lv\u00e9d\u0151mos\u00f3 folyad\u00e9kok, biztos\u00edtani tudj\u00e1k a tiszta \u00e1tl\u00e1that\u00f3s\u00e1got a hidegebb \u00e9vszakokban, ezzel a vezet\u00e9s biztons\u00e1g\u00e1t n\u00f6velik.<\/p>\n<p><strong>Az aut\u00f3\u00e1pol\u00e1s j\u00f6v\u0151je itt kezd\u0151dik. <\/strong>Soha azel\u0151tt nem voltak a SONAX aut\u00f3\u00e1pol\u00e1si term\u00e9kek olyan hat\u00e9konyak \u00e9s k\u00f6nnyen alkalmazhat\u00f3k, mint ma. Ez a t\u00f6bb mint 70 \u00e9ves tapasztalat \u00e9s a n\u00e9met piacvezet\u0151 gy\u00e1rt\u00f3 sz\u00e9les k\u00f6r\u0171 szak\u00e9rtelm\u00e9nek eredm\u00e9nye. A SONAX kutat\u00e1s-fejleszt\u00e9s m\u00e9g jobb\u00e1 teszi a term\u00e9keket, valamint innovat\u00edv folyamatokkal \u00e9s technol\u00f3gi\u00e1kkal biztos\u00edtja a fenntarthat\u00f3 fejl\u0151d\u00e9st a piaci versenyben. SONAX a piacvezet\u0151 N\u00e9metorsz\u00e1gban az aut\u00f3\u00e1pol\u00e1si term\u00e9kek ter\u00fclet\u00e9n, \u00e9s az egyik vezet\u0151 gy\u00e1rt\u00f3 vil\u00e1gszerte. A m\u00e1rka k\u00e9pviselteti mag\u00e1t 100 orsz\u00e1gban szerte a vil\u00e1gon. A c\u00e9g m\u00e1r t\u00f6bb mint 70 \u00e9ve jelen van a piacon. fejleszt\u00e9s\u00e9vel \u00e9s gy\u00e1rt\u00e1s\u00e1val nagy teljes\u00edtm\u00e9ny\u0171 aut\u00f3\u00e1pol\u00e1si term\u00e9kek k\u00f6r\u00e9ben, melyek megfelelnek a legmagasabb k\u00f6vetelm\u00e9nyeknek. Mindegy, hogy az aut\u00f3sport, a tuning, vagy a klasszikus aut\u00f3k. Mikor sz\u00fcks\u00e9g van a g\u00e9pkocsi t\u00f6k\u00e9letes megjelen\u00e9s\u00e9re, SONAX mindig k\u00e9zn\u00e9l van g\u00e9pkocsi rajong\u00f3k \u00e9s a szak\u00e9rt\u0151k sz\u00e1m\u00e1ra. A SONAX term\u00e9kek a &#8222;Made in Germany&#8221; maxim\u00e1lis min\u0151s\u00e9g\u00e9t k\u00e9pviselik! Ezt hangs\u00falyozza a sz\u00e1mtalan sikeres teszt \u00e9s d\u00edj is, melyet a f\u00fcggetlen DEKRA, T\u00dcV vagy GT\u00dc int\u00e9zm\u00e9nyek minden \u00e9vben adtak a SONAX term\u00e9keknek. A term\u00e9kek meggy\u0151z\u0151 teljes\u00edtm\u00e9nye egy\u00fctt j\u00e1r a p\u00e9ldamutat\u00f3 k\u00f6rnyezeti jellemz\u0151kkel.<\/p>\n<p><strong>A SONAX magyarorsz\u00e1gi import\u0151r\u00e9nek szerz\u0151d\u00f6tt SONAX PONT partnere vagyunk Somogy megy\u00e9ben. Minden SONAX term\u00e9ket t\u0151l\u00fck szerz\u00fcnk be. T\u0151l\u00fcnk biztosan eredeti term\u00e9ket v\u00e1s\u00e1rol.<\/strong><\/p>\n","protected":false},"excerpt":{"rendered":"<p>4 literes kiszerel\u00e9s.<\/p>\n<p>Fogy.\u00e1r: 1072,50,- forint\/liter<\/p>\n","protected":false},"featured_media":19221,"comment_status":"open","ping_status":"closed","template":"","meta":{"_et_pb_use_builder":"","_et_pb_old_content":"","_et_gb_content_width":"","wp_popup_display_lightbox":0,"wp_popup_suppress":"","wp_popup_trigger":"","wp_popup_trigger_amount":0,"wp_popup_disable_on_mobile":false},"product_brand":[],"product_cat":[46,139,204,169],"product_tag":[],"class_list":{"0":"post-19220","1":"product","2":"type-product","3":"status-publish","4":"has-post-thumbnail","6":"product_cat-autoapolas","7":"product_cat-szelvedo-tisztitas","8":"product_cat-szezonalis-termekek","9":"product_cat-teli-termekek","11":"first","12":"instock","13":"featured","14":"shipping-taxable","15":"purchasable","16":"product-type-simple"},"yoast_head":"<!-- This site is optimized with the Yoast SEO plugin v27.5 - https:\/\/yoast.com\/product\/yoast-seo-wordpress\/ -->\n<title>Sonax T\u00e9li sz\u00e9lv\u00e9d\u0151mos\u00f3 4 liter (-20) &#187; Szerecz Aut\u00f3alkatr\u00e9sz Web\u00e1ruh\u00e1z<\/title>\n<meta name=\"robots\" content=\"index, follow, max-snippet:-1, max-image-preview:large, max-video-preview:-1\" \/>\n<link rel=\"canonical\" href=\"https:\/\/szereczauto.hu\/webshop\/termek\/sonax-teli-szelvedomoso-4-liter-20-332400\/\" \/>\n<meta property=\"og:locale\" content=\"hu_HU\" \/>\n<meta property=\"og:type\" content=\"article\" \/>\n<meta property=\"og:title\" content=\"Sonax T\u00e9li sz\u00e9lv\u00e9d\u0151mos\u00f3 4 liter (-20) &#187; Szerecz Aut\u00f3alkatr\u00e9sz Web\u00e1ruh\u00e1z\" \/>\n<meta property=\"og:description\" content=\"4 literes kiszerel\u00e9s.  Fogy.\u00e1r: 1072,50,- forint\/liter\" \/>\n<meta property=\"og:url\" content=\"https:\/\/szereczauto.hu\/webshop\/termek\/sonax-teli-szelvedomoso-4-liter-20-332400\/\" \/>\n<meta property=\"og:site_name\" content=\"Szerecz Aut\u00f3alkatr\u00e9sz Web\u00e1ruh\u00e1z\" \/>\n<meta property=\"article:publisher\" content=\"https:\/\/www.facebook.com\/szereczauto\/\" \/>\n<meta property=\"article:modified_time\" content=\"2025-01-29T10:23:33+00:00\" \/>\n<meta property=\"og:image\" content=\"https:\/\/szereczauto.hu\/webshop\/wp-content\/uploads\/2020\/11\/Sonax-Teli-szelvedomoso-4-liter-332400.jpg\" \/>\n\t<meta property=\"og:image:width\" content=\"800\" \/>\n\t<meta property=\"og:image:height\" content=\"800\" \/>\n\t<meta property=\"og:image:type\" content=\"image\/jpeg\" \/>\n<script type=\"application\/ld+json\" class=\"yoast-schema-graph\">{\"@context\":\"https:\\\/\\\/schema.org\",\"@graph\":[{\"@type\":\"WebPage\",\"@id\":\"https:\\\/\\\/szereczauto.hu\\\/webshop\\\/termek\\\/sonax-teli-szelvedomoso-4-liter-20-332400\\\/\",\"url\":\"https:\\\/\\\/szereczauto.hu\\\/webshop\\\/termek\\\/sonax-teli-szelvedomoso-4-liter-20-332400\\\/\",\"name\":\"Sonax T\u00e9li sz\u00e9lv\u00e9d\u0151mos\u00f3 4 liter (-20) &#187; Szerecz Aut\u00f3alkatr\u00e9sz Web\u00e1ruh\u00e1z\",\"isPartOf\":{\"@id\":\"https:\\\/\\\/szereczauto.hu\\\/webshop\\\/#website\"},\"primaryImageOfPage\":{\"@id\":\"https:\\\/\\\/szereczauto.hu\\\/webshop\\\/termek\\\/sonax-teli-szelvedomoso-4-liter-20-332400\\\/#primaryimage\"},\"image\":{\"@id\":\"https:\\\/\\\/szereczauto.hu\\\/webshop\\\/termek\\\/sonax-teli-szelvedomoso-4-liter-20-332400\\\/#primaryimage\"},\"thumbnailUrl\":\"https:\\\/\\\/szereczauto.hu\\\/webshop\\\/wp-content\\\/uploads\\\/2020\\\/11\\\/Sonax-Teli-szelvedomoso-4-liter-332400.jpg\",\"datePublished\":\"2020-11-29T07:02:51+00:00\",\"dateModified\":\"2025-01-29T10:23:33+00:00\",\"breadcrumb\":{\"@id\":\"https:\\\/\\\/szereczauto.hu\\\/webshop\\\/termek\\\/sonax-teli-szelvedomoso-4-liter-20-332400\\\/#breadcrumb\"},\"inLanguage\":\"hu\",\"potentialAction\":[{\"@type\":\"ReadAction\",\"target\":[\"https:\\\/\\\/szereczauto.hu\\\/webshop\\\/termek\\\/sonax-teli-szelvedomoso-4-liter-20-332400\\\/\"]}]},{\"@type\":\"ImageObject\",\"inLanguage\":\"hu\",\"@id\":\"https:\\\/\\\/szereczauto.hu\\\/webshop\\\/termek\\\/sonax-teli-szelvedomoso-4-liter-20-332400\\\/#primaryimage\",\"url\":\"https:\\\/\\\/szereczauto.hu\\\/webshop\\\/wp-content\\\/uploads\\\/2020\\\/11\\\/Sonax-Teli-szelvedomoso-4-liter-332400.jpg\",\"contentUrl\":\"https:\\\/\\\/szereczauto.hu\\\/webshop\\\/wp-content\\\/uploads\\\/2020\\\/11\\\/Sonax-Teli-szelvedomoso-4-liter-332400.jpg\",\"width\":800,\"height\":800,\"caption\":\"T\u00e9li sz\u00e9lv\u00e9d\u0151mos\u00f3 folyad\u00e9k\"},{\"@type\":\"BreadcrumbList\",\"@id\":\"https:\\\/\\\/szereczauto.hu\\\/webshop\\\/termek\\\/sonax-teli-szelvedomoso-4-liter-20-332400\\\/#breadcrumb\",\"itemListElement\":[{\"@type\":\"ListItem\",\"position\":1,\"name\":\"Home\",\"item\":\"https:\\\/\\\/szereczauto.hu\\\/webshop\\\/\"},{\"@type\":\"ListItem\",\"position\":2,\"name\":\"Term\u00e9keink\",\"item\":\"https:\\\/\\\/szereczauto.hu\\\/webshop\\\/shop\\\/\"},{\"@type\":\"ListItem\",\"position\":3,\"name\":\"Sonax T\u00e9li sz\u00e9lv\u00e9d\u0151mos\u00f3 4 liter (-20)\"}]},{\"@type\":\"WebSite\",\"@id\":\"https:\\\/\\\/szereczauto.hu\\\/webshop\\\/#website\",\"url\":\"https:\\\/\\\/szereczauto.hu\\\/webshop\\\/\",\"name\":\"Szerecz Aut\u00f3alkatr\u00e9sz Web\u00e1ruh\u00e1z\",\"description\":\"Szerecz Aut\u00f3 Kft. - Thule term\u00e9kek, aut\u00f3alkatr\u00e9szek web\u00e1ruh\u00e1za\",\"publisher\":{\"@id\":\"https:\\\/\\\/szereczauto.hu\\\/webshop\\\/#organization\"},\"potentialAction\":[{\"@type\":\"SearchAction\",\"target\":{\"@type\":\"EntryPoint\",\"urlTemplate\":\"https:\\\/\\\/szereczauto.hu\\\/webshop\\\/?s={search_term_string}\"},\"query-input\":{\"@type\":\"PropertyValueSpecification\",\"valueRequired\":true,\"valueName\":\"search_term_string\"}}],\"inLanguage\":\"hu\"},{\"@type\":\"Organization\",\"@id\":\"https:\\\/\\\/szereczauto.hu\\\/webshop\\\/#organization\",\"name\":\"Szerecz Aut\u00f3alkatr\u00e9sz Web\u00e1ruh\u00e1z\",\"url\":\"https:\\\/\\\/szereczauto.hu\\\/webshop\\\/\",\"logo\":{\"@type\":\"ImageObject\",\"inLanguage\":\"hu\",\"@id\":\"https:\\\/\\\/szereczauto.hu\\\/webshop\\\/#\\\/schema\\\/logo\\\/image\\\/\",\"url\":\"https:\\\/\\\/szereczauto.hu\\\/webshop\\\/wp-content\\\/uploads\\\/2018\\\/12\\\/Szerecz_fav_2018.png\",\"contentUrl\":\"https:\\\/\\\/szereczauto.hu\\\/webshop\\\/wp-content\\\/uploads\\\/2018\\\/12\\\/Szerecz_fav_2018.png\",\"width\":512,\"height\":512,\"caption\":\"Szerecz Aut\u00f3alkatr\u00e9sz Web\u00e1ruh\u00e1z\"},\"image\":{\"@id\":\"https:\\\/\\\/szereczauto.hu\\\/webshop\\\/#\\\/schema\\\/logo\\\/image\\\/\"},\"sameAs\":[\"https:\\\/\\\/www.facebook.com\\\/szereczauto\\\/\",\"https:\\\/\\\/www.youtube.com\\\/channel\\\/UCGA5LXUmL_i2xDxT2GNNEBQ\"]}]}<\/script>\n<!-- \/ Yoast SEO plugin. -->","yoast_head_json":{"title":"Sonax T\u00e9li sz\u00e9lv\u00e9d\u0151mos\u00f3 4 liter (-20) &#187; Szerecz Aut\u00f3alkatr\u00e9sz Web\u00e1ruh\u00e1z","robots":{"index":"index","follow":"follow","max-snippet":"max-snippet:-1","max-image-preview":"max-image-preview:large","max-video-preview":"max-video-preview:-1"},"canonical":"https:\/\/szereczauto.hu\/webshop\/termek\/sonax-teli-szelvedomoso-4-liter-20-332400\/","og_locale":"hu_HU","og_type":"article","og_title":"Sonax T\u00e9li sz\u00e9lv\u00e9d\u0151mos\u00f3 4 liter (-20) &#187; Szerecz Aut\u00f3alkatr\u00e9sz Web\u00e1ruh\u00e1z","og_description":"4 literes kiszerel\u00e9s.  Fogy.\u00e1r: 1072,50,- forint\/liter","og_url":"https:\/\/szereczauto.hu\/webshop\/termek\/sonax-teli-szelvedomoso-4-liter-20-332400\/","og_site_name":"Szerecz Aut\u00f3alkatr\u00e9sz Web\u00e1ruh\u00e1z","article_publisher":"https:\/\/www.facebook.com\/szereczauto\/","article_modified_time":"2025-01-29T10:23:33+00:00","og_image":[{"width":800,"height":800,"url":"https:\/\/szereczauto.hu\/webshop\/wp-content\/uploads\/2020\/11\/Sonax-Teli-szelvedomoso-4-liter-332400.jpg","type":"image\/jpeg"}],"schema":{"@context":"https:\/\/schema.org","@graph":[{"@type":"WebPage","@id":"https:\/\/szereczauto.hu\/webshop\/termek\/sonax-teli-szelvedomoso-4-liter-20-332400\/","url":"https:\/\/szereczauto.hu\/webshop\/termek\/sonax-teli-szelvedomoso-4-liter-20-332400\/","name":"Sonax T\u00e9li sz\u00e9lv\u00e9d\u0151mos\u00f3 4 liter (-20) &#187; Szerecz Aut\u00f3alkatr\u00e9sz Web\u00e1ruh\u00e1z","isPartOf":{"@id":"https:\/\/szereczauto.hu\/webshop\/#website"},"primaryImageOfPage":{"@id":"https:\/\/szereczauto.hu\/webshop\/termek\/sonax-teli-szelvedomoso-4-liter-20-332400\/#primaryimage"},"image":{"@id":"https:\/\/szereczauto.hu\/webshop\/termek\/sonax-teli-szelvedomoso-4-liter-20-332400\/#primaryimage"},"thumbnailUrl":"https:\/\/szereczauto.hu\/webshop\/wp-content\/uploads\/2020\/11\/Sonax-Teli-szelvedomoso-4-liter-332400.jpg","datePublished":"2020-11-29T07:02:51+00:00","dateModified":"2025-01-29T10:23:33+00:00","breadcrumb":{"@id":"https:\/\/szereczauto.hu\/webshop\/termek\/sonax-teli-szelvedomoso-4-liter-20-332400\/#breadcrumb"},"inLanguage":"hu","potentialAction":[{"@type":"ReadAction","target":["https:\/\/szereczauto.hu\/webshop\/termek\/sonax-teli-szelvedomoso-4-liter-20-332400\/"]}]},{"@type":"ImageObject","inLanguage":"hu","@id":"https:\/\/szereczauto.hu\/webshop\/termek\/sonax-teli-szelvedomoso-4-liter-20-332400\/#primaryimage","url":"https:\/\/szereczauto.hu\/webshop\/wp-content\/uploads\/2020\/11\/Sonax-Teli-szelvedomoso-4-liter-332400.jpg","contentUrl":"https:\/\/szereczauto.hu\/webshop\/wp-content\/uploads\/2020\/11\/Sonax-Teli-szelvedomoso-4-liter-332400.jpg","width":800,"height":800,"caption":"T\u00e9li sz\u00e9lv\u00e9d\u0151mos\u00f3 folyad\u00e9k"},{"@type":"BreadcrumbList","@id":"https:\/\/szereczauto.hu\/webshop\/termek\/sonax-teli-szelvedomoso-4-liter-20-332400\/#breadcrumb","itemListElement":[{"@type":"ListItem","position":1,"name":"Home","item":"https:\/\/szereczauto.hu\/webshop\/"},{"@type":"ListItem","position":2,"name":"Term\u00e9keink","item":"https:\/\/szereczauto.hu\/webshop\/shop\/"},{"@type":"ListItem","position":3,"name":"Sonax T\u00e9li sz\u00e9lv\u00e9d\u0151mos\u00f3 4 liter (-20)"}]},{"@type":"WebSite","@id":"https:\/\/szereczauto.hu\/webshop\/#website","url":"https:\/\/szereczauto.hu\/webshop\/","name":"Szerecz Aut\u00f3alkatr\u00e9sz Web\u00e1ruh\u00e1z","description":"Szerecz Aut\u00f3 Kft. - Thule term\u00e9kek, aut\u00f3alkatr\u00e9szek web\u00e1ruh\u00e1za","publisher":{"@id":"https:\/\/szereczauto.hu\/webshop\/#organization"},"potentialAction":[{"@type":"SearchAction","target":{"@type":"EntryPoint","urlTemplate":"https:\/\/szereczauto.hu\/webshop\/?s={search_term_string}"},"query-input":{"@type":"PropertyValueSpecification","valueRequired":true,"valueName":"search_term_string"}}],"inLanguage":"hu"},{"@type":"Organization","@id":"https:\/\/szereczauto.hu\/webshop\/#organization","name":"Szerecz Aut\u00f3alkatr\u00e9sz Web\u00e1ruh\u00e1z","url":"https:\/\/szereczauto.hu\/webshop\/","logo":{"@type":"ImageObject","inLanguage":"hu","@id":"https:\/\/szereczauto.hu\/webshop\/#\/schema\/logo\/image\/","url":"https:\/\/szereczauto.hu\/webshop\/wp-content\/uploads\/2018\/12\/Szerecz_fav_2018.png","contentUrl":"https:\/\/szereczauto.hu\/webshop\/wp-content\/uploads\/2018\/12\/Szerecz_fav_2018.png","width":512,"height":512,"caption":"Szerecz Aut\u00f3alkatr\u00e9sz Web\u00e1ruh\u00e1z"},"image":{"@id":"https:\/\/szereczauto.hu\/webshop\/#\/schema\/logo\/image\/"},"sameAs":["https:\/\/www.facebook.com\/szereczauto\/","https:\/\/www.youtube.com\/channel\/UCGA5LXUmL_i2xDxT2GNNEBQ"]}]}},"_links":{"self":[{"href":"https:\/\/szereczauto.hu\/webshop\/wp-json\/wp\/v2\/product\/19220","targetHints":{"allow":["GET"]}}],"collection":[{"href":"https:\/\/szereczauto.hu\/webshop\/wp-json\/wp\/v2\/product"}],"about":[{"href":"https:\/\/szereczauto.hu\/webshop\/wp-json\/wp\/v2\/types\/product"}],"replies":[{"embeddable":true,"href":"https:\/\/szereczauto.hu\/webshop\/wp-json\/wp\/v2\/comments?post=19220"}],"wp:featuredmedia":[{"embeddable":true,"href":"https:\/\/szereczauto.hu\/webshop\/wp-json\/wp\/v2\/media\/19221"}],"wp:attachment":[{"href":"https:\/\/szereczauto.hu\/webshop\/wp-json\/wp\/v2\/media?parent=19220"}],"wp:term":[{"taxonomy":"product_brand","embeddable":true,"href":"https:\/\/szereczauto.hu\/webshop\/wp-json\/wp\/v2\/product_brand?post=19220"},{"taxonomy":"product_cat","embeddable":true,"href":"https:\/\/szereczauto.hu\/webshop\/wp-json\/wp\/v2\/product_cat?post=19220"},{"taxonomy":"product_tag","embeddable":true,"href":"https:\/\/szereczauto.hu\/webshop\/wp-json\/wp\/v2\/product_tag?post=19220"}],"curies":[{"name":"wp","href":"https:\/\/api.w.org\/{rel}","templated":true}]}}