{"id":18392,"date":"2018-12-10T09:22:26","date_gmt":"2018-12-10T09:22:26","guid":{"rendered":"https:\/\/szereczauto.hu\/webshop\/?post_type=product&#038;p=18392"},"modified":"2025-01-29T12:28:18","modified_gmt":"2025-01-29T10:28:18","slug":"mannol-huto-tisztito-folyadek-325-ml-mma894195","status":"publish","type":"product","link":"https:\/\/szereczauto.hu\/webshop\/termek\/mannol-huto-tisztito-folyadek-325-ml-mma894195\/","title":{"rendered":"H\u0171t\u0151 tiszt\u00edt\u00f3 folyad\u00e9k 250 ml"},"content":{"rendered":"<p><strong>Mannol h\u0171t\u0151 tiszt\u00edt\u00f3 folyad\u00e9k 325 ml.<\/strong><\/p>\n<p>Elt\u00e1vol\u00edtja az olaj-, kosz-, rozsda-, v\u00edzk\u0151- \u00e9s kalciumlerakod\u00e1sokat a h\u0171t\u0151rendszer belsej\u00e9b\u0151l. K\u00e9miai \u00faton alak\u00edtja \u00e1t a v\u00edzk\u00f6vet, akt\u00edv mos\u00f3-, zs\u00edr \u00e9s olajold\u00f3 adal\u00e9kokkal \u00e9s fel\u00fcletakt\u00edv komponensekkel. Abszol\u00fat semleges a h\u0171t\u0151rendszer f\u00e9m, gumi \u00e9s m\u0171anyag alkatr\u00e9szeivel szemben. Korr\u00f3zi\u00f3 g\u00e1tl\u00f3 \u00e9s savsemleges\u00edt\u0151. Javasolt az \u00f6sszes fajta h\u0171t\u0151 \u00e9s utast\u00e9r f\u0171t\u0151 rendszerehez.<\/p>\n<p>Haszn\u00e1lata:<\/p>\n<ul>\n<li>A v\u00edzzel t\u00f6lt\u00f6tt h\u0171t\u0151be \u00f6ntse be a h\u0171t\u0151tiszt\u00edt\u00f3t.<\/li>\n<li>J\u00e1rassa a motort 10-15 percig.<\/li>\n<li>Engedje le a h\u0171t\u0151folyad\u00e9kot.<\/li>\n<li>A h\u0171t\u0151t v\u00edzzel mossa \u00e1t.<\/li>\n<li>T\u00f6ltse fel a h\u0171t\u0151rendszert \u00faj h\u0171t\u0151folyad\u00e9kkal.<\/li>\n<\/ul>\n<p>Egy flakon (325ml), maximum 10 liter h\u0171t\u0151folyad\u00e9khoz elegend\u0151.<\/p>\n","protected":false},"excerpt":{"rendered":"<p>Fogy.\u00e1r:5 980,- forint\/liter<\/p>\n<p>&nbsp;<\/p>\n<p>&nbsp;<\/p>\n","protected":false},"featured_media":0,"comment_status":"open","ping_status":"closed","template":"","meta":{"_et_pb_use_builder":"","_et_pb_old_content":"","_et_gb_content_width":"","wp_popup_display_lightbox":0,"wp_popup_suppress":"","wp_popup_trigger":"","wp_popup_trigger_amount":0,"wp_popup_disable_on_mobile":false},"product_brand":[],"product_cat":[146,46,140,12],"product_tag":[],"class_list":{"0":"post-18392","1":"product","2":"type-product","3":"status-publish","5":"product_cat-adalek-anyagok","6":"product_cat-autoapolas","7":"product_cat-huto-folyadekok","8":"product_cat-kenoanyagok","10":"first","11":"instock","12":"shipping-taxable","13":"purchasable","14":"product-type-simple"},"yoast_head":"<!-- This site is optimized with the Yoast SEO plugin v27.3 - https:\/\/yoast.com\/product\/yoast-seo-wordpress\/ -->\n<title>H\u0171t\u0151 tiszt\u00edt\u00f3 folyad\u00e9k 250 ml &#187; Szerecz Aut\u00f3alkatr\u00e9sz Web\u00e1ruh\u00e1z<\/title>\n<meta name=\"robots\" content=\"index, follow, max-snippet:-1, max-image-preview:large, max-video-preview:-1\" \/>\n<link rel=\"canonical\" href=\"https:\/\/szereczauto.hu\/webshop\/termek\/mannol-huto-tisztito-folyadek-325-ml-mma894195\/\" \/>\n<meta property=\"og:locale\" content=\"hu_HU\" \/>\n<meta property=\"og:type\" content=\"article\" \/>\n<meta property=\"og:title\" content=\"H\u0171t\u0151 tiszt\u00edt\u00f3 folyad\u00e9k 250 ml &#187; Szerecz Aut\u00f3alkatr\u00e9sz Web\u00e1ruh\u00e1z\" \/>\n<meta property=\"og:description\" content=\"Fogy.\u00e1r:5 980,- forint\/liter  &nbsp;  &nbsp;\" \/>\n<meta property=\"og:url\" content=\"https:\/\/szereczauto.hu\/webshop\/termek\/mannol-huto-tisztito-folyadek-325-ml-mma894195\/\" \/>\n<meta property=\"og:site_name\" content=\"Szerecz Aut\u00f3alkatr\u00e9sz Web\u00e1ruh\u00e1z\" \/>\n<meta property=\"article:publisher\" content=\"https:\/\/www.facebook.com\/szereczauto\/\" \/>\n<meta property=\"article:modified_time\" content=\"2025-01-29T10:28:18+00:00\" \/>\n<script type=\"application\/ld+json\" class=\"yoast-schema-graph\">{\"@context\":\"https:\\\/\\\/schema.org\",\"@graph\":[{\"@type\":\"WebPage\",\"@id\":\"https:\\\/\\\/szereczauto.hu\\\/webshop\\\/termek\\\/mannol-huto-tisztito-folyadek-325-ml-mma894195\\\/\",\"url\":\"https:\\\/\\\/szereczauto.hu\\\/webshop\\\/termek\\\/mannol-huto-tisztito-folyadek-325-ml-mma894195\\\/\",\"name\":\"H\u0171t\u0151 tiszt\u00edt\u00f3 folyad\u00e9k 250 ml &#187; Szerecz Aut\u00f3alkatr\u00e9sz Web\u00e1ruh\u00e1z\",\"isPartOf\":{\"@id\":\"https:\\\/\\\/szereczauto.hu\\\/webshop\\\/#website\"},\"datePublished\":\"2018-12-10T09:22:26+00:00\",\"dateModified\":\"2025-01-29T10:28:18+00:00\",\"breadcrumb\":{\"@id\":\"https:\\\/\\\/szereczauto.hu\\\/webshop\\\/termek\\\/mannol-huto-tisztito-folyadek-325-ml-mma894195\\\/#breadcrumb\"},\"inLanguage\":\"hu\",\"potentialAction\":[{\"@type\":\"ReadAction\",\"target\":[\"https:\\\/\\\/szereczauto.hu\\\/webshop\\\/termek\\\/mannol-huto-tisztito-folyadek-325-ml-mma894195\\\/\"]}]},{\"@type\":\"BreadcrumbList\",\"@id\":\"https:\\\/\\\/szereczauto.hu\\\/webshop\\\/termek\\\/mannol-huto-tisztito-folyadek-325-ml-mma894195\\\/#breadcrumb\",\"itemListElement\":[{\"@type\":\"ListItem\",\"position\":1,\"name\":\"Home\",\"item\":\"https:\\\/\\\/szereczauto.hu\\\/webshop\\\/\"},{\"@type\":\"ListItem\",\"position\":2,\"name\":\"Term\u00e9keink\",\"item\":\"https:\\\/\\\/szereczauto.hu\\\/webshop\\\/shop\\\/\"},{\"@type\":\"ListItem\",\"position\":3,\"name\":\"H\u0171t\u0151 tiszt\u00edt\u00f3 folyad\u00e9k 250 ml\"}]},{\"@type\":\"WebSite\",\"@id\":\"https:\\\/\\\/szereczauto.hu\\\/webshop\\\/#website\",\"url\":\"https:\\\/\\\/szereczauto.hu\\\/webshop\\\/\",\"name\":\"Szerecz Aut\u00f3alkatr\u00e9sz Web\u00e1ruh\u00e1z\",\"description\":\"Szerecz Aut\u00f3 Kft. - Thule term\u00e9kek, aut\u00f3alkatr\u00e9szek web\u00e1ruh\u00e1za\",\"publisher\":{\"@id\":\"https:\\\/\\\/szereczauto.hu\\\/webshop\\\/#organization\"},\"potentialAction\":[{\"@type\":\"SearchAction\",\"target\":{\"@type\":\"EntryPoint\",\"urlTemplate\":\"https:\\\/\\\/szereczauto.hu\\\/webshop\\\/?s={search_term_string}\"},\"query-input\":{\"@type\":\"PropertyValueSpecification\",\"valueRequired\":true,\"valueName\":\"search_term_string\"}}],\"inLanguage\":\"hu\"},{\"@type\":\"Organization\",\"@id\":\"https:\\\/\\\/szereczauto.hu\\\/webshop\\\/#organization\",\"name\":\"Szerecz Aut\u00f3alkatr\u00e9sz Web\u00e1ruh\u00e1z\",\"url\":\"https:\\\/\\\/szereczauto.hu\\\/webshop\\\/\",\"logo\":{\"@type\":\"ImageObject\",\"inLanguage\":\"hu\",\"@id\":\"https:\\\/\\\/szereczauto.hu\\\/webshop\\\/#\\\/schema\\\/logo\\\/image\\\/\",\"url\":\"https:\\\/\\\/szereczauto.hu\\\/webshop\\\/wp-content\\\/uploads\\\/2018\\\/12\\\/Szerecz_fav_2018.png\",\"contentUrl\":\"https:\\\/\\\/szereczauto.hu\\\/webshop\\\/wp-content\\\/uploads\\\/2018\\\/12\\\/Szerecz_fav_2018.png\",\"width\":512,\"height\":512,\"caption\":\"Szerecz Aut\u00f3alkatr\u00e9sz Web\u00e1ruh\u00e1z\"},\"image\":{\"@id\":\"https:\\\/\\\/szereczauto.hu\\\/webshop\\\/#\\\/schema\\\/logo\\\/image\\\/\"},\"sameAs\":[\"https:\\\/\\\/www.facebook.com\\\/szereczauto\\\/\",\"https:\\\/\\\/www.youtube.com\\\/channel\\\/UCGA5LXUmL_i2xDxT2GNNEBQ\"]}]}<\/script>\n<!-- \/ Yoast SEO plugin. -->","yoast_head_json":{"title":"H\u0171t\u0151 tiszt\u00edt\u00f3 folyad\u00e9k 250 ml &#187; Szerecz Aut\u00f3alkatr\u00e9sz Web\u00e1ruh\u00e1z","robots":{"index":"index","follow":"follow","max-snippet":"max-snippet:-1","max-image-preview":"max-image-preview:large","max-video-preview":"max-video-preview:-1"},"canonical":"https:\/\/szereczauto.hu\/webshop\/termek\/mannol-huto-tisztito-folyadek-325-ml-mma894195\/","og_locale":"hu_HU","og_type":"article","og_title":"H\u0171t\u0151 tiszt\u00edt\u00f3 folyad\u00e9k 250 ml &#187; Szerecz Aut\u00f3alkatr\u00e9sz Web\u00e1ruh\u00e1z","og_description":"Fogy.\u00e1r:5 980,- forint\/liter  &nbsp;  &nbsp;","og_url":"https:\/\/szereczauto.hu\/webshop\/termek\/mannol-huto-tisztito-folyadek-325-ml-mma894195\/","og_site_name":"Szerecz Aut\u00f3alkatr\u00e9sz Web\u00e1ruh\u00e1z","article_publisher":"https:\/\/www.facebook.com\/szereczauto\/","article_modified_time":"2025-01-29T10:28:18+00:00","schema":{"@context":"https:\/\/schema.org","@graph":[{"@type":"WebPage","@id":"https:\/\/szereczauto.hu\/webshop\/termek\/mannol-huto-tisztito-folyadek-325-ml-mma894195\/","url":"https:\/\/szereczauto.hu\/webshop\/termek\/mannol-huto-tisztito-folyadek-325-ml-mma894195\/","name":"H\u0171t\u0151 tiszt\u00edt\u00f3 folyad\u00e9k 250 ml &#187; Szerecz Aut\u00f3alkatr\u00e9sz Web\u00e1ruh\u00e1z","isPartOf":{"@id":"https:\/\/szereczauto.hu\/webshop\/#website"},"datePublished":"2018-12-10T09:22:26+00:00","dateModified":"2025-01-29T10:28:18+00:00","breadcrumb":{"@id":"https:\/\/szereczauto.hu\/webshop\/termek\/mannol-huto-tisztito-folyadek-325-ml-mma894195\/#breadcrumb"},"inLanguage":"hu","potentialAction":[{"@type":"ReadAction","target":["https:\/\/szereczauto.hu\/webshop\/termek\/mannol-huto-tisztito-folyadek-325-ml-mma894195\/"]}]},{"@type":"BreadcrumbList","@id":"https:\/\/szereczauto.hu\/webshop\/termek\/mannol-huto-tisztito-folyadek-325-ml-mma894195\/#breadcrumb","itemListElement":[{"@type":"ListItem","position":1,"name":"Home","item":"https:\/\/szereczauto.hu\/webshop\/"},{"@type":"ListItem","position":2,"name":"Term\u00e9keink","item":"https:\/\/szereczauto.hu\/webshop\/shop\/"},{"@type":"ListItem","position":3,"name":"H\u0171t\u0151 tiszt\u00edt\u00f3 folyad\u00e9k 250 ml"}]},{"@type":"WebSite","@id":"https:\/\/szereczauto.hu\/webshop\/#website","url":"https:\/\/szereczauto.hu\/webshop\/","name":"Szerecz Aut\u00f3alkatr\u00e9sz Web\u00e1ruh\u00e1z","description":"Szerecz Aut\u00f3 Kft. - Thule term\u00e9kek, aut\u00f3alkatr\u00e9szek web\u00e1ruh\u00e1za","publisher":{"@id":"https:\/\/szereczauto.hu\/webshop\/#organization"},"potentialAction":[{"@type":"SearchAction","target":{"@type":"EntryPoint","urlTemplate":"https:\/\/szereczauto.hu\/webshop\/?s={search_term_string}"},"query-input":{"@type":"PropertyValueSpecification","valueRequired":true,"valueName":"search_term_string"}}],"inLanguage":"hu"},{"@type":"Organization","@id":"https:\/\/szereczauto.hu\/webshop\/#organization","name":"Szerecz Aut\u00f3alkatr\u00e9sz Web\u00e1ruh\u00e1z","url":"https:\/\/szereczauto.hu\/webshop\/","logo":{"@type":"ImageObject","inLanguage":"hu","@id":"https:\/\/szereczauto.hu\/webshop\/#\/schema\/logo\/image\/","url":"https:\/\/szereczauto.hu\/webshop\/wp-content\/uploads\/2018\/12\/Szerecz_fav_2018.png","contentUrl":"https:\/\/szereczauto.hu\/webshop\/wp-content\/uploads\/2018\/12\/Szerecz_fav_2018.png","width":512,"height":512,"caption":"Szerecz Aut\u00f3alkatr\u00e9sz Web\u00e1ruh\u00e1z"},"image":{"@id":"https:\/\/szereczauto.hu\/webshop\/#\/schema\/logo\/image\/"},"sameAs":["https:\/\/www.facebook.com\/szereczauto\/","https:\/\/www.youtube.com\/channel\/UCGA5LXUmL_i2xDxT2GNNEBQ"]}]}},"_links":{"self":[{"href":"https:\/\/szereczauto.hu\/webshop\/wp-json\/wp\/v2\/product\/18392","targetHints":{"allow":["GET"]}}],"collection":[{"href":"https:\/\/szereczauto.hu\/webshop\/wp-json\/wp\/v2\/product"}],"about":[{"href":"https:\/\/szereczauto.hu\/webshop\/wp-json\/wp\/v2\/types\/product"}],"replies":[{"embeddable":true,"href":"https:\/\/szereczauto.hu\/webshop\/wp-json\/wp\/v2\/comments?post=18392"}],"wp:attachment":[{"href":"https:\/\/szereczauto.hu\/webshop\/wp-json\/wp\/v2\/media?parent=18392"}],"wp:term":[{"taxonomy":"product_brand","embeddable":true,"href":"https:\/\/szereczauto.hu\/webshop\/wp-json\/wp\/v2\/product_brand?post=18392"},{"taxonomy":"product_cat","embeddable":true,"href":"https:\/\/szereczauto.hu\/webshop\/wp-json\/wp\/v2\/product_cat?post=18392"},{"taxonomy":"product_tag","embeddable":true,"href":"https:\/\/szereczauto.hu\/webshop\/wp-json\/wp\/v2\/product_tag?post=18392"}],"curies":[{"name":"wp","href":"https:\/\/api.w.org\/{rel}","templated":true}]}}