{"id":18288,"date":"2018-11-24T15:07:36","date_gmt":"2018-11-24T13:07:36","guid":{"rendered":"https:\/\/szereczauto.hu\/webshop\/?post_type=product&#038;p=18288"},"modified":"2026-02-07T17:12:38","modified_gmt":"2026-02-07T15:12:38","slug":"thule-snowpack-silectarto-fekete-4-par-732406","status":"publish","type":"product","link":"https:\/\/szereczauto.hu\/webshop\/termek\/thule-snowpack-silectarto-fekete-4-par-732406\/","title":{"rendered":"Thule SnowPack s\u00edl\u00e9ctart\u00f3 (4 p\u00e1r)"},"content":{"rendered":"<ul>\n<li>Rakod\u00e1si sz\u00e9less\u00e9ge 50 cm.<\/li>\n<li>Legfeljebb n\u00e9gy p\u00e1r s\u00edl\u00e9c sz\u00e1ll\u00edt\u00e1s\u00e1ra alkalmas.<\/li>\n<li>Biztons\u00e1gosan sz\u00e1ll\u00edthatjuk a modern vaskosabb s\u00edl\u00e9ceket.<\/li>\n<li>A tart\u00f3 extra k\u00f6nny\u0171, a gumibet\u00e9tek biztons\u00e1gosan tartj\u00e1k a l\u00e9ceket, nem tudj\u00e1k megkarcolni a fel\u00fclet\u00fcket.<\/li>\n<li>Szersz\u00e1m mentesen r\u00f6gz\u00edthet\u0151 k\u00f6zvetlen\u00fcl a csomagtart\u00f3 T-profil rendszer\u00e9hez.<\/li>\n<li>A sz\u00f6gletes ac\u00e9lr\u00fadra (Thule SquareBar) csak a Thule 8897-es adapterrel r\u00f6gz\u00edthet\u0151.(K\u00fcl\u00f6n lehet megv\u00e1s\u00e1rolni.)<\/li>\n<li>A be\u00e9p\u00edtett emelhet\u0151 talpakkal szab\u00e1lyozhat\u00f3 a s\u00edl\u00e9ctart\u00f3 magass\u00e1ga, hogy a magas k\u00f6t\u00e9sek ne okozzanak s\u00e9r\u00fcl\u00e9st\u00a0 az aut\u00f3 tetej\u00e9n.<\/li>\n<li>A k\u00fcl\u00f6nlegesen nagy nyom\u00f3gombok k\u00f6nnyen nyithat\u00f3v\u00e1 teszik a kulccsal z\u00e1rhat\u00f3 s\u00edl\u00e9ctart\u00f3t.<\/li>\n<li>A Thule egykulcsos rendszerrel kompatibilis (One Keey System).<\/li>\n<li>Teljes\u00edti a City Crash szabv\u00e1ny el\u0151\u00edr\u00e1sait.<\/li>\n<li>T\u00dcV tan\u00fas\u00edtv\u00e1nnyal rendelkezik<\/li>\n<li>Sz\u00edne: fekete<\/li>\n<\/ul>\n<p><strong>Tov\u00e1bbi inform\u00e1ci\u00f3k:<\/strong><\/p>\n<ul>\n<li><a href=\"http:\/\/szereczauto.hu\/webshop\/wp-content\/uploads\/2016\/10\/Haszn\u00e1lati-\u00fatmutat\u00f3-7322_7324_7326.pdf\" target=\"_blank\" rel=\"noopener noreferrer\"><span style=\"text-decoration: underline; color: #3366ff;\"> Haszn\u00e1lati \u00fatmutat\u00f3 Thule SnowPack s\u00edl\u00e9ctart\u00f3hoz.<\/span><\/a><\/li>\n<li><a href=\"http:\/\/szereczauto.hu\/webshop\/wp-content\/uploads\/2016\/10\/Alkatr\u00e9sz-lista-732200_732400_732600.pdf\" target=\"_blank\" rel=\"noopener noreferrer\"><span style=\"text-decoration: underline;\"><span style=\"color: #3366ff; text-decoration: underline;\">Thule SnowPack s\u00edl\u00e9ctart\u00f3 alkatr\u00e9sz list\u00e1ja.<\/span><\/span><\/a><\/li>\n<li><span style=\"text-decoration: underline; color: #3366ff;\"><a style=\"color: #3366ff; text-decoration: underline;\" href=\"http:\/\/szereczauto.hu\/webshop\/wp-content\/uploads\/2016\/06\/Thule-garancia-BringIt.pdf\" target=\"_blank\" rel=\"noopener noreferrer\">A Thule term\u00e9kekre vonatkoz\u00f3 THule BringIt Garancia (le\u00edr\u00e1sa)!<\/a><\/span><\/li>\n<\/ul>\n<p>&nbsp;<\/p>\n","protected":false},"excerpt":{"rendered":"<p>St\u00edlusa minden t\u00edpus\u00fa s\u00edl\u00e9chez \u00e9s snowboard-hoz j\u00f3l illeszkedik.<\/p>\n<p><iframe loading=\"lazy\" title=\"YouTube video player\" src=\"https:\/\/www.youtube.com\/embed\/V6NR1VR2rIM?si=9p7pazr6y_okGUyb\" width=\"560\" height=\"315\" frameborder=\"0\" allowfullscreen=\"allowfullscreen\"><\/iframe><\/p>\n","protected":false},"featured_media":18284,"comment_status":"open","ping_status":"closed","template":"","meta":{"_et_pb_use_builder":"","_et_pb_old_content":"","_et_gb_content_width":"","wp_popup_display_lightbox":0,"wp_popup_suppress":"","wp_popup_trigger":"","wp_popup_trigger_amount":0,"wp_popup_disable_on_mobile":false},"product_brand":[],"product_cat":[58,49],"product_tag":[],"class_list":{"0":"post-18288","1":"product","2":"type-product","3":"status-publish","4":"has-post-thumbnail","6":"product_cat-thule-silectartok","7":"product_cat-thule_termekek","9":"first","10":"instock","11":"shipping-taxable","12":"purchasable","13":"product-type-simple"},"yoast_head":"<!-- This site is optimized with the Yoast SEO plugin v27.3 - https:\/\/yoast.com\/product\/yoast-seo-wordpress\/ -->\n<title>Thule SnowPack s\u00edl\u00e9ctart\u00f3 (4 p\u00e1r) &#187; Szerecz Aut\u00f3alkatr\u00e9sz Web\u00e1ruh\u00e1z<\/title>\n<meta name=\"robots\" content=\"index, follow, max-snippet:-1, max-image-preview:large, max-video-preview:-1\" \/>\n<link rel=\"canonical\" href=\"https:\/\/szereczauto.hu\/webshop\/termek\/thule-snowpack-silectarto-fekete-4-par-732406\/\" \/>\n<meta property=\"og:locale\" content=\"hu_HU\" \/>\n<meta property=\"og:type\" content=\"article\" \/>\n<meta property=\"og:title\" content=\"Thule SnowPack s\u00edl\u00e9ctart\u00f3 (4 p\u00e1r) &#187; Szerecz Aut\u00f3alkatr\u00e9sz Web\u00e1ruh\u00e1z\" \/>\n<meta property=\"og:description\" content=\"St\u00edlusa minden t\u00edpus\u00fa s\u00edl\u00e9chez \u00e9s snowboard-hoz j\u00f3l illeszkedik.\" \/>\n<meta property=\"og:url\" content=\"https:\/\/szereczauto.hu\/webshop\/termek\/thule-snowpack-silectarto-fekete-4-par-732406\/\" \/>\n<meta property=\"og:site_name\" content=\"Szerecz Aut\u00f3alkatr\u00e9sz Web\u00e1ruh\u00e1z\" \/>\n<meta property=\"article:publisher\" content=\"https:\/\/www.facebook.com\/szereczauto\/\" \/>\n<meta property=\"article:modified_time\" content=\"2026-02-07T15:12:38+00:00\" \/>\n<meta property=\"og:image\" content=\"https:\/\/szereczauto.hu\/webshop\/wp-content\/uploads\/2018\/11\/Thule-SnowPack-M-7324B-1.jpg\" \/>\n\t<meta property=\"og:image:width\" content=\"800\" \/>\n\t<meta property=\"og:image:height\" content=\"800\" \/>\n\t<meta property=\"og:image:type\" content=\"image\/jpeg\" \/>\n<script type=\"application\/ld+json\" class=\"yoast-schema-graph\">{\"@context\":\"https:\\\/\\\/schema.org\",\"@graph\":[{\"@type\":\"WebPage\",\"@id\":\"https:\\\/\\\/szereczauto.hu\\\/webshop\\\/termek\\\/thule-snowpack-silectarto-fekete-4-par-732406\\\/\",\"url\":\"https:\\\/\\\/szereczauto.hu\\\/webshop\\\/termek\\\/thule-snowpack-silectarto-fekete-4-par-732406\\\/\",\"name\":\"Thule SnowPack s\u00edl\u00e9ctart\u00f3 (4 p\u00e1r) &#187; Szerecz Aut\u00f3alkatr\u00e9sz Web\u00e1ruh\u00e1z\",\"isPartOf\":{\"@id\":\"https:\\\/\\\/szereczauto.hu\\\/webshop\\\/#website\"},\"primaryImageOfPage\":{\"@id\":\"https:\\\/\\\/szereczauto.hu\\\/webshop\\\/termek\\\/thule-snowpack-silectarto-fekete-4-par-732406\\\/#primaryimage\"},\"image\":{\"@id\":\"https:\\\/\\\/szereczauto.hu\\\/webshop\\\/termek\\\/thule-snowpack-silectarto-fekete-4-par-732406\\\/#primaryimage\"},\"thumbnailUrl\":\"https:\\\/\\\/szereczauto.hu\\\/webshop\\\/wp-content\\\/uploads\\\/2018\\\/11\\\/Thule-SnowPack-M-7324B-1.jpg\",\"datePublished\":\"2018-11-24T13:07:36+00:00\",\"dateModified\":\"2026-02-07T15:12:38+00:00\",\"breadcrumb\":{\"@id\":\"https:\\\/\\\/szereczauto.hu\\\/webshop\\\/termek\\\/thule-snowpack-silectarto-fekete-4-par-732406\\\/#breadcrumb\"},\"inLanguage\":\"hu\",\"potentialAction\":[{\"@type\":\"ReadAction\",\"target\":[\"https:\\\/\\\/szereczauto.hu\\\/webshop\\\/termek\\\/thule-snowpack-silectarto-fekete-4-par-732406\\\/\"]}]},{\"@type\":\"ImageObject\",\"inLanguage\":\"hu\",\"@id\":\"https:\\\/\\\/szereczauto.hu\\\/webshop\\\/termek\\\/thule-snowpack-silectarto-fekete-4-par-732406\\\/#primaryimage\",\"url\":\"https:\\\/\\\/szereczauto.hu\\\/webshop\\\/wp-content\\\/uploads\\\/2018\\\/11\\\/Thule-SnowPack-M-7324B-1.jpg\",\"contentUrl\":\"https:\\\/\\\/szereczauto.hu\\\/webshop\\\/wp-content\\\/uploads\\\/2018\\\/11\\\/Thule-SnowPack-M-7324B-1.jpg\",\"width\":800,\"height\":800},{\"@type\":\"BreadcrumbList\",\"@id\":\"https:\\\/\\\/szereczauto.hu\\\/webshop\\\/termek\\\/thule-snowpack-silectarto-fekete-4-par-732406\\\/#breadcrumb\",\"itemListElement\":[{\"@type\":\"ListItem\",\"position\":1,\"name\":\"Home\",\"item\":\"https:\\\/\\\/szereczauto.hu\\\/webshop\\\/\"},{\"@type\":\"ListItem\",\"position\":2,\"name\":\"Term\u00e9keink\",\"item\":\"https:\\\/\\\/szereczauto.hu\\\/webshop\\\/shop\\\/\"},{\"@type\":\"ListItem\",\"position\":3,\"name\":\"Thule SnowPack s\u00edl\u00e9ctart\u00f3 (4 p\u00e1r)\"}]},{\"@type\":\"WebSite\",\"@id\":\"https:\\\/\\\/szereczauto.hu\\\/webshop\\\/#website\",\"url\":\"https:\\\/\\\/szereczauto.hu\\\/webshop\\\/\",\"name\":\"Szerecz Aut\u00f3alkatr\u00e9sz Web\u00e1ruh\u00e1z\",\"description\":\"Szerecz Aut\u00f3 Kft. - Thule term\u00e9kek, aut\u00f3alkatr\u00e9szek web\u00e1ruh\u00e1za\",\"publisher\":{\"@id\":\"https:\\\/\\\/szereczauto.hu\\\/webshop\\\/#organization\"},\"potentialAction\":[{\"@type\":\"SearchAction\",\"target\":{\"@type\":\"EntryPoint\",\"urlTemplate\":\"https:\\\/\\\/szereczauto.hu\\\/webshop\\\/?s={search_term_string}\"},\"query-input\":{\"@type\":\"PropertyValueSpecification\",\"valueRequired\":true,\"valueName\":\"search_term_string\"}}],\"inLanguage\":\"hu\"},{\"@type\":\"Organization\",\"@id\":\"https:\\\/\\\/szereczauto.hu\\\/webshop\\\/#organization\",\"name\":\"Szerecz Aut\u00f3alkatr\u00e9sz Web\u00e1ruh\u00e1z\",\"url\":\"https:\\\/\\\/szereczauto.hu\\\/webshop\\\/\",\"logo\":{\"@type\":\"ImageObject\",\"inLanguage\":\"hu\",\"@id\":\"https:\\\/\\\/szereczauto.hu\\\/webshop\\\/#\\\/schema\\\/logo\\\/image\\\/\",\"url\":\"https:\\\/\\\/szereczauto.hu\\\/webshop\\\/wp-content\\\/uploads\\\/2018\\\/12\\\/Szerecz_fav_2018.png\",\"contentUrl\":\"https:\\\/\\\/szereczauto.hu\\\/webshop\\\/wp-content\\\/uploads\\\/2018\\\/12\\\/Szerecz_fav_2018.png\",\"width\":512,\"height\":512,\"caption\":\"Szerecz Aut\u00f3alkatr\u00e9sz Web\u00e1ruh\u00e1z\"},\"image\":{\"@id\":\"https:\\\/\\\/szereczauto.hu\\\/webshop\\\/#\\\/schema\\\/logo\\\/image\\\/\"},\"sameAs\":[\"https:\\\/\\\/www.facebook.com\\\/szereczauto\\\/\",\"https:\\\/\\\/www.youtube.com\\\/channel\\\/UCGA5LXUmL_i2xDxT2GNNEBQ\"]}]}<\/script>\n<!-- \/ Yoast SEO plugin. -->","yoast_head_json":{"title":"Thule SnowPack s\u00edl\u00e9ctart\u00f3 (4 p\u00e1r) &#187; Szerecz Aut\u00f3alkatr\u00e9sz Web\u00e1ruh\u00e1z","robots":{"index":"index","follow":"follow","max-snippet":"max-snippet:-1","max-image-preview":"max-image-preview:large","max-video-preview":"max-video-preview:-1"},"canonical":"https:\/\/szereczauto.hu\/webshop\/termek\/thule-snowpack-silectarto-fekete-4-par-732406\/","og_locale":"hu_HU","og_type":"article","og_title":"Thule SnowPack s\u00edl\u00e9ctart\u00f3 (4 p\u00e1r) &#187; Szerecz Aut\u00f3alkatr\u00e9sz Web\u00e1ruh\u00e1z","og_description":"St\u00edlusa minden t\u00edpus\u00fa s\u00edl\u00e9chez \u00e9s snowboard-hoz j\u00f3l illeszkedik.","og_url":"https:\/\/szereczauto.hu\/webshop\/termek\/thule-snowpack-silectarto-fekete-4-par-732406\/","og_site_name":"Szerecz Aut\u00f3alkatr\u00e9sz Web\u00e1ruh\u00e1z","article_publisher":"https:\/\/www.facebook.com\/szereczauto\/","article_modified_time":"2026-02-07T15:12:38+00:00","og_image":[{"width":800,"height":800,"url":"https:\/\/szereczauto.hu\/webshop\/wp-content\/uploads\/2018\/11\/Thule-SnowPack-M-7324B-1.jpg","type":"image\/jpeg"}],"schema":{"@context":"https:\/\/schema.org","@graph":[{"@type":"WebPage","@id":"https:\/\/szereczauto.hu\/webshop\/termek\/thule-snowpack-silectarto-fekete-4-par-732406\/","url":"https:\/\/szereczauto.hu\/webshop\/termek\/thule-snowpack-silectarto-fekete-4-par-732406\/","name":"Thule SnowPack s\u00edl\u00e9ctart\u00f3 (4 p\u00e1r) &#187; Szerecz Aut\u00f3alkatr\u00e9sz Web\u00e1ruh\u00e1z","isPartOf":{"@id":"https:\/\/szereczauto.hu\/webshop\/#website"},"primaryImageOfPage":{"@id":"https:\/\/szereczauto.hu\/webshop\/termek\/thule-snowpack-silectarto-fekete-4-par-732406\/#primaryimage"},"image":{"@id":"https:\/\/szereczauto.hu\/webshop\/termek\/thule-snowpack-silectarto-fekete-4-par-732406\/#primaryimage"},"thumbnailUrl":"https:\/\/szereczauto.hu\/webshop\/wp-content\/uploads\/2018\/11\/Thule-SnowPack-M-7324B-1.jpg","datePublished":"2018-11-24T13:07:36+00:00","dateModified":"2026-02-07T15:12:38+00:00","breadcrumb":{"@id":"https:\/\/szereczauto.hu\/webshop\/termek\/thule-snowpack-silectarto-fekete-4-par-732406\/#breadcrumb"},"inLanguage":"hu","potentialAction":[{"@type":"ReadAction","target":["https:\/\/szereczauto.hu\/webshop\/termek\/thule-snowpack-silectarto-fekete-4-par-732406\/"]}]},{"@type":"ImageObject","inLanguage":"hu","@id":"https:\/\/szereczauto.hu\/webshop\/termek\/thule-snowpack-silectarto-fekete-4-par-732406\/#primaryimage","url":"https:\/\/szereczauto.hu\/webshop\/wp-content\/uploads\/2018\/11\/Thule-SnowPack-M-7324B-1.jpg","contentUrl":"https:\/\/szereczauto.hu\/webshop\/wp-content\/uploads\/2018\/11\/Thule-SnowPack-M-7324B-1.jpg","width":800,"height":800},{"@type":"BreadcrumbList","@id":"https:\/\/szereczauto.hu\/webshop\/termek\/thule-snowpack-silectarto-fekete-4-par-732406\/#breadcrumb","itemListElement":[{"@type":"ListItem","position":1,"name":"Home","item":"https:\/\/szereczauto.hu\/webshop\/"},{"@type":"ListItem","position":2,"name":"Term\u00e9keink","item":"https:\/\/szereczauto.hu\/webshop\/shop\/"},{"@type":"ListItem","position":3,"name":"Thule SnowPack s\u00edl\u00e9ctart\u00f3 (4 p\u00e1r)"}]},{"@type":"WebSite","@id":"https:\/\/szereczauto.hu\/webshop\/#website","url":"https:\/\/szereczauto.hu\/webshop\/","name":"Szerecz Aut\u00f3alkatr\u00e9sz Web\u00e1ruh\u00e1z","description":"Szerecz Aut\u00f3 Kft. - Thule term\u00e9kek, aut\u00f3alkatr\u00e9szek web\u00e1ruh\u00e1za","publisher":{"@id":"https:\/\/szereczauto.hu\/webshop\/#organization"},"potentialAction":[{"@type":"SearchAction","target":{"@type":"EntryPoint","urlTemplate":"https:\/\/szereczauto.hu\/webshop\/?s={search_term_string}"},"query-input":{"@type":"PropertyValueSpecification","valueRequired":true,"valueName":"search_term_string"}}],"inLanguage":"hu"},{"@type":"Organization","@id":"https:\/\/szereczauto.hu\/webshop\/#organization","name":"Szerecz Aut\u00f3alkatr\u00e9sz Web\u00e1ruh\u00e1z","url":"https:\/\/szereczauto.hu\/webshop\/","logo":{"@type":"ImageObject","inLanguage":"hu","@id":"https:\/\/szereczauto.hu\/webshop\/#\/schema\/logo\/image\/","url":"https:\/\/szereczauto.hu\/webshop\/wp-content\/uploads\/2018\/12\/Szerecz_fav_2018.png","contentUrl":"https:\/\/szereczauto.hu\/webshop\/wp-content\/uploads\/2018\/12\/Szerecz_fav_2018.png","width":512,"height":512,"caption":"Szerecz Aut\u00f3alkatr\u00e9sz Web\u00e1ruh\u00e1z"},"image":{"@id":"https:\/\/szereczauto.hu\/webshop\/#\/schema\/logo\/image\/"},"sameAs":["https:\/\/www.facebook.com\/szereczauto\/","https:\/\/www.youtube.com\/channel\/UCGA5LXUmL_i2xDxT2GNNEBQ"]}]}},"_links":{"self":[{"href":"https:\/\/szereczauto.hu\/webshop\/wp-json\/wp\/v2\/product\/18288","targetHints":{"allow":["GET"]}}],"collection":[{"href":"https:\/\/szereczauto.hu\/webshop\/wp-json\/wp\/v2\/product"}],"about":[{"href":"https:\/\/szereczauto.hu\/webshop\/wp-json\/wp\/v2\/types\/product"}],"replies":[{"embeddable":true,"href":"https:\/\/szereczauto.hu\/webshop\/wp-json\/wp\/v2\/comments?post=18288"}],"wp:featuredmedia":[{"embeddable":true,"href":"https:\/\/szereczauto.hu\/webshop\/wp-json\/wp\/v2\/media\/18284"}],"wp:attachment":[{"href":"https:\/\/szereczauto.hu\/webshop\/wp-json\/wp\/v2\/media?parent=18288"}],"wp:term":[{"taxonomy":"product_brand","embeddable":true,"href":"https:\/\/szereczauto.hu\/webshop\/wp-json\/wp\/v2\/product_brand?post=18288"},{"taxonomy":"product_cat","embeddable":true,"href":"https:\/\/szereczauto.hu\/webshop\/wp-json\/wp\/v2\/product_cat?post=18288"},{"taxonomy":"product_tag","embeddable":true,"href":"https:\/\/szereczauto.hu\/webshop\/wp-json\/wp\/v2\/product_tag?post=18288"}],"curies":[{"name":"wp","href":"https:\/\/api.w.org\/{rel}","templated":true}]}}