{"id":18257,"date":"2018-11-20T16:43:39","date_gmt":"2018-11-20T16:43:39","guid":{"rendered":"https:\/\/szereczauto.hu\/webshop\/?post_type=product&#038;p=18257"},"modified":"2020-11-13T12:24:59","modified_gmt":"2020-11-13T10:24:59","slug":"vasarlasi-utalvany","status":"publish","type":"product","link":"https:\/\/szereczauto.hu\/webshop\/termek\/vasarlasi-utalvany\/","title":{"rendered":"V\u00e1s\u00e1rl\u00e1si utalv\u00e1ny"},"content":{"rendered":"<p><strong>Utalv\u00e1ny v\u00e1s\u00e1rl\u00e1sa:<\/strong><\/p>\n<p>&#8211; V\u00e1lassza ki a c\u00edmletet (\u00f6sszeg) \u00e9s a darabsz\u00e1mot<br \/>\n&#8211; Adja meg, hov\u00e1 k\u00fcldj\u00fck az utalv\u00e1nyt. K\u00fcldheti egyb\u0151l a Megaj\u00e1nd\u00e9kozott email c\u00edm\u00e9re (ekkor ezt \u00edrja be) &#8211; ez remek megold\u00e1s, ha elk\u00e9sett az aj\u00e1nd\u00e9k-beszerz\u00e9ssel, \u00e9s gyorsan a c\u00edmzetthez k\u00edv\u00e1nja juttatni aj\u00e1nd\u00e9k\u00e1t.<br \/>\nHa nyomtat\u00e1sban k\u00edv\u00e1nja \u00e1tadni az utalv\u00e1nyt (vagy esetleg k\u00e9s\u0151bbi id\u0151pontban tov\u00e1bb\u00edtani a c\u00edmzettnek), akkor a saj\u00e1t email c\u00edm\u00e9t adja meg. Az utalv\u00e1ny ekkor \u00f6nnek \u00e9rkezik, \u00edgy ki tudja nyomtatni.<br \/>\nHa t\u00f6bb azonos c\u00edmlet\u0171 utalv\u00e1nyt v\u00e1s\u00e1rol (p\u00e9ld\u00e1ul koll\u00e9g\u00e1knak, bar\u00e1ti csapatnak), a mez\u0151be t\u00f6bb e-mail c\u00edmet is be\u00edrhat, \u00edgy minden megaj\u00e1nd\u00e9kozott megkapja a saj\u00e1t utalv\u00e1ny\u00e1t. P\u00e9ld\u00e1ul: 10 darab 5000 Ft-os utalv\u00e1ny rendel\u00e9se eset\u00e9n 10 email c\u00edmre k\u00fcldheti az aj\u00e1nd\u00e9kot. A c\u00edmeket vessz\u0151vel v\u00e1lassza el egym\u00e1st\u00f3l, \u00edgy:<br \/>\njoskapista@gmail.com, toldymiklos@gmail.com<\/p>\n<p>K\u00e9rj\u00fck, az email c\u00edmet figyelmesen \u00edrja be, mert a megadott c\u00edmre fog \u00e9rkezni az utalv\u00e1ny!<br \/>\nHa utalv\u00e1nyt v\u00e1r, ellen\u0151rizze postafi\u00f3kj\u00e1ban a Spam mapp\u00e1t, gmail eset\u00e9n a Prom\u00f3ci\u00f3k f\u00fclet is!<\/p>\n<p>&#8211; \u00cdrja be a saj\u00e1t (aj\u00e1nd\u00e9koz\u00f3) nev\u00e9t<br \/>\n&#8211; Ha szeretne, egyedi sz\u00f6veget is adhat a k\u00fcld\u00f6tt email-hez.<br \/>\nP\u00e9ld\u00e1ul: &#8222;Kedves Koll\u00e9g\u00e1m! K\u00f6sz\u00f6n\u00f6m az eg\u00e9sz \u00e9ves munk\u00e1dat, fogadd szeretettel! J\u00e1nos&#8221;<\/p>\n<p>Az utalv\u00e1nyok az ellen\u00e9rt\u00e9k be\u00e9rkez\u00e9se ut\u00e1n hamarosan (legk\u00e9s\u0151bb 1 munkanapon bel\u00fcl) meg\u00e9rkeznek a c\u00edmzett postafi\u00f3kj\u00e1ba.<\/p>\n<p><strong>Utalv\u00e1ny bev\u00e1lt\u00e1sa:<\/strong><\/p>\n<p>&#8211; Bev\u00e1lthat\u00f3 a webshopon kereszt\u00fcli v\u00e1s\u00e1rl\u00e1ssal, az utalv\u00e1nyon l\u00e9v\u0151 egyedi k\u00f3d haszn\u00e1lat\u00e1val.<br \/>\n&#8211; Az utalv\u00e1nynak nincs lej\u00e1rata, b\u00e1rmikor felhaszn\u00e1lhat\u00f3!<br \/>\n&#8211; Az utalv\u00e1ny \u00e9rt\u00e9ke r\u00e9szletekben is lev\u00e1s\u00e1rolhat\u00f3, a fennmarad\u00f3 egyenleget rendszer\u00fcnk nyilv\u00e1ntartja \u00f6nnek (err\u0151l e-mail-ben, a k\u00f3d megad\u00e1s\u00e1val t\u00e1j\u00e9koztat\u00e1st is kaphat).<br \/>\n&#8211; Az utalv\u00e1ny a sz\u00e1ll\u00edt\u00e1si k\u00f6lts\u00e9gre is felhaszn\u00e1lhat\u00f3, \u00edgy a megaj\u00e1nd\u00e9kozottnak nem sz\u00fcks\u00e9ges semmilyen kiad\u00e1st v\u00e1llalnia!<\/p>\n<p><strong>K\u00e9rd\u00e9se van? Keressen minket <a href=\"https:\/\/szereczauto.hu\/webshop\/kapcsolat\/\" rel=\"noopener\" target=\"_blank\">\u00fcgyf\u00e9lszolg\u00e1latunkon<\/a>!<\/strong><\/p>\n","protected":false},"excerpt":{"rendered":"<p><strong>Aj\u00e1nd\u00e9kozzon szeretteinek V\u00e1s\u00e1rl\u00e1si Utalv\u00e1nyt!<br \/>\nA legjobb Kar\u00e1csonyi aj\u00e1nd\u00e9k f\u00e9rjeknek, ap\u00e1knak, ap\u00f3snak, bar\u00e1tnak!<br \/>\nKit\u0171n\u0151 \u00e9v v\u00e9gi k\u00f6sz\u00f6n\u0151-aj\u00e1nd\u00e9k beosztottaknak, koll\u00e9g\u00e1knak!<\/strong><\/p>\n<p>Egyszer\u0171en megvehet\u0151, egy mozdulattal elk\u00fcldhet\u0151, a csomagol\u00e1ssal sem kell b\u00edbel\u0151dni. \ud83d\ude42<br \/>\nAz \u00f6r\u00f6m minden aut\u00f3snak garant\u00e1lt!<\/p>\n<p>A V\u00e1s\u00e1rl\u00e1si utalv\u00e1ny jellemz\u0151i:<\/p>\n<p>&#8211; Egyszerre b\u00e1rmennyi, b\u00e1rmilyen \u00e9rt\u00e9kben v\u00e1s\u00e1rolhat\u00f3<br \/>\n&#8211; T\u00f6bb e-mail c\u00edmre azonnal elk\u00fcldhet\u0151<br \/>\n&#8211; Saj\u00e1t e-mail c\u00edmre k\u00fcldve nyomtathat\u00f3 is<br \/>\n&#8211; Lej\u00e1rat n\u00e9lk\u00fcli<br \/>\n&#8211; R\u00e9szletekben is bev\u00e1lthat\u00f3<br \/>\n&#8211; Sz\u00e1ll\u00edt\u00e1si k\u00f6lts\u00e9get is fedezhet<br \/>\n&#8211; Megv\u00e1s\u00e1rl\u00e1sa \u00e9s bev\u00e1lt\u00e1sa v\u00e9gtelen\u00fcl egyszer\u0171<\/p>\n<p>B\u0151vebb inform\u00e1ci\u00f3k al\u00e1bb, a Le\u00edr\u00e1sban tal\u00e1lhat\u00f3ak.<\/p>\n","protected":false},"featured_media":18256,"comment_status":"open","ping_status":"closed","template":"","meta":{"_et_pb_use_builder":"","_et_pb_old_content":"","_et_gb_content_width":"","wp_popup_display_lightbox":0,"wp_popup_suppress":"","wp_popup_trigger":"","wp_popup_trigger_amount":0,"wp_popup_disable_on_mobile":false},"product_brand":[],"product_cat":[229],"product_tag":[],"class_list":{"0":"post-18257","1":"product","2":"type-product","3":"status-publish","4":"has-post-thumbnail","6":"product_cat-vasarlasi-utalvany","8":"first","9":"instock","10":"featured","11":"purchasable","12":"product-type-pw-gift-card"},"yoast_head":"<!-- This site is optimized with the Yoast SEO plugin v27.4 - https:\/\/yoast.com\/product\/yoast-seo-wordpress\/ -->\n<title>V\u00e1s\u00e1rl\u00e1si utalv\u00e1ny &#187; Szerecz Aut\u00f3alkatr\u00e9sz Web\u00e1ruh\u00e1z<\/title>\n<meta name=\"robots\" content=\"index, follow, max-snippet:-1, max-image-preview:large, max-video-preview:-1\" \/>\n<link rel=\"canonical\" href=\"https:\/\/szereczauto.hu\/webshop\/termek\/vasarlasi-utalvany\/\" \/>\n<meta property=\"og:locale\" content=\"hu_HU\" \/>\n<meta property=\"og:type\" content=\"article\" \/>\n<meta property=\"og:title\" content=\"V\u00e1s\u00e1rl\u00e1si utalv\u00e1ny &#187; Szerecz Aut\u00f3alkatr\u00e9sz Web\u00e1ruh\u00e1z\" \/>\n<meta property=\"og:description\" content=\"Aj\u00e1nd\u00e9kozzon szeretteinek V\u00e1s\u00e1rl\u00e1si Utalv\u00e1nyt! A legjobb Kar\u00e1csonyi aj\u00e1nd\u00e9k f\u00e9rjeknek, ap\u00e1knak, ap\u00f3snak, bar\u00e1tnak! Kit\u0171n\u0151 \u00e9v v\u00e9gi k\u00f6sz\u00f6n\u0151-aj\u00e1nd\u00e9k beosztottaknak, koll\u00e9g\u00e1knak!  Egyszer\u0171en megvehet\u0151, egy mozdulattal elk\u00fcldhet\u0151, a csomagol\u00e1ssal sem kell b\u00edbel\u0151dni. :) Az \u00f6r\u00f6m minden aut\u00f3snak garant\u00e1lt!  A V\u00e1s\u00e1rl\u00e1si utalv\u00e1ny jellemz\u0151i:  - Egyszerre b\u00e1rmennyi, b\u00e1rmilyen \u00e9rt\u00e9kben v\u00e1s\u00e1rolhat\u00f3 - T\u00f6bb e-mail c\u00edmre azonnal elk\u00fcldhet\u0151 - Saj\u00e1t e-mail c\u00edmre k\u00fcldve nyomtathat\u00f3 is - Lej\u00e1rat n\u00e9lk\u00fcli - R\u00e9szletekben is bev\u00e1lthat\u00f3  - Sz\u00e1ll\u00edt\u00e1si k\u00f6lts\u00e9get is fedezhet - Megv\u00e1s\u00e1rl\u00e1sa \u00e9s bev\u00e1lt\u00e1sa v\u00e9gtelen\u00fcl egyszer\u0171  B\u0151vebb inform\u00e1ci\u00f3k al\u00e1bb, a Le\u00edr\u00e1sban tal\u00e1lhat\u00f3ak.\" \/>\n<meta property=\"og:url\" content=\"https:\/\/szereczauto.hu\/webshop\/termek\/vasarlasi-utalvany\/\" \/>\n<meta property=\"og:site_name\" content=\"Szerecz Aut\u00f3alkatr\u00e9sz Web\u00e1ruh\u00e1z\" \/>\n<meta property=\"article:publisher\" content=\"https:\/\/www.facebook.com\/szereczauto\/\" \/>\n<meta property=\"article:modified_time\" content=\"2020-11-13T10:24:59+00:00\" \/>\n<meta property=\"og:image\" content=\"https:\/\/szereczauto.hu\/webshop\/wp-content\/uploads\/2018\/11\/pw-gift-card.png\" \/>\n\t<meta property=\"og:image:width\" content=\"512\" \/>\n\t<meta property=\"og:image:height\" content=\"512\" \/>\n\t<meta property=\"og:image:type\" content=\"image\/png\" \/>\n<script type=\"application\/ld+json\" class=\"yoast-schema-graph\">{\"@context\":\"https:\\\/\\\/schema.org\",\"@graph\":[{\"@type\":\"WebPage\",\"@id\":\"https:\\\/\\\/szereczauto.hu\\\/webshop\\\/termek\\\/vasarlasi-utalvany\\\/\",\"url\":\"https:\\\/\\\/szereczauto.hu\\\/webshop\\\/termek\\\/vasarlasi-utalvany\\\/\",\"name\":\"V\u00e1s\u00e1rl\u00e1si utalv\u00e1ny &#187; Szerecz Aut\u00f3alkatr\u00e9sz Web\u00e1ruh\u00e1z\",\"isPartOf\":{\"@id\":\"https:\\\/\\\/szereczauto.hu\\\/webshop\\\/#website\"},\"primaryImageOfPage\":{\"@id\":\"https:\\\/\\\/szereczauto.hu\\\/webshop\\\/termek\\\/vasarlasi-utalvany\\\/#primaryimage\"},\"image\":{\"@id\":\"https:\\\/\\\/szereczauto.hu\\\/webshop\\\/termek\\\/vasarlasi-utalvany\\\/#primaryimage\"},\"thumbnailUrl\":\"https:\\\/\\\/szereczauto.hu\\\/webshop\\\/wp-content\\\/uploads\\\/2018\\\/11\\\/pw-gift-card.png\",\"datePublished\":\"2018-11-20T16:43:39+00:00\",\"dateModified\":\"2020-11-13T10:24:59+00:00\",\"breadcrumb\":{\"@id\":\"https:\\\/\\\/szereczauto.hu\\\/webshop\\\/termek\\\/vasarlasi-utalvany\\\/#breadcrumb\"},\"inLanguage\":\"hu\",\"potentialAction\":[{\"@type\":\"ReadAction\",\"target\":[\"https:\\\/\\\/szereczauto.hu\\\/webshop\\\/termek\\\/vasarlasi-utalvany\\\/\"]}]},{\"@type\":\"ImageObject\",\"inLanguage\":\"hu\",\"@id\":\"https:\\\/\\\/szereczauto.hu\\\/webshop\\\/termek\\\/vasarlasi-utalvany\\\/#primaryimage\",\"url\":\"https:\\\/\\\/szereczauto.hu\\\/webshop\\\/wp-content\\\/uploads\\\/2018\\\/11\\\/pw-gift-card.png\",\"contentUrl\":\"https:\\\/\\\/szereczauto.hu\\\/webshop\\\/wp-content\\\/uploads\\\/2018\\\/11\\\/pw-gift-card.png\",\"width\":512,\"height\":512},{\"@type\":\"BreadcrumbList\",\"@id\":\"https:\\\/\\\/szereczauto.hu\\\/webshop\\\/termek\\\/vasarlasi-utalvany\\\/#breadcrumb\",\"itemListElement\":[{\"@type\":\"ListItem\",\"position\":1,\"name\":\"Home\",\"item\":\"https:\\\/\\\/szereczauto.hu\\\/webshop\\\/\"},{\"@type\":\"ListItem\",\"position\":2,\"name\":\"Term\u00e9keink\",\"item\":\"https:\\\/\\\/szereczauto.hu\\\/webshop\\\/shop\\\/\"},{\"@type\":\"ListItem\",\"position\":3,\"name\":\"V\u00e1s\u00e1rl\u00e1si utalv\u00e1ny\"}]},{\"@type\":\"WebSite\",\"@id\":\"https:\\\/\\\/szereczauto.hu\\\/webshop\\\/#website\",\"url\":\"https:\\\/\\\/szereczauto.hu\\\/webshop\\\/\",\"name\":\"Szerecz Aut\u00f3alkatr\u00e9sz Web\u00e1ruh\u00e1z\",\"description\":\"Szerecz Aut\u00f3 Kft. - Thule term\u00e9kek, aut\u00f3alkatr\u00e9szek web\u00e1ruh\u00e1za\",\"publisher\":{\"@id\":\"https:\\\/\\\/szereczauto.hu\\\/webshop\\\/#organization\"},\"potentialAction\":[{\"@type\":\"SearchAction\",\"target\":{\"@type\":\"EntryPoint\",\"urlTemplate\":\"https:\\\/\\\/szereczauto.hu\\\/webshop\\\/?s={search_term_string}\"},\"query-input\":{\"@type\":\"PropertyValueSpecification\",\"valueRequired\":true,\"valueName\":\"search_term_string\"}}],\"inLanguage\":\"hu\"},{\"@type\":\"Organization\",\"@id\":\"https:\\\/\\\/szereczauto.hu\\\/webshop\\\/#organization\",\"name\":\"Szerecz Aut\u00f3alkatr\u00e9sz Web\u00e1ruh\u00e1z\",\"url\":\"https:\\\/\\\/szereczauto.hu\\\/webshop\\\/\",\"logo\":{\"@type\":\"ImageObject\",\"inLanguage\":\"hu\",\"@id\":\"https:\\\/\\\/szereczauto.hu\\\/webshop\\\/#\\\/schema\\\/logo\\\/image\\\/\",\"url\":\"https:\\\/\\\/szereczauto.hu\\\/webshop\\\/wp-content\\\/uploads\\\/2018\\\/12\\\/Szerecz_fav_2018.png\",\"contentUrl\":\"https:\\\/\\\/szereczauto.hu\\\/webshop\\\/wp-content\\\/uploads\\\/2018\\\/12\\\/Szerecz_fav_2018.png\",\"width\":512,\"height\":512,\"caption\":\"Szerecz Aut\u00f3alkatr\u00e9sz Web\u00e1ruh\u00e1z\"},\"image\":{\"@id\":\"https:\\\/\\\/szereczauto.hu\\\/webshop\\\/#\\\/schema\\\/logo\\\/image\\\/\"},\"sameAs\":[\"https:\\\/\\\/www.facebook.com\\\/szereczauto\\\/\",\"https:\\\/\\\/www.youtube.com\\\/channel\\\/UCGA5LXUmL_i2xDxT2GNNEBQ\"]}]}<\/script>\n<!-- \/ Yoast SEO plugin. -->","yoast_head_json":{"title":"V\u00e1s\u00e1rl\u00e1si utalv\u00e1ny &#187; Szerecz Aut\u00f3alkatr\u00e9sz Web\u00e1ruh\u00e1z","robots":{"index":"index","follow":"follow","max-snippet":"max-snippet:-1","max-image-preview":"max-image-preview:large","max-video-preview":"max-video-preview:-1"},"canonical":"https:\/\/szereczauto.hu\/webshop\/termek\/vasarlasi-utalvany\/","og_locale":"hu_HU","og_type":"article","og_title":"V\u00e1s\u00e1rl\u00e1si utalv\u00e1ny &#187; Szerecz Aut\u00f3alkatr\u00e9sz Web\u00e1ruh\u00e1z","og_description":"Aj\u00e1nd\u00e9kozzon szeretteinek V\u00e1s\u00e1rl\u00e1si Utalv\u00e1nyt! A legjobb Kar\u00e1csonyi aj\u00e1nd\u00e9k f\u00e9rjeknek, ap\u00e1knak, ap\u00f3snak, bar\u00e1tnak! Kit\u0171n\u0151 \u00e9v v\u00e9gi k\u00f6sz\u00f6n\u0151-aj\u00e1nd\u00e9k beosztottaknak, koll\u00e9g\u00e1knak!  Egyszer\u0171en megvehet\u0151, egy mozdulattal elk\u00fcldhet\u0151, a csomagol\u00e1ssal sem kell b\u00edbel\u0151dni. :) Az \u00f6r\u00f6m minden aut\u00f3snak garant\u00e1lt!  A V\u00e1s\u00e1rl\u00e1si utalv\u00e1ny jellemz\u0151i:  - Egyszerre b\u00e1rmennyi, b\u00e1rmilyen \u00e9rt\u00e9kben v\u00e1s\u00e1rolhat\u00f3 - T\u00f6bb e-mail c\u00edmre azonnal elk\u00fcldhet\u0151 - Saj\u00e1t e-mail c\u00edmre k\u00fcldve nyomtathat\u00f3 is - Lej\u00e1rat n\u00e9lk\u00fcli - R\u00e9szletekben is bev\u00e1lthat\u00f3  - Sz\u00e1ll\u00edt\u00e1si k\u00f6lts\u00e9get is fedezhet - Megv\u00e1s\u00e1rl\u00e1sa \u00e9s bev\u00e1lt\u00e1sa v\u00e9gtelen\u00fcl egyszer\u0171  B\u0151vebb inform\u00e1ci\u00f3k al\u00e1bb, a Le\u00edr\u00e1sban tal\u00e1lhat\u00f3ak.","og_url":"https:\/\/szereczauto.hu\/webshop\/termek\/vasarlasi-utalvany\/","og_site_name":"Szerecz Aut\u00f3alkatr\u00e9sz Web\u00e1ruh\u00e1z","article_publisher":"https:\/\/www.facebook.com\/szereczauto\/","article_modified_time":"2020-11-13T10:24:59+00:00","og_image":[{"width":512,"height":512,"url":"https:\/\/szereczauto.hu\/webshop\/wp-content\/uploads\/2018\/11\/pw-gift-card.png","type":"image\/png"}],"schema":{"@context":"https:\/\/schema.org","@graph":[{"@type":"WebPage","@id":"https:\/\/szereczauto.hu\/webshop\/termek\/vasarlasi-utalvany\/","url":"https:\/\/szereczauto.hu\/webshop\/termek\/vasarlasi-utalvany\/","name":"V\u00e1s\u00e1rl\u00e1si utalv\u00e1ny &#187; Szerecz Aut\u00f3alkatr\u00e9sz Web\u00e1ruh\u00e1z","isPartOf":{"@id":"https:\/\/szereczauto.hu\/webshop\/#website"},"primaryImageOfPage":{"@id":"https:\/\/szereczauto.hu\/webshop\/termek\/vasarlasi-utalvany\/#primaryimage"},"image":{"@id":"https:\/\/szereczauto.hu\/webshop\/termek\/vasarlasi-utalvany\/#primaryimage"},"thumbnailUrl":"https:\/\/szereczauto.hu\/webshop\/wp-content\/uploads\/2018\/11\/pw-gift-card.png","datePublished":"2018-11-20T16:43:39+00:00","dateModified":"2020-11-13T10:24:59+00:00","breadcrumb":{"@id":"https:\/\/szereczauto.hu\/webshop\/termek\/vasarlasi-utalvany\/#breadcrumb"},"inLanguage":"hu","potentialAction":[{"@type":"ReadAction","target":["https:\/\/szereczauto.hu\/webshop\/termek\/vasarlasi-utalvany\/"]}]},{"@type":"ImageObject","inLanguage":"hu","@id":"https:\/\/szereczauto.hu\/webshop\/termek\/vasarlasi-utalvany\/#primaryimage","url":"https:\/\/szereczauto.hu\/webshop\/wp-content\/uploads\/2018\/11\/pw-gift-card.png","contentUrl":"https:\/\/szereczauto.hu\/webshop\/wp-content\/uploads\/2018\/11\/pw-gift-card.png","width":512,"height":512},{"@type":"BreadcrumbList","@id":"https:\/\/szereczauto.hu\/webshop\/termek\/vasarlasi-utalvany\/#breadcrumb","itemListElement":[{"@type":"ListItem","position":1,"name":"Home","item":"https:\/\/szereczauto.hu\/webshop\/"},{"@type":"ListItem","position":2,"name":"Term\u00e9keink","item":"https:\/\/szereczauto.hu\/webshop\/shop\/"},{"@type":"ListItem","position":3,"name":"V\u00e1s\u00e1rl\u00e1si utalv\u00e1ny"}]},{"@type":"WebSite","@id":"https:\/\/szereczauto.hu\/webshop\/#website","url":"https:\/\/szereczauto.hu\/webshop\/","name":"Szerecz Aut\u00f3alkatr\u00e9sz Web\u00e1ruh\u00e1z","description":"Szerecz Aut\u00f3 Kft. - Thule term\u00e9kek, aut\u00f3alkatr\u00e9szek web\u00e1ruh\u00e1za","publisher":{"@id":"https:\/\/szereczauto.hu\/webshop\/#organization"},"potentialAction":[{"@type":"SearchAction","target":{"@type":"EntryPoint","urlTemplate":"https:\/\/szereczauto.hu\/webshop\/?s={search_term_string}"},"query-input":{"@type":"PropertyValueSpecification","valueRequired":true,"valueName":"search_term_string"}}],"inLanguage":"hu"},{"@type":"Organization","@id":"https:\/\/szereczauto.hu\/webshop\/#organization","name":"Szerecz Aut\u00f3alkatr\u00e9sz Web\u00e1ruh\u00e1z","url":"https:\/\/szereczauto.hu\/webshop\/","logo":{"@type":"ImageObject","inLanguage":"hu","@id":"https:\/\/szereczauto.hu\/webshop\/#\/schema\/logo\/image\/","url":"https:\/\/szereczauto.hu\/webshop\/wp-content\/uploads\/2018\/12\/Szerecz_fav_2018.png","contentUrl":"https:\/\/szereczauto.hu\/webshop\/wp-content\/uploads\/2018\/12\/Szerecz_fav_2018.png","width":512,"height":512,"caption":"Szerecz Aut\u00f3alkatr\u00e9sz Web\u00e1ruh\u00e1z"},"image":{"@id":"https:\/\/szereczauto.hu\/webshop\/#\/schema\/logo\/image\/"},"sameAs":["https:\/\/www.facebook.com\/szereczauto\/","https:\/\/www.youtube.com\/channel\/UCGA5LXUmL_i2xDxT2GNNEBQ"]}]}},"_links":{"self":[{"href":"https:\/\/szereczauto.hu\/webshop\/wp-json\/wp\/v2\/product\/18257","targetHints":{"allow":["GET"]}}],"collection":[{"href":"https:\/\/szereczauto.hu\/webshop\/wp-json\/wp\/v2\/product"}],"about":[{"href":"https:\/\/szereczauto.hu\/webshop\/wp-json\/wp\/v2\/types\/product"}],"replies":[{"embeddable":true,"href":"https:\/\/szereczauto.hu\/webshop\/wp-json\/wp\/v2\/comments?post=18257"}],"wp:featuredmedia":[{"embeddable":true,"href":"https:\/\/szereczauto.hu\/webshop\/wp-json\/wp\/v2\/media\/18256"}],"wp:attachment":[{"href":"https:\/\/szereczauto.hu\/webshop\/wp-json\/wp\/v2\/media?parent=18257"}],"wp:term":[{"taxonomy":"product_brand","embeddable":true,"href":"https:\/\/szereczauto.hu\/webshop\/wp-json\/wp\/v2\/product_brand?post=18257"},{"taxonomy":"product_cat","embeddable":true,"href":"https:\/\/szereczauto.hu\/webshop\/wp-json\/wp\/v2\/product_cat?post=18257"},{"taxonomy":"product_tag","embeddable":true,"href":"https:\/\/szereczauto.hu\/webshop\/wp-json\/wp\/v2\/product_tag?post=18257"}],"curies":[{"name":"wp","href":"https:\/\/api.w.org\/{rel}","templated":true}]}}