{"id":18208,"date":"2018-11-19T17:34:54","date_gmt":"2018-11-19T15:34:54","guid":{"rendered":"https:\/\/szereczauto.hu\/webshop\/?post_type=product&#038;p=18208"},"modified":"2020-06-06T08:57:50","modified_gmt":"2020-06-06T06:57:50","slug":"sonax-felnitisztito-xtreme-500-ml-230200","status":"publish","type":"product","link":"https:\/\/szereczauto.hu\/webshop\/termek\/sonax-felnitisztito-xtreme-500-ml-230200\/","title":{"rendered":"Sonax Felnitiszt\u00edt\u00f3 Xtreme 500 ml."},"content":{"rendered":"<p><strong>SONAX Xtreme Felnitiszt\u00edt\u00f3 500 ml<br \/>\n<\/strong><\/p>\n<p>Rendk\u00edv\u00fcl hat\u00e9kony, savmentes, speci\u00e1lis tiszt\u00edt\u00f3szer valamennyi lakkozott ac\u00e9l- \u00e9s k\u00f6nny\u0171f\u00e9m felnihez. K\u00f6nnyed\u00e9n elt\u00e1vol\u00edtja m\u00e9g a legmakacsabb szennyez\u0151d\u00e9seket is, mint az \u00e9gett f\u00e9kpor, az olaj- \u00e9s gumimaradv\u00e1nyok, valamint az egy\u00e9b k\u00f6z\u00fati szennyez\u0151d\u00e9sek. K\u00fcl\u00f6n v\u00e1s\u00e1rolhat\u00f3 hozz\u00e1 <a href=\"https:\/\/szereczauto.hu\/webshop\/termek\/sonax-mikroszalas-felnitisztito-417541\/\" target=\"_blank\" rel=\"noopener noreferrer\">nyeles felnitiszt\u00edt\u00f3 szivacs<\/a>, amelynek seg\u00edts\u00e9g\u00e9vel a nehezen hozz\u00e1f\u00e9rhet\u0151 r\u00e9szek is k\u00f6nnyed\u00e9n megtiszt\u00edthat\u00f3k.<\/p>\n","protected":false},"excerpt":{"rendered":"<p>&nbsp;<\/p>\n<p>Fogy.\u00e1r: 9 540,-forint\/liter<\/p>\n","protected":false},"featured_media":18220,"comment_status":"open","ping_status":"closed","template":"","meta":{"_et_pb_use_builder":"","_et_pb_old_content":"","_et_gb_content_width":"","wp_popup_display_lightbox":0,"wp_popup_suppress":"","wp_popup_trigger":"","wp_popup_trigger_amount":0,"wp_popup_disable_on_mobile":false},"product_brand":[],"product_cat":[46,136],"product_tag":[],"class_list":{"0":"post-18208","1":"product","2":"type-product","3":"status-publish","4":"has-post-thumbnail","6":"product_cat-autoapolas","7":"product_cat-kerekek-tisztitasa-apolasa","9":"first","10":"instock","11":"featured","12":"shipping-taxable","13":"purchasable","14":"product-type-simple"},"yoast_head":"<!-- This site is optimized with the Yoast SEO plugin v27.5 - https:\/\/yoast.com\/product\/yoast-seo-wordpress\/ -->\n<title>Sonax Felnitiszt\u00edt\u00f3 Xtreme 500 ml. &#187; Szerecz Aut\u00f3alkatr\u00e9sz Web\u00e1ruh\u00e1z<\/title>\n<meta name=\"robots\" content=\"index, follow, max-snippet:-1, max-image-preview:large, max-video-preview:-1\" \/>\n<link rel=\"canonical\" href=\"https:\/\/szereczauto.hu\/webshop\/termek\/sonax-felnitisztito-xtreme-500-ml-230200\/\" \/>\n<meta property=\"og:locale\" content=\"hu_HU\" \/>\n<meta property=\"og:type\" content=\"article\" \/>\n<meta property=\"og:title\" content=\"Sonax Felnitiszt\u00edt\u00f3 Xtreme 500 ml. &#187; Szerecz Aut\u00f3alkatr\u00e9sz Web\u00e1ruh\u00e1z\" \/>\n<meta property=\"og:description\" content=\"&nbsp;  Fogy.\u00e1r: 9 540,-forint\/liter\" \/>\n<meta property=\"og:url\" content=\"https:\/\/szereczauto.hu\/webshop\/termek\/sonax-felnitisztito-xtreme-500-ml-230200\/\" \/>\n<meta property=\"og:site_name\" content=\"Szerecz Aut\u00f3alkatr\u00e9sz Web\u00e1ruh\u00e1z\" \/>\n<meta property=\"article:publisher\" content=\"https:\/\/www.facebook.com\/szereczauto\/\" \/>\n<meta property=\"article:modified_time\" content=\"2020-06-06T06:57:50+00:00\" \/>\n<meta property=\"og:image\" content=\"https:\/\/szereczauto.hu\/webshop\/wp-content\/uploads\/2018\/11\/Sonax-felnitiszt\u00edt\u00f3-xtreme-230200.jpg\" \/>\n\t<meta property=\"og:image:width\" content=\"800\" \/>\n\t<meta property=\"og:image:height\" content=\"800\" \/>\n\t<meta property=\"og:image:type\" content=\"image\/jpeg\" \/>\n<script type=\"application\/ld+json\" class=\"yoast-schema-graph\">{\"@context\":\"https:\\\/\\\/schema.org\",\"@graph\":[{\"@type\":\"WebPage\",\"@id\":\"https:\\\/\\\/szereczauto.hu\\\/webshop\\\/termek\\\/sonax-felnitisztito-xtreme-500-ml-230200\\\/\",\"url\":\"https:\\\/\\\/szereczauto.hu\\\/webshop\\\/termek\\\/sonax-felnitisztito-xtreme-500-ml-230200\\\/\",\"name\":\"Sonax Felnitiszt\u00edt\u00f3 Xtreme 500 ml. &#187; Szerecz Aut\u00f3alkatr\u00e9sz Web\u00e1ruh\u00e1z\",\"isPartOf\":{\"@id\":\"https:\\\/\\\/szereczauto.hu\\\/webshop\\\/#website\"},\"primaryImageOfPage\":{\"@id\":\"https:\\\/\\\/szereczauto.hu\\\/webshop\\\/termek\\\/sonax-felnitisztito-xtreme-500-ml-230200\\\/#primaryimage\"},\"image\":{\"@id\":\"https:\\\/\\\/szereczauto.hu\\\/webshop\\\/termek\\\/sonax-felnitisztito-xtreme-500-ml-230200\\\/#primaryimage\"},\"thumbnailUrl\":\"https:\\\/\\\/szereczauto.hu\\\/webshop\\\/wp-content\\\/uploads\\\/2018\\\/11\\\/Sonax-felnitiszt\u00edt\u00f3-xtreme-230200.jpg\",\"datePublished\":\"2018-11-19T15:34:54+00:00\",\"dateModified\":\"2020-06-06T06:57:50+00:00\",\"breadcrumb\":{\"@id\":\"https:\\\/\\\/szereczauto.hu\\\/webshop\\\/termek\\\/sonax-felnitisztito-xtreme-500-ml-230200\\\/#breadcrumb\"},\"inLanguage\":\"hu\",\"potentialAction\":[{\"@type\":\"ReadAction\",\"target\":[\"https:\\\/\\\/szereczauto.hu\\\/webshop\\\/termek\\\/sonax-felnitisztito-xtreme-500-ml-230200\\\/\"]}]},{\"@type\":\"ImageObject\",\"inLanguage\":\"hu\",\"@id\":\"https:\\\/\\\/szereczauto.hu\\\/webshop\\\/termek\\\/sonax-felnitisztito-xtreme-500-ml-230200\\\/#primaryimage\",\"url\":\"https:\\\/\\\/szereczauto.hu\\\/webshop\\\/wp-content\\\/uploads\\\/2018\\\/11\\\/Sonax-felnitiszt\u00edt\u00f3-xtreme-230200.jpg\",\"contentUrl\":\"https:\\\/\\\/szereczauto.hu\\\/webshop\\\/wp-content\\\/uploads\\\/2018\\\/11\\\/Sonax-felnitiszt\u00edt\u00f3-xtreme-230200.jpg\",\"width\":800,\"height\":800,\"caption\":\"aut\u00f3\u00e1pol\u00e1si term\u00e9kek, Sonax Felnitiszt\u00edt\u00f3 Xtreme\"},{\"@type\":\"BreadcrumbList\",\"@id\":\"https:\\\/\\\/szereczauto.hu\\\/webshop\\\/termek\\\/sonax-felnitisztito-xtreme-500-ml-230200\\\/#breadcrumb\",\"itemListElement\":[{\"@type\":\"ListItem\",\"position\":1,\"name\":\"Home\",\"item\":\"https:\\\/\\\/szereczauto.hu\\\/webshop\\\/\"},{\"@type\":\"ListItem\",\"position\":2,\"name\":\"Term\u00e9keink\",\"item\":\"https:\\\/\\\/szereczauto.hu\\\/webshop\\\/shop\\\/\"},{\"@type\":\"ListItem\",\"position\":3,\"name\":\"Sonax Felnitiszt\u00edt\u00f3 Xtreme 500 ml.\"}]},{\"@type\":\"WebSite\",\"@id\":\"https:\\\/\\\/szereczauto.hu\\\/webshop\\\/#website\",\"url\":\"https:\\\/\\\/szereczauto.hu\\\/webshop\\\/\",\"name\":\"Szerecz Aut\u00f3alkatr\u00e9sz Web\u00e1ruh\u00e1z\",\"description\":\"Szerecz Aut\u00f3 Kft. - Thule term\u00e9kek, aut\u00f3alkatr\u00e9szek web\u00e1ruh\u00e1za\",\"publisher\":{\"@id\":\"https:\\\/\\\/szereczauto.hu\\\/webshop\\\/#organization\"},\"potentialAction\":[{\"@type\":\"SearchAction\",\"target\":{\"@type\":\"EntryPoint\",\"urlTemplate\":\"https:\\\/\\\/szereczauto.hu\\\/webshop\\\/?s={search_term_string}\"},\"query-input\":{\"@type\":\"PropertyValueSpecification\",\"valueRequired\":true,\"valueName\":\"search_term_string\"}}],\"inLanguage\":\"hu\"},{\"@type\":\"Organization\",\"@id\":\"https:\\\/\\\/szereczauto.hu\\\/webshop\\\/#organization\",\"name\":\"Szerecz Aut\u00f3alkatr\u00e9sz Web\u00e1ruh\u00e1z\",\"url\":\"https:\\\/\\\/szereczauto.hu\\\/webshop\\\/\",\"logo\":{\"@type\":\"ImageObject\",\"inLanguage\":\"hu\",\"@id\":\"https:\\\/\\\/szereczauto.hu\\\/webshop\\\/#\\\/schema\\\/logo\\\/image\\\/\",\"url\":\"https:\\\/\\\/szereczauto.hu\\\/webshop\\\/wp-content\\\/uploads\\\/2018\\\/12\\\/Szerecz_fav_2018.png\",\"contentUrl\":\"https:\\\/\\\/szereczauto.hu\\\/webshop\\\/wp-content\\\/uploads\\\/2018\\\/12\\\/Szerecz_fav_2018.png\",\"width\":512,\"height\":512,\"caption\":\"Szerecz Aut\u00f3alkatr\u00e9sz Web\u00e1ruh\u00e1z\"},\"image\":{\"@id\":\"https:\\\/\\\/szereczauto.hu\\\/webshop\\\/#\\\/schema\\\/logo\\\/image\\\/\"},\"sameAs\":[\"https:\\\/\\\/www.facebook.com\\\/szereczauto\\\/\",\"https:\\\/\\\/www.youtube.com\\\/channel\\\/UCGA5LXUmL_i2xDxT2GNNEBQ\"]}]}<\/script>\n<!-- \/ Yoast SEO plugin. -->","yoast_head_json":{"title":"Sonax Felnitiszt\u00edt\u00f3 Xtreme 500 ml. &#187; Szerecz Aut\u00f3alkatr\u00e9sz Web\u00e1ruh\u00e1z","robots":{"index":"index","follow":"follow","max-snippet":"max-snippet:-1","max-image-preview":"max-image-preview:large","max-video-preview":"max-video-preview:-1"},"canonical":"https:\/\/szereczauto.hu\/webshop\/termek\/sonax-felnitisztito-xtreme-500-ml-230200\/","og_locale":"hu_HU","og_type":"article","og_title":"Sonax Felnitiszt\u00edt\u00f3 Xtreme 500 ml. &#187; Szerecz Aut\u00f3alkatr\u00e9sz Web\u00e1ruh\u00e1z","og_description":"&nbsp;  Fogy.\u00e1r: 9 540,-forint\/liter","og_url":"https:\/\/szereczauto.hu\/webshop\/termek\/sonax-felnitisztito-xtreme-500-ml-230200\/","og_site_name":"Szerecz Aut\u00f3alkatr\u00e9sz Web\u00e1ruh\u00e1z","article_publisher":"https:\/\/www.facebook.com\/szereczauto\/","article_modified_time":"2020-06-06T06:57:50+00:00","og_image":[{"width":800,"height":800,"url":"https:\/\/szereczauto.hu\/webshop\/wp-content\/uploads\/2018\/11\/Sonax-felnitiszt\u00edt\u00f3-xtreme-230200.jpg","type":"image\/jpeg"}],"schema":{"@context":"https:\/\/schema.org","@graph":[{"@type":"WebPage","@id":"https:\/\/szereczauto.hu\/webshop\/termek\/sonax-felnitisztito-xtreme-500-ml-230200\/","url":"https:\/\/szereczauto.hu\/webshop\/termek\/sonax-felnitisztito-xtreme-500-ml-230200\/","name":"Sonax Felnitiszt\u00edt\u00f3 Xtreme 500 ml. &#187; Szerecz Aut\u00f3alkatr\u00e9sz Web\u00e1ruh\u00e1z","isPartOf":{"@id":"https:\/\/szereczauto.hu\/webshop\/#website"},"primaryImageOfPage":{"@id":"https:\/\/szereczauto.hu\/webshop\/termek\/sonax-felnitisztito-xtreme-500-ml-230200\/#primaryimage"},"image":{"@id":"https:\/\/szereczauto.hu\/webshop\/termek\/sonax-felnitisztito-xtreme-500-ml-230200\/#primaryimage"},"thumbnailUrl":"https:\/\/szereczauto.hu\/webshop\/wp-content\/uploads\/2018\/11\/Sonax-felnitiszt\u00edt\u00f3-xtreme-230200.jpg","datePublished":"2018-11-19T15:34:54+00:00","dateModified":"2020-06-06T06:57:50+00:00","breadcrumb":{"@id":"https:\/\/szereczauto.hu\/webshop\/termek\/sonax-felnitisztito-xtreme-500-ml-230200\/#breadcrumb"},"inLanguage":"hu","potentialAction":[{"@type":"ReadAction","target":["https:\/\/szereczauto.hu\/webshop\/termek\/sonax-felnitisztito-xtreme-500-ml-230200\/"]}]},{"@type":"ImageObject","inLanguage":"hu","@id":"https:\/\/szereczauto.hu\/webshop\/termek\/sonax-felnitisztito-xtreme-500-ml-230200\/#primaryimage","url":"https:\/\/szereczauto.hu\/webshop\/wp-content\/uploads\/2018\/11\/Sonax-felnitiszt\u00edt\u00f3-xtreme-230200.jpg","contentUrl":"https:\/\/szereczauto.hu\/webshop\/wp-content\/uploads\/2018\/11\/Sonax-felnitiszt\u00edt\u00f3-xtreme-230200.jpg","width":800,"height":800,"caption":"aut\u00f3\u00e1pol\u00e1si term\u00e9kek, Sonax Felnitiszt\u00edt\u00f3 Xtreme"},{"@type":"BreadcrumbList","@id":"https:\/\/szereczauto.hu\/webshop\/termek\/sonax-felnitisztito-xtreme-500-ml-230200\/#breadcrumb","itemListElement":[{"@type":"ListItem","position":1,"name":"Home","item":"https:\/\/szereczauto.hu\/webshop\/"},{"@type":"ListItem","position":2,"name":"Term\u00e9keink","item":"https:\/\/szereczauto.hu\/webshop\/shop\/"},{"@type":"ListItem","position":3,"name":"Sonax Felnitiszt\u00edt\u00f3 Xtreme 500 ml."}]},{"@type":"WebSite","@id":"https:\/\/szereczauto.hu\/webshop\/#website","url":"https:\/\/szereczauto.hu\/webshop\/","name":"Szerecz Aut\u00f3alkatr\u00e9sz Web\u00e1ruh\u00e1z","description":"Szerecz Aut\u00f3 Kft. - Thule term\u00e9kek, aut\u00f3alkatr\u00e9szek web\u00e1ruh\u00e1za","publisher":{"@id":"https:\/\/szereczauto.hu\/webshop\/#organization"},"potentialAction":[{"@type":"SearchAction","target":{"@type":"EntryPoint","urlTemplate":"https:\/\/szereczauto.hu\/webshop\/?s={search_term_string}"},"query-input":{"@type":"PropertyValueSpecification","valueRequired":true,"valueName":"search_term_string"}}],"inLanguage":"hu"},{"@type":"Organization","@id":"https:\/\/szereczauto.hu\/webshop\/#organization","name":"Szerecz Aut\u00f3alkatr\u00e9sz Web\u00e1ruh\u00e1z","url":"https:\/\/szereczauto.hu\/webshop\/","logo":{"@type":"ImageObject","inLanguage":"hu","@id":"https:\/\/szereczauto.hu\/webshop\/#\/schema\/logo\/image\/","url":"https:\/\/szereczauto.hu\/webshop\/wp-content\/uploads\/2018\/12\/Szerecz_fav_2018.png","contentUrl":"https:\/\/szereczauto.hu\/webshop\/wp-content\/uploads\/2018\/12\/Szerecz_fav_2018.png","width":512,"height":512,"caption":"Szerecz Aut\u00f3alkatr\u00e9sz Web\u00e1ruh\u00e1z"},"image":{"@id":"https:\/\/szereczauto.hu\/webshop\/#\/schema\/logo\/image\/"},"sameAs":["https:\/\/www.facebook.com\/szereczauto\/","https:\/\/www.youtube.com\/channel\/UCGA5LXUmL_i2xDxT2GNNEBQ"]}]}},"_links":{"self":[{"href":"https:\/\/szereczauto.hu\/webshop\/wp-json\/wp\/v2\/product\/18208","targetHints":{"allow":["GET"]}}],"collection":[{"href":"https:\/\/szereczauto.hu\/webshop\/wp-json\/wp\/v2\/product"}],"about":[{"href":"https:\/\/szereczauto.hu\/webshop\/wp-json\/wp\/v2\/types\/product"}],"replies":[{"embeddable":true,"href":"https:\/\/szereczauto.hu\/webshop\/wp-json\/wp\/v2\/comments?post=18208"}],"wp:featuredmedia":[{"embeddable":true,"href":"https:\/\/szereczauto.hu\/webshop\/wp-json\/wp\/v2\/media\/18220"}],"wp:attachment":[{"href":"https:\/\/szereczauto.hu\/webshop\/wp-json\/wp\/v2\/media?parent=18208"}],"wp:term":[{"taxonomy":"product_brand","embeddable":true,"href":"https:\/\/szereczauto.hu\/webshop\/wp-json\/wp\/v2\/product_brand?post=18208"},{"taxonomy":"product_cat","embeddable":true,"href":"https:\/\/szereczauto.hu\/webshop\/wp-json\/wp\/v2\/product_cat?post=18208"},{"taxonomy":"product_tag","embeddable":true,"href":"https:\/\/szereczauto.hu\/webshop\/wp-json\/wp\/v2\/product_tag?post=18208"}],"curies":[{"name":"wp","href":"https:\/\/api.w.org\/{rel}","templated":true}]}}