{"id":17527,"date":"2018-04-10T13:09:38","date_gmt":"2018-04-10T11:09:38","guid":{"rendered":"http:\/\/szereczauto.hu\/webshop\/?post_type=product&#038;p=17527"},"modified":"2023-04-21T14:30:11","modified_gmt":"2023-04-21T12:30:11","slug":"sonax-premiumclass-borapolo-250ml-282141","status":"publish","type":"product","link":"https:\/\/szereczauto.hu\/webshop\/termek\/sonax-premiumclass-borapolo-250ml-282141\/","title":{"rendered":"Sonax Pr\u00e9mium Class B\u0151r\u00e1pol\u00f3kr\u00e9m 250 ml."},"content":{"rendered":"<p><strong>SONAX PR\u00c9MIUM CLASS B\u0151r\u00e1pol\u00f3 250 ml.<br \/>\n<\/strong><\/p>\n<p>Intenz\u00edv \u00e1pol\u00e1s minden t\u00edpus\u00fa sima b\u0151rnek. A gazdag hidrat\u00e1l\u00f3 emulzi\u00f3 m\u00e9ly hat\u00e1st biztos\u00edt a puha \u00e9s rugalmas fel\u00fclethez. Vissza\u00e1ll\u00edtja a b\u0151r eredeti, finom f\u00e9ny\u00e9t, intenz\u00edv sz\u00edn\u00e9t \u00e9s term\u00e9szetes simas\u00e1g\u00e1t. A hidrat\u00e1l\u00f3 hat\u00f3anyagok t\u00e1pl\u00e1lj\u00e1k a b\u0151rt, amely fenntartja a nedves hat\u00e1st \u00e9s n\u00f6veli az \u00e9lettartamot. A term\u00e9k v\u00e9delmet ny\u00fajt UV sugarak ellen, ezzel megakad\u00e1lyozva a sz\u00ednek kifakul\u00e1s\u00e1t napf\u00e9ny hat\u00e1s\u00e1ra. Anti-nyikorg\u00f3 adal\u00e9kok biztos\u00edtj\u00e1k a k\u00e9nyelmes \u00fcl\u0151 \u00e9rz\u00e9st, ne t\u0171nj\u00f6n cs\u00fasz\u00f3snak a fel\u00fclet. A hozz\u00e1adott antioxid\u00e1nsok t\u00e1pl\u00e1lj\u00e1k a b\u0151rt \u00e9s a term\u00e9szetes elhaszn\u00e1l\u00f3d\u00e1s miatti \u00f6reged\u00e9st k\u00e9sleltetik. A kezelt fel\u00fcleten v\u00e9d\u0151g\u00e1tat k\u00e9pez a szennyez\u0151d\u00e9sek ellen (v\u00edz, ki\u00f6ml\u00e9sek, stb.). Alkalmas minden sima b\u0151r sz\u00e1m\u00e1ra, perfor\u00e1lt b\u0151r fel\u00fcletek \u00e9s \u00fcl\u00e9sf\u0171t\u00e9s eset\u00e9n is. Ne haszn\u00e1lja anilin, nubuk, vagy vel\u00far b\u0151rre. Haszn\u00e1lata el\u0151tt <a href=\"http:\/\/szereczauto.hu\/webshop\/termek\/sonax-premium-class-boratisztito-krem-250-ml-281141\/\" target=\"_blank\" rel=\"noopener noreferrer\"><span style=\"color: #3366ff;\">SONAX PremiumClass b\u0151r tiszt\u00edt\u00f3<\/span><\/a> kr\u00e9met javasoljuk, a fel\u00fclet alapos megtiszt\u00edt\u00e1s\u00e1ra \u00e9s az el\u0151k\u00e9sz\u00edt\u00e9s\u00e9re.<\/p>\n","protected":false},"excerpt":{"rendered":"<p>Fogy.\u00e1r: 43 992,-forint\/liter<\/p>\n","protected":false},"featured_media":17528,"comment_status":"open","ping_status":"closed","template":"","meta":{"_et_pb_use_builder":"","_et_pb_old_content":"","_et_gb_content_width":"","wp_popup_display_lightbox":0,"wp_popup_suppress":"","wp_popup_trigger":"","wp_popup_trigger_amount":0,"wp_popup_disable_on_mobile":false},"product_brand":[],"product_cat":[46,134],"product_tag":[],"class_list":{"0":"post-17527","1":"product","2":"type-product","3":"status-publish","4":"has-post-thumbnail","6":"product_cat-autoapolas","7":"product_cat-belso-tisztitas-apolas","9":"first","10":"instock","11":"shipping-taxable","12":"purchasable","13":"product-type-simple"},"yoast_head":"<!-- This site is optimized with the Yoast SEO plugin v27.5 - https:\/\/yoast.com\/product\/yoast-seo-wordpress\/ -->\n<title>Sonax Pr\u00e9mium Class B\u0151r\u00e1pol\u00f3kr\u00e9m 250 ml. &#187; Szerecz Aut\u00f3alkatr\u00e9sz Web\u00e1ruh\u00e1z<\/title>\n<meta name=\"robots\" content=\"index, follow, max-snippet:-1, max-image-preview:large, max-video-preview:-1\" \/>\n<link rel=\"canonical\" href=\"https:\/\/szereczauto.hu\/webshop\/termek\/sonax-premiumclass-borapolo-250ml-282141\/\" \/>\n<meta property=\"og:locale\" content=\"hu_HU\" \/>\n<meta property=\"og:type\" content=\"article\" \/>\n<meta property=\"og:title\" content=\"Sonax Pr\u00e9mium Class B\u0151r\u00e1pol\u00f3kr\u00e9m 250 ml. &#187; Szerecz Aut\u00f3alkatr\u00e9sz Web\u00e1ruh\u00e1z\" \/>\n<meta property=\"og:description\" content=\"Fogy.\u00e1r: 43 992,-forint\/liter\" \/>\n<meta property=\"og:url\" content=\"https:\/\/szereczauto.hu\/webshop\/termek\/sonax-premiumclass-borapolo-250ml-282141\/\" \/>\n<meta property=\"og:site_name\" content=\"Szerecz Aut\u00f3alkatr\u00e9sz Web\u00e1ruh\u00e1z\" \/>\n<meta property=\"article:publisher\" content=\"https:\/\/www.facebook.com\/szereczauto\/\" \/>\n<meta property=\"article:modified_time\" content=\"2023-04-21T12:30:11+00:00\" \/>\n<meta property=\"og:image\" content=\"https:\/\/szereczauto.hu\/webshop\/wp-content\/uploads\/2018\/04\/282141-sonax.jpg\" \/>\n\t<meta property=\"og:image:width\" content=\"800\" \/>\n\t<meta property=\"og:image:height\" content=\"800\" \/>\n\t<meta property=\"og:image:type\" content=\"image\/jpeg\" \/>\n<script type=\"application\/ld+json\" class=\"yoast-schema-graph\">{\"@context\":\"https:\\\/\\\/schema.org\",\"@graph\":[{\"@type\":\"WebPage\",\"@id\":\"https:\\\/\\\/szereczauto.hu\\\/webshop\\\/termek\\\/sonax-premiumclass-borapolo-250ml-282141\\\/\",\"url\":\"https:\\\/\\\/szereczauto.hu\\\/webshop\\\/termek\\\/sonax-premiumclass-borapolo-250ml-282141\\\/\",\"name\":\"Sonax Pr\u00e9mium Class B\u0151r\u00e1pol\u00f3kr\u00e9m 250 ml. &#187; Szerecz Aut\u00f3alkatr\u00e9sz Web\u00e1ruh\u00e1z\",\"isPartOf\":{\"@id\":\"https:\\\/\\\/szereczauto.hu\\\/webshop\\\/#website\"},\"primaryImageOfPage\":{\"@id\":\"https:\\\/\\\/szereczauto.hu\\\/webshop\\\/termek\\\/sonax-premiumclass-borapolo-250ml-282141\\\/#primaryimage\"},\"image\":{\"@id\":\"https:\\\/\\\/szereczauto.hu\\\/webshop\\\/termek\\\/sonax-premiumclass-borapolo-250ml-282141\\\/#primaryimage\"},\"thumbnailUrl\":\"https:\\\/\\\/szereczauto.hu\\\/webshop\\\/wp-content\\\/uploads\\\/2018\\\/04\\\/282141-sonax.jpg\",\"datePublished\":\"2018-04-10T11:09:38+00:00\",\"dateModified\":\"2023-04-21T12:30:11+00:00\",\"breadcrumb\":{\"@id\":\"https:\\\/\\\/szereczauto.hu\\\/webshop\\\/termek\\\/sonax-premiumclass-borapolo-250ml-282141\\\/#breadcrumb\"},\"inLanguage\":\"hu\",\"potentialAction\":[{\"@type\":\"ReadAction\",\"target\":[\"https:\\\/\\\/szereczauto.hu\\\/webshop\\\/termek\\\/sonax-premiumclass-borapolo-250ml-282141\\\/\"]}]},{\"@type\":\"ImageObject\",\"inLanguage\":\"hu\",\"@id\":\"https:\\\/\\\/szereczauto.hu\\\/webshop\\\/termek\\\/sonax-premiumclass-borapolo-250ml-282141\\\/#primaryimage\",\"url\":\"https:\\\/\\\/szereczauto.hu\\\/webshop\\\/wp-content\\\/uploads\\\/2018\\\/04\\\/282141-sonax.jpg\",\"contentUrl\":\"https:\\\/\\\/szereczauto.hu\\\/webshop\\\/wp-content\\\/uploads\\\/2018\\\/04\\\/282141-sonax.jpg\",\"width\":800,\"height\":800,\"caption\":\"Sonax Pr\u00e9mium Class B\u0151r\u00e1pol\u00f3kr\u00e9m 250 ml, aut\u00f3\u00e1pol\u00e1si term\u00e9kek\"},{\"@type\":\"BreadcrumbList\",\"@id\":\"https:\\\/\\\/szereczauto.hu\\\/webshop\\\/termek\\\/sonax-premiumclass-borapolo-250ml-282141\\\/#breadcrumb\",\"itemListElement\":[{\"@type\":\"ListItem\",\"position\":1,\"name\":\"Home\",\"item\":\"https:\\\/\\\/szereczauto.hu\\\/webshop\\\/\"},{\"@type\":\"ListItem\",\"position\":2,\"name\":\"Term\u00e9keink\",\"item\":\"https:\\\/\\\/szereczauto.hu\\\/webshop\\\/shop\\\/\"},{\"@type\":\"ListItem\",\"position\":3,\"name\":\"Sonax Pr\u00e9mium Class B\u0151r\u00e1pol\u00f3kr\u00e9m 250 ml.\"}]},{\"@type\":\"WebSite\",\"@id\":\"https:\\\/\\\/szereczauto.hu\\\/webshop\\\/#website\",\"url\":\"https:\\\/\\\/szereczauto.hu\\\/webshop\\\/\",\"name\":\"Szerecz Aut\u00f3alkatr\u00e9sz Web\u00e1ruh\u00e1z\",\"description\":\"Szerecz Aut\u00f3 Kft. - Thule term\u00e9kek, aut\u00f3alkatr\u00e9szek web\u00e1ruh\u00e1za\",\"publisher\":{\"@id\":\"https:\\\/\\\/szereczauto.hu\\\/webshop\\\/#organization\"},\"potentialAction\":[{\"@type\":\"SearchAction\",\"target\":{\"@type\":\"EntryPoint\",\"urlTemplate\":\"https:\\\/\\\/szereczauto.hu\\\/webshop\\\/?s={search_term_string}\"},\"query-input\":{\"@type\":\"PropertyValueSpecification\",\"valueRequired\":true,\"valueName\":\"search_term_string\"}}],\"inLanguage\":\"hu\"},{\"@type\":\"Organization\",\"@id\":\"https:\\\/\\\/szereczauto.hu\\\/webshop\\\/#organization\",\"name\":\"Szerecz Aut\u00f3alkatr\u00e9sz Web\u00e1ruh\u00e1z\",\"url\":\"https:\\\/\\\/szereczauto.hu\\\/webshop\\\/\",\"logo\":{\"@type\":\"ImageObject\",\"inLanguage\":\"hu\",\"@id\":\"https:\\\/\\\/szereczauto.hu\\\/webshop\\\/#\\\/schema\\\/logo\\\/image\\\/\",\"url\":\"https:\\\/\\\/szereczauto.hu\\\/webshop\\\/wp-content\\\/uploads\\\/2018\\\/12\\\/Szerecz_fav_2018.png\",\"contentUrl\":\"https:\\\/\\\/szereczauto.hu\\\/webshop\\\/wp-content\\\/uploads\\\/2018\\\/12\\\/Szerecz_fav_2018.png\",\"width\":512,\"height\":512,\"caption\":\"Szerecz Aut\u00f3alkatr\u00e9sz Web\u00e1ruh\u00e1z\"},\"image\":{\"@id\":\"https:\\\/\\\/szereczauto.hu\\\/webshop\\\/#\\\/schema\\\/logo\\\/image\\\/\"},\"sameAs\":[\"https:\\\/\\\/www.facebook.com\\\/szereczauto\\\/\",\"https:\\\/\\\/www.youtube.com\\\/channel\\\/UCGA5LXUmL_i2xDxT2GNNEBQ\"]}]}<\/script>\n<!-- \/ Yoast SEO plugin. -->","yoast_head_json":{"title":"Sonax Pr\u00e9mium Class B\u0151r\u00e1pol\u00f3kr\u00e9m 250 ml. &#187; Szerecz Aut\u00f3alkatr\u00e9sz Web\u00e1ruh\u00e1z","robots":{"index":"index","follow":"follow","max-snippet":"max-snippet:-1","max-image-preview":"max-image-preview:large","max-video-preview":"max-video-preview:-1"},"canonical":"https:\/\/szereczauto.hu\/webshop\/termek\/sonax-premiumclass-borapolo-250ml-282141\/","og_locale":"hu_HU","og_type":"article","og_title":"Sonax Pr\u00e9mium Class B\u0151r\u00e1pol\u00f3kr\u00e9m 250 ml. &#187; Szerecz Aut\u00f3alkatr\u00e9sz Web\u00e1ruh\u00e1z","og_description":"Fogy.\u00e1r: 43 992,-forint\/liter","og_url":"https:\/\/szereczauto.hu\/webshop\/termek\/sonax-premiumclass-borapolo-250ml-282141\/","og_site_name":"Szerecz Aut\u00f3alkatr\u00e9sz Web\u00e1ruh\u00e1z","article_publisher":"https:\/\/www.facebook.com\/szereczauto\/","article_modified_time":"2023-04-21T12:30:11+00:00","og_image":[{"width":800,"height":800,"url":"https:\/\/szereczauto.hu\/webshop\/wp-content\/uploads\/2018\/04\/282141-sonax.jpg","type":"image\/jpeg"}],"schema":{"@context":"https:\/\/schema.org","@graph":[{"@type":"WebPage","@id":"https:\/\/szereczauto.hu\/webshop\/termek\/sonax-premiumclass-borapolo-250ml-282141\/","url":"https:\/\/szereczauto.hu\/webshop\/termek\/sonax-premiumclass-borapolo-250ml-282141\/","name":"Sonax Pr\u00e9mium Class B\u0151r\u00e1pol\u00f3kr\u00e9m 250 ml. &#187; Szerecz Aut\u00f3alkatr\u00e9sz Web\u00e1ruh\u00e1z","isPartOf":{"@id":"https:\/\/szereczauto.hu\/webshop\/#website"},"primaryImageOfPage":{"@id":"https:\/\/szereczauto.hu\/webshop\/termek\/sonax-premiumclass-borapolo-250ml-282141\/#primaryimage"},"image":{"@id":"https:\/\/szereczauto.hu\/webshop\/termek\/sonax-premiumclass-borapolo-250ml-282141\/#primaryimage"},"thumbnailUrl":"https:\/\/szereczauto.hu\/webshop\/wp-content\/uploads\/2018\/04\/282141-sonax.jpg","datePublished":"2018-04-10T11:09:38+00:00","dateModified":"2023-04-21T12:30:11+00:00","breadcrumb":{"@id":"https:\/\/szereczauto.hu\/webshop\/termek\/sonax-premiumclass-borapolo-250ml-282141\/#breadcrumb"},"inLanguage":"hu","potentialAction":[{"@type":"ReadAction","target":["https:\/\/szereczauto.hu\/webshop\/termek\/sonax-premiumclass-borapolo-250ml-282141\/"]}]},{"@type":"ImageObject","inLanguage":"hu","@id":"https:\/\/szereczauto.hu\/webshop\/termek\/sonax-premiumclass-borapolo-250ml-282141\/#primaryimage","url":"https:\/\/szereczauto.hu\/webshop\/wp-content\/uploads\/2018\/04\/282141-sonax.jpg","contentUrl":"https:\/\/szereczauto.hu\/webshop\/wp-content\/uploads\/2018\/04\/282141-sonax.jpg","width":800,"height":800,"caption":"Sonax Pr\u00e9mium Class B\u0151r\u00e1pol\u00f3kr\u00e9m 250 ml, aut\u00f3\u00e1pol\u00e1si term\u00e9kek"},{"@type":"BreadcrumbList","@id":"https:\/\/szereczauto.hu\/webshop\/termek\/sonax-premiumclass-borapolo-250ml-282141\/#breadcrumb","itemListElement":[{"@type":"ListItem","position":1,"name":"Home","item":"https:\/\/szereczauto.hu\/webshop\/"},{"@type":"ListItem","position":2,"name":"Term\u00e9keink","item":"https:\/\/szereczauto.hu\/webshop\/shop\/"},{"@type":"ListItem","position":3,"name":"Sonax Pr\u00e9mium Class B\u0151r\u00e1pol\u00f3kr\u00e9m 250 ml."}]},{"@type":"WebSite","@id":"https:\/\/szereczauto.hu\/webshop\/#website","url":"https:\/\/szereczauto.hu\/webshop\/","name":"Szerecz Aut\u00f3alkatr\u00e9sz Web\u00e1ruh\u00e1z","description":"Szerecz Aut\u00f3 Kft. - Thule term\u00e9kek, aut\u00f3alkatr\u00e9szek web\u00e1ruh\u00e1za","publisher":{"@id":"https:\/\/szereczauto.hu\/webshop\/#organization"},"potentialAction":[{"@type":"SearchAction","target":{"@type":"EntryPoint","urlTemplate":"https:\/\/szereczauto.hu\/webshop\/?s={search_term_string}"},"query-input":{"@type":"PropertyValueSpecification","valueRequired":true,"valueName":"search_term_string"}}],"inLanguage":"hu"},{"@type":"Organization","@id":"https:\/\/szereczauto.hu\/webshop\/#organization","name":"Szerecz Aut\u00f3alkatr\u00e9sz Web\u00e1ruh\u00e1z","url":"https:\/\/szereczauto.hu\/webshop\/","logo":{"@type":"ImageObject","inLanguage":"hu","@id":"https:\/\/szereczauto.hu\/webshop\/#\/schema\/logo\/image\/","url":"https:\/\/szereczauto.hu\/webshop\/wp-content\/uploads\/2018\/12\/Szerecz_fav_2018.png","contentUrl":"https:\/\/szereczauto.hu\/webshop\/wp-content\/uploads\/2018\/12\/Szerecz_fav_2018.png","width":512,"height":512,"caption":"Szerecz Aut\u00f3alkatr\u00e9sz Web\u00e1ruh\u00e1z"},"image":{"@id":"https:\/\/szereczauto.hu\/webshop\/#\/schema\/logo\/image\/"},"sameAs":["https:\/\/www.facebook.com\/szereczauto\/","https:\/\/www.youtube.com\/channel\/UCGA5LXUmL_i2xDxT2GNNEBQ"]}]}},"_links":{"self":[{"href":"https:\/\/szereczauto.hu\/webshop\/wp-json\/wp\/v2\/product\/17527","targetHints":{"allow":["GET"]}}],"collection":[{"href":"https:\/\/szereczauto.hu\/webshop\/wp-json\/wp\/v2\/product"}],"about":[{"href":"https:\/\/szereczauto.hu\/webshop\/wp-json\/wp\/v2\/types\/product"}],"replies":[{"embeddable":true,"href":"https:\/\/szereczauto.hu\/webshop\/wp-json\/wp\/v2\/comments?post=17527"}],"wp:featuredmedia":[{"embeddable":true,"href":"https:\/\/szereczauto.hu\/webshop\/wp-json\/wp\/v2\/media\/17528"}],"wp:attachment":[{"href":"https:\/\/szereczauto.hu\/webshop\/wp-json\/wp\/v2\/media?parent=17527"}],"wp:term":[{"taxonomy":"product_brand","embeddable":true,"href":"https:\/\/szereczauto.hu\/webshop\/wp-json\/wp\/v2\/product_brand?post=17527"},{"taxonomy":"product_cat","embeddable":true,"href":"https:\/\/szereczauto.hu\/webshop\/wp-json\/wp\/v2\/product_cat?post=17527"},{"taxonomy":"product_tag","embeddable":true,"href":"https:\/\/szereczauto.hu\/webshop\/wp-json\/wp\/v2\/product_tag?post=17527"}],"curies":[{"name":"wp","href":"https:\/\/api.w.org\/{rel}","templated":true}]}}