{"id":17525,"date":"2018-04-10T12:58:52","date_gmt":"2018-04-10T10:58:52","guid":{"rendered":"http:\/\/szereczauto.hu\/webshop\/?post_type=product&#038;p=17525"},"modified":"2023-04-21T14:30:45","modified_gmt":"2023-04-21T12:30:45","slug":"sonax-profi-keramia-bevonat-cc36-keszlet-236941","status":"publish","type":"product","link":"https:\/\/szereczauto.hu\/webshop\/termek\/sonax-profi-keramia-bevonat-cc36-keszlet-236941\/","title":{"rendered":"Sonax ProfiLine ker\u00e1mia bevonat CC36"},"content":{"rendered":"<p><strong>SONAX Profi Ker\u00e1mia bevonat CC36 k\u00e9szlet<br \/>\n<\/strong><\/p>\n<p>\u00dcveg kem\u00e9nys\u00e9g\u0171 hossz\u00fa t\u00e1v\u00fa v\u00e9delem, kiv\u00e9teles ellen\u00e1ll\u00e1s az UV sug\u00e1rz\u00e1ssal \u00e9s a vegyi anyagokkal, valamint az agressz\u00edv k\u00f6rnyezeti hat\u00e1sokkal szemben, mint a k\u00f6z\u00fati s\u00f3, a k\u00e1tr\u00e1ny, az utcai \u00e9s az ipari szennyez\u0151d\u00e9sek. A fel\u00fclet szuper hidrof\u00f3b v\u00e9delmet kap, mely szennyez\u0151d\u00e9s tasz\u00edt\u00f3 hat\u00e1ssal rendelkezik \u00e9s kevesebb karbantart\u00e1si id\u0151t ig\u00e9nyel, k\u00f6sz\u00f6nhet\u0151en a &#8222;K\u00f6nnyen Tiszt\u00edthat\u00f3&#8221; hat\u00e1snak. Hihetetlen m\u00e9ly f\u00e9nyt ad, leny\u0171g\u00f6z\u0151 sz\u00edn intenzit\u00e1ssal. Megfelel\u0151 karbantart\u00e1s mellett (\u00e9ves szerviz) a CC36 ak\u00e1r 36 h\u00f3napig v\u00e9delmet ny\u00fajt.<\/p>\n","protected":false},"excerpt":{"rendered":"<p>SONAX Profi Ker\u00e1mia bevonat CC36 k\u00e9szlet \u00dcveg kem\u00e9nys\u00e9g\u0171 hossz\u00fa t\u00e1v\u00fa v\u00e9delem, kiv\u00e9teles ellen\u00e1ll\u00e1s az UV sug\u00e1rz\u00e1ssal \u00e9s a vegyi anyagokkal, valamint az agressz\u00edv k\u00f6rnyezeti hat\u00e1sokkal szemben, mint a k\u00f6z\u00fati s\u00f3, a k\u00e1tr\u00e1ny, az utcai \u00e9s az ipari szennyez\u0151d\u00e9sek. A fel\u00fclet szuper hidrof\u00f3b v\u00e9delmet kap, mely szennyez\u0151d\u00e9s tasz\u00edt\u00f3 hat\u00e1ssal rendelkezik \u00e9s kevesebb karbantart\u00e1si id\u0151t ig\u00e9nyel, k\u00f6sz\u00f6nhet\u0151en [&hellip;]<\/p>\n","protected":false},"featured_media":17526,"comment_status":"open","ping_status":"closed","template":"","meta":{"_et_pb_use_builder":"","_et_pb_old_content":"","_et_gb_content_width":"","wp_popup_display_lightbox":0,"wp_popup_suppress":"","wp_popup_trigger":"","wp_popup_trigger_amount":0,"wp_popup_disable_on_mobile":false},"product_brand":[],"product_cat":[46,135],"product_tag":[],"class_list":{"0":"post-17525","1":"product","2":"type-product","3":"status-publish","4":"has-post-thumbnail","6":"product_cat-autoapolas","7":"product_cat-kulso-tisztitas-apolas","9":"first","10":"instock","11":"shipping-taxable","12":"purchasable","13":"product-type-simple"},"yoast_head":"<!-- This site is optimized with the Yoast SEO plugin v27.5 - https:\/\/yoast.com\/product\/yoast-seo-wordpress\/ -->\n<title>Sonax ProfiLine ker\u00e1mia bevonat CC36 &#187; Szerecz Aut\u00f3alkatr\u00e9sz Web\u00e1ruh\u00e1z<\/title>\n<meta name=\"robots\" content=\"index, follow, max-snippet:-1, max-image-preview:large, max-video-preview:-1\" \/>\n<link rel=\"canonical\" href=\"https:\/\/szereczauto.hu\/webshop\/termek\/sonax-profi-keramia-bevonat-cc36-keszlet-236941\/\" \/>\n<meta property=\"og:locale\" content=\"hu_HU\" \/>\n<meta property=\"og:type\" content=\"article\" \/>\n<meta property=\"og:title\" content=\"Sonax ProfiLine ker\u00e1mia bevonat CC36 &#187; Szerecz Aut\u00f3alkatr\u00e9sz Web\u00e1ruh\u00e1z\" \/>\n<meta property=\"og:description\" content=\"SONAX Profi Ker\u00e1mia bevonat CC36 k\u00e9szlet \u00dcveg kem\u00e9nys\u00e9g\u0171 hossz\u00fa t\u00e1v\u00fa v\u00e9delem, kiv\u00e9teles ellen\u00e1ll\u00e1s az UV sug\u00e1rz\u00e1ssal \u00e9s a vegyi anyagokkal, valamint az agressz\u00edv k\u00f6rnyezeti hat\u00e1sokkal szemben, mint a k\u00f6z\u00fati s\u00f3, a k\u00e1tr\u00e1ny, az utcai \u00e9s az ipari szennyez\u0151d\u00e9sek. A fel\u00fclet szuper hidrof\u00f3b v\u00e9delmet kap, mely szennyez\u0151d\u00e9s tasz\u00edt\u00f3 hat\u00e1ssal rendelkezik \u00e9s kevesebb karbantart\u00e1si id\u0151t ig\u00e9nyel, k\u00f6sz\u00f6nhet\u0151en [&hellip;]\" \/>\n<meta property=\"og:url\" content=\"https:\/\/szereczauto.hu\/webshop\/termek\/sonax-profi-keramia-bevonat-cc36-keszlet-236941\/\" \/>\n<meta property=\"og:site_name\" content=\"Szerecz Aut\u00f3alkatr\u00e9sz Web\u00e1ruh\u00e1z\" \/>\n<meta property=\"article:publisher\" content=\"https:\/\/www.facebook.com\/szereczauto\/\" \/>\n<meta property=\"article:modified_time\" content=\"2023-04-21T12:30:45+00:00\" \/>\n<meta property=\"og:image\" content=\"https:\/\/szereczauto.hu\/webshop\/wp-content\/uploads\/2018\/04\/236941-sonax.jpg\" \/>\n\t<meta property=\"og:image:width\" content=\"800\" \/>\n\t<meta property=\"og:image:height\" content=\"800\" \/>\n\t<meta property=\"og:image:type\" content=\"image\/jpeg\" \/>\n<script type=\"application\/ld+json\" class=\"yoast-schema-graph\">{\"@context\":\"https:\\\/\\\/schema.org\",\"@graph\":[{\"@type\":\"WebPage\",\"@id\":\"https:\\\/\\\/szereczauto.hu\\\/webshop\\\/termek\\\/sonax-profi-keramia-bevonat-cc36-keszlet-236941\\\/\",\"url\":\"https:\\\/\\\/szereczauto.hu\\\/webshop\\\/termek\\\/sonax-profi-keramia-bevonat-cc36-keszlet-236941\\\/\",\"name\":\"Sonax ProfiLine ker\u00e1mia bevonat CC36 &#187; Szerecz Aut\u00f3alkatr\u00e9sz Web\u00e1ruh\u00e1z\",\"isPartOf\":{\"@id\":\"https:\\\/\\\/szereczauto.hu\\\/webshop\\\/#website\"},\"primaryImageOfPage\":{\"@id\":\"https:\\\/\\\/szereczauto.hu\\\/webshop\\\/termek\\\/sonax-profi-keramia-bevonat-cc36-keszlet-236941\\\/#primaryimage\"},\"image\":{\"@id\":\"https:\\\/\\\/szereczauto.hu\\\/webshop\\\/termek\\\/sonax-profi-keramia-bevonat-cc36-keszlet-236941\\\/#primaryimage\"},\"thumbnailUrl\":\"https:\\\/\\\/szereczauto.hu\\\/webshop\\\/wp-content\\\/uploads\\\/2018\\\/04\\\/236941-sonax.jpg\",\"datePublished\":\"2018-04-10T10:58:52+00:00\",\"dateModified\":\"2023-04-21T12:30:45+00:00\",\"breadcrumb\":{\"@id\":\"https:\\\/\\\/szereczauto.hu\\\/webshop\\\/termek\\\/sonax-profi-keramia-bevonat-cc36-keszlet-236941\\\/#breadcrumb\"},\"inLanguage\":\"hu\",\"potentialAction\":[{\"@type\":\"ReadAction\",\"target\":[\"https:\\\/\\\/szereczauto.hu\\\/webshop\\\/termek\\\/sonax-profi-keramia-bevonat-cc36-keszlet-236941\\\/\"]}]},{\"@type\":\"ImageObject\",\"inLanguage\":\"hu\",\"@id\":\"https:\\\/\\\/szereczauto.hu\\\/webshop\\\/termek\\\/sonax-profi-keramia-bevonat-cc36-keszlet-236941\\\/#primaryimage\",\"url\":\"https:\\\/\\\/szereczauto.hu\\\/webshop\\\/wp-content\\\/uploads\\\/2018\\\/04\\\/236941-sonax.jpg\",\"contentUrl\":\"https:\\\/\\\/szereczauto.hu\\\/webshop\\\/wp-content\\\/uploads\\\/2018\\\/04\\\/236941-sonax.jpg\",\"width\":800,\"height\":800,\"caption\":\"Sonax ProfiLine ker\u00e1mia bevonat CC36, aut\u00f3\u00e1pol\u00e1si term\u00e9kek\"},{\"@type\":\"BreadcrumbList\",\"@id\":\"https:\\\/\\\/szereczauto.hu\\\/webshop\\\/termek\\\/sonax-profi-keramia-bevonat-cc36-keszlet-236941\\\/#breadcrumb\",\"itemListElement\":[{\"@type\":\"ListItem\",\"position\":1,\"name\":\"Home\",\"item\":\"https:\\\/\\\/szereczauto.hu\\\/webshop\\\/\"},{\"@type\":\"ListItem\",\"position\":2,\"name\":\"Term\u00e9keink\",\"item\":\"https:\\\/\\\/szereczauto.hu\\\/webshop\\\/shop\\\/\"},{\"@type\":\"ListItem\",\"position\":3,\"name\":\"Sonax ProfiLine ker\u00e1mia bevonat CC36\"}]},{\"@type\":\"WebSite\",\"@id\":\"https:\\\/\\\/szereczauto.hu\\\/webshop\\\/#website\",\"url\":\"https:\\\/\\\/szereczauto.hu\\\/webshop\\\/\",\"name\":\"Szerecz Aut\u00f3alkatr\u00e9sz Web\u00e1ruh\u00e1z\",\"description\":\"Szerecz Aut\u00f3 Kft. - Thule term\u00e9kek, aut\u00f3alkatr\u00e9szek web\u00e1ruh\u00e1za\",\"publisher\":{\"@id\":\"https:\\\/\\\/szereczauto.hu\\\/webshop\\\/#organization\"},\"potentialAction\":[{\"@type\":\"SearchAction\",\"target\":{\"@type\":\"EntryPoint\",\"urlTemplate\":\"https:\\\/\\\/szereczauto.hu\\\/webshop\\\/?s={search_term_string}\"},\"query-input\":{\"@type\":\"PropertyValueSpecification\",\"valueRequired\":true,\"valueName\":\"search_term_string\"}}],\"inLanguage\":\"hu\"},{\"@type\":\"Organization\",\"@id\":\"https:\\\/\\\/szereczauto.hu\\\/webshop\\\/#organization\",\"name\":\"Szerecz Aut\u00f3alkatr\u00e9sz Web\u00e1ruh\u00e1z\",\"url\":\"https:\\\/\\\/szereczauto.hu\\\/webshop\\\/\",\"logo\":{\"@type\":\"ImageObject\",\"inLanguage\":\"hu\",\"@id\":\"https:\\\/\\\/szereczauto.hu\\\/webshop\\\/#\\\/schema\\\/logo\\\/image\\\/\",\"url\":\"https:\\\/\\\/szereczauto.hu\\\/webshop\\\/wp-content\\\/uploads\\\/2018\\\/12\\\/Szerecz_fav_2018.png\",\"contentUrl\":\"https:\\\/\\\/szereczauto.hu\\\/webshop\\\/wp-content\\\/uploads\\\/2018\\\/12\\\/Szerecz_fav_2018.png\",\"width\":512,\"height\":512,\"caption\":\"Szerecz Aut\u00f3alkatr\u00e9sz Web\u00e1ruh\u00e1z\"},\"image\":{\"@id\":\"https:\\\/\\\/szereczauto.hu\\\/webshop\\\/#\\\/schema\\\/logo\\\/image\\\/\"},\"sameAs\":[\"https:\\\/\\\/www.facebook.com\\\/szereczauto\\\/\",\"https:\\\/\\\/www.youtube.com\\\/channel\\\/UCGA5LXUmL_i2xDxT2GNNEBQ\"]}]}<\/script>\n<!-- \/ Yoast SEO plugin. -->","yoast_head_json":{"title":"Sonax ProfiLine ker\u00e1mia bevonat CC36 &#187; Szerecz Aut\u00f3alkatr\u00e9sz Web\u00e1ruh\u00e1z","robots":{"index":"index","follow":"follow","max-snippet":"max-snippet:-1","max-image-preview":"max-image-preview:large","max-video-preview":"max-video-preview:-1"},"canonical":"https:\/\/szereczauto.hu\/webshop\/termek\/sonax-profi-keramia-bevonat-cc36-keszlet-236941\/","og_locale":"hu_HU","og_type":"article","og_title":"Sonax ProfiLine ker\u00e1mia bevonat CC36 &#187; Szerecz Aut\u00f3alkatr\u00e9sz Web\u00e1ruh\u00e1z","og_description":"SONAX Profi Ker\u00e1mia bevonat CC36 k\u00e9szlet \u00dcveg kem\u00e9nys\u00e9g\u0171 hossz\u00fa t\u00e1v\u00fa v\u00e9delem, kiv\u00e9teles ellen\u00e1ll\u00e1s az UV sug\u00e1rz\u00e1ssal \u00e9s a vegyi anyagokkal, valamint az agressz\u00edv k\u00f6rnyezeti hat\u00e1sokkal szemben, mint a k\u00f6z\u00fati s\u00f3, a k\u00e1tr\u00e1ny, az utcai \u00e9s az ipari szennyez\u0151d\u00e9sek. A fel\u00fclet szuper hidrof\u00f3b v\u00e9delmet kap, mely szennyez\u0151d\u00e9s tasz\u00edt\u00f3 hat\u00e1ssal rendelkezik \u00e9s kevesebb karbantart\u00e1si id\u0151t ig\u00e9nyel, k\u00f6sz\u00f6nhet\u0151en [&hellip;]","og_url":"https:\/\/szereczauto.hu\/webshop\/termek\/sonax-profi-keramia-bevonat-cc36-keszlet-236941\/","og_site_name":"Szerecz Aut\u00f3alkatr\u00e9sz Web\u00e1ruh\u00e1z","article_publisher":"https:\/\/www.facebook.com\/szereczauto\/","article_modified_time":"2023-04-21T12:30:45+00:00","og_image":[{"width":800,"height":800,"url":"https:\/\/szereczauto.hu\/webshop\/wp-content\/uploads\/2018\/04\/236941-sonax.jpg","type":"image\/jpeg"}],"schema":{"@context":"https:\/\/schema.org","@graph":[{"@type":"WebPage","@id":"https:\/\/szereczauto.hu\/webshop\/termek\/sonax-profi-keramia-bevonat-cc36-keszlet-236941\/","url":"https:\/\/szereczauto.hu\/webshop\/termek\/sonax-profi-keramia-bevonat-cc36-keszlet-236941\/","name":"Sonax ProfiLine ker\u00e1mia bevonat CC36 &#187; Szerecz Aut\u00f3alkatr\u00e9sz Web\u00e1ruh\u00e1z","isPartOf":{"@id":"https:\/\/szereczauto.hu\/webshop\/#website"},"primaryImageOfPage":{"@id":"https:\/\/szereczauto.hu\/webshop\/termek\/sonax-profi-keramia-bevonat-cc36-keszlet-236941\/#primaryimage"},"image":{"@id":"https:\/\/szereczauto.hu\/webshop\/termek\/sonax-profi-keramia-bevonat-cc36-keszlet-236941\/#primaryimage"},"thumbnailUrl":"https:\/\/szereczauto.hu\/webshop\/wp-content\/uploads\/2018\/04\/236941-sonax.jpg","datePublished":"2018-04-10T10:58:52+00:00","dateModified":"2023-04-21T12:30:45+00:00","breadcrumb":{"@id":"https:\/\/szereczauto.hu\/webshop\/termek\/sonax-profi-keramia-bevonat-cc36-keszlet-236941\/#breadcrumb"},"inLanguage":"hu","potentialAction":[{"@type":"ReadAction","target":["https:\/\/szereczauto.hu\/webshop\/termek\/sonax-profi-keramia-bevonat-cc36-keszlet-236941\/"]}]},{"@type":"ImageObject","inLanguage":"hu","@id":"https:\/\/szereczauto.hu\/webshop\/termek\/sonax-profi-keramia-bevonat-cc36-keszlet-236941\/#primaryimage","url":"https:\/\/szereczauto.hu\/webshop\/wp-content\/uploads\/2018\/04\/236941-sonax.jpg","contentUrl":"https:\/\/szereczauto.hu\/webshop\/wp-content\/uploads\/2018\/04\/236941-sonax.jpg","width":800,"height":800,"caption":"Sonax ProfiLine ker\u00e1mia bevonat CC36, aut\u00f3\u00e1pol\u00e1si term\u00e9kek"},{"@type":"BreadcrumbList","@id":"https:\/\/szereczauto.hu\/webshop\/termek\/sonax-profi-keramia-bevonat-cc36-keszlet-236941\/#breadcrumb","itemListElement":[{"@type":"ListItem","position":1,"name":"Home","item":"https:\/\/szereczauto.hu\/webshop\/"},{"@type":"ListItem","position":2,"name":"Term\u00e9keink","item":"https:\/\/szereczauto.hu\/webshop\/shop\/"},{"@type":"ListItem","position":3,"name":"Sonax ProfiLine ker\u00e1mia bevonat CC36"}]},{"@type":"WebSite","@id":"https:\/\/szereczauto.hu\/webshop\/#website","url":"https:\/\/szereczauto.hu\/webshop\/","name":"Szerecz Aut\u00f3alkatr\u00e9sz Web\u00e1ruh\u00e1z","description":"Szerecz Aut\u00f3 Kft. - Thule term\u00e9kek, aut\u00f3alkatr\u00e9szek web\u00e1ruh\u00e1za","publisher":{"@id":"https:\/\/szereczauto.hu\/webshop\/#organization"},"potentialAction":[{"@type":"SearchAction","target":{"@type":"EntryPoint","urlTemplate":"https:\/\/szereczauto.hu\/webshop\/?s={search_term_string}"},"query-input":{"@type":"PropertyValueSpecification","valueRequired":true,"valueName":"search_term_string"}}],"inLanguage":"hu"},{"@type":"Organization","@id":"https:\/\/szereczauto.hu\/webshop\/#organization","name":"Szerecz Aut\u00f3alkatr\u00e9sz Web\u00e1ruh\u00e1z","url":"https:\/\/szereczauto.hu\/webshop\/","logo":{"@type":"ImageObject","inLanguage":"hu","@id":"https:\/\/szereczauto.hu\/webshop\/#\/schema\/logo\/image\/","url":"https:\/\/szereczauto.hu\/webshop\/wp-content\/uploads\/2018\/12\/Szerecz_fav_2018.png","contentUrl":"https:\/\/szereczauto.hu\/webshop\/wp-content\/uploads\/2018\/12\/Szerecz_fav_2018.png","width":512,"height":512,"caption":"Szerecz Aut\u00f3alkatr\u00e9sz Web\u00e1ruh\u00e1z"},"image":{"@id":"https:\/\/szereczauto.hu\/webshop\/#\/schema\/logo\/image\/"},"sameAs":["https:\/\/www.facebook.com\/szereczauto\/","https:\/\/www.youtube.com\/channel\/UCGA5LXUmL_i2xDxT2GNNEBQ"]}]}},"_links":{"self":[{"href":"https:\/\/szereczauto.hu\/webshop\/wp-json\/wp\/v2\/product\/17525","targetHints":{"allow":["GET"]}}],"collection":[{"href":"https:\/\/szereczauto.hu\/webshop\/wp-json\/wp\/v2\/product"}],"about":[{"href":"https:\/\/szereczauto.hu\/webshop\/wp-json\/wp\/v2\/types\/product"}],"replies":[{"embeddable":true,"href":"https:\/\/szereczauto.hu\/webshop\/wp-json\/wp\/v2\/comments?post=17525"}],"wp:featuredmedia":[{"embeddable":true,"href":"https:\/\/szereczauto.hu\/webshop\/wp-json\/wp\/v2\/media\/17526"}],"wp:attachment":[{"href":"https:\/\/szereczauto.hu\/webshop\/wp-json\/wp\/v2\/media?parent=17525"}],"wp:term":[{"taxonomy":"product_brand","embeddable":true,"href":"https:\/\/szereczauto.hu\/webshop\/wp-json\/wp\/v2\/product_brand?post=17525"},{"taxonomy":"product_cat","embeddable":true,"href":"https:\/\/szereczauto.hu\/webshop\/wp-json\/wp\/v2\/product_cat?post=17525"},{"taxonomy":"product_tag","embeddable":true,"href":"https:\/\/szereczauto.hu\/webshop\/wp-json\/wp\/v2\/product_tag?post=17525"}],"curies":[{"name":"wp","href":"https:\/\/api.w.org\/{rel}","templated":true}]}}