{"id":17521,"date":"2018-04-10T12:42:01","date_gmt":"2018-04-10T10:42:01","guid":{"rendered":"http:\/\/szereczauto.hu\/webshop\/?post_type=product&#038;p=17521"},"modified":"2023-04-21T14:31:24","modified_gmt":"2023-04-21T12:31:24","slug":"sonax-premium-class-carnabau-wax-211200","status":"publish","type":"product","link":"https:\/\/szereczauto.hu\/webshop\/termek\/sonax-premium-class-carnabau-wax-211200\/","title":{"rendered":"Sonax Pr\u00e9mium Class Carnauba Viasz"},"content":{"rendered":"<p><strong>SONAX Premium Class Carnauba Viasz<br \/>\n<\/strong><\/p>\n<p>A SONAX Pr\u00e9mium KarnaubaViasz 100%-ig tiszta &#8222;els\u0151 oszt\u00e1ly\u00fa&#8221; karnaubaviaszb\u00f3l \u00e1ll. Molekul\u00e1ris szerkezet\u00e9nek k\u00f6sz\u00f6nhet\u0151en maxim\u00e1lis UV-v\u00e9delmet \u00e9s hosszan tart\u00f3 ragyog\u00f3 sz\u00ednt biztos\u00edt. Megb\u00edzhat\u00f3 v\u00e9delmet ny\u00fajt minden k\u00f6rnyezeti hat\u00e1ssal szemben \u00e9s m\u00e9ly f\u00e9nyt k\u00f6lcs\u00f6n\u00f6z a lakk fel\u00fcletnek. Kiv\u00e1l\u00f3 min\u0151s\u00e9g\u0171 \u00e1pol\u00f3 olajok seg\u00edtik a k\u00f6nny\u0171 felhaszn\u00e1l\u00e1st. Nem tartalmaz csiszol\u00f3anyagot, nagyon finoman \u00e9s intenz\u00edven \u00e1pol. Haszn\u00e1lata hihetetlen\u00fcl gazdas\u00e1gos: egy doboz kb. 10 haszn\u00e1latra, ill. j\u00e1rm\u0171re elegend\u0151. Hat\u00e1sa rendk\u00edv\u00fcl tart\u00f3s: legal\u00e1bb 10 mos\u00e1sig tart. Nem hagy feh\u00e9r foltokat a lakkozatlan m\u0171anyag r\u00e9szeken (pl. l\u00f6kh\u00e1r\u00edt\u00f3k, d\u00edszl\u00e9cek, stb.). Illatos\u00edt\u00f3 adal\u00e9kanyagokt\u00f3l mentes, ez\u00e1ltal csek\u00e9ly az allergia-kock\u00e1zat.<\/p>\n","protected":false},"excerpt":{"rendered":"<p>SONAX Premium Class Carnauba Viasz A SONAX Pr\u00e9mium KarnaubaViasz 100%-ig tiszta &#8222;els\u0151 oszt\u00e1ly\u00fa&#8221; karnaubaviaszb\u00f3l \u00e1ll. Molekul\u00e1ris szerkezet\u00e9nek k\u00f6sz\u00f6nhet\u0151en maxim\u00e1lis UV-v\u00e9delmet \u00e9s hosszan tart\u00f3 ragyog\u00f3 sz\u00ednt biztos\u00edt. Megb\u00edzhat\u00f3 v\u00e9delmet ny\u00fajt minden k\u00f6rnyezeti hat\u00e1ssal szemben \u00e9s m\u00e9ly f\u00e9nyt k\u00f6lcs\u00f6n\u00f6z a lakk fel\u00fcletnek. Kiv\u00e1l\u00f3 min\u0151s\u00e9g\u0171 \u00e1pol\u00f3 olajok seg\u00edtik a k\u00f6nny\u0171 felhaszn\u00e1l\u00e1st. Nem tartalmaz csiszol\u00f3anyagot, nagyon finoman \u00e9s intenz\u00edven [&hellip;]<\/p>\n","protected":false},"featured_media":17522,"comment_status":"open","ping_status":"closed","template":"","meta":{"_et_pb_use_builder":"","_et_pb_old_content":"","_et_gb_content_width":"","wp_popup_display_lightbox":0,"wp_popup_suppress":"","wp_popup_trigger":"","wp_popup_trigger_amount":0,"wp_popup_disable_on_mobile":false},"product_brand":[],"product_cat":[46,135],"product_tag":[],"class_list":{"0":"post-17521","1":"product","2":"type-product","3":"status-publish","4":"has-post-thumbnail","6":"product_cat-autoapolas","7":"product_cat-kulso-tisztitas-apolas","9":"first","10":"instock","11":"shipping-taxable","12":"purchasable","13":"product-type-simple"},"yoast_head":"<!-- This site is optimized with the Yoast SEO plugin v27.5 - https:\/\/yoast.com\/product\/yoast-seo-wordpress\/ -->\n<title>Sonax Pr\u00e9mium Class Carnauba Viasz &#187; Szerecz Aut\u00f3alkatr\u00e9sz Web\u00e1ruh\u00e1z<\/title>\n<meta name=\"robots\" content=\"index, follow, max-snippet:-1, max-image-preview:large, max-video-preview:-1\" \/>\n<link rel=\"canonical\" href=\"https:\/\/szereczauto.hu\/webshop\/termek\/sonax-premium-class-carnabau-wax-211200\/\" \/>\n<meta property=\"og:locale\" content=\"hu_HU\" \/>\n<meta property=\"og:type\" content=\"article\" \/>\n<meta property=\"og:title\" content=\"Sonax Pr\u00e9mium Class Carnauba Viasz &#187; Szerecz Aut\u00f3alkatr\u00e9sz Web\u00e1ruh\u00e1z\" \/>\n<meta property=\"og:description\" content=\"SONAX Premium Class Carnauba Viasz A SONAX Pr\u00e9mium KarnaubaViasz 100%-ig tiszta &#8222;els\u0151 oszt\u00e1ly\u00fa&#8221; karnaubaviaszb\u00f3l \u00e1ll. Molekul\u00e1ris szerkezet\u00e9nek k\u00f6sz\u00f6nhet\u0151en maxim\u00e1lis UV-v\u00e9delmet \u00e9s hosszan tart\u00f3 ragyog\u00f3 sz\u00ednt biztos\u00edt. Megb\u00edzhat\u00f3 v\u00e9delmet ny\u00fajt minden k\u00f6rnyezeti hat\u00e1ssal szemben \u00e9s m\u00e9ly f\u00e9nyt k\u00f6lcs\u00f6n\u00f6z a lakk fel\u00fcletnek. Kiv\u00e1l\u00f3 min\u0151s\u00e9g\u0171 \u00e1pol\u00f3 olajok seg\u00edtik a k\u00f6nny\u0171 felhaszn\u00e1l\u00e1st. Nem tartalmaz csiszol\u00f3anyagot, nagyon finoman \u00e9s intenz\u00edven [&hellip;]\" \/>\n<meta property=\"og:url\" content=\"https:\/\/szereczauto.hu\/webshop\/termek\/sonax-premium-class-carnabau-wax-211200\/\" \/>\n<meta property=\"og:site_name\" content=\"Szerecz Aut\u00f3alkatr\u00e9sz Web\u00e1ruh\u00e1z\" \/>\n<meta property=\"article:publisher\" content=\"https:\/\/www.facebook.com\/szereczauto\/\" \/>\n<meta property=\"article:modified_time\" content=\"2023-04-21T12:31:24+00:00\" \/>\n<meta property=\"og:image\" content=\"https:\/\/szereczauto.hu\/webshop\/wp-content\/uploads\/2018\/04\/211200sonax.jpg\" \/>\n\t<meta property=\"og:image:width\" content=\"800\" \/>\n\t<meta property=\"og:image:height\" content=\"800\" \/>\n\t<meta property=\"og:image:type\" content=\"image\/jpeg\" \/>\n<script type=\"application\/ld+json\" class=\"yoast-schema-graph\">{\"@context\":\"https:\\\/\\\/schema.org\",\"@graph\":[{\"@type\":\"WebPage\",\"@id\":\"https:\\\/\\\/szereczauto.hu\\\/webshop\\\/termek\\\/sonax-premium-class-carnabau-wax-211200\\\/\",\"url\":\"https:\\\/\\\/szereczauto.hu\\\/webshop\\\/termek\\\/sonax-premium-class-carnabau-wax-211200\\\/\",\"name\":\"Sonax Pr\u00e9mium Class Carnauba Viasz &#187; Szerecz Aut\u00f3alkatr\u00e9sz Web\u00e1ruh\u00e1z\",\"isPartOf\":{\"@id\":\"https:\\\/\\\/szereczauto.hu\\\/webshop\\\/#website\"},\"primaryImageOfPage\":{\"@id\":\"https:\\\/\\\/szereczauto.hu\\\/webshop\\\/termek\\\/sonax-premium-class-carnabau-wax-211200\\\/#primaryimage\"},\"image\":{\"@id\":\"https:\\\/\\\/szereczauto.hu\\\/webshop\\\/termek\\\/sonax-premium-class-carnabau-wax-211200\\\/#primaryimage\"},\"thumbnailUrl\":\"https:\\\/\\\/szereczauto.hu\\\/webshop\\\/wp-content\\\/uploads\\\/2018\\\/04\\\/211200sonax.jpg\",\"datePublished\":\"2018-04-10T10:42:01+00:00\",\"dateModified\":\"2023-04-21T12:31:24+00:00\",\"breadcrumb\":{\"@id\":\"https:\\\/\\\/szereczauto.hu\\\/webshop\\\/termek\\\/sonax-premium-class-carnabau-wax-211200\\\/#breadcrumb\"},\"inLanguage\":\"hu\",\"potentialAction\":[{\"@type\":\"ReadAction\",\"target\":[\"https:\\\/\\\/szereczauto.hu\\\/webshop\\\/termek\\\/sonax-premium-class-carnabau-wax-211200\\\/\"]}]},{\"@type\":\"ImageObject\",\"inLanguage\":\"hu\",\"@id\":\"https:\\\/\\\/szereczauto.hu\\\/webshop\\\/termek\\\/sonax-premium-class-carnabau-wax-211200\\\/#primaryimage\",\"url\":\"https:\\\/\\\/szereczauto.hu\\\/webshop\\\/wp-content\\\/uploads\\\/2018\\\/04\\\/211200sonax.jpg\",\"contentUrl\":\"https:\\\/\\\/szereczauto.hu\\\/webshop\\\/wp-content\\\/uploads\\\/2018\\\/04\\\/211200sonax.jpg\",\"width\":800,\"height\":800,\"caption\":\"Sonax Pr\u00e9mium Class Carnauba Viasz, aut\u00f3\u00e1pol\u00e1si term\u00e9kek\"},{\"@type\":\"BreadcrumbList\",\"@id\":\"https:\\\/\\\/szereczauto.hu\\\/webshop\\\/termek\\\/sonax-premium-class-carnabau-wax-211200\\\/#breadcrumb\",\"itemListElement\":[{\"@type\":\"ListItem\",\"position\":1,\"name\":\"Home\",\"item\":\"https:\\\/\\\/szereczauto.hu\\\/webshop\\\/\"},{\"@type\":\"ListItem\",\"position\":2,\"name\":\"Term\u00e9keink\",\"item\":\"https:\\\/\\\/szereczauto.hu\\\/webshop\\\/shop\\\/\"},{\"@type\":\"ListItem\",\"position\":3,\"name\":\"Sonax Pr\u00e9mium Class Carnauba Viasz\"}]},{\"@type\":\"WebSite\",\"@id\":\"https:\\\/\\\/szereczauto.hu\\\/webshop\\\/#website\",\"url\":\"https:\\\/\\\/szereczauto.hu\\\/webshop\\\/\",\"name\":\"Szerecz Aut\u00f3alkatr\u00e9sz Web\u00e1ruh\u00e1z\",\"description\":\"Szerecz Aut\u00f3 Kft. - Thule term\u00e9kek, aut\u00f3alkatr\u00e9szek web\u00e1ruh\u00e1za\",\"publisher\":{\"@id\":\"https:\\\/\\\/szereczauto.hu\\\/webshop\\\/#organization\"},\"potentialAction\":[{\"@type\":\"SearchAction\",\"target\":{\"@type\":\"EntryPoint\",\"urlTemplate\":\"https:\\\/\\\/szereczauto.hu\\\/webshop\\\/?s={search_term_string}\"},\"query-input\":{\"@type\":\"PropertyValueSpecification\",\"valueRequired\":true,\"valueName\":\"search_term_string\"}}],\"inLanguage\":\"hu\"},{\"@type\":\"Organization\",\"@id\":\"https:\\\/\\\/szereczauto.hu\\\/webshop\\\/#organization\",\"name\":\"Szerecz Aut\u00f3alkatr\u00e9sz Web\u00e1ruh\u00e1z\",\"url\":\"https:\\\/\\\/szereczauto.hu\\\/webshop\\\/\",\"logo\":{\"@type\":\"ImageObject\",\"inLanguage\":\"hu\",\"@id\":\"https:\\\/\\\/szereczauto.hu\\\/webshop\\\/#\\\/schema\\\/logo\\\/image\\\/\",\"url\":\"https:\\\/\\\/szereczauto.hu\\\/webshop\\\/wp-content\\\/uploads\\\/2018\\\/12\\\/Szerecz_fav_2018.png\",\"contentUrl\":\"https:\\\/\\\/szereczauto.hu\\\/webshop\\\/wp-content\\\/uploads\\\/2018\\\/12\\\/Szerecz_fav_2018.png\",\"width\":512,\"height\":512,\"caption\":\"Szerecz Aut\u00f3alkatr\u00e9sz Web\u00e1ruh\u00e1z\"},\"image\":{\"@id\":\"https:\\\/\\\/szereczauto.hu\\\/webshop\\\/#\\\/schema\\\/logo\\\/image\\\/\"},\"sameAs\":[\"https:\\\/\\\/www.facebook.com\\\/szereczauto\\\/\",\"https:\\\/\\\/www.youtube.com\\\/channel\\\/UCGA5LXUmL_i2xDxT2GNNEBQ\"]}]}<\/script>\n<!-- \/ Yoast SEO plugin. -->","yoast_head_json":{"title":"Sonax Pr\u00e9mium Class Carnauba Viasz &#187; Szerecz Aut\u00f3alkatr\u00e9sz Web\u00e1ruh\u00e1z","robots":{"index":"index","follow":"follow","max-snippet":"max-snippet:-1","max-image-preview":"max-image-preview:large","max-video-preview":"max-video-preview:-1"},"canonical":"https:\/\/szereczauto.hu\/webshop\/termek\/sonax-premium-class-carnabau-wax-211200\/","og_locale":"hu_HU","og_type":"article","og_title":"Sonax Pr\u00e9mium Class Carnauba Viasz &#187; Szerecz Aut\u00f3alkatr\u00e9sz Web\u00e1ruh\u00e1z","og_description":"SONAX Premium Class Carnauba Viasz A SONAX Pr\u00e9mium KarnaubaViasz 100%-ig tiszta &#8222;els\u0151 oszt\u00e1ly\u00fa&#8221; karnaubaviaszb\u00f3l \u00e1ll. Molekul\u00e1ris szerkezet\u00e9nek k\u00f6sz\u00f6nhet\u0151en maxim\u00e1lis UV-v\u00e9delmet \u00e9s hosszan tart\u00f3 ragyog\u00f3 sz\u00ednt biztos\u00edt. Megb\u00edzhat\u00f3 v\u00e9delmet ny\u00fajt minden k\u00f6rnyezeti hat\u00e1ssal szemben \u00e9s m\u00e9ly f\u00e9nyt k\u00f6lcs\u00f6n\u00f6z a lakk fel\u00fcletnek. Kiv\u00e1l\u00f3 min\u0151s\u00e9g\u0171 \u00e1pol\u00f3 olajok seg\u00edtik a k\u00f6nny\u0171 felhaszn\u00e1l\u00e1st. Nem tartalmaz csiszol\u00f3anyagot, nagyon finoman \u00e9s intenz\u00edven [&hellip;]","og_url":"https:\/\/szereczauto.hu\/webshop\/termek\/sonax-premium-class-carnabau-wax-211200\/","og_site_name":"Szerecz Aut\u00f3alkatr\u00e9sz Web\u00e1ruh\u00e1z","article_publisher":"https:\/\/www.facebook.com\/szereczauto\/","article_modified_time":"2023-04-21T12:31:24+00:00","og_image":[{"width":800,"height":800,"url":"https:\/\/szereczauto.hu\/webshop\/wp-content\/uploads\/2018\/04\/211200sonax.jpg","type":"image\/jpeg"}],"schema":{"@context":"https:\/\/schema.org","@graph":[{"@type":"WebPage","@id":"https:\/\/szereczauto.hu\/webshop\/termek\/sonax-premium-class-carnabau-wax-211200\/","url":"https:\/\/szereczauto.hu\/webshop\/termek\/sonax-premium-class-carnabau-wax-211200\/","name":"Sonax Pr\u00e9mium Class Carnauba Viasz &#187; Szerecz Aut\u00f3alkatr\u00e9sz Web\u00e1ruh\u00e1z","isPartOf":{"@id":"https:\/\/szereczauto.hu\/webshop\/#website"},"primaryImageOfPage":{"@id":"https:\/\/szereczauto.hu\/webshop\/termek\/sonax-premium-class-carnabau-wax-211200\/#primaryimage"},"image":{"@id":"https:\/\/szereczauto.hu\/webshop\/termek\/sonax-premium-class-carnabau-wax-211200\/#primaryimage"},"thumbnailUrl":"https:\/\/szereczauto.hu\/webshop\/wp-content\/uploads\/2018\/04\/211200sonax.jpg","datePublished":"2018-04-10T10:42:01+00:00","dateModified":"2023-04-21T12:31:24+00:00","breadcrumb":{"@id":"https:\/\/szereczauto.hu\/webshop\/termek\/sonax-premium-class-carnabau-wax-211200\/#breadcrumb"},"inLanguage":"hu","potentialAction":[{"@type":"ReadAction","target":["https:\/\/szereczauto.hu\/webshop\/termek\/sonax-premium-class-carnabau-wax-211200\/"]}]},{"@type":"ImageObject","inLanguage":"hu","@id":"https:\/\/szereczauto.hu\/webshop\/termek\/sonax-premium-class-carnabau-wax-211200\/#primaryimage","url":"https:\/\/szereczauto.hu\/webshop\/wp-content\/uploads\/2018\/04\/211200sonax.jpg","contentUrl":"https:\/\/szereczauto.hu\/webshop\/wp-content\/uploads\/2018\/04\/211200sonax.jpg","width":800,"height":800,"caption":"Sonax Pr\u00e9mium Class Carnauba Viasz, aut\u00f3\u00e1pol\u00e1si term\u00e9kek"},{"@type":"BreadcrumbList","@id":"https:\/\/szereczauto.hu\/webshop\/termek\/sonax-premium-class-carnabau-wax-211200\/#breadcrumb","itemListElement":[{"@type":"ListItem","position":1,"name":"Home","item":"https:\/\/szereczauto.hu\/webshop\/"},{"@type":"ListItem","position":2,"name":"Term\u00e9keink","item":"https:\/\/szereczauto.hu\/webshop\/shop\/"},{"@type":"ListItem","position":3,"name":"Sonax Pr\u00e9mium Class Carnauba Viasz"}]},{"@type":"WebSite","@id":"https:\/\/szereczauto.hu\/webshop\/#website","url":"https:\/\/szereczauto.hu\/webshop\/","name":"Szerecz Aut\u00f3alkatr\u00e9sz Web\u00e1ruh\u00e1z","description":"Szerecz Aut\u00f3 Kft. - Thule term\u00e9kek, aut\u00f3alkatr\u00e9szek web\u00e1ruh\u00e1za","publisher":{"@id":"https:\/\/szereczauto.hu\/webshop\/#organization"},"potentialAction":[{"@type":"SearchAction","target":{"@type":"EntryPoint","urlTemplate":"https:\/\/szereczauto.hu\/webshop\/?s={search_term_string}"},"query-input":{"@type":"PropertyValueSpecification","valueRequired":true,"valueName":"search_term_string"}}],"inLanguage":"hu"},{"@type":"Organization","@id":"https:\/\/szereczauto.hu\/webshop\/#organization","name":"Szerecz Aut\u00f3alkatr\u00e9sz Web\u00e1ruh\u00e1z","url":"https:\/\/szereczauto.hu\/webshop\/","logo":{"@type":"ImageObject","inLanguage":"hu","@id":"https:\/\/szereczauto.hu\/webshop\/#\/schema\/logo\/image\/","url":"https:\/\/szereczauto.hu\/webshop\/wp-content\/uploads\/2018\/12\/Szerecz_fav_2018.png","contentUrl":"https:\/\/szereczauto.hu\/webshop\/wp-content\/uploads\/2018\/12\/Szerecz_fav_2018.png","width":512,"height":512,"caption":"Szerecz Aut\u00f3alkatr\u00e9sz Web\u00e1ruh\u00e1z"},"image":{"@id":"https:\/\/szereczauto.hu\/webshop\/#\/schema\/logo\/image\/"},"sameAs":["https:\/\/www.facebook.com\/szereczauto\/","https:\/\/www.youtube.com\/channel\/UCGA5LXUmL_i2xDxT2GNNEBQ"]}]}},"_links":{"self":[{"href":"https:\/\/szereczauto.hu\/webshop\/wp-json\/wp\/v2\/product\/17521","targetHints":{"allow":["GET"]}}],"collection":[{"href":"https:\/\/szereczauto.hu\/webshop\/wp-json\/wp\/v2\/product"}],"about":[{"href":"https:\/\/szereczauto.hu\/webshop\/wp-json\/wp\/v2\/types\/product"}],"replies":[{"embeddable":true,"href":"https:\/\/szereczauto.hu\/webshop\/wp-json\/wp\/v2\/comments?post=17521"}],"wp:featuredmedia":[{"embeddable":true,"href":"https:\/\/szereczauto.hu\/webshop\/wp-json\/wp\/v2\/media\/17522"}],"wp:attachment":[{"href":"https:\/\/szereczauto.hu\/webshop\/wp-json\/wp\/v2\/media?parent=17521"}],"wp:term":[{"taxonomy":"product_brand","embeddable":true,"href":"https:\/\/szereczauto.hu\/webshop\/wp-json\/wp\/v2\/product_brand?post=17521"},{"taxonomy":"product_cat","embeddable":true,"href":"https:\/\/szereczauto.hu\/webshop\/wp-json\/wp\/v2\/product_cat?post=17521"},{"taxonomy":"product_tag","embeddable":true,"href":"https:\/\/szereczauto.hu\/webshop\/wp-json\/wp\/v2\/product_tag?post=17521"}],"curies":[{"name":"wp","href":"https:\/\/api.w.org\/{rel}","templated":true}]}}