{"id":17209,"date":"2018-03-13T12:58:41","date_gmt":"2018-03-13T10:58:41","guid":{"rendered":"http:\/\/szereczauto.hu\/webshop\/?post_type=product&#038;p=17209"},"modified":"2026-02-03T14:26:48","modified_gmt":"2026-02-03T12:26:48","slug":"thule-velospace-3-kerekpartarto-vonohorogra-9032100","status":"publish","type":"product","link":"https:\/\/szereczauto.hu\/webshop\/termek\/thule-velospace-3-kerekpartarto-vonohorogra-9032100\/","title":{"rendered":"Thule VeloSpace 3"},"content":{"rendered":"<div class=\"mb-6\">\n<p class=\"paragraph text-color--gray80\"><strong>Thule VeloSpace 3<\/strong>\u00a0sokoldal\u00fa von\u00f3horogra szerelhet\u0151 ker\u00e9kp\u00e1rtart\u00f3.\u00a0Haszn\u00e1lhat\u00f3 <strong>minden t\u00edpus\u00fa ker\u00e9kp\u00e1rhoz<\/strong> &#8211; bele\u00e9rtve az <strong>elektromos ker\u00e9kp\u00e1rokat<\/strong>\u00a0\u00e9s a <strong>gyermek ker\u00e9kp\u00e1rokat<\/strong> is. A ker\u00e9kp\u00e1r r\u00f6gz\u00edt\u0151 rendszer f\u00fcggetlen karokkal, forg\u00f3fejjel \u00e9s p\u00e1nttal m\u0171k\u00f6dik. Minden v\u00e1zm\u00e9rethez \u00e9s geometri\u00e1hoz biztons\u00e1gosan illeszkedik. Karbon v\u00e1zakhoz is haszn\u00e1lhat\u00f3. A b\u0151s\u00e9ges kapacit\u00e1sa ellen\u00e9re a Thule VeloSpace 3 kompakt \u00e9s felhaszn\u00e1l\u00f3bar\u00e1t. Olyan funkci\u00f3k, mint a szersz\u00e1mmentes r\u00f6gz\u00edt\u00e9s \u00e9s a hajtogathat\u00f3 U-keret, megk\u00f6nny\u00edtik a haszn\u00e1lat\u00e1t, t\u00e1rol\u00e1s\u00e1t \u00e9s mindennapi kezel\u00e9s\u00e9t. K\u00fcl\u00f6n megv\u00e1s\u00e1rolhat\u00f3 adapterrel b\u0151v\u00edteni lehet a ker\u00e9kp\u00e1rtart\u00f3t h\u00e1rom bicikli sz\u00e1ll\u00edt\u00e1sra.<\/p>\n<p>Jellemz\u0151i<\/p>\n<p>&nbsp;<\/p>\n<\/div>\n<ul>\n<li>Karbonv\u00e1zas ker\u00e9kp\u00e1rok sz\u00e1ll\u00edt\u00e1s\u00e1ra alkalmas.<\/li>\n<li>Teherb\u00edr\u00e1sa 60 kg.<\/li>\n<li>1 db ker\u00e9kp\u00e1r maxim\u00e1lis t\u00f6mege: 30 kg.<\/li>\n<li>T\u00f6mege: 18,7 kg.<\/li>\n<li>M\u00e9rete: 133 x 66 x 80 cm.<\/li>\n<li>M\u00e9rete \u00f6sszecsukva: 133 x 66 x 25 cm.<\/li>\n<li>Ker\u00e9kp\u00e1rok k\u00f6z\u00f6tti ker\u00e9kt\u00e1vols\u00e1g 25 cm.<\/li>\n<li>Sz\u00e1ll\u00edthat\u00f3 ker\u00e9kp\u00e1rok v\u00e1zm\u00e9rete 22-90 mm.<\/li>\n<li>Kerekek r\u00f6gz\u00edt\u00e9se a tart\u00f3kra racsnis csatokkal t\u00f6rt\u00e9nik.<\/li>\n<li>Egy k\u00e9zzel kattinthat\u00f3 v\u00e1ztart\u00f3k k\u00f6nnyen levehet\u0151k illetve felrakhat\u00f3k .<\/li>\n<li><strong>Sz\u00e1ll\u00edthat\u00f3 ker\u00e9kp\u00e1r 2 db, de 3-ra b\u0151v\u00edthet\u0151.<\/strong><\/li>\n<li>A tart\u00f3t l\u00e1b ped\u00e1llal lehet lebillenteni ker\u00e9kp\u00e1rokkal egy\u00fctt, \u00edgy nyithat\u00f3 a csomagtart\u00f3.<\/li>\n<li>Kulccsal lehet a ker\u00e9kp\u00e1rokat a tart\u00f3hoz, a tart\u00f3t pedig az aut\u00f3hoz z\u00e1rni.<\/li>\n<li>Csatlakoz\u00f3 aljzata 13 p\u00f3lus\u00fa.<\/li>\n<li>T\u00dcV\/Eurobe tan\u00fas\u00edtv\u00e1nnyal rendelkezik.<\/li>\n<li>Teljes\u00edti a City Crash szabv\u00e1ny el\u0151\u00edr\u00e1sait.<\/li>\n<\/ul>\n<p>Aj\u00e1nlott tartoz\u00e9kok a Thule VeloSpace 3 ker\u00e9kp\u00e1rtart\u00f3hoz:<\/p>\n<ul>\n<li>Adapter 3. ker\u00e9kp\u00e1r sz\u00e1ll\u00edt\u00e1s\u00e1hoz.<\/li>\n<li>Sz\u00e1ll\u00edt\u00f3 ker\u00e9k.<\/li>\n<li>R\u00e1mpa.<\/li>\n<li>Ker\u00e9kp\u00e1rv\u00e9d\u0151<\/li>\n<li>Ker\u00e9ksz\u00edjz\u00e1r<\/li>\n<li>Extra hossz\u00fa ker\u00e9kr\u00f6gz\u00edt\u0151 sz\u00edj<\/li>\n<\/ul>\n<p style=\"text-align: left;\"><span style=\"color: #000000;\"><strong>K\u00e9rd\u00e9se van, seg\u00edts\u00e9gre van sz\u00fcks\u00e9ge! &#8211;<\/strong><span style=\"color: #3366ff;\"><a style=\"color: #3366ff;\" href=\"http:\/\/szereczauto.hu\/kerdezzen\/\" target=\"_blank\" rel=\"noopener noreferrer\"><strong> Itt l\u00e9phet kapcsolatba vel\u00fcnk!<\/strong><\/a><\/span><\/span><\/p>\n","protected":false},"excerpt":{"rendered":"<p><strong><span style=\"color: #808080;\">Sokoldal\u00fa von\u00f3horogra szerelhet\u0151 ker\u00e9kp\u00e1rtart\u00f3.<\/span>\u00a0<\/strong><br \/>\n<iframe loading=\"lazy\" title=\"YouTube video player\" src=\"https:\/\/www.youtube.com\/embed\/K_tBQN8-xrA?si=Ev39wbJYodWRlVdL\" width=\"560\" height=\"315\" frameborder=\"0\" allowfullscreen=\"allowfullscreen\"><\/iframe><\/p>\n","protected":false},"featured_media":23635,"comment_status":"open","ping_status":"closed","template":"","meta":{"_et_pb_use_builder":"","_et_pb_old_content":"","_et_gb_content_width":"","wp_popup_display_lightbox":0,"wp_popup_suppress":"","wp_popup_trigger":"","wp_popup_trigger_amount":0,"wp_popup_disable_on_mobile":false},"product_brand":[],"product_cat":[60,57,49,68],"product_tag":[],"class_list":{"0":"post-17209","1":"product","2":"type-product","3":"status-publish","4":"has-post-thumbnail","6":"product_cat-thule-hatso-csomagtarto-rendszer","7":"product_cat-thule-kerekpartartok","8":"product_cat-thule_termekek","9":"product_cat-vonohorogra","11":"first","12":"instock","13":"shipping-taxable","14":"purchasable","15":"product-type-simple"},"yoast_head":"<!-- This site is optimized with the Yoast SEO plugin v27.4 - https:\/\/yoast.com\/product\/yoast-seo-wordpress\/ -->\n<title>Thule VeloSpace 3 &#187; Szerecz Aut\u00f3alkatr\u00e9sz Web\u00e1ruh\u00e1z<\/title>\n<meta name=\"robots\" content=\"index, follow, max-snippet:-1, max-image-preview:large, max-video-preview:-1\" \/>\n<link rel=\"canonical\" href=\"https:\/\/szereczauto.hu\/webshop\/termek\/thule-velospace-3-kerekpartarto-vonohorogra-9032100\/\" \/>\n<meta property=\"og:locale\" content=\"hu_HU\" \/>\n<meta property=\"og:type\" content=\"article\" \/>\n<meta property=\"og:title\" content=\"Thule VeloSpace 3 &#187; Szerecz Aut\u00f3alkatr\u00e9sz Web\u00e1ruh\u00e1z\" \/>\n<meta property=\"og:description\" content=\"Sokoldal\u00fa von\u00f3horogra szerelhet\u0151 ker\u00e9kp\u00e1rtart\u00f3.\u00a0\" \/>\n<meta property=\"og:url\" content=\"https:\/\/szereczauto.hu\/webshop\/termek\/thule-velospace-3-kerekpartarto-vonohorogra-9032100\/\" \/>\n<meta property=\"og:site_name\" content=\"Szerecz Aut\u00f3alkatr\u00e9sz Web\u00e1ruh\u00e1z\" \/>\n<meta property=\"article:publisher\" content=\"https:\/\/www.facebook.com\/szereczauto\/\" \/>\n<meta property=\"article:modified_time\" content=\"2026-02-03T12:26:48+00:00\" \/>\n<meta property=\"og:image\" content=\"https:\/\/szereczauto.hu\/webshop\/wp-content\/uploads\/2018\/03\/ThuleVeloSpace3_EROW_2B_Iso_P_9032100.jpg\" \/>\n\t<meta property=\"og:image:width\" content=\"800\" \/>\n\t<meta property=\"og:image:height\" content=\"800\" \/>\n\t<meta property=\"og:image:type\" content=\"image\/jpeg\" \/>\n<script type=\"application\/ld+json\" class=\"yoast-schema-graph\">{\"@context\":\"https:\\\/\\\/schema.org\",\"@graph\":[{\"@type\":\"WebPage\",\"@id\":\"https:\\\/\\\/szereczauto.hu\\\/webshop\\\/termek\\\/thule-velospace-3-kerekpartarto-vonohorogra-9032100\\\/\",\"url\":\"https:\\\/\\\/szereczauto.hu\\\/webshop\\\/termek\\\/thule-velospace-3-kerekpartarto-vonohorogra-9032100\\\/\",\"name\":\"Thule VeloSpace 3 &#187; Szerecz Aut\u00f3alkatr\u00e9sz Web\u00e1ruh\u00e1z\",\"isPartOf\":{\"@id\":\"https:\\\/\\\/szereczauto.hu\\\/webshop\\\/#website\"},\"primaryImageOfPage\":{\"@id\":\"https:\\\/\\\/szereczauto.hu\\\/webshop\\\/termek\\\/thule-velospace-3-kerekpartarto-vonohorogra-9032100\\\/#primaryimage\"},\"image\":{\"@id\":\"https:\\\/\\\/szereczauto.hu\\\/webshop\\\/termek\\\/thule-velospace-3-kerekpartarto-vonohorogra-9032100\\\/#primaryimage\"},\"thumbnailUrl\":\"https:\\\/\\\/szereczauto.hu\\\/webshop\\\/wp-content\\\/uploads\\\/2018\\\/03\\\/ThuleVeloSpace3_EROW_2B_Iso_P_9032100.jpg\",\"datePublished\":\"2018-03-13T10:58:41+00:00\",\"dateModified\":\"2026-02-03T12:26:48+00:00\",\"breadcrumb\":{\"@id\":\"https:\\\/\\\/szereczauto.hu\\\/webshop\\\/termek\\\/thule-velospace-3-kerekpartarto-vonohorogra-9032100\\\/#breadcrumb\"},\"inLanguage\":\"hu\",\"potentialAction\":[{\"@type\":\"ReadAction\",\"target\":[\"https:\\\/\\\/szereczauto.hu\\\/webshop\\\/termek\\\/thule-velospace-3-kerekpartarto-vonohorogra-9032100\\\/\"]}]},{\"@type\":\"ImageObject\",\"inLanguage\":\"hu\",\"@id\":\"https:\\\/\\\/szereczauto.hu\\\/webshop\\\/termek\\\/thule-velospace-3-kerekpartarto-vonohorogra-9032100\\\/#primaryimage\",\"url\":\"https:\\\/\\\/szereczauto.hu\\\/webshop\\\/wp-content\\\/uploads\\\/2018\\\/03\\\/ThuleVeloSpace3_EROW_2B_Iso_P_9032100.jpg\",\"contentUrl\":\"https:\\\/\\\/szereczauto.hu\\\/webshop\\\/wp-content\\\/uploads\\\/2018\\\/03\\\/ThuleVeloSpace3_EROW_2B_Iso_P_9032100.jpg\",\"width\":800,\"height\":800},{\"@type\":\"BreadcrumbList\",\"@id\":\"https:\\\/\\\/szereczauto.hu\\\/webshop\\\/termek\\\/thule-velospace-3-kerekpartarto-vonohorogra-9032100\\\/#breadcrumb\",\"itemListElement\":[{\"@type\":\"ListItem\",\"position\":1,\"name\":\"Home\",\"item\":\"https:\\\/\\\/szereczauto.hu\\\/webshop\\\/\"},{\"@type\":\"ListItem\",\"position\":2,\"name\":\"Term\u00e9keink\",\"item\":\"https:\\\/\\\/szereczauto.hu\\\/webshop\\\/shop\\\/\"},{\"@type\":\"ListItem\",\"position\":3,\"name\":\"Thule VeloSpace 3\"}]},{\"@type\":\"WebSite\",\"@id\":\"https:\\\/\\\/szereczauto.hu\\\/webshop\\\/#website\",\"url\":\"https:\\\/\\\/szereczauto.hu\\\/webshop\\\/\",\"name\":\"Szerecz Aut\u00f3alkatr\u00e9sz Web\u00e1ruh\u00e1z\",\"description\":\"Szerecz Aut\u00f3 Kft. - Thule term\u00e9kek, aut\u00f3alkatr\u00e9szek web\u00e1ruh\u00e1za\",\"publisher\":{\"@id\":\"https:\\\/\\\/szereczauto.hu\\\/webshop\\\/#organization\"},\"potentialAction\":[{\"@type\":\"SearchAction\",\"target\":{\"@type\":\"EntryPoint\",\"urlTemplate\":\"https:\\\/\\\/szereczauto.hu\\\/webshop\\\/?s={search_term_string}\"},\"query-input\":{\"@type\":\"PropertyValueSpecification\",\"valueRequired\":true,\"valueName\":\"search_term_string\"}}],\"inLanguage\":\"hu\"},{\"@type\":\"Organization\",\"@id\":\"https:\\\/\\\/szereczauto.hu\\\/webshop\\\/#organization\",\"name\":\"Szerecz Aut\u00f3alkatr\u00e9sz Web\u00e1ruh\u00e1z\",\"url\":\"https:\\\/\\\/szereczauto.hu\\\/webshop\\\/\",\"logo\":{\"@type\":\"ImageObject\",\"inLanguage\":\"hu\",\"@id\":\"https:\\\/\\\/szereczauto.hu\\\/webshop\\\/#\\\/schema\\\/logo\\\/image\\\/\",\"url\":\"https:\\\/\\\/szereczauto.hu\\\/webshop\\\/wp-content\\\/uploads\\\/2018\\\/12\\\/Szerecz_fav_2018.png\",\"contentUrl\":\"https:\\\/\\\/szereczauto.hu\\\/webshop\\\/wp-content\\\/uploads\\\/2018\\\/12\\\/Szerecz_fav_2018.png\",\"width\":512,\"height\":512,\"caption\":\"Szerecz Aut\u00f3alkatr\u00e9sz Web\u00e1ruh\u00e1z\"},\"image\":{\"@id\":\"https:\\\/\\\/szereczauto.hu\\\/webshop\\\/#\\\/schema\\\/logo\\\/image\\\/\"},\"sameAs\":[\"https:\\\/\\\/www.facebook.com\\\/szereczauto\\\/\",\"https:\\\/\\\/www.youtube.com\\\/channel\\\/UCGA5LXUmL_i2xDxT2GNNEBQ\"]}]}<\/script>\n<!-- \/ Yoast SEO plugin. -->","yoast_head_json":{"title":"Thule VeloSpace 3 &#187; Szerecz Aut\u00f3alkatr\u00e9sz Web\u00e1ruh\u00e1z","robots":{"index":"index","follow":"follow","max-snippet":"max-snippet:-1","max-image-preview":"max-image-preview:large","max-video-preview":"max-video-preview:-1"},"canonical":"https:\/\/szereczauto.hu\/webshop\/termek\/thule-velospace-3-kerekpartarto-vonohorogra-9032100\/","og_locale":"hu_HU","og_type":"article","og_title":"Thule VeloSpace 3 &#187; Szerecz Aut\u00f3alkatr\u00e9sz Web\u00e1ruh\u00e1z","og_description":"Sokoldal\u00fa von\u00f3horogra szerelhet\u0151 ker\u00e9kp\u00e1rtart\u00f3.\u00a0","og_url":"https:\/\/szereczauto.hu\/webshop\/termek\/thule-velospace-3-kerekpartarto-vonohorogra-9032100\/","og_site_name":"Szerecz Aut\u00f3alkatr\u00e9sz Web\u00e1ruh\u00e1z","article_publisher":"https:\/\/www.facebook.com\/szereczauto\/","article_modified_time":"2026-02-03T12:26:48+00:00","og_image":[{"width":800,"height":800,"url":"https:\/\/szereczauto.hu\/webshop\/wp-content\/uploads\/2018\/03\/ThuleVeloSpace3_EROW_2B_Iso_P_9032100.jpg","type":"image\/jpeg"}],"schema":{"@context":"https:\/\/schema.org","@graph":[{"@type":"WebPage","@id":"https:\/\/szereczauto.hu\/webshop\/termek\/thule-velospace-3-kerekpartarto-vonohorogra-9032100\/","url":"https:\/\/szereczauto.hu\/webshop\/termek\/thule-velospace-3-kerekpartarto-vonohorogra-9032100\/","name":"Thule VeloSpace 3 &#187; Szerecz Aut\u00f3alkatr\u00e9sz Web\u00e1ruh\u00e1z","isPartOf":{"@id":"https:\/\/szereczauto.hu\/webshop\/#website"},"primaryImageOfPage":{"@id":"https:\/\/szereczauto.hu\/webshop\/termek\/thule-velospace-3-kerekpartarto-vonohorogra-9032100\/#primaryimage"},"image":{"@id":"https:\/\/szereczauto.hu\/webshop\/termek\/thule-velospace-3-kerekpartarto-vonohorogra-9032100\/#primaryimage"},"thumbnailUrl":"https:\/\/szereczauto.hu\/webshop\/wp-content\/uploads\/2018\/03\/ThuleVeloSpace3_EROW_2B_Iso_P_9032100.jpg","datePublished":"2018-03-13T10:58:41+00:00","dateModified":"2026-02-03T12:26:48+00:00","breadcrumb":{"@id":"https:\/\/szereczauto.hu\/webshop\/termek\/thule-velospace-3-kerekpartarto-vonohorogra-9032100\/#breadcrumb"},"inLanguage":"hu","potentialAction":[{"@type":"ReadAction","target":["https:\/\/szereczauto.hu\/webshop\/termek\/thule-velospace-3-kerekpartarto-vonohorogra-9032100\/"]}]},{"@type":"ImageObject","inLanguage":"hu","@id":"https:\/\/szereczauto.hu\/webshop\/termek\/thule-velospace-3-kerekpartarto-vonohorogra-9032100\/#primaryimage","url":"https:\/\/szereczauto.hu\/webshop\/wp-content\/uploads\/2018\/03\/ThuleVeloSpace3_EROW_2B_Iso_P_9032100.jpg","contentUrl":"https:\/\/szereczauto.hu\/webshop\/wp-content\/uploads\/2018\/03\/ThuleVeloSpace3_EROW_2B_Iso_P_9032100.jpg","width":800,"height":800},{"@type":"BreadcrumbList","@id":"https:\/\/szereczauto.hu\/webshop\/termek\/thule-velospace-3-kerekpartarto-vonohorogra-9032100\/#breadcrumb","itemListElement":[{"@type":"ListItem","position":1,"name":"Home","item":"https:\/\/szereczauto.hu\/webshop\/"},{"@type":"ListItem","position":2,"name":"Term\u00e9keink","item":"https:\/\/szereczauto.hu\/webshop\/shop\/"},{"@type":"ListItem","position":3,"name":"Thule VeloSpace 3"}]},{"@type":"WebSite","@id":"https:\/\/szereczauto.hu\/webshop\/#website","url":"https:\/\/szereczauto.hu\/webshop\/","name":"Szerecz Aut\u00f3alkatr\u00e9sz Web\u00e1ruh\u00e1z","description":"Szerecz Aut\u00f3 Kft. - Thule term\u00e9kek, aut\u00f3alkatr\u00e9szek web\u00e1ruh\u00e1za","publisher":{"@id":"https:\/\/szereczauto.hu\/webshop\/#organization"},"potentialAction":[{"@type":"SearchAction","target":{"@type":"EntryPoint","urlTemplate":"https:\/\/szereczauto.hu\/webshop\/?s={search_term_string}"},"query-input":{"@type":"PropertyValueSpecification","valueRequired":true,"valueName":"search_term_string"}}],"inLanguage":"hu"},{"@type":"Organization","@id":"https:\/\/szereczauto.hu\/webshop\/#organization","name":"Szerecz Aut\u00f3alkatr\u00e9sz Web\u00e1ruh\u00e1z","url":"https:\/\/szereczauto.hu\/webshop\/","logo":{"@type":"ImageObject","inLanguage":"hu","@id":"https:\/\/szereczauto.hu\/webshop\/#\/schema\/logo\/image\/","url":"https:\/\/szereczauto.hu\/webshop\/wp-content\/uploads\/2018\/12\/Szerecz_fav_2018.png","contentUrl":"https:\/\/szereczauto.hu\/webshop\/wp-content\/uploads\/2018\/12\/Szerecz_fav_2018.png","width":512,"height":512,"caption":"Szerecz Aut\u00f3alkatr\u00e9sz Web\u00e1ruh\u00e1z"},"image":{"@id":"https:\/\/szereczauto.hu\/webshop\/#\/schema\/logo\/image\/"},"sameAs":["https:\/\/www.facebook.com\/szereczauto\/","https:\/\/www.youtube.com\/channel\/UCGA5LXUmL_i2xDxT2GNNEBQ"]}]}},"_links":{"self":[{"href":"https:\/\/szereczauto.hu\/webshop\/wp-json\/wp\/v2\/product\/17209","targetHints":{"allow":["GET"]}}],"collection":[{"href":"https:\/\/szereczauto.hu\/webshop\/wp-json\/wp\/v2\/product"}],"about":[{"href":"https:\/\/szereczauto.hu\/webshop\/wp-json\/wp\/v2\/types\/product"}],"replies":[{"embeddable":true,"href":"https:\/\/szereczauto.hu\/webshop\/wp-json\/wp\/v2\/comments?post=17209"}],"wp:featuredmedia":[{"embeddable":true,"href":"https:\/\/szereczauto.hu\/webshop\/wp-json\/wp\/v2\/media\/23635"}],"wp:attachment":[{"href":"https:\/\/szereczauto.hu\/webshop\/wp-json\/wp\/v2\/media?parent=17209"}],"wp:term":[{"taxonomy":"product_brand","embeddable":true,"href":"https:\/\/szereczauto.hu\/webshop\/wp-json\/wp\/v2\/product_brand?post=17209"},{"taxonomy":"product_cat","embeddable":true,"href":"https:\/\/szereczauto.hu\/webshop\/wp-json\/wp\/v2\/product_cat?post=17209"},{"taxonomy":"product_tag","embeddable":true,"href":"https:\/\/szereczauto.hu\/webshop\/wp-json\/wp\/v2\/product_tag?post=17209"}],"curies":[{"name":"wp","href":"https:\/\/api.w.org\/{rel}","templated":true}]}}