{"id":14917,"date":"2017-10-26T13:30:38","date_gmt":"2017-10-26T11:30:38","guid":{"rendered":"http:\/\/szereczauto.hu\/webshop\/?post_type=product&#038;p=14917"},"modified":"2022-11-07T10:44:17","modified_gmt":"2022-11-07T08:44:17","slug":"valvoline-all-climate-5w-40-1-liter","status":"publish","type":"product","link":"https:\/\/szereczauto.hu\/webshop\/termek\/valvoline-all-climate-5w-40-1-liter\/","title":{"rendered":"Valvoline All-Climate 5W-40"},"content":{"rendered":"<p>A bels\u0151\u00e9g\u00e9s\u0171 motorok egyre ink\u00e1bb elt\u00e9r\u0151 k\u00f6vetelm\u00e9nyeket t\u00e1masztanak a ken\u0151anyagokkal szemben. Napjaink j\u00e1rm\u0171veit korszer\u0171 megmunk\u00e1l\u00e1si technol\u00f3gi\u00e1k, \u00faj konstrukci\u00f3s megold\u00e1sok, n\u00f6vekv\u0151 fut\u00e1steljes\u00edtm\u00e9ny \u00e9s szervizciklus, valamint egyre ink\u00e1bb elt\u00e9r\u0151 \u00fczemeltet\u00e9si felt\u00e9telek jellemzik. A Valvoline ken\u0151anyagok nemzetk\u00f6zi ipari szabv\u00e1nyokat meghalad\u00f3 min\u0151s\u00e9gi jellemz\u0151i garant\u00e1lj\u00e1k a kifog\u00e1stalan teljes\u00edtm\u00e9nyt \u00e9s a motorok minden k\u00e9ts\u00e9get kiz\u00e1r\u00f3 v\u00e9delm\u00e9t. A Valvoline\u00a0 All Climate 5W40 szintetikus motorolaj egy kiv\u00e1l\u00f3 min\u0151s\u00e9g\u0171, teljesen szintetikus motorolaj, mely eg\u00e9sz \u00e9ven \u00e1t magas teljes\u00edtm\u00e9nyt \u00e9s hat\u00e9kony motorv\u00e9delmet biztos\u00edt. Alkalmas modern aut\u00f3k turb\u00f3felt\u00f6lt\u0151s, kataliz\u00e1toros \u00e9s hossz\u00fa csereperi\u00f3dus\u00fa motorjaihoz.<\/p>\n<p>Teljes\u00edtm\u00e9nyszintek:<\/p>\n<p>ACEA A3\/B3, A3\/B4; API SN\/CF, MB 229.3; Renault RN0700, RN0710; VW 502.00\/505.00<\/p>\n<p><strong>A Valvoline magyarorsz\u00e1gi import\u0151r\u00e9nek kiemelt partnerei vagyunk Somogy megy\u00e9ben 1993 \u00f3ta. Minden Valvoline term\u00e9ket t\u0151l\u00fck szerz\u00fcnk be. T\u0151l\u00fcnk biztosan eredeti term\u00e9ket v\u00e1s\u00e1rol.<\/strong><\/p>\n<div class=\"post-body\">\n<p>A Valvoline a vil\u00e1g els\u0151 \u00e9s egyben legnagyobb m\u00faltra visszatekint\u0151 ken\u0151anyag m\u00e1rk\u00e1ja.Ez a t\u00e9ny \u00f6nmag\u00e1ban is k\u00fcl\u00f6nlegess\u00e9 teszi Valvoline-t \u00e9s t\u00fckr\u00f6zi azt a szeml\u00e9letet, mely, biztos\u00edt\u00e9k, hogy nem csup\u00e1n ken\u0151anyagot, hanem \u00e9rt\u00e9ket sz\u00e1ll\u00edtunk. A vil\u00e1g jelent\u0151sen megv\u00e1ltozott mi\u00f3ta 1866-ban Dr. Charles Ellis bevezette Valvoline-t. A m\u00e1rka nem csup\u00e1n fejl\u0151d\u00f6tt, de elind\u00edtott sz\u00e1mos \u00fatt\u00f6r\u0151 \u00e9s innovat\u00edv \u00faj\u00edt\u00e1st is, amelyek megv\u00e1ltoztatt\u00e1k az ipar mindennapjait. A Valvoline kiemelt m\u0171szaki bizalmat \u00e9lvez szerte a vil\u00e1gon. Ennek oka, hogy fel\u00fclm\u00falhatatlan m\u0171szaki megold\u00e1sokat k\u00edn\u00e1l a v\u00e1llalkoz\u00e1sok, valamint a felhaszn\u00e1l\u00f3k sz\u00e1m\u00e1ra. Legyen r\u00e9szese ennek a bizalomnak \u00e9s m\u0171szaki biztons\u00e1gnak. Haszn\u00e1ljon Valvoline ken\u0151anyagokat.<\/p>\n<p>Valvoline garant\u00e1lja, hogy az \u00e1ltala biztos\u00edtott \u00f6sszes term\u00e9k megfelel a vonatkoz\u00f3 el\u0151\u00edr\u00e1snak \u00e9s m\u0171szaki k\u00f6vetelm\u00e9nynek. A Valvoline term\u00e9kek sz\u00e9les v\u00e1laszt\u00e9k\u00e1ra jellemz\u0151, hogy nem csup\u00e1n megfelelnek, hanem sok esetben meghaladj\u00e1k a leg\u00fajabb ipari \u00e9s j\u00e1rm\u0171 OEM el\u0151\u00edr\u00e1sokat. Valvoline csak \u00e9s kiz\u00e1r\u00f3lag a legkorszer\u0171bb alapolajokat \u00e9s a legfejlettebb adal\u00e9krendszereket alkalmazza, hogy \u00fcgyfeleinek fel\u00fclm\u00falhatatlan min\u0151s\u00e9g\u0171 ken\u0151anyagokat biztos\u00edtson. A Valvoline a teljes gy\u00e1rt\u00e1si folyamat sor\u00e1n az elv\u00e1rhat\u00f3 legmagasabb sz\u00ednvonalon ellen\u0151rzi \u00e9s teszteli \u00f6sszes ken\u0151anyag\u00e1t. Ez a garancia arra, hogy a Valvoline egy\u00e9rtelm\u0171en fel\u00fclm\u00falhatatlan term\u00e9kmin\u0151s\u00e9get, valamint magas szint\u0171 megfelel\u0151s\u00e9get biztos\u00edt minden \u00fczemi helyzetben.<\/p>\n<\/div>\n","protected":false},"excerpt":{"rendered":"<p>1 literes kiszerel\u00e9s.<\/p>\n<p><a href=\"https:\/\/valvoline-eu.lubricantadvisor.com\/hon\" target=\"_blank\" rel=\"noopener noreferrer\"><span style=\"color: #ff0000;\">Milyen olaj kell az aut\u00f3mba? Valvoline olajv\u00e1laszt\u00f3!<\/span><\/a><\/p>\n","protected":false},"featured_media":14919,"comment_status":"open","ping_status":"closed","template":"","meta":{"_et_pb_use_builder":"","_et_pb_old_content":"","_et_gb_content_width":"","wp_popup_display_lightbox":0,"wp_popup_suppress":"","wp_popup_trigger":"","wp_popup_trigger_amount":0,"wp_popup_disable_on_mobile":false},"product_brand":[],"product_cat":[150,12,31],"product_tag":[],"class_list":{"0":"post-14917","1":"product","2":"type-product","3":"status-publish","4":"has-post-thumbnail","6":"product_cat-5w-40","7":"product_cat-kenoanyagok","8":"product_cat-szgk","10":"first","11":"instock","12":"shipping-taxable","13":"purchasable","14":"product-type-simple"},"yoast_head":"<!-- This site is optimized with the Yoast SEO plugin v27.4 - https:\/\/yoast.com\/product\/yoast-seo-wordpress\/ -->\n<title>Valvoline All-Climate 5W-40 &#187; Szerecz Aut\u00f3alkatr\u00e9sz Web\u00e1ruh\u00e1z<\/title>\n<meta name=\"robots\" content=\"index, follow, max-snippet:-1, max-image-preview:large, max-video-preview:-1\" \/>\n<link rel=\"canonical\" href=\"https:\/\/szereczauto.hu\/webshop\/termek\/valvoline-all-climate-5w-40-1-liter\/\" \/>\n<meta property=\"og:locale\" content=\"hu_HU\" \/>\n<meta property=\"og:type\" content=\"article\" \/>\n<meta property=\"og:title\" content=\"Valvoline All-Climate 5W-40 &#187; Szerecz Aut\u00f3alkatr\u00e9sz Web\u00e1ruh\u00e1z\" \/>\n<meta property=\"og:description\" content=\"1 literes kiszerel\u00e9s.  Milyen olaj kell az aut\u00f3mba? Valvoline olajv\u00e1laszt\u00f3!\" \/>\n<meta property=\"og:url\" content=\"https:\/\/szereczauto.hu\/webshop\/termek\/valvoline-all-climate-5w-40-1-liter\/\" \/>\n<meta property=\"og:site_name\" content=\"Szerecz Aut\u00f3alkatr\u00e9sz Web\u00e1ruh\u00e1z\" \/>\n<meta property=\"article:publisher\" content=\"https:\/\/www.facebook.com\/szereczauto\/\" \/>\n<meta property=\"article:modified_time\" content=\"2022-11-07T08:44:17+00:00\" \/>\n<meta property=\"og:image\" content=\"https:\/\/szereczauto.hu\/webshop\/wp-content\/uploads\/2017\/10\/Valvoline-All-Climate-5W-40-1liter.jpg\" \/>\n\t<meta property=\"og:image:width\" content=\"500\" \/>\n\t<meta property=\"og:image:height\" content=\"500\" \/>\n\t<meta property=\"og:image:type\" content=\"image\/jpeg\" \/>\n<script type=\"application\/ld+json\" class=\"yoast-schema-graph\">{\"@context\":\"https:\\\/\\\/schema.org\",\"@graph\":[{\"@type\":\"WebPage\",\"@id\":\"https:\\\/\\\/szereczauto.hu\\\/webshop\\\/termek\\\/valvoline-all-climate-5w-40-1-liter\\\/\",\"url\":\"https:\\\/\\\/szereczauto.hu\\\/webshop\\\/termek\\\/valvoline-all-climate-5w-40-1-liter\\\/\",\"name\":\"Valvoline All-Climate 5W-40 &#187; Szerecz Aut\u00f3alkatr\u00e9sz Web\u00e1ruh\u00e1z\",\"isPartOf\":{\"@id\":\"https:\\\/\\\/szereczauto.hu\\\/webshop\\\/#website\"},\"primaryImageOfPage\":{\"@id\":\"https:\\\/\\\/szereczauto.hu\\\/webshop\\\/termek\\\/valvoline-all-climate-5w-40-1-liter\\\/#primaryimage\"},\"image\":{\"@id\":\"https:\\\/\\\/szereczauto.hu\\\/webshop\\\/termek\\\/valvoline-all-climate-5w-40-1-liter\\\/#primaryimage\"},\"thumbnailUrl\":\"https:\\\/\\\/szereczauto.hu\\\/webshop\\\/wp-content\\\/uploads\\\/2017\\\/10\\\/Valvoline-All-Climate-5W-40-1liter.jpg\",\"datePublished\":\"2017-10-26T11:30:38+00:00\",\"dateModified\":\"2022-11-07T08:44:17+00:00\",\"breadcrumb\":{\"@id\":\"https:\\\/\\\/szereczauto.hu\\\/webshop\\\/termek\\\/valvoline-all-climate-5w-40-1-liter\\\/#breadcrumb\"},\"inLanguage\":\"hu\",\"potentialAction\":[{\"@type\":\"ReadAction\",\"target\":[\"https:\\\/\\\/szereczauto.hu\\\/webshop\\\/termek\\\/valvoline-all-climate-5w-40-1-liter\\\/\"]}]},{\"@type\":\"ImageObject\",\"inLanguage\":\"hu\",\"@id\":\"https:\\\/\\\/szereczauto.hu\\\/webshop\\\/termek\\\/valvoline-all-climate-5w-40-1-liter\\\/#primaryimage\",\"url\":\"https:\\\/\\\/szereczauto.hu\\\/webshop\\\/wp-content\\\/uploads\\\/2017\\\/10\\\/Valvoline-All-Climate-5W-40-1liter.jpg\",\"contentUrl\":\"https:\\\/\\\/szereczauto.hu\\\/webshop\\\/wp-content\\\/uploads\\\/2017\\\/10\\\/Valvoline-All-Climate-5W-40-1liter.jpg\",\"width\":500,\"height\":500,\"caption\":\"Valvoline All-Climate 5W-40 1liter, motorolaj\"},{\"@type\":\"BreadcrumbList\",\"@id\":\"https:\\\/\\\/szereczauto.hu\\\/webshop\\\/termek\\\/valvoline-all-climate-5w-40-1-liter\\\/#breadcrumb\",\"itemListElement\":[{\"@type\":\"ListItem\",\"position\":1,\"name\":\"Home\",\"item\":\"https:\\\/\\\/szereczauto.hu\\\/webshop\\\/\"},{\"@type\":\"ListItem\",\"position\":2,\"name\":\"Term\u00e9keink\",\"item\":\"https:\\\/\\\/szereczauto.hu\\\/webshop\\\/shop\\\/\"},{\"@type\":\"ListItem\",\"position\":3,\"name\":\"Valvoline All-Climate 5W-40\"}]},{\"@type\":\"WebSite\",\"@id\":\"https:\\\/\\\/szereczauto.hu\\\/webshop\\\/#website\",\"url\":\"https:\\\/\\\/szereczauto.hu\\\/webshop\\\/\",\"name\":\"Szerecz Aut\u00f3alkatr\u00e9sz Web\u00e1ruh\u00e1z\",\"description\":\"Szerecz Aut\u00f3 Kft. - Thule term\u00e9kek, aut\u00f3alkatr\u00e9szek web\u00e1ruh\u00e1za\",\"publisher\":{\"@id\":\"https:\\\/\\\/szereczauto.hu\\\/webshop\\\/#organization\"},\"potentialAction\":[{\"@type\":\"SearchAction\",\"target\":{\"@type\":\"EntryPoint\",\"urlTemplate\":\"https:\\\/\\\/szereczauto.hu\\\/webshop\\\/?s={search_term_string}\"},\"query-input\":{\"@type\":\"PropertyValueSpecification\",\"valueRequired\":true,\"valueName\":\"search_term_string\"}}],\"inLanguage\":\"hu\"},{\"@type\":\"Organization\",\"@id\":\"https:\\\/\\\/szereczauto.hu\\\/webshop\\\/#organization\",\"name\":\"Szerecz Aut\u00f3alkatr\u00e9sz Web\u00e1ruh\u00e1z\",\"url\":\"https:\\\/\\\/szereczauto.hu\\\/webshop\\\/\",\"logo\":{\"@type\":\"ImageObject\",\"inLanguage\":\"hu\",\"@id\":\"https:\\\/\\\/szereczauto.hu\\\/webshop\\\/#\\\/schema\\\/logo\\\/image\\\/\",\"url\":\"https:\\\/\\\/szereczauto.hu\\\/webshop\\\/wp-content\\\/uploads\\\/2018\\\/12\\\/Szerecz_fav_2018.png\",\"contentUrl\":\"https:\\\/\\\/szereczauto.hu\\\/webshop\\\/wp-content\\\/uploads\\\/2018\\\/12\\\/Szerecz_fav_2018.png\",\"width\":512,\"height\":512,\"caption\":\"Szerecz Aut\u00f3alkatr\u00e9sz Web\u00e1ruh\u00e1z\"},\"image\":{\"@id\":\"https:\\\/\\\/szereczauto.hu\\\/webshop\\\/#\\\/schema\\\/logo\\\/image\\\/\"},\"sameAs\":[\"https:\\\/\\\/www.facebook.com\\\/szereczauto\\\/\",\"https:\\\/\\\/www.youtube.com\\\/channel\\\/UCGA5LXUmL_i2xDxT2GNNEBQ\"]}]}<\/script>\n<!-- \/ Yoast SEO plugin. -->","yoast_head_json":{"title":"Valvoline All-Climate 5W-40 &#187; Szerecz Aut\u00f3alkatr\u00e9sz Web\u00e1ruh\u00e1z","robots":{"index":"index","follow":"follow","max-snippet":"max-snippet:-1","max-image-preview":"max-image-preview:large","max-video-preview":"max-video-preview:-1"},"canonical":"https:\/\/szereczauto.hu\/webshop\/termek\/valvoline-all-climate-5w-40-1-liter\/","og_locale":"hu_HU","og_type":"article","og_title":"Valvoline All-Climate 5W-40 &#187; Szerecz Aut\u00f3alkatr\u00e9sz Web\u00e1ruh\u00e1z","og_description":"1 literes kiszerel\u00e9s.  Milyen olaj kell az aut\u00f3mba? Valvoline olajv\u00e1laszt\u00f3!","og_url":"https:\/\/szereczauto.hu\/webshop\/termek\/valvoline-all-climate-5w-40-1-liter\/","og_site_name":"Szerecz Aut\u00f3alkatr\u00e9sz Web\u00e1ruh\u00e1z","article_publisher":"https:\/\/www.facebook.com\/szereczauto\/","article_modified_time":"2022-11-07T08:44:17+00:00","og_image":[{"width":500,"height":500,"url":"https:\/\/szereczauto.hu\/webshop\/wp-content\/uploads\/2017\/10\/Valvoline-All-Climate-5W-40-1liter.jpg","type":"image\/jpeg"}],"schema":{"@context":"https:\/\/schema.org","@graph":[{"@type":"WebPage","@id":"https:\/\/szereczauto.hu\/webshop\/termek\/valvoline-all-climate-5w-40-1-liter\/","url":"https:\/\/szereczauto.hu\/webshop\/termek\/valvoline-all-climate-5w-40-1-liter\/","name":"Valvoline All-Climate 5W-40 &#187; Szerecz Aut\u00f3alkatr\u00e9sz Web\u00e1ruh\u00e1z","isPartOf":{"@id":"https:\/\/szereczauto.hu\/webshop\/#website"},"primaryImageOfPage":{"@id":"https:\/\/szereczauto.hu\/webshop\/termek\/valvoline-all-climate-5w-40-1-liter\/#primaryimage"},"image":{"@id":"https:\/\/szereczauto.hu\/webshop\/termek\/valvoline-all-climate-5w-40-1-liter\/#primaryimage"},"thumbnailUrl":"https:\/\/szereczauto.hu\/webshop\/wp-content\/uploads\/2017\/10\/Valvoline-All-Climate-5W-40-1liter.jpg","datePublished":"2017-10-26T11:30:38+00:00","dateModified":"2022-11-07T08:44:17+00:00","breadcrumb":{"@id":"https:\/\/szereczauto.hu\/webshop\/termek\/valvoline-all-climate-5w-40-1-liter\/#breadcrumb"},"inLanguage":"hu","potentialAction":[{"@type":"ReadAction","target":["https:\/\/szereczauto.hu\/webshop\/termek\/valvoline-all-climate-5w-40-1-liter\/"]}]},{"@type":"ImageObject","inLanguage":"hu","@id":"https:\/\/szereczauto.hu\/webshop\/termek\/valvoline-all-climate-5w-40-1-liter\/#primaryimage","url":"https:\/\/szereczauto.hu\/webshop\/wp-content\/uploads\/2017\/10\/Valvoline-All-Climate-5W-40-1liter.jpg","contentUrl":"https:\/\/szereczauto.hu\/webshop\/wp-content\/uploads\/2017\/10\/Valvoline-All-Climate-5W-40-1liter.jpg","width":500,"height":500,"caption":"Valvoline All-Climate 5W-40 1liter, motorolaj"},{"@type":"BreadcrumbList","@id":"https:\/\/szereczauto.hu\/webshop\/termek\/valvoline-all-climate-5w-40-1-liter\/#breadcrumb","itemListElement":[{"@type":"ListItem","position":1,"name":"Home","item":"https:\/\/szereczauto.hu\/webshop\/"},{"@type":"ListItem","position":2,"name":"Term\u00e9keink","item":"https:\/\/szereczauto.hu\/webshop\/shop\/"},{"@type":"ListItem","position":3,"name":"Valvoline All-Climate 5W-40"}]},{"@type":"WebSite","@id":"https:\/\/szereczauto.hu\/webshop\/#website","url":"https:\/\/szereczauto.hu\/webshop\/","name":"Szerecz Aut\u00f3alkatr\u00e9sz Web\u00e1ruh\u00e1z","description":"Szerecz Aut\u00f3 Kft. - Thule term\u00e9kek, aut\u00f3alkatr\u00e9szek web\u00e1ruh\u00e1za","publisher":{"@id":"https:\/\/szereczauto.hu\/webshop\/#organization"},"potentialAction":[{"@type":"SearchAction","target":{"@type":"EntryPoint","urlTemplate":"https:\/\/szereczauto.hu\/webshop\/?s={search_term_string}"},"query-input":{"@type":"PropertyValueSpecification","valueRequired":true,"valueName":"search_term_string"}}],"inLanguage":"hu"},{"@type":"Organization","@id":"https:\/\/szereczauto.hu\/webshop\/#organization","name":"Szerecz Aut\u00f3alkatr\u00e9sz Web\u00e1ruh\u00e1z","url":"https:\/\/szereczauto.hu\/webshop\/","logo":{"@type":"ImageObject","inLanguage":"hu","@id":"https:\/\/szereczauto.hu\/webshop\/#\/schema\/logo\/image\/","url":"https:\/\/szereczauto.hu\/webshop\/wp-content\/uploads\/2018\/12\/Szerecz_fav_2018.png","contentUrl":"https:\/\/szereczauto.hu\/webshop\/wp-content\/uploads\/2018\/12\/Szerecz_fav_2018.png","width":512,"height":512,"caption":"Szerecz Aut\u00f3alkatr\u00e9sz Web\u00e1ruh\u00e1z"},"image":{"@id":"https:\/\/szereczauto.hu\/webshop\/#\/schema\/logo\/image\/"},"sameAs":["https:\/\/www.facebook.com\/szereczauto\/","https:\/\/www.youtube.com\/channel\/UCGA5LXUmL_i2xDxT2GNNEBQ"]}]}},"_links":{"self":[{"href":"https:\/\/szereczauto.hu\/webshop\/wp-json\/wp\/v2\/product\/14917","targetHints":{"allow":["GET"]}}],"collection":[{"href":"https:\/\/szereczauto.hu\/webshop\/wp-json\/wp\/v2\/product"}],"about":[{"href":"https:\/\/szereczauto.hu\/webshop\/wp-json\/wp\/v2\/types\/product"}],"replies":[{"embeddable":true,"href":"https:\/\/szereczauto.hu\/webshop\/wp-json\/wp\/v2\/comments?post=14917"}],"wp:featuredmedia":[{"embeddable":true,"href":"https:\/\/szereczauto.hu\/webshop\/wp-json\/wp\/v2\/media\/14919"}],"wp:attachment":[{"href":"https:\/\/szereczauto.hu\/webshop\/wp-json\/wp\/v2\/media?parent=14917"}],"wp:term":[{"taxonomy":"product_brand","embeddable":true,"href":"https:\/\/szereczauto.hu\/webshop\/wp-json\/wp\/v2\/product_brand?post=14917"},{"taxonomy":"product_cat","embeddable":true,"href":"https:\/\/szereczauto.hu\/webshop\/wp-json\/wp\/v2\/product_cat?post=14917"},{"taxonomy":"product_tag","embeddable":true,"href":"https:\/\/szereczauto.hu\/webshop\/wp-json\/wp\/v2\/product_tag?post=14917"}],"curies":[{"name":"wp","href":"https:\/\/api.w.org\/{rel}","templated":true}]}}