{"id":14903,"date":"2017-10-26T09:33:04","date_gmt":"2017-10-26T07:33:04","guid":{"rendered":"http:\/\/szereczauto.hu\/webshop\/?post_type=product&#038;p=14903"},"modified":"2022-11-07T11:05:46","modified_gmt":"2022-11-07T09:05:46","slug":"valvoline-automata-sebessegvalto-olaj-hd-atf-pro","status":"publish","type":"product","link":"https:\/\/szereczauto.hu\/webshop\/termek\/valvoline-automata-sebessegvalto-olaj-hd-atf-pro\/","title":{"rendered":"Valvoline automata sebess\u00e9gv\u00e1lt\u00f3 olaj (HD ATF PRO)"},"content":{"rendered":"<p>A Valvoline HD ATF Pro automata v\u00e1lt\u00f3 folyad\u00e9k szem\u00e9lyaut\u00f3k, teheraut\u00f3k, buszok \u00e9s egy\u00e9b j\u00e1rm\u0171vek automata v\u00e1lt\u00f3ihoz. Speci\u00e1lis esetben manu\u00e1lis v\u00e1lt\u00f3hoz is haszn\u00e1lhat\u00f3, ahol a gy\u00e1rt\u00f3 automata v\u00e1lt\u00f3 folyad\u00e9kot \u00edr el\u0151 a manu\u00e1lis v\u00e1lt\u00f3hoz. Kiv\u00e1l\u00f3 ken\u00e9st \u00e9s v\u00e9delmet biztos\u00edt sz\u00e9les h\u0151m\u00e9rs\u00e9klet-tartom\u00e1nyban.<\/p>\n<p>Gy\u00e1ri j\u00f3v\u00e1hagy\u00e1sok:<\/p>\n<p style=\"padding-left: 30px;\">MB 236.1, Voith H55.633533 (former G 607), ZF TE-ML 14A<\/p>\n<p>Teljes\u00edtm\u00e9nyszintek:<\/p>\n<p style=\"padding-left: 30px;\">GM Dexron II D, Ford Mercon, MAN 339 Type Z1, MAN 339 Type V1, Allison C-4, ZF TE-ML 03D, 04D, 05L, 09, 11A, 17C, 21L<\/p>\n<div><\/div>\n<p>&nbsp;<\/p>\n","protected":false},"excerpt":{"rendered":"<p>1 literes kiszerel\u00e9s.<\/p>\n<p><a href=\"https:\/\/valvoline-eu.lubricantadvisor.com\/hon\" target=\"_blank\" rel=\"noopener noreferrer\"><span style=\"color: #ff0000;\">Milyen olaj kell az aut\u00f3mba? Valvoline olajv\u00e1laszt\u00f3!<\/span><\/a><\/p>\n","protected":false},"featured_media":14904,"comment_status":"open","ping_status":"closed","template":"","meta":{"_et_pb_use_builder":"","_et_pb_old_content":"","_et_gb_content_width":"","wp_popup_display_lightbox":0,"wp_popup_suppress":"","wp_popup_trigger":"","wp_popup_trigger_amount":0,"wp_popup_disable_on_mobile":false},"product_brand":[],"product_cat":[144,12],"product_tag":[],"class_list":{"0":"post-14903","1":"product","2":"type-product","3":"status-publish","4":"has-post-thumbnail","6":"product_cat-hajtomu-olajok","7":"product_cat-kenoanyagok","9":"first","10":"instock","11":"shipping-taxable","12":"purchasable","13":"product-type-simple"},"yoast_head":"<!-- This site is optimized with the Yoast SEO plugin v27.3 - https:\/\/yoast.com\/product\/yoast-seo-wordpress\/ -->\n<title>Valvoline automata sebess\u00e9gv\u00e1lt\u00f3 olaj (HD ATF PRO) &#187; Szerecz Aut\u00f3alkatr\u00e9sz Web\u00e1ruh\u00e1z<\/title>\n<meta name=\"robots\" content=\"index, follow, max-snippet:-1, max-image-preview:large, max-video-preview:-1\" \/>\n<link rel=\"canonical\" href=\"https:\/\/szereczauto.hu\/webshop\/termek\/valvoline-automata-sebessegvalto-olaj-hd-atf-pro\/\" \/>\n<meta property=\"og:locale\" content=\"hu_HU\" \/>\n<meta property=\"og:type\" content=\"article\" \/>\n<meta property=\"og:title\" content=\"Valvoline automata sebess\u00e9gv\u00e1lt\u00f3 olaj (HD ATF PRO) &#187; Szerecz Aut\u00f3alkatr\u00e9sz Web\u00e1ruh\u00e1z\" \/>\n<meta property=\"og:description\" content=\"1 literes kiszerel\u00e9s.  Milyen olaj kell az aut\u00f3mba? Valvoline olajv\u00e1laszt\u00f3!\" \/>\n<meta property=\"og:url\" content=\"https:\/\/szereczauto.hu\/webshop\/termek\/valvoline-automata-sebessegvalto-olaj-hd-atf-pro\/\" \/>\n<meta property=\"og:site_name\" content=\"Szerecz Aut\u00f3alkatr\u00e9sz Web\u00e1ruh\u00e1z\" \/>\n<meta property=\"article:publisher\" content=\"https:\/\/www.facebook.com\/szereczauto\/\" \/>\n<meta property=\"article:modified_time\" content=\"2022-11-07T09:05:46+00:00\" \/>\n<meta property=\"og:image\" content=\"https:\/\/szereczauto.hu\/webshop\/wp-content\/uploads\/2017\/10\/Valvoline-HD-ATF-Pro-1-liter.jpg\" \/>\n\t<meta property=\"og:image:width\" content=\"500\" \/>\n\t<meta property=\"og:image:height\" content=\"500\" \/>\n\t<meta property=\"og:image:type\" content=\"image\/jpeg\" \/>\n<script type=\"application\/ld+json\" class=\"yoast-schema-graph\">{\"@context\":\"https:\\\/\\\/schema.org\",\"@graph\":[{\"@type\":\"WebPage\",\"@id\":\"https:\\\/\\\/szereczauto.hu\\\/webshop\\\/termek\\\/valvoline-automata-sebessegvalto-olaj-hd-atf-pro\\\/\",\"url\":\"https:\\\/\\\/szereczauto.hu\\\/webshop\\\/termek\\\/valvoline-automata-sebessegvalto-olaj-hd-atf-pro\\\/\",\"name\":\"Valvoline automata sebess\u00e9gv\u00e1lt\u00f3 olaj (HD ATF PRO) &#187; Szerecz Aut\u00f3alkatr\u00e9sz Web\u00e1ruh\u00e1z\",\"isPartOf\":{\"@id\":\"https:\\\/\\\/szereczauto.hu\\\/webshop\\\/#website\"},\"primaryImageOfPage\":{\"@id\":\"https:\\\/\\\/szereczauto.hu\\\/webshop\\\/termek\\\/valvoline-automata-sebessegvalto-olaj-hd-atf-pro\\\/#primaryimage\"},\"image\":{\"@id\":\"https:\\\/\\\/szereczauto.hu\\\/webshop\\\/termek\\\/valvoline-automata-sebessegvalto-olaj-hd-atf-pro\\\/#primaryimage\"},\"thumbnailUrl\":\"https:\\\/\\\/szereczauto.hu\\\/webshop\\\/wp-content\\\/uploads\\\/2017\\\/10\\\/Valvoline-HD-ATF-Pro-1-liter.jpg\",\"datePublished\":\"2017-10-26T07:33:04+00:00\",\"dateModified\":\"2022-11-07T09:05:46+00:00\",\"breadcrumb\":{\"@id\":\"https:\\\/\\\/szereczauto.hu\\\/webshop\\\/termek\\\/valvoline-automata-sebessegvalto-olaj-hd-atf-pro\\\/#breadcrumb\"},\"inLanguage\":\"hu\",\"potentialAction\":[{\"@type\":\"ReadAction\",\"target\":[\"https:\\\/\\\/szereczauto.hu\\\/webshop\\\/termek\\\/valvoline-automata-sebessegvalto-olaj-hd-atf-pro\\\/\"]}]},{\"@type\":\"ImageObject\",\"inLanguage\":\"hu\",\"@id\":\"https:\\\/\\\/szereczauto.hu\\\/webshop\\\/termek\\\/valvoline-automata-sebessegvalto-olaj-hd-atf-pro\\\/#primaryimage\",\"url\":\"https:\\\/\\\/szereczauto.hu\\\/webshop\\\/wp-content\\\/uploads\\\/2017\\\/10\\\/Valvoline-HD-ATF-Pro-1-liter.jpg\",\"contentUrl\":\"https:\\\/\\\/szereczauto.hu\\\/webshop\\\/wp-content\\\/uploads\\\/2017\\\/10\\\/Valvoline-HD-ATF-Pro-1-liter.jpg\",\"width\":500,\"height\":500,\"caption\":\"Valvoline HD ATF Pro 1 liter,automatav\u00e1lt\u00f3olaj ,szerv\u00f3olaj\"},{\"@type\":\"BreadcrumbList\",\"@id\":\"https:\\\/\\\/szereczauto.hu\\\/webshop\\\/termek\\\/valvoline-automata-sebessegvalto-olaj-hd-atf-pro\\\/#breadcrumb\",\"itemListElement\":[{\"@type\":\"ListItem\",\"position\":1,\"name\":\"Home\",\"item\":\"https:\\\/\\\/szereczauto.hu\\\/webshop\\\/\"},{\"@type\":\"ListItem\",\"position\":2,\"name\":\"Term\u00e9keink\",\"item\":\"https:\\\/\\\/szereczauto.hu\\\/webshop\\\/shop\\\/\"},{\"@type\":\"ListItem\",\"position\":3,\"name\":\"Valvoline automata sebess\u00e9gv\u00e1lt\u00f3 olaj (HD ATF PRO)\"}]},{\"@type\":\"WebSite\",\"@id\":\"https:\\\/\\\/szereczauto.hu\\\/webshop\\\/#website\",\"url\":\"https:\\\/\\\/szereczauto.hu\\\/webshop\\\/\",\"name\":\"Szerecz Aut\u00f3alkatr\u00e9sz Web\u00e1ruh\u00e1z\",\"description\":\"Szerecz Aut\u00f3 Kft. - Thule term\u00e9kek, aut\u00f3alkatr\u00e9szek web\u00e1ruh\u00e1za\",\"publisher\":{\"@id\":\"https:\\\/\\\/szereczauto.hu\\\/webshop\\\/#organization\"},\"potentialAction\":[{\"@type\":\"SearchAction\",\"target\":{\"@type\":\"EntryPoint\",\"urlTemplate\":\"https:\\\/\\\/szereczauto.hu\\\/webshop\\\/?s={search_term_string}\"},\"query-input\":{\"@type\":\"PropertyValueSpecification\",\"valueRequired\":true,\"valueName\":\"search_term_string\"}}],\"inLanguage\":\"hu\"},{\"@type\":\"Organization\",\"@id\":\"https:\\\/\\\/szereczauto.hu\\\/webshop\\\/#organization\",\"name\":\"Szerecz Aut\u00f3alkatr\u00e9sz Web\u00e1ruh\u00e1z\",\"url\":\"https:\\\/\\\/szereczauto.hu\\\/webshop\\\/\",\"logo\":{\"@type\":\"ImageObject\",\"inLanguage\":\"hu\",\"@id\":\"https:\\\/\\\/szereczauto.hu\\\/webshop\\\/#\\\/schema\\\/logo\\\/image\\\/\",\"url\":\"https:\\\/\\\/szereczauto.hu\\\/webshop\\\/wp-content\\\/uploads\\\/2018\\\/12\\\/Szerecz_fav_2018.png\",\"contentUrl\":\"https:\\\/\\\/szereczauto.hu\\\/webshop\\\/wp-content\\\/uploads\\\/2018\\\/12\\\/Szerecz_fav_2018.png\",\"width\":512,\"height\":512,\"caption\":\"Szerecz Aut\u00f3alkatr\u00e9sz Web\u00e1ruh\u00e1z\"},\"image\":{\"@id\":\"https:\\\/\\\/szereczauto.hu\\\/webshop\\\/#\\\/schema\\\/logo\\\/image\\\/\"},\"sameAs\":[\"https:\\\/\\\/www.facebook.com\\\/szereczauto\\\/\",\"https:\\\/\\\/www.youtube.com\\\/channel\\\/UCGA5LXUmL_i2xDxT2GNNEBQ\"]}]}<\/script>\n<!-- \/ Yoast SEO plugin. -->","yoast_head_json":{"title":"Valvoline automata sebess\u00e9gv\u00e1lt\u00f3 olaj (HD ATF PRO) &#187; Szerecz Aut\u00f3alkatr\u00e9sz Web\u00e1ruh\u00e1z","robots":{"index":"index","follow":"follow","max-snippet":"max-snippet:-1","max-image-preview":"max-image-preview:large","max-video-preview":"max-video-preview:-1"},"canonical":"https:\/\/szereczauto.hu\/webshop\/termek\/valvoline-automata-sebessegvalto-olaj-hd-atf-pro\/","og_locale":"hu_HU","og_type":"article","og_title":"Valvoline automata sebess\u00e9gv\u00e1lt\u00f3 olaj (HD ATF PRO) &#187; Szerecz Aut\u00f3alkatr\u00e9sz Web\u00e1ruh\u00e1z","og_description":"1 literes kiszerel\u00e9s.  Milyen olaj kell az aut\u00f3mba? Valvoline olajv\u00e1laszt\u00f3!","og_url":"https:\/\/szereczauto.hu\/webshop\/termek\/valvoline-automata-sebessegvalto-olaj-hd-atf-pro\/","og_site_name":"Szerecz Aut\u00f3alkatr\u00e9sz Web\u00e1ruh\u00e1z","article_publisher":"https:\/\/www.facebook.com\/szereczauto\/","article_modified_time":"2022-11-07T09:05:46+00:00","og_image":[{"width":500,"height":500,"url":"https:\/\/szereczauto.hu\/webshop\/wp-content\/uploads\/2017\/10\/Valvoline-HD-ATF-Pro-1-liter.jpg","type":"image\/jpeg"}],"schema":{"@context":"https:\/\/schema.org","@graph":[{"@type":"WebPage","@id":"https:\/\/szereczauto.hu\/webshop\/termek\/valvoline-automata-sebessegvalto-olaj-hd-atf-pro\/","url":"https:\/\/szereczauto.hu\/webshop\/termek\/valvoline-automata-sebessegvalto-olaj-hd-atf-pro\/","name":"Valvoline automata sebess\u00e9gv\u00e1lt\u00f3 olaj (HD ATF PRO) &#187; Szerecz Aut\u00f3alkatr\u00e9sz Web\u00e1ruh\u00e1z","isPartOf":{"@id":"https:\/\/szereczauto.hu\/webshop\/#website"},"primaryImageOfPage":{"@id":"https:\/\/szereczauto.hu\/webshop\/termek\/valvoline-automata-sebessegvalto-olaj-hd-atf-pro\/#primaryimage"},"image":{"@id":"https:\/\/szereczauto.hu\/webshop\/termek\/valvoline-automata-sebessegvalto-olaj-hd-atf-pro\/#primaryimage"},"thumbnailUrl":"https:\/\/szereczauto.hu\/webshop\/wp-content\/uploads\/2017\/10\/Valvoline-HD-ATF-Pro-1-liter.jpg","datePublished":"2017-10-26T07:33:04+00:00","dateModified":"2022-11-07T09:05:46+00:00","breadcrumb":{"@id":"https:\/\/szereczauto.hu\/webshop\/termek\/valvoline-automata-sebessegvalto-olaj-hd-atf-pro\/#breadcrumb"},"inLanguage":"hu","potentialAction":[{"@type":"ReadAction","target":["https:\/\/szereczauto.hu\/webshop\/termek\/valvoline-automata-sebessegvalto-olaj-hd-atf-pro\/"]}]},{"@type":"ImageObject","inLanguage":"hu","@id":"https:\/\/szereczauto.hu\/webshop\/termek\/valvoline-automata-sebessegvalto-olaj-hd-atf-pro\/#primaryimage","url":"https:\/\/szereczauto.hu\/webshop\/wp-content\/uploads\/2017\/10\/Valvoline-HD-ATF-Pro-1-liter.jpg","contentUrl":"https:\/\/szereczauto.hu\/webshop\/wp-content\/uploads\/2017\/10\/Valvoline-HD-ATF-Pro-1-liter.jpg","width":500,"height":500,"caption":"Valvoline HD ATF Pro 1 liter,automatav\u00e1lt\u00f3olaj ,szerv\u00f3olaj"},{"@type":"BreadcrumbList","@id":"https:\/\/szereczauto.hu\/webshop\/termek\/valvoline-automata-sebessegvalto-olaj-hd-atf-pro\/#breadcrumb","itemListElement":[{"@type":"ListItem","position":1,"name":"Home","item":"https:\/\/szereczauto.hu\/webshop\/"},{"@type":"ListItem","position":2,"name":"Term\u00e9keink","item":"https:\/\/szereczauto.hu\/webshop\/shop\/"},{"@type":"ListItem","position":3,"name":"Valvoline automata sebess\u00e9gv\u00e1lt\u00f3 olaj (HD ATF PRO)"}]},{"@type":"WebSite","@id":"https:\/\/szereczauto.hu\/webshop\/#website","url":"https:\/\/szereczauto.hu\/webshop\/","name":"Szerecz Aut\u00f3alkatr\u00e9sz Web\u00e1ruh\u00e1z","description":"Szerecz Aut\u00f3 Kft. - Thule term\u00e9kek, aut\u00f3alkatr\u00e9szek web\u00e1ruh\u00e1za","publisher":{"@id":"https:\/\/szereczauto.hu\/webshop\/#organization"},"potentialAction":[{"@type":"SearchAction","target":{"@type":"EntryPoint","urlTemplate":"https:\/\/szereczauto.hu\/webshop\/?s={search_term_string}"},"query-input":{"@type":"PropertyValueSpecification","valueRequired":true,"valueName":"search_term_string"}}],"inLanguage":"hu"},{"@type":"Organization","@id":"https:\/\/szereczauto.hu\/webshop\/#organization","name":"Szerecz Aut\u00f3alkatr\u00e9sz Web\u00e1ruh\u00e1z","url":"https:\/\/szereczauto.hu\/webshop\/","logo":{"@type":"ImageObject","inLanguage":"hu","@id":"https:\/\/szereczauto.hu\/webshop\/#\/schema\/logo\/image\/","url":"https:\/\/szereczauto.hu\/webshop\/wp-content\/uploads\/2018\/12\/Szerecz_fav_2018.png","contentUrl":"https:\/\/szereczauto.hu\/webshop\/wp-content\/uploads\/2018\/12\/Szerecz_fav_2018.png","width":512,"height":512,"caption":"Szerecz Aut\u00f3alkatr\u00e9sz Web\u00e1ruh\u00e1z"},"image":{"@id":"https:\/\/szereczauto.hu\/webshop\/#\/schema\/logo\/image\/"},"sameAs":["https:\/\/www.facebook.com\/szereczauto\/","https:\/\/www.youtube.com\/channel\/UCGA5LXUmL_i2xDxT2GNNEBQ"]}]}},"_links":{"self":[{"href":"https:\/\/szereczauto.hu\/webshop\/wp-json\/wp\/v2\/product\/14903","targetHints":{"allow":["GET"]}}],"collection":[{"href":"https:\/\/szereczauto.hu\/webshop\/wp-json\/wp\/v2\/product"}],"about":[{"href":"https:\/\/szereczauto.hu\/webshop\/wp-json\/wp\/v2\/types\/product"}],"replies":[{"embeddable":true,"href":"https:\/\/szereczauto.hu\/webshop\/wp-json\/wp\/v2\/comments?post=14903"}],"wp:featuredmedia":[{"embeddable":true,"href":"https:\/\/szereczauto.hu\/webshop\/wp-json\/wp\/v2\/media\/14904"}],"wp:attachment":[{"href":"https:\/\/szereczauto.hu\/webshop\/wp-json\/wp\/v2\/media?parent=14903"}],"wp:term":[{"taxonomy":"product_brand","embeddable":true,"href":"https:\/\/szereczauto.hu\/webshop\/wp-json\/wp\/v2\/product_brand?post=14903"},{"taxonomy":"product_cat","embeddable":true,"href":"https:\/\/szereczauto.hu\/webshop\/wp-json\/wp\/v2\/product_cat?post=14903"},{"taxonomy":"product_tag","embeddable":true,"href":"https:\/\/szereczauto.hu\/webshop\/wp-json\/wp\/v2\/product_tag?post=14903"}],"curies":[{"name":"wp","href":"https:\/\/api.w.org\/{rel}","templated":true}]}}