{"id":10674,"date":"2016-03-06T11:53:18","date_gmt":"2016-03-06T09:53:18","guid":{"rendered":"http:\/\/szereczauto.hu\/webshop\/termek\/thule-proride-598002\/"},"modified":"2026-01-26T16:04:41","modified_gmt":"2026-01-26T14:04:41","slug":"thule-proride-598002","status":"publish","type":"product","link":"https:\/\/szereczauto.hu\/webshop\/termek\/thule-proride-598002\/","title":{"rendered":"Thule ProRide"},"content":{"rendered":"<p>Thule ProRide 598. A legbiztons\u00e1gosabb de a legegyszer\u0171bben haszn\u00e1lhat\u00f3 \u00e9s legmutat\u00f3sabb ker\u00e9kp\u00e1rtart\u00f3. A ker\u00e9kp\u00e1rt k\u00f6nny\u0171 felszerelni a tart\u00f3ra. Felemel\u00e9s\u00e9t k\u00f6vet\u0151en a v\u00e1ztart\u00f3 felhajtva marad ez\u00e9rt egyszer\u0171 belehelyezni a ker\u00e9kp\u00e1rt. A ker\u00e9ks\u00edn automatikusan \u00fagy \u00e1ll\u00edtja be a ker\u00e9kp\u00e1r hely\u00e9t, hogy mik\u00f6zben szil\u00e1rdan tartja, az a v\u00e1ztart\u00f3nak t\u00e1maszkodhasson. Minden be\u00e1ll\u00edt\u00e1si \u00e9s r\u00f6gz\u00edt\u00e9si m\u0171velet k\u00e9nyelmesen \u00e9s gyorsan v\u00e9grehajthat\u00f3 a tet\u0151 magass\u00e1g\u00e1ban l\u00e9v\u0151 gomb forgat\u00e1s\u00e1val. Minden ker\u00e9km\u00e9rethez haszn\u00e1lhat\u00f3, egyetlen mozdulattal oldhat\u00f3 \u00e9s a ker\u00e9kv\u00e9d\u0151vel ell\u00e1tott p\u00e1ntok biztosan tartj\u00e1k hely\u00fck\u00f6n a kerekeket. K\u00f6nny\u0171 \u00e9s eleg\u00e1ns alum\u00ednium szerkezet. A g\u00e9pkocsi mindk\u00e9t oldal\u00e1ra felszerelhet\u0151. Gyors r\u00f6gz\u00edt\u0151 rendszerrel lehet feltenni a tet\u0151csomagtart\u00f3ra.\u00a0 Z\u00e1rhat\u00f3, a ker\u00e9kp\u00e1r a ker\u00e9kp\u00e1rtart\u00f3hoz, az pedig a tet\u0151csomagtart\u00f3hoz. Legfeljebb 100mm v\u00e1z\u00e1tm\u00e9r\u0151j\u0171 de maximum 20kg-s ker\u00e9kp\u00e1r sz\u00e1ll\u00edt\u00e1s\u00e1ra alkalmas.<\/p>\n<ul>\n<li>Sz\u00e1ll\u00edthat\u00f3 ker\u00e9kp\u00e1rok sz\u00e1ma 1 db<\/li>\n<li>Teherb\u00edr\u00e1sa max. 20 kg.<\/li>\n<li>A tet\u0151 mindk\u00e9t oldal\u00e1ra felszerelhet\u0151.<\/li>\n<li>Haszn\u00e1lhat\u00f3 ak\u00e1r 3&#8243;-s kerekekhez is.<\/li>\n<li>A kerekek r\u00f6gz\u00edt\u00e9se racsnis csatokkal t\u00f6rt\u00e9nik.<\/li>\n<li>T\u00e1rcsaf\u00e9kes ker\u00e9kp\u00e1rok sz\u00e1ll\u00edt\u00e1s\u00e1ra is alkalmas.<\/li>\n<li>A ker\u00e9kp\u00e1rv\u00e1zat gumis szor\u00edt\u00f3 pofa \u00f6leli k\u00f6r\u00fcl.<\/li>\n<li>Sz\u00e1ll\u00edthat\u00f3 ker\u00e9kp\u00e1rok v\u00e1zm\u00e9rete maximum 100 mm.<\/li>\n<li>A ker\u00e9kp\u00e1rt a tart\u00f3hoz, a tart\u00f3t a csomagtart\u00f3hoz lehet z\u00e1rni.<\/li>\n<li>Kompatibilis a <a href=\"http:\/\/szereczauto.hu\/webshop\/termekkategoria\/thule_termekek\/thule-kerekpartartok\/kerekpartarto-kiegeszitok\/\" target=\"_blank\" rel=\"noopener noreferrer\"><span style=\"color: #3366ff;\">Thule egykulcsos z\u00e1r-rendszerrel.<\/span><\/a><\/li>\n<li>Karbon ker\u00e9kp\u00e1rok- hoz a <a href=\"http:\/\/szereczauto.hu\/webshop\/termek\/thule-adapter-karbonvazas-kerekparok-rogzitesehez-984000\/\" target=\"_blank\" rel=\"noopener noreferrer\"><span style=\"color: #3366ff;\">Thule 984 karbonv\u00e1z adapter<\/span><\/a> aj\u00e1nlott.<\/li>\n<li>FatBike k-hoz a <a href=\"http:\/\/szereczauto.hu\/webshop\/termek\/thule-fatbike-adapter-598100\/\" target=\"_blank\" rel=\"noopener noreferrer\"><span style=\"color: #3366ff;\">Thule 5981 FatBike adapter<\/span><\/a> sz\u00fcks\u00e9ges.<\/li>\n<li>Felszerelhet\u0151 a k\u00f6vetkez\u0151 rudakra: Thule WingBar, Thule WingBar Edge, Thule SlideBar, Thule AeroBar,<\/li>\n<li>Thule SquareBar r\u00fadra a <a href=\"http:\/\/szereczauto.hu\/webshop\/termek\/thule-t-horony-adapter-889500\/\" target=\"_blank\" rel=\"noopener noreferrer\"><span style=\"color: #3366ff;\">Thule 889-5 adapter<\/span><\/a> megv\u00e1s\u00e1rl\u00e1sa sz\u00fcks\u00e9ges.<\/li>\n<li>Egy\u00e9b T-hornyos rudakhoz a <a href=\"http:\/\/szereczauto.hu\/webshop\/termek\/thule-t-horony-adapter-889400\/\" target=\"_blank\" rel=\"noopener noreferrer\"><span style=\"color: #3366ff;\">Thule 889-4 adapter<\/span><\/a> megv\u00e1s\u00e1rl\u00e1sa sz\u00fcks\u00e9ges<\/li>\n<li>T\u00dcV\/Eurobe tan\u00fas\u00edtv\u00e1nnyal rendelkezik.<\/li>\n<li>Teljes\u00edti a City Crash szabv\u00e1ny el\u0151\u00edr\u00e1sait.<\/li>\n<\/ul>\n<p style=\"text-align: left;\"><span style=\"color: #000000;\"><strong>K\u00e9rd\u00e9se van, seg\u00edts\u00e9gre van sz\u00fcks\u00e9ge! &#8211;<\/strong><span style=\"color: #3366ff;\"><a style=\"color: #3366ff;\" href=\"http:\/\/szereczauto.hu\/kerdezzen\/\" target=\"_blank\" rel=\"noopener noreferrer\"><strong> Itt l\u00e9phet kapcsolatba vel\u00fcnk!<\/strong><\/a><\/span><\/span><\/p>\n","protected":false},"excerpt":{"rendered":"<p><strong>A legjobb \u00e9s legk\u00e9nyelmesebb tet\u0151csomagtart\u00f3ra szerelhet\u0151 ker\u00e9kp\u00e1rtart\u00f3! Fekete sz\u00ednben.<br \/>\n<\/strong><\/p>\n<p><iframe loading=\"lazy\" src=\"https:\/\/www.youtube.com\/embed\/GQj8Mn4DTuo\" width=\"400\" height=\"225\" frameborder=\"0\" allowfullscreen=\"allowfullscreen\"><\/iframe><\/p>\n","protected":false},"featured_media":17171,"comment_status":"open","ping_status":"closed","template":"","meta":{"_et_pb_use_builder":"","_et_pb_old_content":"","_et_gb_content_width":"","wp_popup_display_lightbox":0,"wp_popup_suppress":"","wp_popup_trigger":"","wp_popup_trigger_amount":0,"wp_popup_disable_on_mobile":false},"product_brand":[],"product_cat":[66,57,49],"product_tag":[],"class_list":{"0":"post-10674","1":"product","2":"type-product","3":"status-publish","4":"has-post-thumbnail","6":"product_cat-tetocsomagtartora","7":"product_cat-thule-kerekpartartok","8":"product_cat-thule_termekek","9":"pa_bukosisak-merete-l","10":"pa_bukosisak-merete-m","11":"pa_bukosisak-merete-s","12":"pa_bukosisak-merete-xl","13":"pa_bukosisak-merete-xxl","14":"pa_plexi-szine-atlatszo","15":"pa_plexi-szine-sotetitett","17":"first","18":"instock","19":"shipping-taxable","20":"purchasable","21":"product-type-simple"},"yoast_head":"<!-- This site is optimized with the Yoast SEO plugin v27.3 - https:\/\/yoast.com\/product\/yoast-seo-wordpress\/ -->\n<title>Thule ProRide &#187; Szerecz Aut\u00f3alkatr\u00e9sz Web\u00e1ruh\u00e1z<\/title>\n<meta name=\"robots\" content=\"index, follow, max-snippet:-1, max-image-preview:large, max-video-preview:-1\" \/>\n<link rel=\"canonical\" href=\"https:\/\/szereczauto.hu\/webshop\/termek\/thule-proride-598002\/\" \/>\n<meta property=\"og:locale\" content=\"hu_HU\" \/>\n<meta property=\"og:type\" content=\"article\" \/>\n<meta property=\"og:title\" content=\"Thule ProRide &#187; Szerecz Aut\u00f3alkatr\u00e9sz Web\u00e1ruh\u00e1z\" \/>\n<meta property=\"og:description\" content=\"A legjobb \u00e9s legk\u00e9nyelmesebb tet\u0151csomagtart\u00f3ra szerelhet\u0151 ker\u00e9kp\u00e1rtart\u00f3! Fekete sz\u00ednben.\" \/>\n<meta property=\"og:url\" content=\"https:\/\/szereczauto.hu\/webshop\/termek\/thule-proride-598002\/\" \/>\n<meta property=\"og:site_name\" content=\"Szerecz Aut\u00f3alkatr\u00e9sz Web\u00e1ruh\u00e1z\" \/>\n<meta property=\"article:publisher\" content=\"https:\/\/www.facebook.com\/szereczauto\/\" \/>\n<meta property=\"article:modified_time\" content=\"2026-01-26T14:04:41+00:00\" \/>\n<meta property=\"og:image\" content=\"https:\/\/szereczauto.hu\/webshop\/wp-content\/uploads\/2016\/03\/Thule-ProRide-598000-fekete.jpg\" \/>\n\t<meta property=\"og:image:width\" content=\"800\" \/>\n\t<meta property=\"og:image:height\" content=\"800\" \/>\n\t<meta property=\"og:image:type\" content=\"image\/jpeg\" \/>\n<script type=\"application\/ld+json\" class=\"yoast-schema-graph\">{\"@context\":\"https:\\\/\\\/schema.org\",\"@graph\":[{\"@type\":\"WebPage\",\"@id\":\"https:\\\/\\\/szereczauto.hu\\\/webshop\\\/termek\\\/thule-proride-598002\\\/\",\"url\":\"https:\\\/\\\/szereczauto.hu\\\/webshop\\\/termek\\\/thule-proride-598002\\\/\",\"name\":\"Thule ProRide &#187; Szerecz Aut\u00f3alkatr\u00e9sz Web\u00e1ruh\u00e1z\",\"isPartOf\":{\"@id\":\"https:\\\/\\\/szereczauto.hu\\\/webshop\\\/#website\"},\"primaryImageOfPage\":{\"@id\":\"https:\\\/\\\/szereczauto.hu\\\/webshop\\\/termek\\\/thule-proride-598002\\\/#primaryimage\"},\"image\":{\"@id\":\"https:\\\/\\\/szereczauto.hu\\\/webshop\\\/termek\\\/thule-proride-598002\\\/#primaryimage\"},\"thumbnailUrl\":\"https:\\\/\\\/szereczauto.hu\\\/webshop\\\/wp-content\\\/uploads\\\/2016\\\/03\\\/Thule-ProRide-598000-fekete.jpg\",\"datePublished\":\"2016-03-06T09:53:18+00:00\",\"dateModified\":\"2026-01-26T14:04:41+00:00\",\"breadcrumb\":{\"@id\":\"https:\\\/\\\/szereczauto.hu\\\/webshop\\\/termek\\\/thule-proride-598002\\\/#breadcrumb\"},\"inLanguage\":\"hu\",\"potentialAction\":[{\"@type\":\"ReadAction\",\"target\":[\"https:\\\/\\\/szereczauto.hu\\\/webshop\\\/termek\\\/thule-proride-598002\\\/\"]}]},{\"@type\":\"ImageObject\",\"inLanguage\":\"hu\",\"@id\":\"https:\\\/\\\/szereczauto.hu\\\/webshop\\\/termek\\\/thule-proride-598002\\\/#primaryimage\",\"url\":\"https:\\\/\\\/szereczauto.hu\\\/webshop\\\/wp-content\\\/uploads\\\/2016\\\/03\\\/Thule-ProRide-598000-fekete.jpg\",\"contentUrl\":\"https:\\\/\\\/szereczauto.hu\\\/webshop\\\/wp-content\\\/uploads\\\/2016\\\/03\\\/Thule-ProRide-598000-fekete.jpg\",\"width\":800,\"height\":800},{\"@type\":\"BreadcrumbList\",\"@id\":\"https:\\\/\\\/szereczauto.hu\\\/webshop\\\/termek\\\/thule-proride-598002\\\/#breadcrumb\",\"itemListElement\":[{\"@type\":\"ListItem\",\"position\":1,\"name\":\"Home\",\"item\":\"https:\\\/\\\/szereczauto.hu\\\/webshop\\\/\"},{\"@type\":\"ListItem\",\"position\":2,\"name\":\"Term\u00e9keink\",\"item\":\"https:\\\/\\\/szereczauto.hu\\\/webshop\\\/shop\\\/\"},{\"@type\":\"ListItem\",\"position\":3,\"name\":\"Thule ProRide\"}]},{\"@type\":\"WebSite\",\"@id\":\"https:\\\/\\\/szereczauto.hu\\\/webshop\\\/#website\",\"url\":\"https:\\\/\\\/szereczauto.hu\\\/webshop\\\/\",\"name\":\"Szerecz Aut\u00f3alkatr\u00e9sz Web\u00e1ruh\u00e1z\",\"description\":\"Szerecz Aut\u00f3 Kft. - Thule term\u00e9kek, aut\u00f3alkatr\u00e9szek web\u00e1ruh\u00e1za\",\"publisher\":{\"@id\":\"https:\\\/\\\/szereczauto.hu\\\/webshop\\\/#organization\"},\"potentialAction\":[{\"@type\":\"SearchAction\",\"target\":{\"@type\":\"EntryPoint\",\"urlTemplate\":\"https:\\\/\\\/szereczauto.hu\\\/webshop\\\/?s={search_term_string}\"},\"query-input\":{\"@type\":\"PropertyValueSpecification\",\"valueRequired\":true,\"valueName\":\"search_term_string\"}}],\"inLanguage\":\"hu\"},{\"@type\":\"Organization\",\"@id\":\"https:\\\/\\\/szereczauto.hu\\\/webshop\\\/#organization\",\"name\":\"Szerecz Aut\u00f3alkatr\u00e9sz Web\u00e1ruh\u00e1z\",\"url\":\"https:\\\/\\\/szereczauto.hu\\\/webshop\\\/\",\"logo\":{\"@type\":\"ImageObject\",\"inLanguage\":\"hu\",\"@id\":\"https:\\\/\\\/szereczauto.hu\\\/webshop\\\/#\\\/schema\\\/logo\\\/image\\\/\",\"url\":\"https:\\\/\\\/szereczauto.hu\\\/webshop\\\/wp-content\\\/uploads\\\/2018\\\/12\\\/Szerecz_fav_2018.png\",\"contentUrl\":\"https:\\\/\\\/szereczauto.hu\\\/webshop\\\/wp-content\\\/uploads\\\/2018\\\/12\\\/Szerecz_fav_2018.png\",\"width\":512,\"height\":512,\"caption\":\"Szerecz Aut\u00f3alkatr\u00e9sz Web\u00e1ruh\u00e1z\"},\"image\":{\"@id\":\"https:\\\/\\\/szereczauto.hu\\\/webshop\\\/#\\\/schema\\\/logo\\\/image\\\/\"},\"sameAs\":[\"https:\\\/\\\/www.facebook.com\\\/szereczauto\\\/\",\"https:\\\/\\\/www.youtube.com\\\/channel\\\/UCGA5LXUmL_i2xDxT2GNNEBQ\"]}]}<\/script>\n<!-- \/ Yoast SEO plugin. -->","yoast_head_json":{"title":"Thule ProRide &#187; Szerecz Aut\u00f3alkatr\u00e9sz Web\u00e1ruh\u00e1z","robots":{"index":"index","follow":"follow","max-snippet":"max-snippet:-1","max-image-preview":"max-image-preview:large","max-video-preview":"max-video-preview:-1"},"canonical":"https:\/\/szereczauto.hu\/webshop\/termek\/thule-proride-598002\/","og_locale":"hu_HU","og_type":"article","og_title":"Thule ProRide &#187; Szerecz Aut\u00f3alkatr\u00e9sz Web\u00e1ruh\u00e1z","og_description":"A legjobb \u00e9s legk\u00e9nyelmesebb tet\u0151csomagtart\u00f3ra szerelhet\u0151 ker\u00e9kp\u00e1rtart\u00f3! Fekete sz\u00ednben.","og_url":"https:\/\/szereczauto.hu\/webshop\/termek\/thule-proride-598002\/","og_site_name":"Szerecz Aut\u00f3alkatr\u00e9sz Web\u00e1ruh\u00e1z","article_publisher":"https:\/\/www.facebook.com\/szereczauto\/","article_modified_time":"2026-01-26T14:04:41+00:00","og_image":[{"width":800,"height":800,"url":"https:\/\/szereczauto.hu\/webshop\/wp-content\/uploads\/2016\/03\/Thule-ProRide-598000-fekete.jpg","type":"image\/jpeg"}],"schema":{"@context":"https:\/\/schema.org","@graph":[{"@type":"WebPage","@id":"https:\/\/szereczauto.hu\/webshop\/termek\/thule-proride-598002\/","url":"https:\/\/szereczauto.hu\/webshop\/termek\/thule-proride-598002\/","name":"Thule ProRide &#187; Szerecz Aut\u00f3alkatr\u00e9sz Web\u00e1ruh\u00e1z","isPartOf":{"@id":"https:\/\/szereczauto.hu\/webshop\/#website"},"primaryImageOfPage":{"@id":"https:\/\/szereczauto.hu\/webshop\/termek\/thule-proride-598002\/#primaryimage"},"image":{"@id":"https:\/\/szereczauto.hu\/webshop\/termek\/thule-proride-598002\/#primaryimage"},"thumbnailUrl":"https:\/\/szereczauto.hu\/webshop\/wp-content\/uploads\/2016\/03\/Thule-ProRide-598000-fekete.jpg","datePublished":"2016-03-06T09:53:18+00:00","dateModified":"2026-01-26T14:04:41+00:00","breadcrumb":{"@id":"https:\/\/szereczauto.hu\/webshop\/termek\/thule-proride-598002\/#breadcrumb"},"inLanguage":"hu","potentialAction":[{"@type":"ReadAction","target":["https:\/\/szereczauto.hu\/webshop\/termek\/thule-proride-598002\/"]}]},{"@type":"ImageObject","inLanguage":"hu","@id":"https:\/\/szereczauto.hu\/webshop\/termek\/thule-proride-598002\/#primaryimage","url":"https:\/\/szereczauto.hu\/webshop\/wp-content\/uploads\/2016\/03\/Thule-ProRide-598000-fekete.jpg","contentUrl":"https:\/\/szereczauto.hu\/webshop\/wp-content\/uploads\/2016\/03\/Thule-ProRide-598000-fekete.jpg","width":800,"height":800},{"@type":"BreadcrumbList","@id":"https:\/\/szereczauto.hu\/webshop\/termek\/thule-proride-598002\/#breadcrumb","itemListElement":[{"@type":"ListItem","position":1,"name":"Home","item":"https:\/\/szereczauto.hu\/webshop\/"},{"@type":"ListItem","position":2,"name":"Term\u00e9keink","item":"https:\/\/szereczauto.hu\/webshop\/shop\/"},{"@type":"ListItem","position":3,"name":"Thule ProRide"}]},{"@type":"WebSite","@id":"https:\/\/szereczauto.hu\/webshop\/#website","url":"https:\/\/szereczauto.hu\/webshop\/","name":"Szerecz Aut\u00f3alkatr\u00e9sz Web\u00e1ruh\u00e1z","description":"Szerecz Aut\u00f3 Kft. - Thule term\u00e9kek, aut\u00f3alkatr\u00e9szek web\u00e1ruh\u00e1za","publisher":{"@id":"https:\/\/szereczauto.hu\/webshop\/#organization"},"potentialAction":[{"@type":"SearchAction","target":{"@type":"EntryPoint","urlTemplate":"https:\/\/szereczauto.hu\/webshop\/?s={search_term_string}"},"query-input":{"@type":"PropertyValueSpecification","valueRequired":true,"valueName":"search_term_string"}}],"inLanguage":"hu"},{"@type":"Organization","@id":"https:\/\/szereczauto.hu\/webshop\/#organization","name":"Szerecz Aut\u00f3alkatr\u00e9sz Web\u00e1ruh\u00e1z","url":"https:\/\/szereczauto.hu\/webshop\/","logo":{"@type":"ImageObject","inLanguage":"hu","@id":"https:\/\/szereczauto.hu\/webshop\/#\/schema\/logo\/image\/","url":"https:\/\/szereczauto.hu\/webshop\/wp-content\/uploads\/2018\/12\/Szerecz_fav_2018.png","contentUrl":"https:\/\/szereczauto.hu\/webshop\/wp-content\/uploads\/2018\/12\/Szerecz_fav_2018.png","width":512,"height":512,"caption":"Szerecz Aut\u00f3alkatr\u00e9sz Web\u00e1ruh\u00e1z"},"image":{"@id":"https:\/\/szereczauto.hu\/webshop\/#\/schema\/logo\/image\/"},"sameAs":["https:\/\/www.facebook.com\/szereczauto\/","https:\/\/www.youtube.com\/channel\/UCGA5LXUmL_i2xDxT2GNNEBQ"]}]}},"_links":{"self":[{"href":"https:\/\/szereczauto.hu\/webshop\/wp-json\/wp\/v2\/product\/10674","targetHints":{"allow":["GET"]}}],"collection":[{"href":"https:\/\/szereczauto.hu\/webshop\/wp-json\/wp\/v2\/product"}],"about":[{"href":"https:\/\/szereczauto.hu\/webshop\/wp-json\/wp\/v2\/types\/product"}],"replies":[{"embeddable":true,"href":"https:\/\/szereczauto.hu\/webshop\/wp-json\/wp\/v2\/comments?post=10674"}],"wp:featuredmedia":[{"embeddable":true,"href":"https:\/\/szereczauto.hu\/webshop\/wp-json\/wp\/v2\/media\/17171"}],"wp:attachment":[{"href":"https:\/\/szereczauto.hu\/webshop\/wp-json\/wp\/v2\/media?parent=10674"}],"wp:term":[{"taxonomy":"product_brand","embeddable":true,"href":"https:\/\/szereczauto.hu\/webshop\/wp-json\/wp\/v2\/product_brand?post=10674"},{"taxonomy":"product_cat","embeddable":true,"href":"https:\/\/szereczauto.hu\/webshop\/wp-json\/wp\/v2\/product_cat?post=10674"},{"taxonomy":"product_tag","embeddable":true,"href":"https:\/\/szereczauto.hu\/webshop\/wp-json\/wp\/v2\/product_tag?post=10674"}],"curies":[{"name":"wp","href":"https:\/\/api.w.org\/{rel}","templated":true}]}}