{"id":16,"date":"2015-01-18T13:16:15","date_gmt":"2015-01-18T13:16:15","guid":{"rendered":"http:\/\/szereczauto.hu\/webshop\/?page_id=16"},"modified":"2021-05-11T11:28:19","modified_gmt":"2021-05-11T09:28:19","slug":"kapcsolat","status":"publish","type":"page","link":"https:\/\/szereczauto.hu\/webshop\/kapcsolat\/","title":{"rendered":"Kapcsolat"},"content":{"rendered":"<h2>Ha k\u00e9rd\u00e9sed van, vagy <a href=\"https:\/\/szereczauto.hu\/webshop\/kerekpar-webshop\/\" rel=\"noopener\" target=\"_blank\"><u>ker\u00e9kp\u00e1r-tesztpil\u00f3t\u00e1nak<\/u><\/a> jelentkezn\u00e9l, szeretettel v\u00e1rjuk megkeres\u00e9sed az al\u00e1bbi el\u00e9rhet\u0151s\u00e9geken!<\/h2>\n<p>&nbsp;<\/p>\n<p><strong>Szerecz Aut\u00f3 Kft.<\/strong><\/p>\n<p><strong>C\u00edm:<\/strong> 7400 Kaposv\u00e1r V\u00e1s\u00e1rt\u00e9ri utca 4.<\/p>\n<p><strong>Telefon:<\/strong> <a href=\"tel:+3682411401\"><u>+36-82\/411-401<\/u><\/a>, <a href=\"tel:+3682411403\"><u>+36-82\/411-403<\/u><\/a><\/p>\n<p><strong>E-mail:<\/strong> <a href=\"mailto:szereczauto@szereczauto.hu\" target=\"_blank\" rel=\"noopener\">szereczauto@szereczauto.hu<\/a><\/p>\n<p><strong>GPS:<\/strong>  46.356891,17.781061<\/p>\n<p><strong>Nyitva tart\u00e1s: <\/strong><br \/>\nh\u00e9tf\u0151-p\u00e9ntek: 08.00-16.30<br \/>\nszombat: 08.00-12.00<\/p>\n<p>&nbsp;<\/p>\n<p><iframe loading=\"lazy\" src=\"https:\/\/www.google.com\/maps\/embed?pb=!1m18!1m12!1m3!1d2753.6111338650417!2d17.778219915180692!3d46.35726168142959!2m3!1f0!2f0!3f0!3m2!1i1024!2i768!4f13.1!3m3!1m2!1s0x476815f03a4ff2e3%3A0xf3884da794f0042f!2zS2Fwb3N2w6FyLCBWw6Fzw6FydMOpcmkgw7p0IDQsIDc0MDA!5e0!3m2!1shu!2shu!4v1512993747492\" width=\"600\" height=\"450\" frameborder=\"0\" style=\"border:0\" allowfullscreen><\/iframe><\/p>\n","protected":false},"excerpt":{"rendered":"<p>Ha k\u00e9rd\u00e9sed van, vagy ker\u00e9kp\u00e1r-tesztpil\u00f3t\u00e1nak jelentkezn\u00e9l, szeretettel v\u00e1rjuk megkeres\u00e9sed az al\u00e1bbi el\u00e9rhet\u0151s\u00e9geken! &nbsp; Szerecz Aut\u00f3 Kft. C\u00edm: 7400 Kaposv\u00e1r V\u00e1s\u00e1rt\u00e9ri utca 4. Telefon: +36-82\/411-401, +36-82\/411-403 E-mail: szereczauto@szereczauto.hu GPS: 46.356891,17.781061 Nyitva tart\u00e1s: h\u00e9tf\u0151-p\u00e9ntek: 08.00-16.30 szombat: 08.00-12.00 &nbsp;<\/p>\n","protected":false},"author":1,"featured_media":0,"parent":0,"menu_order":15,"comment_status":"closed","ping_status":"closed","template":"","meta":{"_et_pb_use_builder":"","_et_pb_old_content":"","_et_gb_content_width":"","wp_popup_display_lightbox":0,"wp_popup_suppress":"","wp_popup_trigger":"","wp_popup_trigger_amount":0,"wp_popup_disable_on_mobile":false,"footnotes":""},"class_list":["post-16","page","type-page","status-publish","hentry"],"yoast_head":"<!-- This site is optimized with the Yoast SEO plugin v27.4 - https:\/\/yoast.com\/product\/yoast-seo-wordpress\/ -->\n<title>Kapcsolat &#187; Szerecz Aut\u00f3alkatr\u00e9sz Web\u00e1ruh\u00e1z<\/title>\n<meta name=\"robots\" content=\"index, follow, max-snippet:-1, max-image-preview:large, max-video-preview:-1\" \/>\n<link rel=\"canonical\" href=\"https:\/\/szereczauto.hu\/webshop\/kapcsolat\/\" \/>\n<meta property=\"og:locale\" content=\"hu_HU\" \/>\n<meta property=\"og:type\" content=\"article\" \/>\n<meta property=\"og:title\" content=\"Kapcsolat &#187; Szerecz Aut\u00f3alkatr\u00e9sz Web\u00e1ruh\u00e1z\" \/>\n<meta property=\"og:description\" content=\"Ha k\u00e9rd\u00e9sed van, vagy ker\u00e9kp\u00e1r-tesztpil\u00f3t\u00e1nak jelentkezn\u00e9l, szeretettel v\u00e1rjuk megkeres\u00e9sed az al\u00e1bbi el\u00e9rhet\u0151s\u00e9geken! &nbsp; Szerecz Aut\u00f3 Kft. C\u00edm: 7400 Kaposv\u00e1r V\u00e1s\u00e1rt\u00e9ri utca 4. Telefon: +36-82\/411-401, +36-82\/411-403 E-mail: szereczauto@szereczauto.hu GPS: 46.356891,17.781061 Nyitva tart\u00e1s: h\u00e9tf\u0151-p\u00e9ntek: 08.00-16.30 szombat: 08.00-12.00 &nbsp;\" \/>\n<meta property=\"og:url\" content=\"https:\/\/szereczauto.hu\/webshop\/kapcsolat\/\" \/>\n<meta property=\"og:site_name\" content=\"Szerecz Aut\u00f3alkatr\u00e9sz Web\u00e1ruh\u00e1z\" \/>\n<meta property=\"article:publisher\" content=\"https:\/\/www.facebook.com\/szereczauto\/\" \/>\n<meta property=\"article:modified_time\" content=\"2021-05-11T09:28:19+00:00\" \/>\n<script type=\"application\/ld+json\" class=\"yoast-schema-graph\">{\"@context\":\"https:\\\/\\\/schema.org\",\"@graph\":[{\"@type\":\"WebPage\",\"@id\":\"https:\\\/\\\/szereczauto.hu\\\/webshop\\\/kapcsolat\\\/\",\"url\":\"https:\\\/\\\/szereczauto.hu\\\/webshop\\\/kapcsolat\\\/\",\"name\":\"Kapcsolat &#187; Szerecz Aut\u00f3alkatr\u00e9sz Web\u00e1ruh\u00e1z\",\"isPartOf\":{\"@id\":\"https:\\\/\\\/szereczauto.hu\\\/webshop\\\/#website\"},\"datePublished\":\"2015-01-18T13:16:15+00:00\",\"dateModified\":\"2021-05-11T09:28:19+00:00\",\"breadcrumb\":{\"@id\":\"https:\\\/\\\/szereczauto.hu\\\/webshop\\\/kapcsolat\\\/#breadcrumb\"},\"inLanguage\":\"hu\",\"potentialAction\":[{\"@type\":\"ReadAction\",\"target\":[\"https:\\\/\\\/szereczauto.hu\\\/webshop\\\/kapcsolat\\\/\"]}]},{\"@type\":\"BreadcrumbList\",\"@id\":\"https:\\\/\\\/szereczauto.hu\\\/webshop\\\/kapcsolat\\\/#breadcrumb\",\"itemListElement\":[{\"@type\":\"ListItem\",\"position\":1,\"name\":\"Home\",\"item\":\"https:\\\/\\\/szereczauto.hu\\\/webshop\\\/\"},{\"@type\":\"ListItem\",\"position\":2,\"name\":\"Kapcsolat\"}]},{\"@type\":\"WebSite\",\"@id\":\"https:\\\/\\\/szereczauto.hu\\\/webshop\\\/#website\",\"url\":\"https:\\\/\\\/szereczauto.hu\\\/webshop\\\/\",\"name\":\"Szerecz Aut\u00f3alkatr\u00e9sz Web\u00e1ruh\u00e1z\",\"description\":\"Szerecz Aut\u00f3 Kft. - Thule term\u00e9kek, aut\u00f3alkatr\u00e9szek web\u00e1ruh\u00e1za\",\"publisher\":{\"@id\":\"https:\\\/\\\/szereczauto.hu\\\/webshop\\\/#organization\"},\"potentialAction\":[{\"@type\":\"SearchAction\",\"target\":{\"@type\":\"EntryPoint\",\"urlTemplate\":\"https:\\\/\\\/szereczauto.hu\\\/webshop\\\/?s={search_term_string}\"},\"query-input\":{\"@type\":\"PropertyValueSpecification\",\"valueRequired\":true,\"valueName\":\"search_term_string\"}}],\"inLanguage\":\"hu\"},{\"@type\":\"Organization\",\"@id\":\"https:\\\/\\\/szereczauto.hu\\\/webshop\\\/#organization\",\"name\":\"Szerecz Aut\u00f3alkatr\u00e9sz Web\u00e1ruh\u00e1z\",\"url\":\"https:\\\/\\\/szereczauto.hu\\\/webshop\\\/\",\"logo\":{\"@type\":\"ImageObject\",\"inLanguage\":\"hu\",\"@id\":\"https:\\\/\\\/szereczauto.hu\\\/webshop\\\/#\\\/schema\\\/logo\\\/image\\\/\",\"url\":\"https:\\\/\\\/szereczauto.hu\\\/webshop\\\/wp-content\\\/uploads\\\/2018\\\/12\\\/Szerecz_fav_2018.png\",\"contentUrl\":\"https:\\\/\\\/szereczauto.hu\\\/webshop\\\/wp-content\\\/uploads\\\/2018\\\/12\\\/Szerecz_fav_2018.png\",\"width\":512,\"height\":512,\"caption\":\"Szerecz Aut\u00f3alkatr\u00e9sz Web\u00e1ruh\u00e1z\"},\"image\":{\"@id\":\"https:\\\/\\\/szereczauto.hu\\\/webshop\\\/#\\\/schema\\\/logo\\\/image\\\/\"},\"sameAs\":[\"https:\\\/\\\/www.facebook.com\\\/szereczauto\\\/\",\"https:\\\/\\\/www.youtube.com\\\/channel\\\/UCGA5LXUmL_i2xDxT2GNNEBQ\"]}]}<\/script>\n<!-- \/ Yoast SEO plugin. -->","yoast_head_json":{"title":"Kapcsolat &#187; Szerecz Aut\u00f3alkatr\u00e9sz Web\u00e1ruh\u00e1z","robots":{"index":"index","follow":"follow","max-snippet":"max-snippet:-1","max-image-preview":"max-image-preview:large","max-video-preview":"max-video-preview:-1"},"canonical":"https:\/\/szereczauto.hu\/webshop\/kapcsolat\/","og_locale":"hu_HU","og_type":"article","og_title":"Kapcsolat &#187; Szerecz Aut\u00f3alkatr\u00e9sz Web\u00e1ruh\u00e1z","og_description":"Ha k\u00e9rd\u00e9sed van, vagy ker\u00e9kp\u00e1r-tesztpil\u00f3t\u00e1nak jelentkezn\u00e9l, szeretettel v\u00e1rjuk megkeres\u00e9sed az al\u00e1bbi el\u00e9rhet\u0151s\u00e9geken! &nbsp; Szerecz Aut\u00f3 Kft. C\u00edm: 7400 Kaposv\u00e1r V\u00e1s\u00e1rt\u00e9ri utca 4. Telefon: +36-82\/411-401, +36-82\/411-403 E-mail: szereczauto@szereczauto.hu GPS: 46.356891,17.781061 Nyitva tart\u00e1s: h\u00e9tf\u0151-p\u00e9ntek: 08.00-16.30 szombat: 08.00-12.00 &nbsp;","og_url":"https:\/\/szereczauto.hu\/webshop\/kapcsolat\/","og_site_name":"Szerecz Aut\u00f3alkatr\u00e9sz Web\u00e1ruh\u00e1z","article_publisher":"https:\/\/www.facebook.com\/szereczauto\/","article_modified_time":"2021-05-11T09:28:19+00:00","schema":{"@context":"https:\/\/schema.org","@graph":[{"@type":"WebPage","@id":"https:\/\/szereczauto.hu\/webshop\/kapcsolat\/","url":"https:\/\/szereczauto.hu\/webshop\/kapcsolat\/","name":"Kapcsolat &#187; Szerecz Aut\u00f3alkatr\u00e9sz Web\u00e1ruh\u00e1z","isPartOf":{"@id":"https:\/\/szereczauto.hu\/webshop\/#website"},"datePublished":"2015-01-18T13:16:15+00:00","dateModified":"2021-05-11T09:28:19+00:00","breadcrumb":{"@id":"https:\/\/szereczauto.hu\/webshop\/kapcsolat\/#breadcrumb"},"inLanguage":"hu","potentialAction":[{"@type":"ReadAction","target":["https:\/\/szereczauto.hu\/webshop\/kapcsolat\/"]}]},{"@type":"BreadcrumbList","@id":"https:\/\/szereczauto.hu\/webshop\/kapcsolat\/#breadcrumb","itemListElement":[{"@type":"ListItem","position":1,"name":"Home","item":"https:\/\/szereczauto.hu\/webshop\/"},{"@type":"ListItem","position":2,"name":"Kapcsolat"}]},{"@type":"WebSite","@id":"https:\/\/szereczauto.hu\/webshop\/#website","url":"https:\/\/szereczauto.hu\/webshop\/","name":"Szerecz Aut\u00f3alkatr\u00e9sz Web\u00e1ruh\u00e1z","description":"Szerecz Aut\u00f3 Kft. - Thule term\u00e9kek, aut\u00f3alkatr\u00e9szek web\u00e1ruh\u00e1za","publisher":{"@id":"https:\/\/szereczauto.hu\/webshop\/#organization"},"potentialAction":[{"@type":"SearchAction","target":{"@type":"EntryPoint","urlTemplate":"https:\/\/szereczauto.hu\/webshop\/?s={search_term_string}"},"query-input":{"@type":"PropertyValueSpecification","valueRequired":true,"valueName":"search_term_string"}}],"inLanguage":"hu"},{"@type":"Organization","@id":"https:\/\/szereczauto.hu\/webshop\/#organization","name":"Szerecz Aut\u00f3alkatr\u00e9sz Web\u00e1ruh\u00e1z","url":"https:\/\/szereczauto.hu\/webshop\/","logo":{"@type":"ImageObject","inLanguage":"hu","@id":"https:\/\/szereczauto.hu\/webshop\/#\/schema\/logo\/image\/","url":"https:\/\/szereczauto.hu\/webshop\/wp-content\/uploads\/2018\/12\/Szerecz_fav_2018.png","contentUrl":"https:\/\/szereczauto.hu\/webshop\/wp-content\/uploads\/2018\/12\/Szerecz_fav_2018.png","width":512,"height":512,"caption":"Szerecz Aut\u00f3alkatr\u00e9sz Web\u00e1ruh\u00e1z"},"image":{"@id":"https:\/\/szereczauto.hu\/webshop\/#\/schema\/logo\/image\/"},"sameAs":["https:\/\/www.facebook.com\/szereczauto\/","https:\/\/www.youtube.com\/channel\/UCGA5LXUmL_i2xDxT2GNNEBQ"]}]}},"_links":{"self":[{"href":"https:\/\/szereczauto.hu\/webshop\/wp-json\/wp\/v2\/pages\/16","targetHints":{"allow":["GET"]}}],"collection":[{"href":"https:\/\/szereczauto.hu\/webshop\/wp-json\/wp\/v2\/pages"}],"about":[{"href":"https:\/\/szereczauto.hu\/webshop\/wp-json\/wp\/v2\/types\/page"}],"author":[{"embeddable":true,"href":"https:\/\/szereczauto.hu\/webshop\/wp-json\/wp\/v2\/users\/1"}],"replies":[{"embeddable":true,"href":"https:\/\/szereczauto.hu\/webshop\/wp-json\/wp\/v2\/comments?post=16"}],"version-history":[{"count":2,"href":"https:\/\/szereczauto.hu\/webshop\/wp-json\/wp\/v2\/pages\/16\/revisions"}],"predecessor-version":[{"id":21062,"href":"https:\/\/szereczauto.hu\/webshop\/wp-json\/wp\/v2\/pages\/16\/revisions\/21062"}],"wp:attachment":[{"href":"https:\/\/szereczauto.hu\/webshop\/wp-json\/wp\/v2\/media?parent=16"}],"curies":[{"name":"wp","href":"https:\/\/api.w.org\/{rel}","templated":true}]}}