{"id":14,"date":"2015-01-18T13:15:45","date_gmt":"2015-01-18T13:15:45","guid":{"rendered":"http:\/\/szereczauto.hu\/webshop\/?page_id=14"},"modified":"2023-12-10T17:40:53","modified_gmt":"2023-12-10T15:40:53","slug":"fizetes-es-hazhozszallitas","status":"publish","type":"page","link":"https:\/\/szereczauto.hu\/webshop\/fizetes-es-hazhozszallitas\/","title":{"rendered":"Fizet\u00e9s \u00e9s h\u00e1zhozsz\u00e1ll\u00edt\u00e1s"},"content":{"rendered":"<p><strong>1, H\u00e1zhoz sz\u00e1ll\u00edt\u00e1s:<\/strong><\/p>\n<ul>\n<li>A web\u00e1ruh\u00e1zban leadott megrendel\u00e9seket Magyarorsz\u00e1g eg\u00e9sz ter\u00fclet\u00e9n h\u00e1zhoz sz\u00e1ll\u00edtjuk a megrendel\u00e9s sor\u00e1n megadott c\u00edmre.<\/li>\n<li>A megrendelt term\u00e9ket legk\u00e9s\u0151bb 2 munkanapon bel\u00fcl \u00e1tadjuk, a sz\u00e1ll\u00edt\u00f3 c\u00e9gnek, kiv\u00e9ve azokat a term\u00e9keket, ahol a term\u00e9k adatlapj\u00e1n elt\u00e9r\u0151 id\u0151pontot jel\u00f6l\u00fcnk meg.<\/li>\n<li>A kisz\u00e1ll\u00edt\u00e1st az GLS General Logistics Systems Hungary Kft. Sz\u00e9khely: 2351 Als\u00f3n\u00e9medi GLS Eur\u00f3pa u. 2. Honlap: <a href=\"https:\/\/gls-group.eu\/HU\/hu\/home\">https:\/\/gls-group.eu\/HU\/hu\/home<\/a> (Tov\u00e1bbiakban: GLS\u201d vagy \u201eGLS Hungary\u201d) v\u00e9gzi.<\/li>\n<li>A GLS a k\u00fcldem\u00e9nyt h\u00e1rom alkalommal pr\u00f3b\u00e1lja k\u00e9zbes\u00edteni a c\u00edmzett r\u00e9sz\u00e9re. Sikertelen k\u00e9zbes\u00edt\u00e9s eset\u00e9n visszasz\u00e1ll\u00edtja a csomagot. A csomagfelad\u00e1sakor \u00e9rtes\u00edti a c\u00edmzettet, hogy csomagja a k\u00f6vetkez\u0151 munkanapon kisz\u00e1ll\u00edt\u00e1sra ker\u00fcl. Az e-mail tartalmazza a csomagsz\u00e1mot, (ami nyomon k\u00f6vethet\u0151 a <a href=\"https:\/\/gls-group.eu\/HU\/hu\/csomagkovetes\">https:\/\/gls-group.eu\/HU\/hu\/csomagkovetes<\/a> linken kereszt\u00fcl) \u00e9s az esetleges ut\u00e1nv\u00e9t \u00f6sszeg\u00e9t. A kisz\u00e1ll\u00edt\u00e1s napj\u00e1nak reggel\u00e9n, \u00e9rtes\u00edt\u00e9st kap a c\u00edmzett, amely tartalmazza a fut\u00e1r telefonsz\u00e1m\u00e1t, a GLS \u00fcgyf\u00e9lszolg\u00e1lat telefonsz\u00e1m\u00e1t, \u00e9s egy h\u00e1rom\u00f3r\u00e1s id\u0151ablakot a v\u00e1rhat\u00f3 k\u00e9zbes\u00edt\u00e9sr\u0151l.<\/li>\n<\/ul>\n<p><strong>2, Szem\u00e9lyes \u00e1tv\u00e9tel:<\/strong><\/p>\n<ul>\n<li>Ha megrendel\u00e9skor sz\u00e1ll\u00edt\u00e1si m\u00f3dk\u00e9nt a szem\u00e9lyes \u00e1tv\u00e9telt jel\u00f6li meg, akkor az \u00fczlet\u00fcnkben \u00e1tvehet\u0151 a megrendelt term\u00e9k. A megrendel\u00e9st k\u00f6vet\u0151en koll\u00e9g\u00e1nk a megadott el\u00e9rhet\u0151s\u00e9gek valamelyik\u00e9n felveszi, a kapcsolatot \u00d6nnel az \u00e1tv\u00e9tel id\u0151pontj\u00e1nak egyeztet\u00e9se miatt.<\/li>\n<\/ul>\n<p><strong>3, Kisz\u00e1ll\u00edt\u00e1s GLS csomagpontra:<\/strong><\/p>\n<ul>\n<li>Magyarorsz\u00e1gon t\u00f6bb mint 800 GLS CsomagPont \u00fczemel.<\/li>\n<li>Ha megrendel\u00e9skor sz\u00e1ll\u00edt\u00e1si m\u00f3dk\u00e9nt a GLS CsomagPont \u00e1tv\u00e9telt jel\u00f6li meg, t\u00e9rk\u00e9pes keres\u0151 seg\u00edts\u00e9g\u00e9vel, v\u00e1laszthatja ki az \u00f6nnek megfelel\u0151 csomagpontot.<\/li>\n<li>Megrendelt term\u00e9k GLS CsomagPontba \u00e9rkez\u00e9sekor, a GLS \u00e9rtes\u00edti \u00f6nt az \u00e1tv\u00e9tel lehet\u0151s\u00e9g\u00e9r\u0151l, megk\u00fcldi a csomagsz\u00e1mot, \u00e9s az esetleges ut\u00e1nv\u00e9t \u00f6sszeg\u00e9t.<\/li>\n<li>GLS CsomagPontba vagy GLS Automat\u00e1ba t\u00f6rt\u00e9n\u0151 sz\u00e1ll\u00edt\u00e1s, eset\u00e9n 5 munkanap \u00e1ll a rendelkez\u00e9s\u00e9re, hogy \u00e1tvegye a k\u00fcldem\u00e9ny\u00e9t.<\/li>\n<li>GLS CsomagPontban t\u00f6rt\u00e9n\u0151 \u00e1tv\u00e9tel eset\u00e9n sz\u00fcks\u00e9ge lesz a csomagsz\u00e1mra \u00e9s \u00e9rv\u00e9nyes szem\u00e9lyi igazolv\u00e1nnyal vagy \u00fatlev\u00e9llel sz\u00fcks\u00e9ges igazolnia a szem\u00e9lyazonoss\u00e1g\u00e1t.<\/li>\n<li>Amennyiben GLS Automat\u00e1b\u00f3l t\u00f6rt\u00e9nik a csomag\u00e1tv\u00e9tel, \u00fagy az e-mailben vagy SMS-ben kapott hozz\u00e1f\u00e9r\u00e9si k\u00f3dra lesz sz\u00fcks\u00e9ge.<\/li>\n<li>GLS CsomagPont \/ GLS Automata keres\u0151nkkel t\u00e1j\u00e9koz\u00f3dhat a nyitvatart\u00e1si id\u0151kr\u0151l \u00e9s az \u00d6nh\u00f6z legk\u00f6zelebb es\u0151 \u00e1tvev\u0151helyr\u0151l. (<a href=\"https:\/\/gls-group.eu\/HU\/hu\/csomagpont-kereses\">https:\/\/gls-group.eu\/HU\/hu\/csomagpont-kereses<\/a>)<\/li>\n<\/ul>\n<p>&nbsp;<\/p>\n<p><strong>4, Sz\u00e1ll\u00edt\u00e1s d\u00edjak:<\/strong><\/p>\n<ul>\n<li><strong>Szem\u00e9lyes \u00e1tv\u00e9tel eset\u00e9n 0,-ft.<\/strong><\/li>\n<li><strong>Ut\u00e1nv\u00e9tel eset\u00e9n, brutt\u00f3 2\u00a0300,-ft.<\/strong><\/li>\n<li><strong>Megrendel\u00e9skor bankk\u00e1rty\u00e1s fizet\u00e9s eset\u00e9n brutt\u00f3 1\u00a0800,-ft.<\/strong><\/li>\n<li><strong>K\u00f6zvetlen banki utal\u00e1s eset\u00e9n brutt\u00f3 1\u00a0800,-ft.<\/strong><\/li>\n<li><strong>Harmincezer forint feletti v\u00e1s\u00e1rl\u00e1s eset\u00e9n 0,-ft, a sz\u00e1ll\u00edt\u00e1si k\u00f6lts\u00e9get \u00e1tv\u00e1llaljuk.<\/strong><\/li>\n<li>A <strong>tet\u0151boksz<\/strong>ok sz\u00e1ll\u00edt\u00e1si k\u00f6lts\u00e9ge brutt\u00f3 <strong>10\u00a0000,-ft.\/db.<\/strong><\/li>\n<\/ul>\n<p><strong>5, Lehets\u00e9ges fizet\u00e9si m\u00f3dok:<\/strong><\/p>\n<ul>\n<li>Megrendel\u00e9skor bankk\u00e1rty\u00e1val<\/li>\n<li>K\u00f6zvetlen banki \u00e1tutal\u00e1ssal. Fizet\u00e9s k\u00f6zvetlen\u00fcl a banksz\u00e1ml\u00e1nkra (10200799-39773555-00000000) t\u00f6rt\u00e9nik. Megjegyz\u00e9sk\u00e9nt, k\u00e9rj\u00fck, t\u00fcntesse fel a rendel\u00e9s azonos\u00edt\u00f3j\u00e1t. A kisz\u00e1ll\u00edt\u00e1s az \u00f6sszeg be\u00e9rkez\u00e9s\u00e9t k\u00f6vet\u0151en t\u00f6rt\u00e9nik.<\/li>\n<li>Szem\u00e9lyes \u00e1tv\u00e9tel eset\u00e9n \u00fczlet\u00fcnkben k\u00e9szp\u00e9nzzel vagy bankk\u00e1rty\u00e1val.<\/li>\n<li>H\u00e1zhoz sz\u00e1ll\u00edt\u00e1s\/GLS csomagpont eset\u00e9n, fizet\u00e9s k\u00e9szp\u00e9nzben \u00e1tv\u00e9telkor<\/li>\n<\/ul>\n<p>&nbsp;<\/p>\n","protected":false},"excerpt":{"rendered":"<p>1, H\u00e1zhoz sz\u00e1ll\u00edt\u00e1s: A web\u00e1ruh\u00e1zban leadott megrendel\u00e9seket Magyarorsz\u00e1g eg\u00e9sz ter\u00fclet\u00e9n h\u00e1zhoz sz\u00e1ll\u00edtjuk a megrendel\u00e9s sor\u00e1n megadott c\u00edmre. A megrendelt term\u00e9ket legk\u00e9s\u0151bb 2 munkanapon bel\u00fcl \u00e1tadjuk, a sz\u00e1ll\u00edt\u00f3 c\u00e9gnek, kiv\u00e9ve azokat a term\u00e9keket, ahol a term\u00e9k adatlapj\u00e1n elt\u00e9r\u0151 id\u0151pontot jel\u00f6l\u00fcnk meg. A kisz\u00e1ll\u00edt\u00e1st az GLS General Logistics Systems Hungary Kft. Sz\u00e9khely: 2351 Als\u00f3n\u00e9medi GLS Eur\u00f3pa u. [&hellip;]<\/p>\n","protected":false},"author":1,"featured_media":0,"parent":0,"menu_order":6,"comment_status":"closed","ping_status":"closed","template":"","meta":{"_et_pb_use_builder":"","_et_pb_old_content":"","_et_gb_content_width":"","wp_popup_display_lightbox":0,"wp_popup_suppress":"","wp_popup_trigger":"","wp_popup_trigger_amount":0,"wp_popup_disable_on_mobile":false,"footnotes":""},"class_list":["post-14","page","type-page","status-publish","hentry"],"yoast_head":"<!-- This site is optimized with the Yoast SEO plugin v27.4 - https:\/\/yoast.com\/product\/yoast-seo-wordpress\/ -->\n<title>Fizet\u00e9s \u00e9s h\u00e1zhozsz\u00e1ll\u00edt\u00e1s &#187; Szerecz Aut\u00f3alkatr\u00e9sz Web\u00e1ruh\u00e1z<\/title>\n<meta name=\"robots\" content=\"index, follow, max-snippet:-1, max-image-preview:large, max-video-preview:-1\" \/>\n<link rel=\"canonical\" href=\"https:\/\/szereczauto.hu\/webshop\/fizetes-es-hazhozszallitas\/\" \/>\n<meta property=\"og:locale\" content=\"hu_HU\" \/>\n<meta property=\"og:type\" content=\"article\" \/>\n<meta property=\"og:title\" content=\"Fizet\u00e9s \u00e9s h\u00e1zhozsz\u00e1ll\u00edt\u00e1s &#187; Szerecz Aut\u00f3alkatr\u00e9sz Web\u00e1ruh\u00e1z\" \/>\n<meta property=\"og:description\" content=\"1, H\u00e1zhoz sz\u00e1ll\u00edt\u00e1s: A web\u00e1ruh\u00e1zban leadott megrendel\u00e9seket Magyarorsz\u00e1g eg\u00e9sz ter\u00fclet\u00e9n h\u00e1zhoz sz\u00e1ll\u00edtjuk a megrendel\u00e9s sor\u00e1n megadott c\u00edmre. A megrendelt term\u00e9ket legk\u00e9s\u0151bb 2 munkanapon bel\u00fcl \u00e1tadjuk, a sz\u00e1ll\u00edt\u00f3 c\u00e9gnek, kiv\u00e9ve azokat a term\u00e9keket, ahol a term\u00e9k adatlapj\u00e1n elt\u00e9r\u0151 id\u0151pontot jel\u00f6l\u00fcnk meg. A kisz\u00e1ll\u00edt\u00e1st az GLS General Logistics Systems Hungary Kft. Sz\u00e9khely: 2351 Als\u00f3n\u00e9medi GLS Eur\u00f3pa u. [&hellip;]\" \/>\n<meta property=\"og:url\" content=\"https:\/\/szereczauto.hu\/webshop\/fizetes-es-hazhozszallitas\/\" \/>\n<meta property=\"og:site_name\" content=\"Szerecz Aut\u00f3alkatr\u00e9sz Web\u00e1ruh\u00e1z\" \/>\n<meta property=\"article:publisher\" content=\"https:\/\/www.facebook.com\/szereczauto\/\" \/>\n<meta property=\"article:modified_time\" content=\"2023-12-10T15:40:53+00:00\" \/>\n<script type=\"application\/ld+json\" class=\"yoast-schema-graph\">{\"@context\":\"https:\\\/\\\/schema.org\",\"@graph\":[{\"@type\":\"WebPage\",\"@id\":\"https:\\\/\\\/szereczauto.hu\\\/webshop\\\/fizetes-es-hazhozszallitas\\\/\",\"url\":\"https:\\\/\\\/szereczauto.hu\\\/webshop\\\/fizetes-es-hazhozszallitas\\\/\",\"name\":\"Fizet\u00e9s \u00e9s h\u00e1zhozsz\u00e1ll\u00edt\u00e1s &#187; Szerecz Aut\u00f3alkatr\u00e9sz Web\u00e1ruh\u00e1z\",\"isPartOf\":{\"@id\":\"https:\\\/\\\/szereczauto.hu\\\/webshop\\\/#website\"},\"datePublished\":\"2015-01-18T13:15:45+00:00\",\"dateModified\":\"2023-12-10T15:40:53+00:00\",\"breadcrumb\":{\"@id\":\"https:\\\/\\\/szereczauto.hu\\\/webshop\\\/fizetes-es-hazhozszallitas\\\/#breadcrumb\"},\"inLanguage\":\"hu\",\"potentialAction\":[{\"@type\":\"ReadAction\",\"target\":[\"https:\\\/\\\/szereczauto.hu\\\/webshop\\\/fizetes-es-hazhozszallitas\\\/\"]}]},{\"@type\":\"BreadcrumbList\",\"@id\":\"https:\\\/\\\/szereczauto.hu\\\/webshop\\\/fizetes-es-hazhozszallitas\\\/#breadcrumb\",\"itemListElement\":[{\"@type\":\"ListItem\",\"position\":1,\"name\":\"Home\",\"item\":\"https:\\\/\\\/szereczauto.hu\\\/webshop\\\/\"},{\"@type\":\"ListItem\",\"position\":2,\"name\":\"Fizet\u00e9s \u00e9s h\u00e1zhozsz\u00e1ll\u00edt\u00e1s\"}]},{\"@type\":\"WebSite\",\"@id\":\"https:\\\/\\\/szereczauto.hu\\\/webshop\\\/#website\",\"url\":\"https:\\\/\\\/szereczauto.hu\\\/webshop\\\/\",\"name\":\"Szerecz Aut\u00f3alkatr\u00e9sz Web\u00e1ruh\u00e1z\",\"description\":\"Szerecz Aut\u00f3 Kft. - Thule term\u00e9kek, aut\u00f3alkatr\u00e9szek web\u00e1ruh\u00e1za\",\"publisher\":{\"@id\":\"https:\\\/\\\/szereczauto.hu\\\/webshop\\\/#organization\"},\"potentialAction\":[{\"@type\":\"SearchAction\",\"target\":{\"@type\":\"EntryPoint\",\"urlTemplate\":\"https:\\\/\\\/szereczauto.hu\\\/webshop\\\/?s={search_term_string}\"},\"query-input\":{\"@type\":\"PropertyValueSpecification\",\"valueRequired\":true,\"valueName\":\"search_term_string\"}}],\"inLanguage\":\"hu\"},{\"@type\":\"Organization\",\"@id\":\"https:\\\/\\\/szereczauto.hu\\\/webshop\\\/#organization\",\"name\":\"Szerecz Aut\u00f3alkatr\u00e9sz Web\u00e1ruh\u00e1z\",\"url\":\"https:\\\/\\\/szereczauto.hu\\\/webshop\\\/\",\"logo\":{\"@type\":\"ImageObject\",\"inLanguage\":\"hu\",\"@id\":\"https:\\\/\\\/szereczauto.hu\\\/webshop\\\/#\\\/schema\\\/logo\\\/image\\\/\",\"url\":\"https:\\\/\\\/szereczauto.hu\\\/webshop\\\/wp-content\\\/uploads\\\/2018\\\/12\\\/Szerecz_fav_2018.png\",\"contentUrl\":\"https:\\\/\\\/szereczauto.hu\\\/webshop\\\/wp-content\\\/uploads\\\/2018\\\/12\\\/Szerecz_fav_2018.png\",\"width\":512,\"height\":512,\"caption\":\"Szerecz Aut\u00f3alkatr\u00e9sz Web\u00e1ruh\u00e1z\"},\"image\":{\"@id\":\"https:\\\/\\\/szereczauto.hu\\\/webshop\\\/#\\\/schema\\\/logo\\\/image\\\/\"},\"sameAs\":[\"https:\\\/\\\/www.facebook.com\\\/szereczauto\\\/\",\"https:\\\/\\\/www.youtube.com\\\/channel\\\/UCGA5LXUmL_i2xDxT2GNNEBQ\"]}]}<\/script>\n<!-- \/ Yoast SEO plugin. -->","yoast_head_json":{"title":"Fizet\u00e9s \u00e9s h\u00e1zhozsz\u00e1ll\u00edt\u00e1s &#187; Szerecz Aut\u00f3alkatr\u00e9sz Web\u00e1ruh\u00e1z","robots":{"index":"index","follow":"follow","max-snippet":"max-snippet:-1","max-image-preview":"max-image-preview:large","max-video-preview":"max-video-preview:-1"},"canonical":"https:\/\/szereczauto.hu\/webshop\/fizetes-es-hazhozszallitas\/","og_locale":"hu_HU","og_type":"article","og_title":"Fizet\u00e9s \u00e9s h\u00e1zhozsz\u00e1ll\u00edt\u00e1s &#187; Szerecz Aut\u00f3alkatr\u00e9sz Web\u00e1ruh\u00e1z","og_description":"1, H\u00e1zhoz sz\u00e1ll\u00edt\u00e1s: A web\u00e1ruh\u00e1zban leadott megrendel\u00e9seket Magyarorsz\u00e1g eg\u00e9sz ter\u00fclet\u00e9n h\u00e1zhoz sz\u00e1ll\u00edtjuk a megrendel\u00e9s sor\u00e1n megadott c\u00edmre. A megrendelt term\u00e9ket legk\u00e9s\u0151bb 2 munkanapon bel\u00fcl \u00e1tadjuk, a sz\u00e1ll\u00edt\u00f3 c\u00e9gnek, kiv\u00e9ve azokat a term\u00e9keket, ahol a term\u00e9k adatlapj\u00e1n elt\u00e9r\u0151 id\u0151pontot jel\u00f6l\u00fcnk meg. A kisz\u00e1ll\u00edt\u00e1st az GLS General Logistics Systems Hungary Kft. Sz\u00e9khely: 2351 Als\u00f3n\u00e9medi GLS Eur\u00f3pa u. [&hellip;]","og_url":"https:\/\/szereczauto.hu\/webshop\/fizetes-es-hazhozszallitas\/","og_site_name":"Szerecz Aut\u00f3alkatr\u00e9sz Web\u00e1ruh\u00e1z","article_publisher":"https:\/\/www.facebook.com\/szereczauto\/","article_modified_time":"2023-12-10T15:40:53+00:00","schema":{"@context":"https:\/\/schema.org","@graph":[{"@type":"WebPage","@id":"https:\/\/szereczauto.hu\/webshop\/fizetes-es-hazhozszallitas\/","url":"https:\/\/szereczauto.hu\/webshop\/fizetes-es-hazhozszallitas\/","name":"Fizet\u00e9s \u00e9s h\u00e1zhozsz\u00e1ll\u00edt\u00e1s &#187; Szerecz Aut\u00f3alkatr\u00e9sz Web\u00e1ruh\u00e1z","isPartOf":{"@id":"https:\/\/szereczauto.hu\/webshop\/#website"},"datePublished":"2015-01-18T13:15:45+00:00","dateModified":"2023-12-10T15:40:53+00:00","breadcrumb":{"@id":"https:\/\/szereczauto.hu\/webshop\/fizetes-es-hazhozszallitas\/#breadcrumb"},"inLanguage":"hu","potentialAction":[{"@type":"ReadAction","target":["https:\/\/szereczauto.hu\/webshop\/fizetes-es-hazhozszallitas\/"]}]},{"@type":"BreadcrumbList","@id":"https:\/\/szereczauto.hu\/webshop\/fizetes-es-hazhozszallitas\/#breadcrumb","itemListElement":[{"@type":"ListItem","position":1,"name":"Home","item":"https:\/\/szereczauto.hu\/webshop\/"},{"@type":"ListItem","position":2,"name":"Fizet\u00e9s \u00e9s h\u00e1zhozsz\u00e1ll\u00edt\u00e1s"}]},{"@type":"WebSite","@id":"https:\/\/szereczauto.hu\/webshop\/#website","url":"https:\/\/szereczauto.hu\/webshop\/","name":"Szerecz Aut\u00f3alkatr\u00e9sz Web\u00e1ruh\u00e1z","description":"Szerecz Aut\u00f3 Kft. - Thule term\u00e9kek, aut\u00f3alkatr\u00e9szek web\u00e1ruh\u00e1za","publisher":{"@id":"https:\/\/szereczauto.hu\/webshop\/#organization"},"potentialAction":[{"@type":"SearchAction","target":{"@type":"EntryPoint","urlTemplate":"https:\/\/szereczauto.hu\/webshop\/?s={search_term_string}"},"query-input":{"@type":"PropertyValueSpecification","valueRequired":true,"valueName":"search_term_string"}}],"inLanguage":"hu"},{"@type":"Organization","@id":"https:\/\/szereczauto.hu\/webshop\/#organization","name":"Szerecz Aut\u00f3alkatr\u00e9sz Web\u00e1ruh\u00e1z","url":"https:\/\/szereczauto.hu\/webshop\/","logo":{"@type":"ImageObject","inLanguage":"hu","@id":"https:\/\/szereczauto.hu\/webshop\/#\/schema\/logo\/image\/","url":"https:\/\/szereczauto.hu\/webshop\/wp-content\/uploads\/2018\/12\/Szerecz_fav_2018.png","contentUrl":"https:\/\/szereczauto.hu\/webshop\/wp-content\/uploads\/2018\/12\/Szerecz_fav_2018.png","width":512,"height":512,"caption":"Szerecz Aut\u00f3alkatr\u00e9sz Web\u00e1ruh\u00e1z"},"image":{"@id":"https:\/\/szereczauto.hu\/webshop\/#\/schema\/logo\/image\/"},"sameAs":["https:\/\/www.facebook.com\/szereczauto\/","https:\/\/www.youtube.com\/channel\/UCGA5LXUmL_i2xDxT2GNNEBQ"]}]}},"_links":{"self":[{"href":"https:\/\/szereczauto.hu\/webshop\/wp-json\/wp\/v2\/pages\/14","targetHints":{"allow":["GET"]}}],"collection":[{"href":"https:\/\/szereczauto.hu\/webshop\/wp-json\/wp\/v2\/pages"}],"about":[{"href":"https:\/\/szereczauto.hu\/webshop\/wp-json\/wp\/v2\/types\/page"}],"author":[{"embeddable":true,"href":"https:\/\/szereczauto.hu\/webshop\/wp-json\/wp\/v2\/users\/1"}],"replies":[{"embeddable":true,"href":"https:\/\/szereczauto.hu\/webshop\/wp-json\/wp\/v2\/comments?post=14"}],"version-history":[{"count":2,"href":"https:\/\/szereczauto.hu\/webshop\/wp-json\/wp\/v2\/pages\/14\/revisions"}],"predecessor-version":[{"id":22458,"href":"https:\/\/szereczauto.hu\/webshop\/wp-json\/wp\/v2\/pages\/14\/revisions\/22458"}],"wp:attachment":[{"href":"https:\/\/szereczauto.hu\/webshop\/wp-json\/wp\/v2\/media?parent=14"}],"curies":[{"name":"wp","href":"https:\/\/api.w.org\/{rel}","templated":true}]}}